{"id":9336,"date":"2023-09-20T20:00:05","date_gmt":"2023-09-20T18:00:05","guid":{"rendered":"https:\/\/www.pravo.unizg.hr\/?page_id=9336"},"modified":"2023-09-28T11:52:52","modified_gmt":"2023-09-28T09:52:52","slug":"mediji-o-nama","status":"publish","type":"page","link":"https:\/\/www.pravo.unizg.hr\/en\/mediji-o-nama\/","title":{"rendered":"Mediji o nama"},"content":{"rendered":"<p><a href=\"https:\/\/www.universitas-portal.hr\/medunarodna-konferencija-o-javnoj-upravi-prvi-put-u-hrvatskoj\/\" target=\"_blank\" rel=\"noopener\">Me\u0111unarodna konferencija o javnoj upravi prvi put u Hrvatskoj<\/a>,\u00a0<a href=\"http:\/\/universitas-portal.hr\/\" target=\"_blank\" rel=\"noopener\">universitas-portal.hr<\/a>, 4. 9. 2023.<\/p>\n<p><a href=\"https:\/\/magazin.hrt.hr\/znanost-tehnologija\/zagrebacki-pravni-fakultet-ce-biti-dom-velike-nacionalne-bastinske-knjiznice-10927532\" target=\"_blank\" rel=\"noopener\">Zagreba\u010dki pravni fakultet \u0107e biti dom velike nacionalne ba\u0161tinske knji\u017enice<\/a>,\u00a0<a href=\"https:\/\/magazin.hrt.hr\/\" target=\"_blank\" rel=\"noopener\">magazin.hrt.hr<\/a>, 7. 8. 2023.<\/p>\n<p><a href=\"https:\/\/www.srednja.hr\/faks\/pravni-fakultet-zavrsio-s-prvim-dijelom-obnove-triju-svojih-zgrada-novi-radovi-krecu-vec-preko-ljeta\/\" target=\"_blank\" rel=\"noopener\">Pravni fakultet zavr\u0161io s prvim dijelom obnove triju svojih zgrada: Novi radovi kre\u0107u ve\u0107 preko ljeta<\/a>,\u00a0<a href=\"http:\/\/srednja.hr\/\" target=\"_blank\" rel=\"noopener\">srednja.hr<\/a>, 14. 7. 2023.<\/p>\n<p>&nbsp;<\/p>\n","protected":false},"excerpt":{"rendered":"<p>Me\u0111unarodna konferencija o javnoj upravi prvi put u Hrvatskoj,\u00a0universitas-portal.hr, 4&#8230;.<\/p>\n","protected":false},"author":511,"featured_media":0,"parent":0,"menu_order":0,"comment_status":"closed","ping_status":"closed","template":"","meta":{"footnotes":""},"class_list":["post-9336","page","type-page","status-publish","hentry"],"pp_force_visibility":null,"pp_subpost_visibility":null,"pp_inherited_force_visibility":null,"pp_inherited_subpost_visibility":null,"acf":[],"yoast_head":"<!-- This site is optimized with the Yoast SEO plugin v20.1 - https:\/\/yoast.com\/wordpress\/plugins\/seo\/ -->\n<title>Mediji o nama - Faculty of law<\/title>\n<meta name=\"robots\" content=\"index, follow, max-snippet:-1, max-image-preview:large, max-video-preview:-1\" \/>\n<link rel=\"canonical\" href=\"https:\/\/www.pravo.unizg.hr\/mediji-o-nama\/\" \/>\n<meta property=\"og:locale\" content=\"en_US\" \/>\n<meta property=\"og:type\" content=\"article\" \/>\n<meta property=\"og:title\" content=\"Mediji o nama - Faculty of law\" \/>\n<meta property=\"og:description\" content=\"Me\u0111unarodna konferencija o javnoj upravi prvi put u Hrvatskoj,\u00a0universitas-portal.hr, 4....\" \/>\n<meta property=\"og:url\" content=\"https:\/\/www.pravo.unizg.hr\/mediji-o-nama\/\" \/>\n<meta property=\"og:site_name\" content=\"Faculty of law\" \/>\n<meta property=\"article:modified_time\" content=\"2023-09-28T09:52:52+00:00\" \/>\n<meta name=\"twitter:card\" content=\"summary_large_image\" \/>\n<meta name=\"twitter:label1\" content=\"Est. reading time\" \/>\n\t<meta name=\"twitter:data1\" content=\"1 minute\" \/>\n<script type=\"application\/ld+json\" class=\"yoast-schema-graph\">{\"@context\":\"https:\/\/schema.org\",\"@graph\":[{\"@type\":\"WebPage\",\"@id\":\"https:\/\/www.pravo.unizg.hr\/mediji-o-nama\/\",\"url\":\"https:\/\/www.pravo.unizg.hr\/mediji-o-nama\/\",\"name\":\"Mediji o nama - Faculty of law\",\"isPartOf\":{\"@id\":\"https:\/\/www.pravo.unizg.hr\/#website\"},\"datePublished\":\"2023-09-20T18:00:05+00:00\",\"dateModified\":\"2023-09-28T09:52:52+00:00\",\"breadcrumb\":{\"@id\":\"https:\/\/www.pravo.unizg.hr\/mediji-o-nama\/#breadcrumb\"},\"inLanguage\":\"en-US\",\"potentialAction\":[{\"@type\":\"ReadAction\",\"target\":[\"https:\/\/www.pravo.unizg.hr\/mediji-o-nama\/\"]}]},{\"@type\":\"BreadcrumbList\",\"@id\":\"https:\/\/www.pravo.unizg.hr\/mediji-o-nama\/#breadcrumb\",\"itemListElement\":[{\"@type\":\"ListItem\",\"position\":1,\"name\":\"Homepage\",\"item\":\"https:\/\/www.pravo.unizg.hr\/en\/\"},{\"@type\":\"ListItem\",\"position\":2,\"name\":\"Mediji o nama\"}]},{\"@type\":\"WebSite\",\"@id\":\"https:\/\/www.pravo.unizg.hr\/#website\",\"url\":\"https:\/\/www.pravo.unizg.hr\/\",\"name\":\"Faculty of law\",\"description\":\"\",\"potentialAction\":[{\"@type\":\"SearchAction\",\"target\":{\"@type\":\"EntryPoint\",\"urlTemplate\":\"https:\/\/www.pravo.unizg.hr\/?s={search_term_string}\"},\"query-input\":\"required name=search_term_string\"}],\"inLanguage\":\"en-US\"}]}<\/script>\n<!-- \/ Yoast SEO plugin. -->","yoast_head_json":{"title":"Mediji o nama - Faculty of law","robots":{"index":"index","follow":"follow","max-snippet":"max-snippet:-1","max-image-preview":"max-image-preview:large","max-video-preview":"max-video-preview:-1"},"canonical":"https:\/\/www.pravo.unizg.hr\/mediji-o-nama\/","og_locale":"en_US","og_type":"article","og_title":"Mediji o nama - Faculty of law","og_description":"Me\u0111unarodna konferencija o javnoj upravi prvi put u Hrvatskoj,\u00a0universitas-portal.hr, 4....","og_url":"https:\/\/www.pravo.unizg.hr\/mediji-o-nama\/","og_site_name":"Faculty of law","article_modified_time":"2023-09-28T09:52:52+00:00","twitter_card":"summary_large_image","twitter_misc":{"Est. reading time":"1 minute"},"schema":{"@context":"https:\/\/schema.org","@graph":[{"@type":"WebPage","@id":"https:\/\/www.pravo.unizg.hr\/mediji-o-nama\/","url":"https:\/\/www.pravo.unizg.hr\/mediji-o-nama\/","name":"Mediji o nama - Faculty of law","isPartOf":{"@id":"https:\/\/www.pravo.unizg.hr\/#website"},"datePublished":"2023-09-20T18:00:05+00:00","dateModified":"2023-09-28T09:52:52+00:00","breadcrumb":{"@id":"https:\/\/www.pravo.unizg.hr\/mediji-o-nama\/#breadcrumb"},"inLanguage":"en-US","potentialAction":[{"@type":"ReadAction","target":["https:\/\/www.pravo.unizg.hr\/mediji-o-nama\/"]}]},{"@type":"BreadcrumbList","@id":"https:\/\/www.pravo.unizg.hr\/mediji-o-nama\/#breadcrumb","itemListElement":[{"@type":"ListItem","position":1,"name":"Homepage","item":"https:\/\/www.pravo.unizg.hr\/en\/"},{"@type":"ListItem","position":2,"name":"Mediji o nama"}]},{"@type":"WebSite","@id":"https:\/\/www.pravo.unizg.hr\/#website","url":"https:\/\/www.pravo.unizg.hr\/","name":"Faculty of law","description":"","potentialAction":[{"@type":"SearchAction","target":{"@type":"EntryPoint","urlTemplate":"https:\/\/www.pravo.unizg.hr\/?s={search_term_string}"},"query-input":"required name=search_term_string"}],"inLanguage":"en-US"}]}},"_links":{"self":[{"href":"https:\/\/www.pravo.unizg.hr\/en\/wp-json\/wp\/v2\/pages\/9336","targetHints":{"allow":["GET"]}}],"collection":[{"href":"https:\/\/www.pravo.unizg.hr\/en\/wp-json\/wp\/v2\/pages"}],"about":[{"href":"https:\/\/www.pravo.unizg.hr\/en\/wp-json\/wp\/v2\/types\/page"}],"author":[{"embeddable":true,"href":"https:\/\/www.pravo.unizg.hr\/en\/wp-json\/wp\/v2\/users\/511"}],"replies":[{"embeddable":true,"href":"https:\/\/www.pravo.unizg.hr\/en\/wp-json\/wp\/v2\/comments?post=9336"}],"version-history":[{"count":5,"href":"https:\/\/www.pravo.unizg.hr\/en\/wp-json\/wp\/v2\/pages\/9336\/revisions"}],"predecessor-version":[{"id":10077,"href":"https:\/\/www.pravo.unizg.hr\/en\/wp-json\/wp\/v2\/pages\/9336\/revisions\/10077"}],"wp:attachment":[{"href":"https:\/\/www.pravo.unizg.hr\/en\/wp-json\/wp\/v2\/media?parent=9336"}],"curies":[{"name":"wp","href":"https:\/\/api.w.org\/{rel}","templated":true}]}}