{"id":9248,"date":"2023-04-25T10:21:18","date_gmt":"2023-04-25T09:21:18","guid":{"rendered":"https:\/\/www.pravo.unizg.hr\/faculty-of-law-zagreb\/eticki-kodeks\/"},"modified":"2025-12-11T11:33:09","modified_gmt":"2025-12-11T10:33:09","slug":"code-of-ethics","status":"publish","type":"page","link":"https:\/\/www.pravo.unizg.hr\/en\/faculty-of-law-zagreb\/code-of-ethics\/","title":{"rendered":"Code of Ethics"},"content":{"rendered":"<p>The Code of Ethics of the Faculty of Law, University of Zagreb entered into force on April 8, 2023.<\/p>\n<p>With the adoption of the Code of Ethics, the Faculty of Law made a commitment to continuously improve ethical standards in its activities and thus ensure to the faculty community and faculty environment safety, predictability and certainty of protection in any kind of violation of a value or a principle defined by the Code.<\/p>\n<p>The procedure in case of a violation of Code of Ethics can be initiated in the period of two years from the occurrence of a violation.<\/p>\n<p>Ethics Committee of the Faculty of Law, the Dean and a person against whom the procedure was initiated shall participate in a procedure initiated because of a violation of the Code. In accordance with the Code of Ethics of the University of Zagreb, the Ethis Committee of the University of Zagreb shall participate in certain procedures.<\/p>\n<p>&nbsp;<\/p>\n<p>The Ethics Committee of the Faculty of Law members are:<\/p>\n<p>&#8211; Prof. Gordana Mar\u010deti\u0107, PhD, chairperson<br \/>\n&#8211; Assoc. Prof. Romea Manojlovi\u0107 Toman, PhD, deputy chairperson<\/p>\n<p>&#8211; Prof. Marijana Majdak, PhD, member<br \/>\n&#8211; Assoc. Prof. Jelena Matan\u010devi\u0107, PhD, deputy member<\/p>\n<p>&#8211; Assoc. Prof. Tomislav Jak\u0161i\u0107, PhD, member<br \/>\n&#8211; Assoc. Prof. Antonija Petri\u010du\u0161i\u0107, PhD, deputy member<\/p>\n<p>All requests for approval are sent to <a href=\"mailto:eticko@pravo.hr\">eticko@pravo.hr<\/a><\/p>\n<p>&nbsp;<\/p>\n<ul>\n<li><a href=\"https:\/\/www.pravo.unizg.hr\/wp-content\/uploads\/2023\/06\/Eticki-kodeks-Pravnog-fakulteta-Sveucilista-u-Zagrebu.pdf\" target=\"_blank\" rel=\"noopener\">Code of Ethics<\/a><\/li>\n<li><a href=\"https:\/\/www.pravo.unizg.hr\/wp-content\/uploads\/2023\/06\/Eticki-kodeks-Sveucilista-u-Zagrebu.pdf\" target=\"_blank\" rel=\"noopener\">Code of Ethics of the University of Zagreb<\/a><\/li>\n<li><a href=\"https:\/\/www.pravo.unizg.hr\/wp-content\/uploads\/2023\/06\/Odluka-o-izmjenama-i-dopunama-Etickog-kodeksa-Sveucilista-u-Zagrebu.pdf\" target=\"_blank\" rel=\"noopener\">Decision about the amendments of the Code of Ethics of the University of Zagreb<\/a><\/li>\n<li><a href=\"https:\/\/forms.gle\/AXjuxcnQ5Kevt8sX7\" target=\"_blank\" rel=\"noopener\">Anonymous complaint<\/a><\/li>\n<li><a href=\"https:\/\/www.pravo.unizg.hr\/wp-content\/uploads\/2023\/06\/Prijedlog-za-pokretanje-postupka-pred-Etickim-povjerenstvom.pdf\" target=\"_blank\" rel=\"noopener\">Proposal for the initiation of a procedure<\/a><\/li>\n<li><a href=\"https:\/\/www.pravo.unizg.hr\/wp-content\/uploads\/2023\/06\/Obrazac-za-prijavu-istrazivanja-etickom-povjerenstvu.doc\" target=\"_blank\" rel=\"noopener\">Research project application form (word)<\/a><\/li>\n<li><a href=\"https:\/\/www.pravo.unizg.hr\/wp-content\/uploads\/2023\/06\/Odluka-o-imenovanju-clanova-Etickog-povjerenstva.pdf\" target=\"_blank\" rel=\"noopener\">Decision about the appointment of the members of the Ethics Committee<\/a><\/li>\n<\/ul>\n","protected":false},"excerpt":{"rendered":"<p>The Code of Ethics of the Faculty of Law, University&#8230;<\/p>\n","protected":false},"author":511,"featured_media":0,"parent":1751,"menu_order":7,"comment_status":"closed","ping_status":"closed","template":"","meta":{"footnotes":""},"class_list":["post-9248","page","type-page","status-publish","hentry"],"pp_force_visibility":null,"pp_subpost_visibility":null,"pp_inherited_force_visibility":null,"pp_inherited_subpost_visibility":null,"acf":[],"yoast_head":"<!-- This site is optimized with the Yoast SEO plugin v20.1 - https:\/\/yoast.com\/wordpress\/plugins\/seo\/ -->\n<title>Code of Ethics - Faculty of law<\/title>\n<meta name=\"robots\" content=\"index, follow, max-snippet:-1, max-image-preview:large, max-video-preview:-1\" \/>\n<link rel=\"canonical\" href=\"https:\/\/www.pravo.unizg.hr\/en\/faculty-of-law-zagreb\/code-of-ethics\/\" \/>\n<meta property=\"og:locale\" content=\"en_US\" \/>\n<meta property=\"og:type\" content=\"article\" \/>\n<meta property=\"og:title\" content=\"Code of Ethics - Faculty of law\" \/>\n<meta property=\"og:description\" content=\"The Code of Ethics of the Faculty of Law, University...\" \/>\n<meta property=\"og:url\" content=\"https:\/\/www.pravo.unizg.hr\/en\/faculty-of-law-zagreb\/code-of-ethics\/\" \/>\n<meta property=\"og:site_name\" content=\"Faculty of law\" \/>\n<meta property=\"article:modified_time\" content=\"2025-12-11T10:33:09+00:00\" \/>\n<meta name=\"twitter:card\" content=\"summary_large_image\" \/>\n<meta name=\"twitter:label1\" content=\"Est. reading time\" \/>\n\t<meta name=\"twitter:data1\" content=\"2 minutes\" \/>\n<script type=\"application\/ld+json\" class=\"yoast-schema-graph\">{\"@context\":\"https:\/\/schema.org\",\"@graph\":[{\"@type\":\"WebPage\",\"@id\":\"https:\/\/www.pravo.unizg.hr\/en\/faculty-of-law-zagreb\/code-of-ethics\/\",\"url\":\"https:\/\/www.pravo.unizg.hr\/en\/faculty-of-law-zagreb\/code-of-ethics\/\",\"name\":\"Code of Ethics - Faculty of law\",\"isPartOf\":{\"@id\":\"https:\/\/www.pravo.unizg.hr\/#website\"},\"datePublished\":\"2023-04-25T09:21:18+00:00\",\"dateModified\":\"2025-12-11T10:33:09+00:00\",\"breadcrumb\":{\"@id\":\"https:\/\/www.pravo.unizg.hr\/en\/faculty-of-law-zagreb\/code-of-ethics\/#breadcrumb\"},\"inLanguage\":\"en-US\",\"potentialAction\":[{\"@type\":\"ReadAction\",\"target\":[\"https:\/\/www.pravo.unizg.hr\/en\/faculty-of-law-zagreb\/code-of-ethics\/\"]}]},{\"@type\":\"BreadcrumbList\",\"@id\":\"https:\/\/www.pravo.unizg.hr\/en\/faculty-of-law-zagreb\/code-of-ethics\/#breadcrumb\",\"itemListElement\":[{\"@type\":\"ListItem\",\"position\":1,\"name\":\"Homepage\",\"item\":\"https:\/\/www.pravo.unizg.hr\/en\/\"},{\"@type\":\"ListItem\",\"position\":2,\"name\":\"Faculty\",\"item\":\"https:\/\/www.pravo.unizg.hr\/en\/faculty-of-law-zagreb\/\"},{\"@type\":\"ListItem\",\"position\":3,\"name\":\"Code of Ethics\"}]},{\"@type\":\"WebSite\",\"@id\":\"https:\/\/www.pravo.unizg.hr\/#website\",\"url\":\"https:\/\/www.pravo.unizg.hr\/\",\"name\":\"Faculty of law\",\"description\":\"\",\"potentialAction\":[{\"@type\":\"SearchAction\",\"target\":{\"@type\":\"EntryPoint\",\"urlTemplate\":\"https:\/\/www.pravo.unizg.hr\/?s={search_term_string}\"},\"query-input\":\"required name=search_term_string\"}],\"inLanguage\":\"en-US\"}]}<\/script>\n<!-- \/ Yoast SEO plugin. -->","yoast_head_json":{"title":"Code of Ethics - Faculty of law","robots":{"index":"index","follow":"follow","max-snippet":"max-snippet:-1","max-image-preview":"max-image-preview:large","max-video-preview":"max-video-preview:-1"},"canonical":"https:\/\/www.pravo.unizg.hr\/en\/faculty-of-law-zagreb\/code-of-ethics\/","og_locale":"en_US","og_type":"article","og_title":"Code of Ethics - Faculty of law","og_description":"The Code of Ethics of the Faculty of Law, University...","og_url":"https:\/\/www.pravo.unizg.hr\/en\/faculty-of-law-zagreb\/code-of-ethics\/","og_site_name":"Faculty of law","article_modified_time":"2025-12-11T10:33:09+00:00","twitter_card":"summary_large_image","twitter_misc":{"Est. reading time":"2 minutes"},"schema":{"@context":"https:\/\/schema.org","@graph":[{"@type":"WebPage","@id":"https:\/\/www.pravo.unizg.hr\/en\/faculty-of-law-zagreb\/code-of-ethics\/","url":"https:\/\/www.pravo.unizg.hr\/en\/faculty-of-law-zagreb\/code-of-ethics\/","name":"Code of Ethics - Faculty of law","isPartOf":{"@id":"https:\/\/www.pravo.unizg.hr\/#website"},"datePublished":"2023-04-25T09:21:18+00:00","dateModified":"2025-12-11T10:33:09+00:00","breadcrumb":{"@id":"https:\/\/www.pravo.unizg.hr\/en\/faculty-of-law-zagreb\/code-of-ethics\/#breadcrumb"},"inLanguage":"en-US","potentialAction":[{"@type":"ReadAction","target":["https:\/\/www.pravo.unizg.hr\/en\/faculty-of-law-zagreb\/code-of-ethics\/"]}]},{"@type":"BreadcrumbList","@id":"https:\/\/www.pravo.unizg.hr\/en\/faculty-of-law-zagreb\/code-of-ethics\/#breadcrumb","itemListElement":[{"@type":"ListItem","position":1,"name":"Homepage","item":"https:\/\/www.pravo.unizg.hr\/en\/"},{"@type":"ListItem","position":2,"name":"Faculty","item":"https:\/\/www.pravo.unizg.hr\/en\/faculty-of-law-zagreb\/"},{"@type":"ListItem","position":3,"name":"Code of Ethics"}]},{"@type":"WebSite","@id":"https:\/\/www.pravo.unizg.hr\/#website","url":"https:\/\/www.pravo.unizg.hr\/","name":"Faculty of law","description":"","potentialAction":[{"@type":"SearchAction","target":{"@type":"EntryPoint","urlTemplate":"https:\/\/www.pravo.unizg.hr\/?s={search_term_string}"},"query-input":"required name=search_term_string"}],"inLanguage":"en-US"}]}},"_links":{"self":[{"href":"https:\/\/www.pravo.unizg.hr\/en\/wp-json\/wp\/v2\/pages\/9248","targetHints":{"allow":["GET"]}}],"collection":[{"href":"https:\/\/www.pravo.unizg.hr\/en\/wp-json\/wp\/v2\/pages"}],"about":[{"href":"https:\/\/www.pravo.unizg.hr\/en\/wp-json\/wp\/v2\/types\/page"}],"author":[{"embeddable":true,"href":"https:\/\/www.pravo.unizg.hr\/en\/wp-json\/wp\/v2\/users\/511"}],"replies":[{"embeddable":true,"href":"https:\/\/www.pravo.unizg.hr\/en\/wp-json\/wp\/v2\/comments?post=9248"}],"version-history":[{"count":8,"href":"https:\/\/www.pravo.unizg.hr\/en\/wp-json\/wp\/v2\/pages\/9248\/revisions"}],"predecessor-version":[{"id":30581,"href":"https:\/\/www.pravo.unizg.hr\/en\/wp-json\/wp\/v2\/pages\/9248\/revisions\/30581"}],"up":[{"embeddable":true,"href":"https:\/\/www.pravo.unizg.hr\/en\/wp-json\/wp\/v2\/pages\/1751"}],"wp:attachment":[{"href":"https:\/\/www.pravo.unizg.hr\/en\/wp-json\/wp\/v2\/media?parent=9248"}],"curies":[{"name":"wp","href":"https:\/\/api.w.org\/{rel}","templated":true}]}}