{"id":9040,"date":"2023-02-02T10:18:14","date_gmt":"2023-02-02T09:18:14","guid":{"rendered":"https:\/\/www.pravo.unizg.hr\/science\/jean-monnet-projekti\/"},"modified":"2024-05-09T10:16:33","modified_gmt":"2024-05-09T09:16:33","slug":"jean-monnet-projects","status":"publish","type":"page","link":"https:\/\/www.pravo.unizg.hr\/en\/science\/jean-monnet-projects\/","title":{"rendered":"Jean Monnet projects"},"content":{"rendered":"<p>&nbsp;<\/p>\n<p><strong>Jean Monnet module &#8220;Development of European Integration and Institutions &#8221; (2020-2023)<\/strong><\/p>\n<p>Leader: Ivan Obadi\u0107, PhD<\/p>\n<p><a href=\"https:\/\/www.pravo.unizg.hr\/katedre\/katedra-za-opcu-povijest-prava-i-drzave\/jean-monnet-module-2020-2023\/\">Website<\/a><\/p>\n<p>&nbsp;<\/p>\n<p><strong>Jean Monnet module &#8220;Financial markets and regulation in the EU&#8221; (2018-2021)<\/strong><\/p>\n<p>Project Leader: Associate Professor Ivana Bajaki\u0107<\/p>\n<p><a href=\"https:\/\/www.pravo.unizg.hr\/kolegiji\/financijska-trzista-i-regulacija-u-eu\/\">Website<\/a><\/p>\n<p>&nbsp;<\/p>\n<p><strong>Jean Monnet Centre of Excellence &#8220;EU Global Leadership in the Rule of Law &#8221; (2018-2021)<\/strong><\/p>\n<p>Jean Monnet Centre of Excellence &#8220;EU Global Leadership in the Rules of Law &#8221; (2018-2021), awarded by the European Commission (academic coordinators Tamara \u0106apeta, Tamara Peri\u0161in, Iris Goldner Lang)<\/p>\n<p>The aim of the centre is to encourage excellence and innovation in the study and teaching of European law with the aim of creating new knowledge, innovative teaching activities and quality publications at international level.<\/p>\n<p><a href=\"https:\/\/www.pravo.unizg.hr\/ejp\/conference_series\">Website<\/a><\/p>\n<p>&nbsp;<\/p>\n<p><strong>Jean Monnet module &#8220;EU Law and Gender: Making Equality Effective &#8221; (2016-2019)<\/strong><\/p>\n<p>Project Leader: Snje\u017eana Vasiljevi\u0107<\/p>\n<p>&nbsp;<\/p>\n<p><strong>Advanced Seminar in EU Criminal Law and Policy<\/strong><\/p>\n<p>Project Leader: Associate Professor Sun\u010dana Roksandi\u0107 Vidli\u010dka<\/p>\n<p><a href=\"https:\/\/euclp-sem.eu\/\" target=\"_blank\" rel=\"noopener\">Website<\/a><\/p>\n","protected":false},"excerpt":{"rendered":"<p>&nbsp; Jean Monnet module &#8220;Development of European Integration and Institutions&#8230;<\/p>\n","protected":false},"author":511,"featured_media":0,"parent":6909,"menu_order":7,"comment_status":"closed","ping_status":"closed","template":"","meta":{"footnotes":""},"class_list":["post-9040","page","type-page","status-publish","hentry"],"pp_force_visibility":null,"pp_subpost_visibility":null,"pp_inherited_force_visibility":null,"pp_inherited_subpost_visibility":null,"acf":[],"yoast_head":"<!-- This site is optimized with the Yoast SEO plugin v20.1 - https:\/\/yoast.com\/wordpress\/plugins\/seo\/ -->\n<title>Jean Monnet projects - Faculty of law<\/title>\n<meta name=\"robots\" content=\"index, follow, max-snippet:-1, max-image-preview:large, max-video-preview:-1\" \/>\n<link rel=\"canonical\" href=\"https:\/\/www.pravo.unizg.hr\/en\/science\/jean-monnet-projects\/\" \/>\n<meta property=\"og:locale\" content=\"en_US\" \/>\n<meta property=\"og:type\" content=\"article\" \/>\n<meta property=\"og:title\" content=\"Jean Monnet projects - Faculty of law\" \/>\n<meta property=\"og:description\" content=\"&nbsp; Jean Monnet module &#8220;Development of European Integration and Institutions...\" \/>\n<meta property=\"og:url\" content=\"https:\/\/www.pravo.unizg.hr\/en\/science\/jean-monnet-projects\/\" \/>\n<meta property=\"og:site_name\" content=\"Faculty of law\" \/>\n<meta property=\"article:modified_time\" content=\"2024-05-09T09:16:33+00:00\" \/>\n<meta name=\"twitter:card\" content=\"summary_large_image\" \/>\n<meta name=\"twitter:label1\" content=\"Est. reading time\" \/>\n\t<meta name=\"twitter:data1\" content=\"1 minute\" \/>\n<script type=\"application\/ld+json\" class=\"yoast-schema-graph\">{\"@context\":\"https:\/\/schema.org\",\"@graph\":[{\"@type\":\"WebPage\",\"@id\":\"https:\/\/www.pravo.unizg.hr\/en\/science\/jean-monnet-projects\/\",\"url\":\"https:\/\/www.pravo.unizg.hr\/en\/science\/jean-monnet-projects\/\",\"name\":\"Jean Monnet projects - Faculty of law\",\"isPartOf\":{\"@id\":\"https:\/\/www.pravo.unizg.hr\/#website\"},\"datePublished\":\"2023-02-02T09:18:14+00:00\",\"dateModified\":\"2024-05-09T09:16:33+00:00\",\"breadcrumb\":{\"@id\":\"https:\/\/www.pravo.unizg.hr\/en\/science\/jean-monnet-projects\/#breadcrumb\"},\"inLanguage\":\"en-US\",\"potentialAction\":[{\"@type\":\"ReadAction\",\"target\":[\"https:\/\/www.pravo.unizg.hr\/en\/science\/jean-monnet-projects\/\"]}]},{\"@type\":\"BreadcrumbList\",\"@id\":\"https:\/\/www.pravo.unizg.hr\/en\/science\/jean-monnet-projects\/#breadcrumb\",\"itemListElement\":[{\"@type\":\"ListItem\",\"position\":1,\"name\":\"Homepage\",\"item\":\"https:\/\/www.pravo.unizg.hr\/en\/\"},{\"@type\":\"ListItem\",\"position\":2,\"name\":\"Science\",\"item\":\"https:\/\/www.pravo.unizg.hr\/en\/science\/\"},{\"@type\":\"ListItem\",\"position\":3,\"name\":\"Jean Monnet projects\"}]},{\"@type\":\"WebSite\",\"@id\":\"https:\/\/www.pravo.unizg.hr\/#website\",\"url\":\"https:\/\/www.pravo.unizg.hr\/\",\"name\":\"Faculty of law\",\"description\":\"\",\"potentialAction\":[{\"@type\":\"SearchAction\",\"target\":{\"@type\":\"EntryPoint\",\"urlTemplate\":\"https:\/\/www.pravo.unizg.hr\/?s={search_term_string}\"},\"query-input\":\"required name=search_term_string\"}],\"inLanguage\":\"en-US\"}]}<\/script>\n<!-- \/ Yoast SEO plugin. -->","yoast_head_json":{"title":"Jean Monnet projects - Faculty of law","robots":{"index":"index","follow":"follow","max-snippet":"max-snippet:-1","max-image-preview":"max-image-preview:large","max-video-preview":"max-video-preview:-1"},"canonical":"https:\/\/www.pravo.unizg.hr\/en\/science\/jean-monnet-projects\/","og_locale":"en_US","og_type":"article","og_title":"Jean Monnet projects - Faculty of law","og_description":"&nbsp; Jean Monnet module &#8220;Development of European Integration and Institutions...","og_url":"https:\/\/www.pravo.unizg.hr\/en\/science\/jean-monnet-projects\/","og_site_name":"Faculty of law","article_modified_time":"2024-05-09T09:16:33+00:00","twitter_card":"summary_large_image","twitter_misc":{"Est. reading time":"1 minute"},"schema":{"@context":"https:\/\/schema.org","@graph":[{"@type":"WebPage","@id":"https:\/\/www.pravo.unizg.hr\/en\/science\/jean-monnet-projects\/","url":"https:\/\/www.pravo.unizg.hr\/en\/science\/jean-monnet-projects\/","name":"Jean Monnet projects - Faculty of law","isPartOf":{"@id":"https:\/\/www.pravo.unizg.hr\/#website"},"datePublished":"2023-02-02T09:18:14+00:00","dateModified":"2024-05-09T09:16:33+00:00","breadcrumb":{"@id":"https:\/\/www.pravo.unizg.hr\/en\/science\/jean-monnet-projects\/#breadcrumb"},"inLanguage":"en-US","potentialAction":[{"@type":"ReadAction","target":["https:\/\/www.pravo.unizg.hr\/en\/science\/jean-monnet-projects\/"]}]},{"@type":"BreadcrumbList","@id":"https:\/\/www.pravo.unizg.hr\/en\/science\/jean-monnet-projects\/#breadcrumb","itemListElement":[{"@type":"ListItem","position":1,"name":"Homepage","item":"https:\/\/www.pravo.unizg.hr\/en\/"},{"@type":"ListItem","position":2,"name":"Science","item":"https:\/\/www.pravo.unizg.hr\/en\/science\/"},{"@type":"ListItem","position":3,"name":"Jean Monnet projects"}]},{"@type":"WebSite","@id":"https:\/\/www.pravo.unizg.hr\/#website","url":"https:\/\/www.pravo.unizg.hr\/","name":"Faculty of law","description":"","potentialAction":[{"@type":"SearchAction","target":{"@type":"EntryPoint","urlTemplate":"https:\/\/www.pravo.unizg.hr\/?s={search_term_string}"},"query-input":"required name=search_term_string"}],"inLanguage":"en-US"}]}},"_links":{"self":[{"href":"https:\/\/www.pravo.unizg.hr\/en\/wp-json\/wp\/v2\/pages\/9040","targetHints":{"allow":["GET"]}}],"collection":[{"href":"https:\/\/www.pravo.unizg.hr\/en\/wp-json\/wp\/v2\/pages"}],"about":[{"href":"https:\/\/www.pravo.unizg.hr\/en\/wp-json\/wp\/v2\/types\/page"}],"author":[{"embeddable":true,"href":"https:\/\/www.pravo.unizg.hr\/en\/wp-json\/wp\/v2\/users\/511"}],"replies":[{"embeddable":true,"href":"https:\/\/www.pravo.unizg.hr\/en\/wp-json\/wp\/v2\/comments?post=9040"}],"version-history":[{"count":5,"href":"https:\/\/www.pravo.unizg.hr\/en\/wp-json\/wp\/v2\/pages\/9040\/revisions"}],"predecessor-version":[{"id":18795,"href":"https:\/\/www.pravo.unizg.hr\/en\/wp-json\/wp\/v2\/pages\/9040\/revisions\/18795"}],"up":[{"embeddable":true,"href":"https:\/\/www.pravo.unizg.hr\/en\/wp-json\/wp\/v2\/pages\/6909"}],"wp:attachment":[{"href":"https:\/\/www.pravo.unizg.hr\/en\/wp-json\/wp\/v2\/media?parent=9040"}],"curies":[{"name":"wp","href":"https:\/\/api.w.org\/{rel}","templated":true}]}}