{"id":9037,"date":"2023-02-01T13:43:54","date_gmt":"2023-02-01T11:43:54","guid":{"rendered":"https:\/\/www.pravo.unizg.hr\/science\/hrvatsko-srediste-europskog-pravnog-instituta\/"},"modified":"2023-08-24T09:36:42","modified_gmt":"2023-08-24T07:36:42","slug":"croatian-hub-of-the-european-law-institute-eli-croatian-hub","status":"publish","type":"page","link":"https:\/\/www.pravo.unizg.hr\/en\/science\/croatian-hub-of-the-european-law-institute-eli-croatian-hub\/","title":{"rendered":"Croatian Hub of the European Law Institute (ELI Croatian Hub)"},"content":{"rendered":"<p>Founded in 2011, the European Law Institute (<a href=\"https:\/\/www.europeanlawinstitute.eu\/\" target=\"_blank\" rel=\"noopener\">ELI<\/a>) is an independent non-profit organisation which seeks to facilitate research, make recommendations, and provide practical guidance in the field of European legal development.<\/p>\n<p>Following the ELI General Assembly held in Zagreb from 24 to 26 September 2014 and hosted by the Faculty of Law of the University of Zagreb, under the leadership of Professor Tatjana Josipovi\u0107, the Croatian Hub of the European Legal Institute (ELI Croatian Hub) was launched as the seventh regional hub of ELI.<\/p>\n<p>In May 2020 the new chairs of the ELI Croatian Hub were elected, i.e. lawyer Zoran Ha\u010di\u0107, Managing Partner at Ha\u010di\u0107 &amp; Bo\u0161njak Law Firm, Zagreb, Associate Professor Emilia Mi\u0161\u0107eni\u0107 from the Faculty of Law, University of Rijeka, Hrvoje Paukovi\u0107, LLM, Managing Director of the Croatian Insurance Bureau, and Assistant Professor Ivan Tot from the Faculty of Economics and Business, University of Zagreb. The Advisory Board of ELI Croatian Hub was established, and its members are Professor Tatjana Josipovi\u0107, University of Zagreb, Faculty of Law and member of the ELI Council, Professor with tenure Edita \u010culinovi\u0107 Herc, Faculty of Law of the University of Rijeka, Professor with tenure Hana Horak, Faculty of Economics, University of Zagreb, and Professor with tenure Zvonimir Slakoper, Faculty of Law of the University of Rijeka and the Faculty of Economics of the University of Zagreb.<\/p>\n<p>In the course of 2021, the ELI Croatian Hub organized a series of webinars where the activities of the ELI were presented and current events in Croatian and comparative law and EU law were discussed.<\/p>\n<p>The Hub was awarded the Hub of the Year 2021 Award, as well as the Hub of the Year 2022 Award.<\/p>\n<p>More detailed information about webinars and other activities of the ELI Croatian Hub is available on the Hub&#8217;s website : https:\/\/www.europeanlawinstitute.eu\/hubs-sigs\/hubs\/croatian-hub\/.<\/p>\n","protected":false},"excerpt":{"rendered":"<p>Founded in 2011, the European Law Institute (ELI) is an&#8230;<\/p>\n","protected":false},"author":511,"featured_media":0,"parent":6909,"menu_order":6,"comment_status":"closed","ping_status":"closed","template":"","meta":{"footnotes":""},"class_list":["post-9037","page","type-page","status-publish","hentry"],"pp_force_visibility":null,"pp_subpost_visibility":null,"pp_inherited_force_visibility":null,"pp_inherited_subpost_visibility":null,"acf":[],"yoast_head":"<!-- This site is optimized with the Yoast SEO plugin v20.1 - https:\/\/yoast.com\/wordpress\/plugins\/seo\/ -->\n<title>Croatian Hub of the European Law Institute (ELI Croatian Hub) - Faculty of law<\/title>\n<meta name=\"robots\" content=\"index, follow, max-snippet:-1, max-image-preview:large, max-video-preview:-1\" \/>\n<link rel=\"canonical\" href=\"https:\/\/www.pravo.unizg.hr\/en\/science\/croatian-hub-of-the-european-law-institute-eli-croatian-hub\/\" \/>\n<meta property=\"og:locale\" content=\"en_US\" \/>\n<meta property=\"og:type\" content=\"article\" \/>\n<meta property=\"og:title\" content=\"Croatian Hub of the European Law Institute (ELI Croatian Hub) - Faculty of law\" \/>\n<meta property=\"og:description\" content=\"Founded in 2011, the European Law Institute (ELI) is an...\" \/>\n<meta property=\"og:url\" content=\"https:\/\/www.pravo.unizg.hr\/en\/science\/croatian-hub-of-the-european-law-institute-eli-croatian-hub\/\" \/>\n<meta property=\"og:site_name\" content=\"Faculty of law\" \/>\n<meta property=\"article:modified_time\" content=\"2023-08-24T07:36:42+00:00\" \/>\n<meta name=\"twitter:card\" content=\"summary_large_image\" \/>\n<meta name=\"twitter:label1\" content=\"Est. reading time\" \/>\n\t<meta name=\"twitter:data1\" content=\"4 minutes\" \/>\n<script type=\"application\/ld+json\" class=\"yoast-schema-graph\">{\"@context\":\"https:\/\/schema.org\",\"@graph\":[{\"@type\":\"WebPage\",\"@id\":\"https:\/\/www.pravo.unizg.hr\/en\/science\/croatian-hub-of-the-european-law-institute-eli-croatian-hub\/\",\"url\":\"https:\/\/www.pravo.unizg.hr\/en\/science\/croatian-hub-of-the-european-law-institute-eli-croatian-hub\/\",\"name\":\"Croatian Hub of the European Law Institute (ELI Croatian Hub) - Faculty of law\",\"isPartOf\":{\"@id\":\"https:\/\/www.pravo.unizg.hr\/#website\"},\"datePublished\":\"2023-02-01T11:43:54+00:00\",\"dateModified\":\"2023-08-24T07:36:42+00:00\",\"breadcrumb\":{\"@id\":\"https:\/\/www.pravo.unizg.hr\/en\/science\/croatian-hub-of-the-european-law-institute-eli-croatian-hub\/#breadcrumb\"},\"inLanguage\":\"en-US\",\"potentialAction\":[{\"@type\":\"ReadAction\",\"target\":[\"https:\/\/www.pravo.unizg.hr\/en\/science\/croatian-hub-of-the-european-law-institute-eli-croatian-hub\/\"]}]},{\"@type\":\"BreadcrumbList\",\"@id\":\"https:\/\/www.pravo.unizg.hr\/en\/science\/croatian-hub-of-the-european-law-institute-eli-croatian-hub\/#breadcrumb\",\"itemListElement\":[{\"@type\":\"ListItem\",\"position\":1,\"name\":\"Homepage\",\"item\":\"https:\/\/www.pravo.unizg.hr\/en\/\"},{\"@type\":\"ListItem\",\"position\":2,\"name\":\"Science\",\"item\":\"https:\/\/www.pravo.unizg.hr\/en\/science\/\"},{\"@type\":\"ListItem\",\"position\":3,\"name\":\"Croatian Hub of the European Law Institute (ELI Croatian Hub)\"}]},{\"@type\":\"WebSite\",\"@id\":\"https:\/\/www.pravo.unizg.hr\/#website\",\"url\":\"https:\/\/www.pravo.unizg.hr\/\",\"name\":\"Faculty of law\",\"description\":\"\",\"potentialAction\":[{\"@type\":\"SearchAction\",\"target\":{\"@type\":\"EntryPoint\",\"urlTemplate\":\"https:\/\/www.pravo.unizg.hr\/?s={search_term_string}\"},\"query-input\":\"required name=search_term_string\"}],\"inLanguage\":\"en-US\"}]}<\/script>\n<!-- \/ Yoast SEO plugin. -->","yoast_head_json":{"title":"Croatian Hub of the European Law Institute (ELI Croatian Hub) - Faculty of law","robots":{"index":"index","follow":"follow","max-snippet":"max-snippet:-1","max-image-preview":"max-image-preview:large","max-video-preview":"max-video-preview:-1"},"canonical":"https:\/\/www.pravo.unizg.hr\/en\/science\/croatian-hub-of-the-european-law-institute-eli-croatian-hub\/","og_locale":"en_US","og_type":"article","og_title":"Croatian Hub of the European Law Institute (ELI Croatian Hub) - Faculty of law","og_description":"Founded in 2011, the European Law Institute (ELI) is an...","og_url":"https:\/\/www.pravo.unizg.hr\/en\/science\/croatian-hub-of-the-european-law-institute-eli-croatian-hub\/","og_site_name":"Faculty of law","article_modified_time":"2023-08-24T07:36:42+00:00","twitter_card":"summary_large_image","twitter_misc":{"Est. reading time":"4 minutes"},"schema":{"@context":"https:\/\/schema.org","@graph":[{"@type":"WebPage","@id":"https:\/\/www.pravo.unizg.hr\/en\/science\/croatian-hub-of-the-european-law-institute-eli-croatian-hub\/","url":"https:\/\/www.pravo.unizg.hr\/en\/science\/croatian-hub-of-the-european-law-institute-eli-croatian-hub\/","name":"Croatian Hub of the European Law Institute (ELI Croatian Hub) - Faculty of law","isPartOf":{"@id":"https:\/\/www.pravo.unizg.hr\/#website"},"datePublished":"2023-02-01T11:43:54+00:00","dateModified":"2023-08-24T07:36:42+00:00","breadcrumb":{"@id":"https:\/\/www.pravo.unizg.hr\/en\/science\/croatian-hub-of-the-european-law-institute-eli-croatian-hub\/#breadcrumb"},"inLanguage":"en-US","potentialAction":[{"@type":"ReadAction","target":["https:\/\/www.pravo.unizg.hr\/en\/science\/croatian-hub-of-the-european-law-institute-eli-croatian-hub\/"]}]},{"@type":"BreadcrumbList","@id":"https:\/\/www.pravo.unizg.hr\/en\/science\/croatian-hub-of-the-european-law-institute-eli-croatian-hub\/#breadcrumb","itemListElement":[{"@type":"ListItem","position":1,"name":"Homepage","item":"https:\/\/www.pravo.unizg.hr\/en\/"},{"@type":"ListItem","position":2,"name":"Science","item":"https:\/\/www.pravo.unizg.hr\/en\/science\/"},{"@type":"ListItem","position":3,"name":"Croatian Hub of the European Law Institute (ELI Croatian Hub)"}]},{"@type":"WebSite","@id":"https:\/\/www.pravo.unizg.hr\/#website","url":"https:\/\/www.pravo.unizg.hr\/","name":"Faculty of law","description":"","potentialAction":[{"@type":"SearchAction","target":{"@type":"EntryPoint","urlTemplate":"https:\/\/www.pravo.unizg.hr\/?s={search_term_string}"},"query-input":"required name=search_term_string"}],"inLanguage":"en-US"}]}},"_links":{"self":[{"href":"https:\/\/www.pravo.unizg.hr\/en\/wp-json\/wp\/v2\/pages\/9037","targetHints":{"allow":["GET"]}}],"collection":[{"href":"https:\/\/www.pravo.unizg.hr\/en\/wp-json\/wp\/v2\/pages"}],"about":[{"href":"https:\/\/www.pravo.unizg.hr\/en\/wp-json\/wp\/v2\/types\/page"}],"author":[{"embeddable":true,"href":"https:\/\/www.pravo.unizg.hr\/en\/wp-json\/wp\/v2\/users\/511"}],"replies":[{"embeddable":true,"href":"https:\/\/www.pravo.unizg.hr\/en\/wp-json\/wp\/v2\/comments?post=9037"}],"version-history":[{"count":1,"href":"https:\/\/www.pravo.unizg.hr\/en\/wp-json\/wp\/v2\/pages\/9037\/revisions"}],"predecessor-version":[{"id":9038,"href":"https:\/\/www.pravo.unizg.hr\/en\/wp-json\/wp\/v2\/pages\/9037\/revisions\/9038"}],"up":[{"embeddable":true,"href":"https:\/\/www.pravo.unizg.hr\/en\/wp-json\/wp\/v2\/pages\/6909"}],"wp:attachment":[{"href":"https:\/\/www.pravo.unizg.hr\/en\/wp-json\/wp\/v2\/media?parent=9037"}],"curies":[{"name":"wp","href":"https:\/\/api.w.org\/{rel}","templated":true}]}}