{"id":8661,"date":"2023-02-01T13:33:48","date_gmt":"2023-02-01T12:33:48","guid":{"rendered":"https:\/\/www.pravo.unizg.hr\/faculty-of-law-zagreb\/kontakt\/"},"modified":"2025-10-21T17:28:58","modified_gmt":"2025-10-21T16:28:58","slug":"contact","status":"publish","type":"page","link":"https:\/\/www.pravo.unizg.hr\/en\/faculty-of-law-zagreb\/contact\/","title":{"rendered":"Contact and location"},"content":{"rendered":"<ul>\n<li><strong>Renovation of the building at \u0106irilometodska Street 4<\/strong><\/li>\n<\/ul>\n<p><strong>Due to renovation works, administrative offices, and faculty offices located at \u0106irilometodska Street 4 have been temporarily relocated to Heinzelova 70 A.<\/strong><\/p>\n<p><strong>Inquiries can only be answered via the email addresses listed on the web page of the respective service or employee.<\/strong><\/p>\n<p>&nbsp;<\/p>\n<ul>\n<li><strong>Renovation of the building at Nazorova Street 51<\/strong><\/li>\n<\/ul>\n<p><strong>Due to renovation works, the office of the Head of the Study Center for Social Work, administrative offices, and faculty offices located at Nazorova 51, have been temporarily relocated to Heinzelova 70 A.<\/strong><\/p>\n<p><strong>Inquiries can be answered via the email addresses listed on the web page of the respective service or employee, and by phone at +385 1 4895 803.<\/strong><\/p>\n<p>&nbsp;<\/p>\n<p>&nbsp;<\/p>\n<p>The Faculty of Law is situated in four different locations in the very heart of Zagreb, one of which is a beautiful historic building shared with the University of Zagreb Rectorate. With a view of some of the most prominent institutions in Zagreb, including the Croatian National Theatre, the Academy of Dramatic Arts, the Music Academy and the Mimara Museum, the Faculty of Law is a modern, well-equipped higher education institution that perfectly fits into its lively, intellectually stimulating surroundings with a variety of content in its immediate vicinity. For these reasons the Faculty of Law is the right place for personal and professional growth and interdisciplinary cooperation.<\/p>\n<p>Its original location upon establishment in 1776 was the building of the Royal Academy of Sciences in St.\u00a0 Catherine&#8217;s Square (<em>Katarinin trg<\/em>). In 1883, it was moved to the building it still occupies today. However, due to the increase in the number of students, the development of new teaching programmes as well as the consequent organizational growth, the faculty has expanded to several locations in the city centre, which, due to their proximity, represent a functional whole: 3 and 14, Republic of Croatia Square (<em>Trg Republike Hrvatske 3, 14)<\/em>, 4, \u0106irilometodska Street (<em>\u0106irilometodska 4<\/em>), 51, Nazorova Street (<em>Nazorova 51<\/em>) and 48-50 Tkal\u010di\u0107eva Street (<em>Tkal\u010di\u0107eva 48-50<\/em>). A part of the faculty library storage space is located in the Scientific and Teaching Campus Borongaj.<\/p>\n<p>&nbsp;<\/p>\n<h3>DEAN\u2019S OFFICE<\/h3>\n<p>Trg Republike Hrvatske 3<br \/>\n10000 Zagreb<\/p>\n<p>Phone: +385 1 4564 309<br \/>\nE-mail: <a href=\"mailto:dekanat@pravo.hr\">dekanat@pravo.hr<\/a><\/p>\n<p>&nbsp;<\/p>\n<h3>STUDENT SERVICES<\/h3>\n<p>Trg Republike Hrvatske 3<br \/>\n10000 Zagreb<\/p>\n<p>Phone:<br \/>\n+385 1 48 90 250<br \/>\n+385 1 48 90 252<br \/>\nE-mail: <a href=\"mailto:stuslu@pravo.hr\">stuslu@pravo.hr<\/a><\/p>\n<p>E-mail address for documents submission: <a href=\"mailto:pisarnica@pravo.hr\">pisarnica@pravo.hr<\/a><\/p>\n<p>&nbsp;<\/p>\n","protected":false},"excerpt":{"rendered":"<p>Renovation of the building at \u0106irilometodska Street 4 Due to&#8230;<\/p>\n","protected":false},"author":511,"featured_media":0,"parent":1751,"menu_order":16,"comment_status":"closed","ping_status":"closed","template":"","meta":{"footnotes":""},"class_list":["post-8661","page","type-page","status-publish","hentry"],"pp_force_visibility":null,"pp_subpost_visibility":null,"pp_inherited_force_visibility":null,"pp_inherited_subpost_visibility":null,"acf":[],"yoast_head":"<!-- This site is optimized with the Yoast SEO plugin v20.1 - https:\/\/yoast.com\/wordpress\/plugins\/seo\/ -->\n<title>Contact and location - Faculty of law<\/title>\n<meta name=\"robots\" content=\"index, follow, max-snippet:-1, max-image-preview:large, max-video-preview:-1\" \/>\n<link rel=\"canonical\" href=\"https:\/\/www.pravo.unizg.hr\/en\/faculty-of-law-zagreb\/contact\/\" \/>\n<meta property=\"og:locale\" content=\"en_US\" \/>\n<meta property=\"og:type\" content=\"article\" \/>\n<meta property=\"og:title\" content=\"Contact and location - Faculty of law\" \/>\n<meta property=\"og:description\" content=\"Renovation of the building at \u0106irilometodska Street 4 Due to...\" \/>\n<meta property=\"og:url\" content=\"https:\/\/www.pravo.unizg.hr\/en\/faculty-of-law-zagreb\/contact\/\" \/>\n<meta property=\"og:site_name\" content=\"Faculty of law\" \/>\n<meta property=\"article:modified_time\" content=\"2025-10-21T16:28:58+00:00\" \/>\n<meta name=\"twitter:card\" content=\"summary_large_image\" \/>\n<meta name=\"twitter:label1\" content=\"Est. reading time\" \/>\n\t<meta name=\"twitter:data1\" content=\"2 minutes\" \/>\n<script type=\"application\/ld+json\" class=\"yoast-schema-graph\">{\"@context\":\"https:\/\/schema.org\",\"@graph\":[{\"@type\":\"WebPage\",\"@id\":\"https:\/\/www.pravo.unizg.hr\/en\/faculty-of-law-zagreb\/contact\/\",\"url\":\"https:\/\/www.pravo.unizg.hr\/en\/faculty-of-law-zagreb\/contact\/\",\"name\":\"Contact and location - Faculty of law\",\"isPartOf\":{\"@id\":\"https:\/\/www.pravo.unizg.hr\/#website\"},\"datePublished\":\"2023-02-01T12:33:48+00:00\",\"dateModified\":\"2025-10-21T16:28:58+00:00\",\"breadcrumb\":{\"@id\":\"https:\/\/www.pravo.unizg.hr\/en\/faculty-of-law-zagreb\/contact\/#breadcrumb\"},\"inLanguage\":\"en-US\",\"potentialAction\":[{\"@type\":\"ReadAction\",\"target\":[\"https:\/\/www.pravo.unizg.hr\/en\/faculty-of-law-zagreb\/contact\/\"]}]},{\"@type\":\"BreadcrumbList\",\"@id\":\"https:\/\/www.pravo.unizg.hr\/en\/faculty-of-law-zagreb\/contact\/#breadcrumb\",\"itemListElement\":[{\"@type\":\"ListItem\",\"position\":1,\"name\":\"Homepage\",\"item\":\"https:\/\/www.pravo.unizg.hr\/en\/\"},{\"@type\":\"ListItem\",\"position\":2,\"name\":\"Faculty\",\"item\":\"https:\/\/www.pravo.unizg.hr\/en\/faculty-of-law-zagreb\/\"},{\"@type\":\"ListItem\",\"position\":3,\"name\":\"Contact and location\"}]},{\"@type\":\"WebSite\",\"@id\":\"https:\/\/www.pravo.unizg.hr\/#website\",\"url\":\"https:\/\/www.pravo.unizg.hr\/\",\"name\":\"Faculty of law\",\"description\":\"\",\"potentialAction\":[{\"@type\":\"SearchAction\",\"target\":{\"@type\":\"EntryPoint\",\"urlTemplate\":\"https:\/\/www.pravo.unizg.hr\/?s={search_term_string}\"},\"query-input\":\"required name=search_term_string\"}],\"inLanguage\":\"en-US\"}]}<\/script>\n<!-- \/ Yoast SEO plugin. -->","yoast_head_json":{"title":"Contact and location - Faculty of law","robots":{"index":"index","follow":"follow","max-snippet":"max-snippet:-1","max-image-preview":"max-image-preview:large","max-video-preview":"max-video-preview:-1"},"canonical":"https:\/\/www.pravo.unizg.hr\/en\/faculty-of-law-zagreb\/contact\/","og_locale":"en_US","og_type":"article","og_title":"Contact and location - Faculty of law","og_description":"Renovation of the building at \u0106irilometodska Street 4 Due to...","og_url":"https:\/\/www.pravo.unizg.hr\/en\/faculty-of-law-zagreb\/contact\/","og_site_name":"Faculty of law","article_modified_time":"2025-10-21T16:28:58+00:00","twitter_card":"summary_large_image","twitter_misc":{"Est. reading time":"2 minutes"},"schema":{"@context":"https:\/\/schema.org","@graph":[{"@type":"WebPage","@id":"https:\/\/www.pravo.unizg.hr\/en\/faculty-of-law-zagreb\/contact\/","url":"https:\/\/www.pravo.unizg.hr\/en\/faculty-of-law-zagreb\/contact\/","name":"Contact and location - Faculty of law","isPartOf":{"@id":"https:\/\/www.pravo.unizg.hr\/#website"},"datePublished":"2023-02-01T12:33:48+00:00","dateModified":"2025-10-21T16:28:58+00:00","breadcrumb":{"@id":"https:\/\/www.pravo.unizg.hr\/en\/faculty-of-law-zagreb\/contact\/#breadcrumb"},"inLanguage":"en-US","potentialAction":[{"@type":"ReadAction","target":["https:\/\/www.pravo.unizg.hr\/en\/faculty-of-law-zagreb\/contact\/"]}]},{"@type":"BreadcrumbList","@id":"https:\/\/www.pravo.unizg.hr\/en\/faculty-of-law-zagreb\/contact\/#breadcrumb","itemListElement":[{"@type":"ListItem","position":1,"name":"Homepage","item":"https:\/\/www.pravo.unizg.hr\/en\/"},{"@type":"ListItem","position":2,"name":"Faculty","item":"https:\/\/www.pravo.unizg.hr\/en\/faculty-of-law-zagreb\/"},{"@type":"ListItem","position":3,"name":"Contact and location"}]},{"@type":"WebSite","@id":"https:\/\/www.pravo.unizg.hr\/#website","url":"https:\/\/www.pravo.unizg.hr\/","name":"Faculty of law","description":"","potentialAction":[{"@type":"SearchAction","target":{"@type":"EntryPoint","urlTemplate":"https:\/\/www.pravo.unizg.hr\/?s={search_term_string}"},"query-input":"required name=search_term_string"}],"inLanguage":"en-US"}]}},"_links":{"self":[{"href":"https:\/\/www.pravo.unizg.hr\/en\/wp-json\/wp\/v2\/pages\/8661","targetHints":{"allow":["GET"]}}],"collection":[{"href":"https:\/\/www.pravo.unizg.hr\/en\/wp-json\/wp\/v2\/pages"}],"about":[{"href":"https:\/\/www.pravo.unizg.hr\/en\/wp-json\/wp\/v2\/types\/page"}],"author":[{"embeddable":true,"href":"https:\/\/www.pravo.unizg.hr\/en\/wp-json\/wp\/v2\/users\/511"}],"replies":[{"embeddable":true,"href":"https:\/\/www.pravo.unizg.hr\/en\/wp-json\/wp\/v2\/comments?post=8661"}],"version-history":[{"count":14,"href":"https:\/\/www.pravo.unizg.hr\/en\/wp-json\/wp\/v2\/pages\/8661\/revisions"}],"predecessor-version":[{"id":29087,"href":"https:\/\/www.pravo.unizg.hr\/en\/wp-json\/wp\/v2\/pages\/8661\/revisions\/29087"}],"up":[{"embeddable":true,"href":"https:\/\/www.pravo.unizg.hr\/en\/wp-json\/wp\/v2\/pages\/1751"}],"wp:attachment":[{"href":"https:\/\/www.pravo.unizg.hr\/en\/wp-json\/wp\/v2\/media?parent=8661"}],"curies":[{"name":"wp","href":"https:\/\/api.w.org\/{rel}","templated":true}]}}