{"id":8649,"date":"2023-02-01T13:54:27","date_gmt":"2023-02-01T12:54:27","guid":{"rendered":"https:\/\/www.pravo.unizg.hr\/faculty-of-law-zagreb\/transparency\/pravo-na-pristup-informacijama\/"},"modified":"2026-04-14T07:30:16","modified_gmt":"2026-04-14T06:30:16","slug":"right-of-access-to-information","status":"publish","type":"page","link":"https:\/\/www.pravo.unizg.hr\/en\/faculty-of-law-zagreb\/transparency\/right-of-access-to-information\/","title":{"rendered":"Right of access to information"},"content":{"rendered":"<p>The Law on the Right of Access to Information (Official Gazette 25\/13, 85\/15 and 69\/22) regulates the right of access to information and reuse of information at the disposal of public authorities. The right of access to information entails the right of an authorized person to request and receive the information, as well as the obligation of the public authorities to enable the access to the information, i.e. to publish the information when there is no particular request for the same, but such a publication represents their obligation determined by the law or other general regulation. All information must be available to each domestic or foreign natural and legal person in accordance with the conditions and restrictions from the Law. The right of access to the information belongs to all the authorized persons in the same manner and under the equivalent conditions and they are equal in the realization thereof.<\/p>\n<p>Information Officer: Iva Vitez, mag. iur.<br \/>\ne-mail: <a href=\"mailto:ppi@pravo.hr\">ppi@pravo.hr<\/a><\/p>\n<p>&nbsp;<\/p>\n<ul>\n<li><a href=\"https:\/\/www.zakon.hr\/z\/126\/Zakon-o-pravu-na-pristup-informacijama\" target=\"_blank\" rel=\"noopener\">Zakon o pravu na pristup informacijama<\/a><\/li>\n<li><a href=\"https:\/\/www.pravo.unizg.hr\/wp-content\/uploads\/2023\/10\/Kriteriji-za-odredivanje-visine-naknade-stvarnih-materijalnih-troskova-i-troskova-dostave-informacije.pdf\" target=\"_blank\" rel=\"noopener\">Kriteriji za odre\u0111ivanje visine naknade stvarnih materijalnih tro\u0161kova i tro\u0161kova dostave informacije<\/a><\/li>\n<li><a href=\"https:\/\/www.pravo.unizg.hr\/wp-content\/uploads\/2023\/10\/Zahtjev-za-pristup-informacijama-obrazac.doc\" target=\"_blank\" rel=\"noopener\">Zahtjev za pristup informacijama<\/a><\/li>\n<li><a href=\"https:\/\/www.pravo.unizg.hr\/wp-content\/uploads\/2023\/10\/Zahtjev-za-ispravak-ili-dopunu-informacije-obrazac.doc\" target=\"_blank\" rel=\"noopener\">Zahtjev za dopunu ili ispravak informacije<\/a><\/li>\n<li><a href=\"https:\/\/www.pravo.unizg.hr\/wp-content\/uploads\/2023\/10\/Zahtjev-za-ponovnu-uporabu-informacija-obrazac.doc\" target=\"_blank\" rel=\"noopener\">Zahtjev za ponovnu uporabu informacija<\/a><\/li>\n<li><a href=\"https:\/\/www.pravo.unizg.hr\/wp-content\/uploads\/2024\/01\/Izvjesce-o-provedbi-Zakona-o-pravu-na-pristup-informacijama-za-2023.-godinu.pdf\" target=\"_blank\" rel=\"noopener\">Izvje\u0161\u0107e o provedbi Zakona o pravu na pristup informacijama za 2023. godinu<\/a><\/li>\n<li><a href=\"https:\/\/www.pravo.unizg.hr\/wp-content\/uploads\/2023\/02\/Izvjesce_o_provedbi_Zakona_o_pravu_na_pristup_informacijama_za_2022._godinu.pdf\" target=\"_blank\" rel=\"noopener\">Izvje\u0161\u0107e o provedbi Zakona o pravu na pristup informacijama za 2022. godinu<\/a><\/li>\n<li><a href=\"https:\/\/www.pravo.unizg.hr\/wp-content\/uploads\/2023\/02\/Izvjesce_o_provedbi_Zakona_o_pravu_na_pristup_informacijama_za_2021._godinu.pdf\" target=\"_blank\" rel=\"noopener\">Izvje\u0161\u0107e o provedbi Zakona o pravu na pristup informacijama za 2021. godinu<\/a><\/li>\n<li><a href=\"https:\/\/www.pravo.unizg.hr\/wp-content\/uploads\/2023\/02\/Izvjesce_o_provedbi_Zakona_o_pravu_na_pristup_informacijama_za_2020._godinu.pdf\" target=\"_blank\" rel=\"noopener\">Izvje\u0161\u0107e o provedbi Zakona o pravu na pristup informacijama za 2020. godinu<\/a><\/li>\n<li><a href=\"https:\/\/www.pravo.unizg.hr\/wp-content\/uploads\/2023\/02\/Izvjesce_o_provedbi_Zakona_o_pravu_na_pristup_informacijama_za_2019._godinu.pdf\" target=\"_blank\" rel=\"noopener\">Izvje\u0161\u0107e o provedbi Zakona o pravu na pristup informacijama za 2019. godinu<\/a><\/li>\n<li><a href=\"https:\/\/www.pravo.unizg.hr\/wp-content\/uploads\/2023\/11\/Upitnik-za-samoprocjenu.xls\" target=\"_blank\" rel=\"noopener\">Upitnik za samoprocjenu<\/a><\/li>\n<\/ul>\n","protected":false},"excerpt":{"rendered":"<p>The Law on the Right of Access to Information (Official&#8230;<\/p>\n","protected":false},"author":511,"featured_media":0,"parent":8641,"menu_order":0,"comment_status":"closed","ping_status":"closed","template":"","meta":{"footnotes":""},"class_list":["post-8649","page","type-page","status-publish","hentry"],"pp_force_visibility":null,"pp_subpost_visibility":null,"pp_inherited_force_visibility":null,"pp_inherited_subpost_visibility":null,"acf":[],"yoast_head":"<!-- This site is optimized with the Yoast SEO plugin v20.1 - https:\/\/yoast.com\/wordpress\/plugins\/seo\/ -->\n<title>Right of access to information - Faculty of law<\/title>\n<meta name=\"robots\" content=\"index, follow, max-snippet:-1, max-image-preview:large, max-video-preview:-1\" \/>\n<link rel=\"canonical\" href=\"https:\/\/www.pravo.unizg.hr\/en\/faculty-of-law-zagreb\/transparency\/right-of-access-to-information\/\" \/>\n<meta property=\"og:locale\" content=\"en_US\" \/>\n<meta property=\"og:type\" content=\"article\" \/>\n<meta property=\"og:title\" content=\"Right of access to information - Faculty of law\" \/>\n<meta property=\"og:description\" content=\"The Law on the Right of Access to Information (Official...\" \/>\n<meta property=\"og:url\" content=\"https:\/\/www.pravo.unizg.hr\/en\/faculty-of-law-zagreb\/transparency\/right-of-access-to-information\/\" \/>\n<meta property=\"og:site_name\" content=\"Faculty of law\" \/>\n<meta property=\"article:modified_time\" content=\"2026-04-14T06:30:16+00:00\" \/>\n<meta name=\"twitter:card\" content=\"summary_large_image\" \/>\n<meta name=\"twitter:label1\" content=\"Est. reading time\" \/>\n\t<meta name=\"twitter:data1\" content=\"1 minute\" \/>\n<script type=\"application\/ld+json\" class=\"yoast-schema-graph\">{\"@context\":\"https:\/\/schema.org\",\"@graph\":[{\"@type\":\"WebPage\",\"@id\":\"https:\/\/www.pravo.unizg.hr\/en\/faculty-of-law-zagreb\/transparency\/right-of-access-to-information\/\",\"url\":\"https:\/\/www.pravo.unizg.hr\/en\/faculty-of-law-zagreb\/transparency\/right-of-access-to-information\/\",\"name\":\"Right of access to information - Faculty of law\",\"isPartOf\":{\"@id\":\"https:\/\/www.pravo.unizg.hr\/#website\"},\"datePublished\":\"2023-02-01T12:54:27+00:00\",\"dateModified\":\"2026-04-14T06:30:16+00:00\",\"breadcrumb\":{\"@id\":\"https:\/\/www.pravo.unizg.hr\/en\/faculty-of-law-zagreb\/transparency\/right-of-access-to-information\/#breadcrumb\"},\"inLanguage\":\"en-US\",\"potentialAction\":[{\"@type\":\"ReadAction\",\"target\":[\"https:\/\/www.pravo.unizg.hr\/en\/faculty-of-law-zagreb\/transparency\/right-of-access-to-information\/\"]}]},{\"@type\":\"BreadcrumbList\",\"@id\":\"https:\/\/www.pravo.unizg.hr\/en\/faculty-of-law-zagreb\/transparency\/right-of-access-to-information\/#breadcrumb\",\"itemListElement\":[{\"@type\":\"ListItem\",\"position\":1,\"name\":\"Homepage\",\"item\":\"https:\/\/www.pravo.unizg.hr\/en\/\"},{\"@type\":\"ListItem\",\"position\":2,\"name\":\"Faculty\",\"item\":\"https:\/\/www.pravo.unizg.hr\/en\/faculty-of-law-zagreb\/\"},{\"@type\":\"ListItem\",\"position\":3,\"name\":\"Transparency\",\"item\":\"https:\/\/www.pravo.unizg.hr\/en\/faculty-of-law-zagreb\/transparency\/\"},{\"@type\":\"ListItem\",\"position\":4,\"name\":\"Right of access to information\"}]},{\"@type\":\"WebSite\",\"@id\":\"https:\/\/www.pravo.unizg.hr\/#website\",\"url\":\"https:\/\/www.pravo.unizg.hr\/\",\"name\":\"Faculty of law\",\"description\":\"\",\"potentialAction\":[{\"@type\":\"SearchAction\",\"target\":{\"@type\":\"EntryPoint\",\"urlTemplate\":\"https:\/\/www.pravo.unizg.hr\/?s={search_term_string}\"},\"query-input\":\"required name=search_term_string\"}],\"inLanguage\":\"en-US\"}]}<\/script>\n<!-- \/ Yoast SEO plugin. -->","yoast_head_json":{"title":"Right of access to information - Faculty of law","robots":{"index":"index","follow":"follow","max-snippet":"max-snippet:-1","max-image-preview":"max-image-preview:large","max-video-preview":"max-video-preview:-1"},"canonical":"https:\/\/www.pravo.unizg.hr\/en\/faculty-of-law-zagreb\/transparency\/right-of-access-to-information\/","og_locale":"en_US","og_type":"article","og_title":"Right of access to information - Faculty of law","og_description":"The Law on the Right of Access to Information (Official...","og_url":"https:\/\/www.pravo.unizg.hr\/en\/faculty-of-law-zagreb\/transparency\/right-of-access-to-information\/","og_site_name":"Faculty of law","article_modified_time":"2026-04-14T06:30:16+00:00","twitter_card":"summary_large_image","twitter_misc":{"Est. reading time":"1 minute"},"schema":{"@context":"https:\/\/schema.org","@graph":[{"@type":"WebPage","@id":"https:\/\/www.pravo.unizg.hr\/en\/faculty-of-law-zagreb\/transparency\/right-of-access-to-information\/","url":"https:\/\/www.pravo.unizg.hr\/en\/faculty-of-law-zagreb\/transparency\/right-of-access-to-information\/","name":"Right of access to information - Faculty of law","isPartOf":{"@id":"https:\/\/www.pravo.unizg.hr\/#website"},"datePublished":"2023-02-01T12:54:27+00:00","dateModified":"2026-04-14T06:30:16+00:00","breadcrumb":{"@id":"https:\/\/www.pravo.unizg.hr\/en\/faculty-of-law-zagreb\/transparency\/right-of-access-to-information\/#breadcrumb"},"inLanguage":"en-US","potentialAction":[{"@type":"ReadAction","target":["https:\/\/www.pravo.unizg.hr\/en\/faculty-of-law-zagreb\/transparency\/right-of-access-to-information\/"]}]},{"@type":"BreadcrumbList","@id":"https:\/\/www.pravo.unizg.hr\/en\/faculty-of-law-zagreb\/transparency\/right-of-access-to-information\/#breadcrumb","itemListElement":[{"@type":"ListItem","position":1,"name":"Homepage","item":"https:\/\/www.pravo.unizg.hr\/en\/"},{"@type":"ListItem","position":2,"name":"Faculty","item":"https:\/\/www.pravo.unizg.hr\/en\/faculty-of-law-zagreb\/"},{"@type":"ListItem","position":3,"name":"Transparency","item":"https:\/\/www.pravo.unizg.hr\/en\/faculty-of-law-zagreb\/transparency\/"},{"@type":"ListItem","position":4,"name":"Right of access to information"}]},{"@type":"WebSite","@id":"https:\/\/www.pravo.unizg.hr\/#website","url":"https:\/\/www.pravo.unizg.hr\/","name":"Faculty of law","description":"","potentialAction":[{"@type":"SearchAction","target":{"@type":"EntryPoint","urlTemplate":"https:\/\/www.pravo.unizg.hr\/?s={search_term_string}"},"query-input":"required name=search_term_string"}],"inLanguage":"en-US"}]}},"_links":{"self":[{"href":"https:\/\/www.pravo.unizg.hr\/en\/wp-json\/wp\/v2\/pages\/8649","targetHints":{"allow":["GET"]}}],"collection":[{"href":"https:\/\/www.pravo.unizg.hr\/en\/wp-json\/wp\/v2\/pages"}],"about":[{"href":"https:\/\/www.pravo.unizg.hr\/en\/wp-json\/wp\/v2\/types\/page"}],"author":[{"embeddable":true,"href":"https:\/\/www.pravo.unizg.hr\/en\/wp-json\/wp\/v2\/users\/511"}],"replies":[{"embeddable":true,"href":"https:\/\/www.pravo.unizg.hr\/en\/wp-json\/wp\/v2\/comments?post=8649"}],"version-history":[{"count":5,"href":"https:\/\/www.pravo.unizg.hr\/en\/wp-json\/wp\/v2\/pages\/8649\/revisions"}],"predecessor-version":[{"id":34155,"href":"https:\/\/www.pravo.unizg.hr\/en\/wp-json\/wp\/v2\/pages\/8649\/revisions\/34155"}],"up":[{"embeddable":true,"href":"https:\/\/www.pravo.unizg.hr\/en\/wp-json\/wp\/v2\/pages\/8641"}],"wp:attachment":[{"href":"https:\/\/www.pravo.unizg.hr\/en\/wp-json\/wp\/v2\/media?parent=8649"}],"curies":[{"name":"wp","href":"https:\/\/api.w.org\/{rel}","templated":true}]}}