{"id":8647,"date":"2023-02-01T13:55:24","date_gmt":"2023-02-01T12:55:24","guid":{"rendered":"https:\/\/www.pravo.unizg.hr\/faculty-of-law-zagreb\/transparency\/planovi-i-izvjesca\/"},"modified":"2024-12-20T12:45:44","modified_gmt":"2024-12-20T11:45:44","slug":"plans-and-reports","status":"publish","type":"page","link":"https:\/\/www.pravo.unizg.hr\/en\/faculty-of-law-zagreb\/transparency\/plans-and-reports\/","title":{"rendered":"Plans and reports"},"content":{"rendered":"<p>&nbsp;<\/p>\n<p style=\"padding-left: 40px;\">Javna objava tro\u0161enja sredstava:<\/p>\n<ul>\n<li style=\"list-style-type: none;\">\n<ul>\n<li><a href=\"https:\/\/www.pravo.unizg.hr\/wp-content\/uploads\/2024\/02\/Javna-objava-trosenja-sredstava-SIJECANJ-2024.pdf\" target=\"_blank\" rel=\"noopener\">Sije\u010danj 2024.<\/a><\/li>\n<li><a href=\"https:\/\/www.pravo.unizg.hr\/wp-content\/uploads\/2024\/03\/Javna-objava-o-trosenju-sredstava-2-2024.pdf\" target=\"_blank\" rel=\"noopener\">Velja\u010da 2024.<\/a><\/li>\n<li><a href=\"https:\/\/www.pravo.unizg.hr\/wp-content\/uploads\/2024\/04\/Javna-objava-o-trosenju-sredstava-3-2024-1.pdf\" target=\"_blank\" rel=\"noopener\">O\u017eujak 2024.<\/a><\/li>\n<li><a href=\"https:\/\/www.pravo.unizg.hr\/wp-content\/uploads\/2024\/05\/Javna-objava-o-trosenju-sredstava-4-2024.pdf\" target=\"_blank\" rel=\"noopener\">Travanj 2024.<\/a><\/li>\n<li><a href=\"https:\/\/www.pravo.unizg.hr\/wp-content\/uploads\/2024\/06\/Javna-objava-o-trosenju-sredstava-5-2024.pdf\" target=\"_blank\" rel=\"noopener\">Svibanj 2024.<\/a><\/li>\n<li><a href=\"https:\/\/www.pravo.unizg.hr\/wp-content\/uploads\/2024\/07\/Javna-objava-o-trosenju-sredstava-6-2024.pdf\" target=\"_blank\" rel=\"noopener\">Lipanj 2024.<\/a><\/li>\n<li><a href=\"https:\/\/www.pravo.unizg.hr\/wp-content\/uploads\/2024\/08\/Javna-objava-o-trosenju-sredstava-7-2024-1.pdf\" target=\"_blank\" rel=\"noopener\">Srpanj 2024.<\/a><\/li>\n<li><a href=\"https:\/\/www.pravo.unizg.hr\/wp-content\/uploads\/2024\/09\/Javna-objava-o-trosenju-sredstava-8-2024-1.pdf\" target=\"_blank\" rel=\"noopener\">Kolovoz 2024.<\/a><\/li>\n<li><a href=\"https:\/\/www.pravo.unizg.hr\/wp-content\/uploads\/2024\/10\/Javna-objava-o-trosenju-sredstava-9-2024.pdf\" target=\"_blank\" rel=\"noopener\">Rujan 2024.<\/a><\/li>\n<li><a href=\"https:\/\/www.pravo.unizg.hr\/wp-content\/uploads\/2024\/11\/Javna-objava-o-trosenju-sredstava-10-2024.pdf\" target=\"_blank\" rel=\"noopener\">Listopad 2024.<\/a><\/li>\n<li><a href=\"https:\/\/www.pravo.unizg.hr\/wp-content\/uploads\/2024\/12\/Javna-objava-o-trosenju-sredstava-11-2024.pdf\" target=\"_blank\" rel=\"noopener\">Studeni 2024.<\/a><\/li>\n<\/ul>\n<\/li>\n<\/ul>\n<p>&nbsp;<\/p>\n<p style=\"padding-left: 40px;\"><a href=\"https:\/\/www.pravo.unizg.hr\/wp-content\/uploads\/2024\/12\/Financijski-plan_2025-2027_2.pdf\" target=\"_blank\" rel=\"noopener\">Financijski plan za 2025. i projekcije za 2026. i 2027. godinu<\/a><\/p>\n<p>&nbsp;<\/p>\n<p style=\"padding-left: 40px;\"><a href=\"https:\/\/www.pravo.unizg.hr\/wp-content\/uploads\/2024\/11\/Predlozak-Izvjestaja-o-izvrsenju-financijskog-plana-za-I-VI-2024.pdf\" target=\"_blank\" rel=\"noopener\">Izvje\u0161taj o izvr\u0161enju financijskog plana za prvo polugodi\u0161te 2024. godine<\/a><\/p>\n<p>&nbsp;<\/p>\n<p style=\"padding-left: 40px;\"><a href=\"https:\/\/www.pravo.unizg.hr\/wp-content\/uploads\/2024\/02\/Financijski-plan-za-2024.-i-projekcije-za-2025.-i-2026.-godinu-2.pdf\" target=\"_blank\" rel=\"noopener\">Financijski plan za 2024. i projekcije za 2025. i 2026. godinu<\/a><\/p>\n<p>&nbsp;<\/p>\n<p style=\"padding-left: 40px;\"><a href=\"https:\/\/www.pravo.unizg.hr\/wp-content\/uploads\/2024\/01\/ZG_Pravni-fakultet_Obrasci_financijskih_izvjestaja_v_8.1.3.xlsx\">Financijski izvje\u0161taji za 2023. godinu<\/a><\/p>\n<p style=\"padding-left: 40px;\"><a href=\"https:\/\/www.pravo.unizg.hr\/wp-content\/uploads\/2024\/01\/Biljeske-31.12.2023.doc\">Bilje\u0161ke uz financijske izvje\u0161taje za 2023. godinu<\/a><\/p>\n<p style=\"padding-left: 40px;\"><a href=\"https:\/\/www.pravo.unizg.hr\/wp-content\/uploads\/2023\/04\/Financijski_plan_2022-2024_potpisani.pdf\">Prijedlog financijskog plana za 2023. i projekcija plana za 2024. i 2025. godinu<\/a><\/p>\n<p>&nbsp;<\/p>\n<p style=\"padding-left: 40px;\"><a href=\"https:\/\/www.pravo.unizg.hr\/wp-content\/uploads\/2023\/04\/ZG_PRAVNI_FAKULTET.xlsx\">Financijski izvje\u0161taji za 2022. godinu<\/a><\/p>\n<p style=\"padding-left: 40px;\"><a href=\"https:\/\/www.pravo.unizg.hr\/wp-content\/uploads\/2023\/04\/Biljeske_2022.doc\">Bilje\u0161ke uz financijske izvje\u0161taje za 2022. godinu<\/a><\/p>\n<p style=\"padding-left: 40px;\"><a href=\"https:\/\/www.pravo.unizg.hr\/wp-content\/uploads\/2024\/02\/Fin.-plan_2022-2024_Obrazlozenje-financijskog-plana-za-razdoblje-2022.pdf\" target=\"_blank\" rel=\"noopener\">Prijedlog financijskog plana za 2022. i projekcija plana za 2023. i 2024. godinu<\/a><\/p>\n<p>&nbsp;<\/p>\n<p style=\"padding-left: 40px;\"><a href=\"https:\/\/www.pravo.unizg.hr\/wp-content\/uploads\/2023\/04\/obveze.pdf\">IZVJE\u0160TAJ O OBVEZAMA za razdoblje 1. sije\u010danj 2021. do 31. prosinac 2021.<\/a><\/p>\n<p style=\"padding-left: 40px;\"><a href=\"https:\/\/www.pravo.unizg.hr\/wp-content\/uploads\/2023\/04\/prihodi_rashodi.pdf\">IZVJE\u0160TAJ O PRIHODIMA I RASHODIMA, PRIMICIMA I IZDACIMA za 2021. godinu<\/a><\/p>\n<p style=\"padding-left: 40px;\"><a href=\"https:\/\/www.pravo.unizg.hr\/wp-content\/uploads\/2023\/04\/bilanca.pdf\">BILANCA &#8211; stanje na dan 31. prosinac 2021.<\/a><\/p>\n<p style=\"padding-left: 40px;\"><a href=\"https:\/\/www.pravo.unizg.hr\/wp-content\/uploads\/2023\/04\/Prijedlog_financijskog_plana_2021.pdf\">Prijedlog financijskog plana za 2021. i projekcija plana za 2022. i 2023. godinu<\/a><\/p>\n<p>&nbsp;<\/p>\n<p style=\"padding-left: 40px;\"><a href=\"https:\/\/www.pravo.unizg.hr\/wp-content\/uploads\/2023\/04\/financijsko-izvjesce-biljeske-2020.pdf\">BILJE\u0160KE UZ FINANCIJSKA IZVJE\u0160\u0106A za 2020.<\/a><\/p>\n<p style=\"padding-left: 40px;\"><a href=\"https:\/\/www.pravo.unizg.hr\/wp-content\/uploads\/2023\/04\/obveze-2020.pdf\">IZVJE\u0160TAJ O OBVEZAMA za razdoblje 1.sije\u010danj 2020. do 31. prosinac 2020.<\/a><\/p>\n<p style=\"padding-left: 40px;\"><a href=\"https:\/\/www.pravo.unizg.hr\/wp-content\/uploads\/2023\/04\/prihodi-rashodi-2020.pdf\">IZVJE\u0160TAJ O PRIHODIMA I RASHODIMA, PRIMICIMA I IZDACIMA ZA 2020. GODINU<\/a><\/p>\n<p style=\"padding-left: 40px;\"><a href=\"https:\/\/www.pravo.unizg.hr\/wp-content\/uploads\/2023\/04\/bilanca-2020.pdf\">BILANCA &#8211; stanje na dan 31. prosinca 2020. godine<\/a><\/p>\n<p>&nbsp;<\/p>\n<p style=\"padding-left: 40px;\"><a href=\"https:\/\/www.pravo.unizg.hr\/wp-content\/uploads\/2023\/04\/biljeske-izvjesca-2019.pdf\">BILJE\u0160KE UZ FINANCIJSKA IZVJE\u0160\u0106A za 2019.<\/a><\/p>\n<p style=\"padding-left: 40px;\"><a href=\"https:\/\/www.pravo.unizg.hr\/wp-content\/uploads\/2023\/04\/obveze-2019.pdf\">IZVJE\u0160TAJ O OBVEZAMA za razdoblje 1.sije\u010danj 2019. do 31. prosinac 2019.<\/a><\/p>\n<p style=\"padding-left: 40px;\"><a href=\"https:\/\/www.pravo.unizg.hr\/wp-content\/uploads\/2023\/04\/PR-RAS-2019.pdf\">IZVJE\u0160TAJ O PRIHODIMA I RASHODIMA, PRIMICIMA I IZDACIMA ZA 2019. GODINU<\/a><\/p>\n<p style=\"padding-left: 40px;\"><a href=\"https:\/\/www.pravo.unizg.hr\/wp-content\/uploads\/2023\/04\/Bilanca_2019.pdf\">BILANCA &#8211; stanje na dan 31. prosinca 2019. godine<\/a><\/p>\n<p style=\"padding-left: 40px;\"><a href=\"https:\/\/www.pravo.unizg.hr\/wp-content\/uploads\/2023\/04\/Prijedlog_financijskog_plana_2020.pdf\"> Prijedlog financijskog plana za 2020. i projekcija plana za 2021. i 2022. godinu<\/a><\/p>\n<p>&nbsp;<\/p>\n<p style=\"padding-left: 40px;\"><a href=\"https:\/\/www.pravo.unizg.hr\/wp-content\/uploads\/2023\/04\/PR-RAS_2018.pdf\">IZVJE\u0160TAJ O PRIHODIMA I RASHODIMA, PRIMICIMA I IZDACIMA ZA 2018. GODINU<\/a><\/p>\n<p style=\"padding-left: 40px;\"><a href=\"https:\/\/www.pravo.unizg.hr\/wp-content\/uploads\/2023\/04\/bilanca_2018.pdf\"> BILANCA &#8211; stanje na dan 31. prosinca 2018. godine<\/a><\/p>\n<p>&nbsp;<\/p>\n<p style=\"padding-left: 40px;\"><a href=\"https:\/\/www.pravo.unizg.hr\/wp-content\/uploads\/2023\/04\/IZVJESTAJ_O_PRIHODIMA_I_RASHODIMA_PRIMICIMA_I_IZDACIMA_ZA_2017._GODINU.pdf\">IZVJE\u0160TAJ O PRIHODIMA I RASHODIMA, PRIMICIMA I IZDACIMA ZA 2017. GODINU<\/a><\/p>\n<p style=\"padding-left: 40px;\"><a href=\"https:\/\/www.pravo.unizg.hr\/wp-content\/uploads\/2023\/04\/BILANCA_-_stanje_na_dan_31._prosinca_2017._godine.pdf\">BILANCA &#8211; stanje na dan 31. prosinca 2017. godine<\/a><\/p>\n<p style=\"padding-left: 40px;\"><a href=\"https:\/\/www.pravo.unizg.hr\/wp-content\/uploads\/2023\/04\/FINANCIJSKI_PLAN_ZA_2018._-_2020._GODINU.pdf\">FINANCIJSKI PLAN ZA 2018. &#8211; 2020. GODINU<\/a><\/p>\n<p>&nbsp;<\/p>\n<p style=\"padding-left: 40px;\"><a href=\"https:\/\/www.pravo.unizg.hr\/wp-content\/uploads\/2023\/04\/PR-RAS1.pdf\">IZVJE\u0160TAJ O PRIHODIMA I RASHODIMA, PRIMICIMA I IZDACIMA ZA 2016. GODINU<\/a><\/p>\n<p style=\"padding-left: 40px;\"><a href=\"https:\/\/www.pravo.unizg.hr\/wp-content\/uploads\/2023\/04\/BILANCA-1.pdf\">BILANCA &#8211; stanje na dan 31. prosinca 2016. godine<\/a><\/p>\n<p style=\"padding-left: 40px;\"><a href=\"https:\/\/www.pravo.unizg.hr\/wp-content\/uploads\/2023\/04\/FINANCIJSKI_PLAN_1.pdf\">FINANCIJSKI PLAN ZA 2017. &#8211; 2019. GODINU<\/a><\/p>\n<p>&nbsp;<\/p>\n<p style=\"padding-left: 40px;\"><a href=\"https:\/\/www.pravo.unizg.hr\/wp-content\/uploads\/2023\/04\/PR-RAS_2015.pdf\">IZVJE\u0160TAJ O PRIHODIMA I RASHODIMA, PRIMICIMA I IZDACIMA ZA 2015. GODINU<\/a><\/p>\n<p style=\"padding-left: 40px;\"><a href=\"https:\/\/www.pravo.unizg.hr\/wp-content\/uploads\/2023\/04\/PR-RAS.pdf\">IZVJE\u0160TAJ O PRIHODIMA I RASHODIMA, PRIMICIMA I IZDACIMA ZA 2014. GODINU<\/a><\/p>\n<p style=\"padding-left: 40px;\"><a href=\"https:\/\/www.pravo.unizg.hr\/wp-content\/uploads\/2023\/04\/Financijski_plan.pdf\">FINANCIJSKI PLAN ZA 2014. &#8211; 2016. GODINU<\/a><\/p>\n","protected":false},"excerpt":{"rendered":"<p>&nbsp; Javna objava tro\u0161enja sredstava: Sije\u010danj 2024. Velja\u010da 2024. O\u017eujak&#8230;<\/p>\n","protected":false},"author":511,"featured_media":0,"parent":8641,"menu_order":0,"comment_status":"closed","ping_status":"closed","template":"","meta":{"footnotes":""},"class_list":["post-8647","page","type-page","status-publish","hentry"],"pp_force_visibility":null,"pp_subpost_visibility":null,"pp_inherited_force_visibility":null,"pp_inherited_subpost_visibility":null,"acf":[],"yoast_head":"<!-- This site is optimized with the Yoast SEO plugin v20.1 - https:\/\/yoast.com\/wordpress\/plugins\/seo\/ -->\n<title>Plans and reports - Faculty of law<\/title>\n<meta name=\"robots\" content=\"index, follow, max-snippet:-1, max-image-preview:large, max-video-preview:-1\" \/>\n<link rel=\"canonical\" href=\"https:\/\/www.pravo.unizg.hr\/en\/faculty-of-law-zagreb\/transparency\/plans-and-reports\/\" \/>\n<meta property=\"og:locale\" content=\"en_US\" \/>\n<meta property=\"og:type\" content=\"article\" \/>\n<meta property=\"og:title\" content=\"Plans and reports - Faculty of law\" \/>\n<meta property=\"og:description\" content=\"&nbsp; Javna objava tro\u0161enja sredstava: Sije\u010danj 2024. Velja\u010da 2024. O\u017eujak...\" \/>\n<meta property=\"og:url\" content=\"https:\/\/www.pravo.unizg.hr\/en\/faculty-of-law-zagreb\/transparency\/plans-and-reports\/\" \/>\n<meta property=\"og:site_name\" content=\"Faculty of law\" \/>\n<meta property=\"article:modified_time\" content=\"2024-12-20T11:45:44+00:00\" \/>\n<meta name=\"twitter:card\" content=\"summary_large_image\" \/>\n<meta name=\"twitter:label1\" content=\"Est. reading time\" \/>\n\t<meta name=\"twitter:data1\" content=\"2 minutes\" \/>\n<script type=\"application\/ld+json\" class=\"yoast-schema-graph\">{\"@context\":\"https:\/\/schema.org\",\"@graph\":[{\"@type\":\"WebPage\",\"@id\":\"https:\/\/www.pravo.unizg.hr\/en\/faculty-of-law-zagreb\/transparency\/plans-and-reports\/\",\"url\":\"https:\/\/www.pravo.unizg.hr\/en\/faculty-of-law-zagreb\/transparency\/plans-and-reports\/\",\"name\":\"Plans and reports - Faculty of law\",\"isPartOf\":{\"@id\":\"https:\/\/www.pravo.unizg.hr\/#website\"},\"datePublished\":\"2023-02-01T12:55:24+00:00\",\"dateModified\":\"2024-12-20T11:45:44+00:00\",\"breadcrumb\":{\"@id\":\"https:\/\/www.pravo.unizg.hr\/en\/faculty-of-law-zagreb\/transparency\/plans-and-reports\/#breadcrumb\"},\"inLanguage\":\"en-US\",\"potentialAction\":[{\"@type\":\"ReadAction\",\"target\":[\"https:\/\/www.pravo.unizg.hr\/en\/faculty-of-law-zagreb\/transparency\/plans-and-reports\/\"]}]},{\"@type\":\"BreadcrumbList\",\"@id\":\"https:\/\/www.pravo.unizg.hr\/en\/faculty-of-law-zagreb\/transparency\/plans-and-reports\/#breadcrumb\",\"itemListElement\":[{\"@type\":\"ListItem\",\"position\":1,\"name\":\"Homepage\",\"item\":\"https:\/\/www.pravo.unizg.hr\/en\/\"},{\"@type\":\"ListItem\",\"position\":2,\"name\":\"Faculty\",\"item\":\"https:\/\/www.pravo.unizg.hr\/en\/faculty-of-law-zagreb\/\"},{\"@type\":\"ListItem\",\"position\":3,\"name\":\"Transparency\",\"item\":\"https:\/\/www.pravo.unizg.hr\/en\/faculty-of-law-zagreb\/transparency\/\"},{\"@type\":\"ListItem\",\"position\":4,\"name\":\"Plans and reports\"}]},{\"@type\":\"WebSite\",\"@id\":\"https:\/\/www.pravo.unizg.hr\/#website\",\"url\":\"https:\/\/www.pravo.unizg.hr\/\",\"name\":\"Faculty of law\",\"description\":\"\",\"potentialAction\":[{\"@type\":\"SearchAction\",\"target\":{\"@type\":\"EntryPoint\",\"urlTemplate\":\"https:\/\/www.pravo.unizg.hr\/?s={search_term_string}\"},\"query-input\":\"required name=search_term_string\"}],\"inLanguage\":\"en-US\"}]}<\/script>\n<!-- \/ Yoast SEO plugin. -->","yoast_head_json":{"title":"Plans and reports - Faculty of law","robots":{"index":"index","follow":"follow","max-snippet":"max-snippet:-1","max-image-preview":"max-image-preview:large","max-video-preview":"max-video-preview:-1"},"canonical":"https:\/\/www.pravo.unizg.hr\/en\/faculty-of-law-zagreb\/transparency\/plans-and-reports\/","og_locale":"en_US","og_type":"article","og_title":"Plans and reports - Faculty of law","og_description":"&nbsp; Javna objava tro\u0161enja sredstava: Sije\u010danj 2024. Velja\u010da 2024. O\u017eujak...","og_url":"https:\/\/www.pravo.unizg.hr\/en\/faculty-of-law-zagreb\/transparency\/plans-and-reports\/","og_site_name":"Faculty of law","article_modified_time":"2024-12-20T11:45:44+00:00","twitter_card":"summary_large_image","twitter_misc":{"Est. reading time":"2 minutes"},"schema":{"@context":"https:\/\/schema.org","@graph":[{"@type":"WebPage","@id":"https:\/\/www.pravo.unizg.hr\/en\/faculty-of-law-zagreb\/transparency\/plans-and-reports\/","url":"https:\/\/www.pravo.unizg.hr\/en\/faculty-of-law-zagreb\/transparency\/plans-and-reports\/","name":"Plans and reports - Faculty of law","isPartOf":{"@id":"https:\/\/www.pravo.unizg.hr\/#website"},"datePublished":"2023-02-01T12:55:24+00:00","dateModified":"2024-12-20T11:45:44+00:00","breadcrumb":{"@id":"https:\/\/www.pravo.unizg.hr\/en\/faculty-of-law-zagreb\/transparency\/plans-and-reports\/#breadcrumb"},"inLanguage":"en-US","potentialAction":[{"@type":"ReadAction","target":["https:\/\/www.pravo.unizg.hr\/en\/faculty-of-law-zagreb\/transparency\/plans-and-reports\/"]}]},{"@type":"BreadcrumbList","@id":"https:\/\/www.pravo.unizg.hr\/en\/faculty-of-law-zagreb\/transparency\/plans-and-reports\/#breadcrumb","itemListElement":[{"@type":"ListItem","position":1,"name":"Homepage","item":"https:\/\/www.pravo.unizg.hr\/en\/"},{"@type":"ListItem","position":2,"name":"Faculty","item":"https:\/\/www.pravo.unizg.hr\/en\/faculty-of-law-zagreb\/"},{"@type":"ListItem","position":3,"name":"Transparency","item":"https:\/\/www.pravo.unizg.hr\/en\/faculty-of-law-zagreb\/transparency\/"},{"@type":"ListItem","position":4,"name":"Plans and reports"}]},{"@type":"WebSite","@id":"https:\/\/www.pravo.unizg.hr\/#website","url":"https:\/\/www.pravo.unizg.hr\/","name":"Faculty of law","description":"","potentialAction":[{"@type":"SearchAction","target":{"@type":"EntryPoint","urlTemplate":"https:\/\/www.pravo.unizg.hr\/?s={search_term_string}"},"query-input":"required name=search_term_string"}],"inLanguage":"en-US"}]}},"_links":{"self":[{"href":"https:\/\/www.pravo.unizg.hr\/en\/wp-json\/wp\/v2\/pages\/8647","targetHints":{"allow":["GET"]}}],"collection":[{"href":"https:\/\/www.pravo.unizg.hr\/en\/wp-json\/wp\/v2\/pages"}],"about":[{"href":"https:\/\/www.pravo.unizg.hr\/en\/wp-json\/wp\/v2\/types\/page"}],"author":[{"embeddable":true,"href":"https:\/\/www.pravo.unizg.hr\/en\/wp-json\/wp\/v2\/users\/511"}],"replies":[{"embeddable":true,"href":"https:\/\/www.pravo.unizg.hr\/en\/wp-json\/wp\/v2\/comments?post=8647"}],"version-history":[{"count":4,"href":"https:\/\/www.pravo.unizg.hr\/en\/wp-json\/wp\/v2\/pages\/8647\/revisions"}],"predecessor-version":[{"id":23780,"href":"https:\/\/www.pravo.unizg.hr\/en\/wp-json\/wp\/v2\/pages\/8647\/revisions\/23780"}],"up":[{"embeddable":true,"href":"https:\/\/www.pravo.unizg.hr\/en\/wp-json\/wp\/v2\/pages\/8641"}],"wp:attachment":[{"href":"https:\/\/www.pravo.unizg.hr\/en\/wp-json\/wp\/v2\/media?parent=8647"}],"curies":[{"name":"wp","href":"https:\/\/api.w.org\/{rel}","templated":true}]}}