{"id":8635,"date":"2023-02-01T13:28:28","date_gmt":"2023-02-01T12:28:28","guid":{"rendered":"https:\/\/www.pravo.unizg.hr\/faculty-of-law-zagreb\/propisi\/"},"modified":"2025-03-14T10:18:53","modified_gmt":"2025-03-14T09:18:53","slug":"regulations","status":"publish","type":"page","link":"https:\/\/www.pravo.unizg.hr\/en\/faculty-of-law-zagreb\/regulations\/","title":{"rendered":"Laws and other regulations"},"content":{"rendered":"<p>&nbsp;<\/p>\n<h3>Laws<\/h3>\n<ul>\n<li><a href=\"https:\/\/narodne-novine.nn.hr\/clanci\/sluzbeni\/2022_10_119_1834.html\" target=\"_blank\" rel=\"noopener\">Zakon o visokom obrazovanju i znanstvenoj djelatnosti<\/a><\/li>\n<li><a href=\"https:\/\/narodne-novine.nn.hr\/clanci\/sluzbeni\/2022_12_151_2330.html\" target=\"_blank\" rel=\"noopener\">Zakon o osiguravanju kvalitete u visokom obrazovanju i znanosti<\/a><\/li>\n<\/ul>\n<p>&nbsp;<\/p>\n<h3>General acts<\/h3>\n<ul>\n<li><a href=\"https:\/\/www.pravo.unizg.hr\/wp-content\/uploads\/2023\/08\/Statut-1.pdf\" target=\"_blank\" rel=\"noopener\">Statut<\/a><\/li>\n<li><a href=\"https:\/\/www.pravo.unizg.hr\/wp-content\/uploads\/2023\/04\/Eticki_kodeks_Pravnog_fakulteta_Sveucilista_u_Zagrebu.pdf\" target=\"_blank\" rel=\"noopener\">Eti\u010dki kodeks<\/a><\/li>\n<li><a href=\"https:\/\/www.pravo.unizg.hr\/wp-content\/uploads\/2024\/10\/Pravilnik-o-ustroju-1.pdf\" target=\"_blank\" rel=\"noopener\">Pravilnik o ustroju<\/a><\/li>\n<li><a href=\"https:\/\/www.pravo.unizg.hr\/wp-content\/uploads\/2023\/07\/Pravilnik-o-radu.pdf\" target=\"_blank\" rel=\"noopener\">Pravilnik o radu<\/a><\/li>\n<li><a href=\"https:\/\/www.pravo.unizg.hr\/wp-content\/uploads\/2023\/02\/Pravilnik_o_zastiti_na_radu.pdf\" target=\"_blank\" rel=\"noopener\">Pravilnik o za\u0161titi na radu<\/a><\/li>\n<li><a href=\"https:\/\/www.pravo.unizg.hr\/wp-content\/uploads\/2023\/02\/Pravilnik_o_zastiti_od_pozara.pdf\" target=\"_blank\" rel=\"noopener\">Pravilnik o za\u0161titi od po\u017eara<\/a><\/li>\n<li><a href=\"https:\/\/www.pravo.unizg.hr\/wp-content\/uploads\/2023\/02\/Pravilnik_o_radu_knjiznice.pdf\" target=\"_blank\" rel=\"noopener\">Pravilnik o radu knji\u017enice<\/a><\/li>\n<li><a href=\"https:\/\/www.pravo.unizg.hr\/wp-content\/uploads\/2023\/02\/Pravilnik_o_izmjenama_Pravilnika_o_radu_knjiznice.pdf\">Pravilnik o izmjenama Pravilnika o radu knji\u017enice<\/a><\/li>\n<li><a href=\"https:\/\/www.pravo.unizg.hr\/wp-content\/uploads\/2023\/02\/Pravilnik_o_jednostavnoj_nabavi_procisceni_tekst_2023..pdf\" target=\"_blank\" rel=\"noopener\">Pravilnik o jednostavnoj nabavi<\/a><\/li>\n<li><a href=\"https:\/\/www.pravo.unizg.hr\/wp-content\/uploads\/2025\/01\/Pravilnik-o-ostvarivanju-i-nacinu-koristenja-namjenskih-prihoda-vlastitih-prihoda-i-nenamjenskih-donacija.pdf\" target=\"_blank\" rel=\"noopener\">Pravilnik o ostvarivanju i na\u010dinu kori\u0161tenja namjenskih prihoda, vlastitih prihoda i nenamjenskih donacija<\/a><\/li>\n<li><a href=\"https:\/\/www.pravo.unizg.hr\/wp-content\/uploads\/2025\/01\/Pravilnik-o-nacinu-i-mjerilima-uvecanja-placa-za-obavljanje-nastavnicke-djelatnosti-te-upravljackih-i-drugih-poslova-zaposlenika.pdf\" target=\"_blank\" rel=\"noopener\">Pravilnik o na\u010dinu i mjerilima uve\u0107anja pla\u0107a za obavljanje nastavni\u010dke djelatnosti te upravlja\u010dkih i drugih poslova zaposlenika<\/a><\/li>\n<li><a href=\"https:\/\/www.pravo.unizg.hr\/wp-content\/uploads\/2025\/01\/Pravilnik-o-stegovnoj-odgovornosti-zaposlenika-1.pdf\" target=\"_blank\" rel=\"noopener\">Pravilnik o stegovnoj odgovornosti zaposlenika<\/a><\/li>\n<\/ul>\n<ul>\n<li><a href=\"https:\/\/www.pravo.unizg.hr\/wp-content\/uploads\/2023\/02\/3_PLAN_RODNE_RAVNOPRAVNOSTI1.pdf\" target=\"_blank\" rel=\"noopener\">Plan rodne ravnopravnosti<\/a><\/li>\n<li><a href=\"https:\/\/www.pravo.unizg.hr\/wp-content\/uploads\/2023\/02\/Plan_sprjecavanja_diskriminacije_na_Pravnom_fakultetu_Sveucilista_u_Zagrebu.pdf\" target=\"_blank\" rel=\"noopener\">Plan sprje\u010davanja diskriminacije na Pravnom fakultetu Sveu\u010dili\u0161ta u Zagrebu<\/a><\/li>\n<li><a href=\"https:\/\/www.pravo.unizg.hr\/wp-content\/uploads\/2023\/02\/Strategija_razvoja_Pravnog_fakulteta_Sveucilista_u_Zagrebu.pdf\" target=\"_blank\" rel=\"noopener\">Strategija razvoja Pravnog fakulteta Sveu\u010dili\u0161ta u Zagrebu<\/a><\/li>\n<li><a href=\"https:\/\/www.pravo.unizg.hr\/wp-content\/uploads\/2023\/02\/Strateski_program_znanstvenih_istrazivanja_za_razdoblje_2021._-_2025..pdf\" target=\"_blank\" rel=\"noopener\">Strate\u0161ki program znanstvenih istra\u017eivanja za razdoblje 2021. &#8211; 2025.<\/a><\/li>\n<li><a href=\"https:\/\/www.pravo.unizg.hr\/wp-content\/uploads\/2023\/02\/Strategic_Scientific_Research_Programme_for_the_Period_2021-2025.pdf\">Strategic Scientific Research Programme for the Period 2021-2025<\/a><\/li>\n<\/ul>\n<ul>\n<li><a href=\"https:\/\/www.pravo.unizg.hr\/wp-content\/uploads\/2023\/02\/Pravilnik_o_poslovima_i_nastavnom_opterecenju_nastavnika_i_suradnika_Pravnog_fakulteta_Sveucilista_u_Zagrebu.pdf\" target=\"_blank\" rel=\"noopener\">Pravilnik o poslovima i nastavnom optere\u0107enju nastavnika i suradnika Pravnog fakulteta Sveu\u010dili\u0161ta u Zagrebu<\/a><\/li>\n<li><a href=\"https:\/\/www.pravo.unizg.hr\/wp-content\/uploads\/2023\/11\/Pravilnik-o-ocjenjivanju-rada-suradnika-i-mentora.pdf\" target=\"_blank\" rel=\"noopener\">Pravilnik o ocjenjivanju rada suradnika i mentora<\/a><\/li>\n<li><a href=\"https:\/\/www.pravo.unizg.hr\/wp-content\/uploads\/2023\/02\/Pravilnik_o_vanjskoj_suradnji_nastavnika_i_suradnika_Pravnog_fakulteta_u_Zagrebu.pdf\" target=\"_blank\" rel=\"noopener\">Pravilnik o vanjskoj suradnji nastavnika i suradnika Pravnog fakulteta u Zagrebu<\/a><\/li>\n<li><a href=\"https:\/\/www.pravo.unizg.hr\/wp-content\/uploads\/2023\/02\/Pravilnik_izbora_u_naslovna_znanstveno_nastavna_zvanja__naslovne_nastavnike.pdf\" target=\"_blank\" rel=\"noopener\">Pravilnik o izboru u naslovna znanstveno-nastavna zvanja (naslovne nastavnike)<\/a><\/li>\n<\/ul>\n<ul>\n<li><a href=\"https:\/\/www.pravo.unizg.hr\/wp-content\/uploads\/2024\/07\/Pravilnik-o-studijima-i-studiranju.pdf\" target=\"_blank\" rel=\"noopener\">Pravilnik o studijima i studiranju<\/a><\/li>\n<li><a href=\"https:\/\/www.pravo.unizg.hr\/wp-content\/uploads\/2023\/10\/Pravilnik-o-studiju.pdf\" target=\"_blank\" rel=\"noopener\">Pravilnik o studiju (na snazi do 30. rujna 2024.)<\/a><\/li>\n<li><a href=\"https:\/\/www.pravo.unizg.hr\/wp-content\/uploads\/2025\/01\/Pravilnik-o-posebnim-pravima-iznimno-uspjesnih-studenata.pdf\" target=\"_blank\" rel=\"noopener\">Pravilnik o posebnim pravima iznimno uspje\u0161nih studenata<\/a><\/li>\n<li><a href=\"https:\/\/www.pravo.unizg.hr\/wp-content\/uploads\/2023\/02\/Pravilnik_o_posebnim_pravima_iznimno_uspjesnih_studenata.pdf\" target=\"_blank\" rel=\"noopener\">Pravilnik o posebnim pravima iznimno uspje\u0161nih studenata (na snazi do 16. sije\u010dnja 2025.)<\/a><\/li>\n<li><a href=\"https:\/\/www.pravo.unizg.hr\/wp-content\/uploads\/2023\/02\/Pravilnik_o_zastiti_studentica_i_studenata_od_seksualnog_uznemiravanja_i_drugih_oblika_rodne_diskriminacije-1.pdf\" target=\"_blank\" rel=\"noopener\">Pravilnik o za\u0161titi studentica i studenata od seksualnog uznemiravanja i drugih oblika rodne diskriminacije<\/a><\/li>\n<li><a href=\"https:\/\/www.pravo.unizg.hr\/wp-content\/uploads\/2023\/02\/Pravilnik_o_Dekanovoj_nagradi_i_postupku_predlaganja_dodjele_Rektorove_nagrade_za_Vijece.pdf\" target=\"_blank\" rel=\"noopener\">Pravilnik o Dekanovoj nagradi i postupku predlaganja dodjele Rektorove nagrade<\/a><\/li>\n<li><a href=\"https:\/\/www.pravo.unizg.hr\/wp-content\/uploads\/2023\/02\/Pravilnik_o_stegovnoj_odgovornosti_studenata.pdf\" target=\"_blank\" rel=\"noopener\">Pravilnik o stegovnoj odgovornosti studenata<\/a><\/li>\n<li><a href=\"https:\/\/www.pravo.unizg.hr\/wp-content\/uploads\/2023\/02\/Pravilnik_o_izmjenama_Pravilnika_o_stegovnoj_odgovornosti_studenata.pdf\" target=\"_blank\" rel=\"noopener\">Pravilnik o izmjenama Pravilnika o stegovnoj odgovornosti studenata<\/a><\/li>\n<li><a href=\"https:\/\/www.pravo.unizg.hr\/wp-content\/uploads\/2023\/02\/Pravilnik_o_programu_akademskog_mentoriranja_na_Pravnom_fakultetu_Sveucilista_u_Zagrebu.pdf\" target=\"_blank\" rel=\"noopener\">Pravilnik o programu akademskog mentoriranja<\/a><\/li>\n<li><a href=\"https:\/\/www.pravo.unizg.hr\/wp-content\/uploads\/2025\/01\/Pravilnik-o-izmjenama-i-dopunama-Pravilnika-o-programu-akademskog-mentoriranja.pdf\" target=\"_blank\" rel=\"noopener\">Pravilnik o izmjenama i dopunama Pravilnika o programu akademskog mentoriranja (na snazi od 17. sije\u010dnja 2025.)<\/a><\/li>\n<li><a href=\"https:\/\/www.pravo.unizg.hr\/wp-content\/uploads\/2023\/02\/Akt_o_organizaciji_Pravne_klinike.pdf\" target=\"_blank\" rel=\"noopener\">Akt o organizaciji Pravne klinike<\/a><\/li>\n<\/ul>\n<ul>\n<li><a href=\"https:\/\/www.pravo.unizg.hr\/wp-content\/uploads\/2023\/02\/Pravilnik_o_doktorskom_studiju.pdf\" target=\"_blank\" rel=\"noopener\">Pravilnik o poslijediplomskom doktorskom studiju pravnih znanosti (2021.)<\/a><\/li>\n<li><a href=\"https:\/\/www.pravo.unizg.hr\/wp-content\/uploads\/2023\/02\/ENG_Pravilnik_o_doktorskom_studiju.pdf\" target=\"_blank\" rel=\"noopener\">Regulations on the Postgraduate doctoral study programme in Legal sciences (2021.)<\/a><\/li>\n<li><a href=\"https:\/\/www.pravo.unizg.hr\/wp-content\/uploads\/2023\/02\/Pravilnik_o_poslijediplomskim_doktorskim_studijima.pdf\" target=\"_blank\" rel=\"noopener\">Pravilnik o poslijediplomskim doktorskim studijima (2016.)<\/a><\/li>\n<li><a href=\"https:\/\/www.pravo.unizg.hr\/wp-content\/uploads\/2023\/02\/Pravilnik_o_poslijediplomskim_specijalistickim_studijima3.pdf\" target=\"_blank\" rel=\"noopener\">Pravilnik o poslijediplomskim specijalisti\u010dkim studijima<\/a><\/li>\n<\/ul>\n<ul>\n<li><a href=\"https:\/\/www.pravo.unizg.hr\/wp-content\/uploads\/2023\/02\/Pravilnik_o_cjelozivotnom_obrazovanju.pdf\" target=\"_blank\" rel=\"noopener\">Pravilnik o cjelo\u017eivotnom obrazovanju<\/a><\/li>\n<li><a href=\"https:\/\/www.pravo.unizg.hr\/wp-content\/uploads\/2023\/02\/Pravilnik_o_izmjenama_i_dopunama_Pravilnika_o_cjelozivotnom_obrazovanju.pdf\" target=\"_blank\" rel=\"noopener\">Pravilnik o izmjenama i dopunama Pravilnika o cjelo\u017eivotnom obrazovanju<\/a><\/li>\n<li><a href=\"https:\/\/www.pravo.unizg.hr\/wp-content\/uploads\/2023\/02\/Pravilnik_o_polaganju_ispita_u_postupku_realizacije_dopunske_mjere_u_postupku_priznavanja_inozemne_strucne_kvalifikacije.pdf\" target=\"_blank\" rel=\"noopener\">Pravilnik o polaganju ispita u postupku realizacije dopunske mjere u postupku priznavanja inozemne stru\u010dne kvalifikacije<\/a><\/li>\n<li><a href=\"https:\/\/www.pravo.unizg.hr\/wp-content\/uploads\/2023\/02\/Pravilnik_o_izjednacavanju_strucnog_naziva.pdf\" target=\"_blank\" rel=\"noopener\">Pravilnik o izjedna\u010davanju stru\u010dnog naziva<\/a><\/li>\n<li><a href=\"https:\/\/www.pravo.unizg.hr\/wp-content\/uploads\/2025\/03\/Pravilnik-o-postupku-predlaganja-novih-i-izmjene-i-dopune-postojecih-studijskih-programa.pdf\" target=\"_blank\" rel=\"noopener\">Pravilnik o postupku predlaganja novih i izmjene i dopune postoje\u0107ih studijskih programa<\/a><\/li>\n<\/ul>\n","protected":false},"excerpt":{"rendered":"<p>&nbsp; Laws Zakon o visokom obrazovanju i znanstvenoj djelatnosti Zakon&#8230;<\/p>\n","protected":false},"author":511,"featured_media":0,"parent":1751,"menu_order":5,"comment_status":"closed","ping_status":"closed","template":"","meta":{"footnotes":""},"class_list":["post-8635","page","type-page","status-publish","hentry"],"pp_force_visibility":null,"pp_subpost_visibility":null,"pp_inherited_force_visibility":null,"pp_inherited_subpost_visibility":null,"acf":[],"yoast_head":"<!-- This site is optimized with the Yoast SEO plugin v20.1 - https:\/\/yoast.com\/wordpress\/plugins\/seo\/ -->\n<title>Laws and other regulations - Faculty of law<\/title>\n<meta name=\"robots\" content=\"index, follow, max-snippet:-1, max-image-preview:large, max-video-preview:-1\" \/>\n<link rel=\"canonical\" href=\"https:\/\/www.pravo.unizg.hr\/en\/faculty-of-law-zagreb\/regulations\/\" \/>\n<meta property=\"og:locale\" content=\"en_US\" \/>\n<meta property=\"og:type\" content=\"article\" \/>\n<meta property=\"og:title\" content=\"Laws and other regulations - Faculty of law\" \/>\n<meta property=\"og:description\" content=\"&nbsp; Laws Zakon o visokom obrazovanju i znanstvenoj djelatnosti Zakon...\" \/>\n<meta property=\"og:url\" content=\"https:\/\/www.pravo.unizg.hr\/en\/faculty-of-law-zagreb\/regulations\/\" \/>\n<meta property=\"og:site_name\" content=\"Faculty of law\" \/>\n<meta property=\"article:modified_time\" content=\"2025-03-14T09:18:53+00:00\" \/>\n<meta name=\"twitter:card\" content=\"summary_large_image\" \/>\n<meta name=\"twitter:label1\" content=\"Est. reading time\" \/>\n\t<meta name=\"twitter:data1\" content=\"2 minutes\" \/>\n<script type=\"application\/ld+json\" class=\"yoast-schema-graph\">{\"@context\":\"https:\/\/schema.org\",\"@graph\":[{\"@type\":\"WebPage\",\"@id\":\"https:\/\/www.pravo.unizg.hr\/en\/faculty-of-law-zagreb\/regulations\/\",\"url\":\"https:\/\/www.pravo.unizg.hr\/en\/faculty-of-law-zagreb\/regulations\/\",\"name\":\"Laws and other regulations - Faculty of law\",\"isPartOf\":{\"@id\":\"https:\/\/www.pravo.unizg.hr\/#website\"},\"datePublished\":\"2023-02-01T12:28:28+00:00\",\"dateModified\":\"2025-03-14T09:18:53+00:00\",\"breadcrumb\":{\"@id\":\"https:\/\/www.pravo.unizg.hr\/en\/faculty-of-law-zagreb\/regulations\/#breadcrumb\"},\"inLanguage\":\"en-US\",\"potentialAction\":[{\"@type\":\"ReadAction\",\"target\":[\"https:\/\/www.pravo.unizg.hr\/en\/faculty-of-law-zagreb\/regulations\/\"]}]},{\"@type\":\"BreadcrumbList\",\"@id\":\"https:\/\/www.pravo.unizg.hr\/en\/faculty-of-law-zagreb\/regulations\/#breadcrumb\",\"itemListElement\":[{\"@type\":\"ListItem\",\"position\":1,\"name\":\"Homepage\",\"item\":\"https:\/\/www.pravo.unizg.hr\/en\/\"},{\"@type\":\"ListItem\",\"position\":2,\"name\":\"Faculty\",\"item\":\"https:\/\/www.pravo.unizg.hr\/en\/faculty-of-law-zagreb\/\"},{\"@type\":\"ListItem\",\"position\":3,\"name\":\"Laws and other regulations\"}]},{\"@type\":\"WebSite\",\"@id\":\"https:\/\/www.pravo.unizg.hr\/#website\",\"url\":\"https:\/\/www.pravo.unizg.hr\/\",\"name\":\"Faculty of law\",\"description\":\"\",\"potentialAction\":[{\"@type\":\"SearchAction\",\"target\":{\"@type\":\"EntryPoint\",\"urlTemplate\":\"https:\/\/www.pravo.unizg.hr\/?s={search_term_string}\"},\"query-input\":\"required name=search_term_string\"}],\"inLanguage\":\"en-US\"}]}<\/script>\n<!-- \/ Yoast SEO plugin. -->","yoast_head_json":{"title":"Laws and other regulations - Faculty of law","robots":{"index":"index","follow":"follow","max-snippet":"max-snippet:-1","max-image-preview":"max-image-preview:large","max-video-preview":"max-video-preview:-1"},"canonical":"https:\/\/www.pravo.unizg.hr\/en\/faculty-of-law-zagreb\/regulations\/","og_locale":"en_US","og_type":"article","og_title":"Laws and other regulations - Faculty of law","og_description":"&nbsp; Laws Zakon o visokom obrazovanju i znanstvenoj djelatnosti Zakon...","og_url":"https:\/\/www.pravo.unizg.hr\/en\/faculty-of-law-zagreb\/regulations\/","og_site_name":"Faculty of law","article_modified_time":"2025-03-14T09:18:53+00:00","twitter_card":"summary_large_image","twitter_misc":{"Est. reading time":"2 minutes"},"schema":{"@context":"https:\/\/schema.org","@graph":[{"@type":"WebPage","@id":"https:\/\/www.pravo.unizg.hr\/en\/faculty-of-law-zagreb\/regulations\/","url":"https:\/\/www.pravo.unizg.hr\/en\/faculty-of-law-zagreb\/regulations\/","name":"Laws and other regulations - Faculty of law","isPartOf":{"@id":"https:\/\/www.pravo.unizg.hr\/#website"},"datePublished":"2023-02-01T12:28:28+00:00","dateModified":"2025-03-14T09:18:53+00:00","breadcrumb":{"@id":"https:\/\/www.pravo.unizg.hr\/en\/faculty-of-law-zagreb\/regulations\/#breadcrumb"},"inLanguage":"en-US","potentialAction":[{"@type":"ReadAction","target":["https:\/\/www.pravo.unizg.hr\/en\/faculty-of-law-zagreb\/regulations\/"]}]},{"@type":"BreadcrumbList","@id":"https:\/\/www.pravo.unizg.hr\/en\/faculty-of-law-zagreb\/regulations\/#breadcrumb","itemListElement":[{"@type":"ListItem","position":1,"name":"Homepage","item":"https:\/\/www.pravo.unizg.hr\/en\/"},{"@type":"ListItem","position":2,"name":"Faculty","item":"https:\/\/www.pravo.unizg.hr\/en\/faculty-of-law-zagreb\/"},{"@type":"ListItem","position":3,"name":"Laws and other regulations"}]},{"@type":"WebSite","@id":"https:\/\/www.pravo.unizg.hr\/#website","url":"https:\/\/www.pravo.unizg.hr\/","name":"Faculty of law","description":"","potentialAction":[{"@type":"SearchAction","target":{"@type":"EntryPoint","urlTemplate":"https:\/\/www.pravo.unizg.hr\/?s={search_term_string}"},"query-input":"required name=search_term_string"}],"inLanguage":"en-US"}]}},"_links":{"self":[{"href":"https:\/\/www.pravo.unizg.hr\/en\/wp-json\/wp\/v2\/pages\/8635","targetHints":{"allow":["GET"]}}],"collection":[{"href":"https:\/\/www.pravo.unizg.hr\/en\/wp-json\/wp\/v2\/pages"}],"about":[{"href":"https:\/\/www.pravo.unizg.hr\/en\/wp-json\/wp\/v2\/types\/page"}],"author":[{"embeddable":true,"href":"https:\/\/www.pravo.unizg.hr\/en\/wp-json\/wp\/v2\/users\/511"}],"replies":[{"embeddable":true,"href":"https:\/\/www.pravo.unizg.hr\/en\/wp-json\/wp\/v2\/comments?post=8635"}],"version-history":[{"count":5,"href":"https:\/\/www.pravo.unizg.hr\/en\/wp-json\/wp\/v2\/pages\/8635\/revisions"}],"predecessor-version":[{"id":25581,"href":"https:\/\/www.pravo.unizg.hr\/en\/wp-json\/wp\/v2\/pages\/8635\/revisions\/25581"}],"up":[{"embeddable":true,"href":"https:\/\/www.pravo.unizg.hr\/en\/wp-json\/wp\/v2\/pages\/1751"}],"wp:attachment":[{"href":"https:\/\/www.pravo.unizg.hr\/en\/wp-json\/wp\/v2\/media?parent=8635"}],"curies":[{"name":"wp","href":"https:\/\/api.w.org\/{rel}","templated":true}]}}