{"id":8624,"date":"2023-01-20T16:24:28","date_gmt":"2023-01-20T15:24:28","guid":{"rendered":"https:\/\/www.pravo.unizg.hr\/faculty-of-law-zagreb\/structure-and-management\/zavodi\/"},"modified":"2025-10-24T12:07:22","modified_gmt":"2025-10-24T11:07:22","slug":"institutes","status":"publish","type":"page","link":"https:\/\/www.pravo.unizg.hr\/en\/faculty-of-law-zagreb\/structure-and-management\/institutes\/","title":{"rendered":"Institutes"},"content":{"rendered":"<p>The institutes are organizational units bringing together several departments, with the status of faculty branches. The institutes organize and conduct scientific research and professional work in the scientific disciplines within the scope of each institute.<\/p>\n<p>The faculty includes the following institutes:<\/p>\n<p>&nbsp;<\/p>\n<ul>\n<li>Institute of Civil Law and Family Law<br \/>\nHead of the Institute: Prof. Aleksandra Kora\u0107 Graovac<\/p>\n<ul>\n<li><a href=\"https:\/\/www.pravo.unizg.hr\/en\/departments\/department-of-civil-law\/\">Department of Civil Law<\/a><\/li>\n<li><a href=\"https:\/\/www.pravo.unizg.hr\/en\/departments\/department-of-civil-procedure\/\">Department of Civil Procedure<\/a><\/li>\n<li><a href=\"https:\/\/www.pravo.unizg.hr\/en\/departments\/department-of-family-law\/\">Department of Family Law<\/a><\/li>\n<li><a href=\"https:\/\/www.pravo.unizg.hr\/en\/departments\/department-of-theory-of-law\/\">Department of Theory of Law<\/a><\/li>\n<\/ul>\n<\/li>\n<\/ul>\n<p>&nbsp;<\/p>\n<ul>\n<li>Institute of Public Law and Public Administration<br \/>\nHead of the Institute: Assoc. Prof. Dario \u010cepo<\/p>\n<ul>\n<li><a href=\"https:\/\/www.pravo.unizg.hr\/en\/ejp\">Department of European Public Law<\/a><\/li>\n<li><a href=\"https:\/\/www.pravo.unizg.hr\/en\/departments\/department-of-sociology\/\">Department of Sociology<\/a><\/li>\n<li><a href=\"https:\/\/www.pravo.unizg.hr\/en\/departments\/department-of-administrative-law\/\">Department of Administrative Law<\/a><\/li>\n<li><a href=\"https:\/\/www.pravo.unizg.hr\/en\/departments\/department-of-administrative-science\/\">Department of Administrative Science<\/a><\/li>\n<li><a href=\"https:\/\/www.pravo.unizg.hr\/en\/departments\/department-of-constitutional-law\/\">Department of Constitutional Law<\/a><\/li>\n<\/ul>\n<\/li>\n<\/ul>\n<p>&nbsp;<\/p>\n<ul>\n<li>Institute of Criminal Sciences, Criminology and Victimology<br \/>\nHead of the Institute: Assoc. Prof. Marta Dragi\u010devi\u0107 Prtenja\u010da<\/p>\n<ul>\n<li><a href=\"https:\/\/www.pravo.unizg.hr\/en\/departments\/department-of-criminal-law\/\">Department of Criminal Law<\/a><\/li>\n<li><a href=\"https:\/\/www.pravo.unizg.hr\/en\/departments\/department-of-criminal-procedure\/\">Department of Criminal Procedure<\/a><\/li>\n<\/ul>\n<\/li>\n<\/ul>\n<p>&nbsp;<\/p>\n<ul>\n<li>Institute of International Law and Comparative Law<br \/>\nHead of the Institute: Assoc. Prof. Dora Zgrablji\u0107 Rotar<\/p>\n<ul>\n<li><a href=\"https:\/\/www.pravo.unizg.hr\/en\/departments\/department-of-international-law\/\">Department of International Law<\/a><\/li>\n<li><a href=\"https:\/\/www.pravo.unizg.hr\/en\/departments\/department-of-private-international-law\/\">Department of Private International Law<\/a><\/li>\n<\/ul>\n<\/li>\n<\/ul>\n<p>&nbsp;<\/p>\n<ul>\n<li>Institute of Legal and Economic Sciences<br \/>\nHead of the Institute: Prof. Petar Miladin<\/p>\n<ul>\n<li><a href=\"https:\/\/www.pravo.unizg.hr\/en\/departments\/department-of-economics\/\">Department of Economics<\/a><\/li>\n<li><a href=\"https:\/\/www.pravo.unizg.hr\/en\/departments\/department-of-financial-law-and-financial-science\/\">Department of Financial Law and Financial Science<\/a><\/li>\n<li><a href=\"https:\/\/www.pravo.unizg.hr\/en\/departments\/department-of-maritime-law-and-general-transport-law\/\">Department of Maritime Law and General Transport Law<\/a><\/li>\n<li><a href=\"https:\/\/www.pravo.unizg.hr\/en\/departments\/department-of-information-technology-law-and-informatics\/\">Department of Information Technology Law and Informatics<\/a><\/li>\n<li><a href=\"https:\/\/www.pravo.unizg.hr\/en\/departments\/department-of-labour-and-social-security-law\/\">Department of Labour and Social Security Law<\/a><\/li>\n<li><a href=\"https:\/\/www.pravo.unizg.hr\/en\/departments\/department-of-commercial-law-and-company-law\/\">Department of Commercial Law and Company Law<\/a><\/li>\n<\/ul>\n<\/li>\n<\/ul>\n<p>&nbsp;<\/p>\n<ul>\n<li>Institute of Legal History and Roman Law<br \/>\nHead of the Institute: Prof. Ivan Miloti\u0107<\/p>\n<ul>\n<li><a href=\"https:\/\/www.pravo.unizg.hr\/en\/departments\/department-of-general-history-of-law-and-state\/\">Department of General History of Law and State<\/a><\/li>\n<li><a href=\"https:\/\/www.pravo.unizg.hr\/en\/departments\/department-of-croatian-history-of-law-and-state\/\">Department of Croatian History of Law and State<\/a><\/li>\n<li><a href=\"https:\/\/www.pravo.unizg.hr\/en\/departments\/department-of-roman-law\/\">Department of Roman Law<\/a><\/li>\n<\/ul>\n<\/li>\n<\/ul>\n<p>&nbsp;<\/p>\n<ul>\n<li>Institute of Social Work<br \/>\nHead of the Institute: Prof. Marijana Majdak<\/p>\n<ul>\n<li><a href=\"https:\/\/www.pravo.unizg.hr\/en\/departments\/department-of-research-methodology-in-social-work-and-social-policy\/\">Department of Research Methodology in Social Work and Social Policy<\/a><\/li>\n<li><a href=\"https:\/\/www.pravo.unizg.hr\/en\/departments\/department-of-social-work-areas\/\">Department of Social Work Areas<\/a><\/li>\n<li><a href=\"https:\/\/www.pravo.unizg.hr\/en\/departments\/department-of-social-gerontology\/\">Department of Social Gerontology<\/a><\/li>\n<li><a href=\"https:\/\/www.pravo.unizg.hr\/en\/departments\/department-of-theory-and-methods-of-social-work\/\">Department of Theory and Methods of Social Work<\/a><\/li>\n<\/ul>\n<\/li>\n<\/ul>\n<p>&nbsp;<\/p>\n<ul>\n<li>Institute of Social Policy<br \/>\nHead of the Institute: Prof. Zoran \u0160u\u0107ur<\/p>\n<ul>\n<li><a href=\"https:\/\/www.pravo.unizg.hr\/en\/departments\/department-of-psychology\/\">Department of Psychology<\/a><\/li>\n<li><a href=\"https:\/\/www.pravo.unizg.hr\/en\/departments\/department-of-social-policy\/\">Department of Social Policy<\/a><\/li>\n<\/ul>\n<\/li>\n<\/ul>\n","protected":false},"excerpt":{"rendered":"<p>The institutes are organizational units bringing together several departments, with&#8230;<\/p>\n","protected":false},"author":511,"featured_media":0,"parent":8598,"menu_order":6,"comment_status":"closed","ping_status":"closed","template":"","meta":{"footnotes":""},"class_list":["post-8624","page","type-page","status-publish","hentry"],"pp_force_visibility":null,"pp_subpost_visibility":null,"pp_inherited_force_visibility":null,"pp_inherited_subpost_visibility":null,"acf":[],"yoast_head":"<!-- This site is optimized with the Yoast SEO plugin v20.1 - https:\/\/yoast.com\/wordpress\/plugins\/seo\/ -->\n<title>Institutes - Faculty of law<\/title>\n<meta name=\"robots\" content=\"index, follow, max-snippet:-1, max-image-preview:large, max-video-preview:-1\" \/>\n<link rel=\"canonical\" href=\"https:\/\/www.pravo.unizg.hr\/en\/faculty-of-law-zagreb\/structure-and-management\/institutes\/\" \/>\n<meta property=\"og:locale\" content=\"en_US\" \/>\n<meta property=\"og:type\" content=\"article\" \/>\n<meta property=\"og:title\" content=\"Institutes - Faculty of law\" \/>\n<meta property=\"og:description\" content=\"The institutes are organizational units bringing together several departments, with...\" \/>\n<meta property=\"og:url\" content=\"https:\/\/www.pravo.unizg.hr\/en\/faculty-of-law-zagreb\/structure-and-management\/institutes\/\" \/>\n<meta property=\"og:site_name\" content=\"Faculty of law\" \/>\n<meta property=\"article:modified_time\" content=\"2025-10-24T11:07:22+00:00\" \/>\n<meta name=\"twitter:card\" content=\"summary_large_image\" \/>\n<meta name=\"twitter:label1\" content=\"Est. reading time\" \/>\n\t<meta name=\"twitter:data1\" content=\"1 minute\" \/>\n<script type=\"application\/ld+json\" class=\"yoast-schema-graph\">{\"@context\":\"https:\/\/schema.org\",\"@graph\":[{\"@type\":\"WebPage\",\"@id\":\"https:\/\/www.pravo.unizg.hr\/en\/faculty-of-law-zagreb\/structure-and-management\/institutes\/\",\"url\":\"https:\/\/www.pravo.unizg.hr\/en\/faculty-of-law-zagreb\/structure-and-management\/institutes\/\",\"name\":\"Institutes - Faculty of law\",\"isPartOf\":{\"@id\":\"https:\/\/www.pravo.unizg.hr\/#website\"},\"datePublished\":\"2023-01-20T15:24:28+00:00\",\"dateModified\":\"2025-10-24T11:07:22+00:00\",\"breadcrumb\":{\"@id\":\"https:\/\/www.pravo.unizg.hr\/en\/faculty-of-law-zagreb\/structure-and-management\/institutes\/#breadcrumb\"},\"inLanguage\":\"en-US\",\"potentialAction\":[{\"@type\":\"ReadAction\",\"target\":[\"https:\/\/www.pravo.unizg.hr\/en\/faculty-of-law-zagreb\/structure-and-management\/institutes\/\"]}]},{\"@type\":\"BreadcrumbList\",\"@id\":\"https:\/\/www.pravo.unizg.hr\/en\/faculty-of-law-zagreb\/structure-and-management\/institutes\/#breadcrumb\",\"itemListElement\":[{\"@type\":\"ListItem\",\"position\":1,\"name\":\"Homepage\",\"item\":\"https:\/\/www.pravo.unizg.hr\/en\/\"},{\"@type\":\"ListItem\",\"position\":2,\"name\":\"Faculty\",\"item\":\"https:\/\/www.pravo.unizg.hr\/en\/faculty-of-law-zagreb\/\"},{\"@type\":\"ListItem\",\"position\":3,\"name\":\"Structure and management\",\"item\":\"https:\/\/www.pravo.unizg.hr\/en\/faculty-of-law-zagreb\/structure-and-management\/\"},{\"@type\":\"ListItem\",\"position\":4,\"name\":\"Institutes\"}]},{\"@type\":\"WebSite\",\"@id\":\"https:\/\/www.pravo.unizg.hr\/#website\",\"url\":\"https:\/\/www.pravo.unizg.hr\/\",\"name\":\"Faculty of law\",\"description\":\"\",\"potentialAction\":[{\"@type\":\"SearchAction\",\"target\":{\"@type\":\"EntryPoint\",\"urlTemplate\":\"https:\/\/www.pravo.unizg.hr\/?s={search_term_string}\"},\"query-input\":\"required name=search_term_string\"}],\"inLanguage\":\"en-US\"}]}<\/script>\n<!-- \/ Yoast SEO plugin. -->","yoast_head_json":{"title":"Institutes - Faculty of law","robots":{"index":"index","follow":"follow","max-snippet":"max-snippet:-1","max-image-preview":"max-image-preview:large","max-video-preview":"max-video-preview:-1"},"canonical":"https:\/\/www.pravo.unizg.hr\/en\/faculty-of-law-zagreb\/structure-and-management\/institutes\/","og_locale":"en_US","og_type":"article","og_title":"Institutes - Faculty of law","og_description":"The institutes are organizational units bringing together several departments, with...","og_url":"https:\/\/www.pravo.unizg.hr\/en\/faculty-of-law-zagreb\/structure-and-management\/institutes\/","og_site_name":"Faculty of law","article_modified_time":"2025-10-24T11:07:22+00:00","twitter_card":"summary_large_image","twitter_misc":{"Est. reading time":"1 minute"},"schema":{"@context":"https:\/\/schema.org","@graph":[{"@type":"WebPage","@id":"https:\/\/www.pravo.unizg.hr\/en\/faculty-of-law-zagreb\/structure-and-management\/institutes\/","url":"https:\/\/www.pravo.unizg.hr\/en\/faculty-of-law-zagreb\/structure-and-management\/institutes\/","name":"Institutes - Faculty of law","isPartOf":{"@id":"https:\/\/www.pravo.unizg.hr\/#website"},"datePublished":"2023-01-20T15:24:28+00:00","dateModified":"2025-10-24T11:07:22+00:00","breadcrumb":{"@id":"https:\/\/www.pravo.unizg.hr\/en\/faculty-of-law-zagreb\/structure-and-management\/institutes\/#breadcrumb"},"inLanguage":"en-US","potentialAction":[{"@type":"ReadAction","target":["https:\/\/www.pravo.unizg.hr\/en\/faculty-of-law-zagreb\/structure-and-management\/institutes\/"]}]},{"@type":"BreadcrumbList","@id":"https:\/\/www.pravo.unizg.hr\/en\/faculty-of-law-zagreb\/structure-and-management\/institutes\/#breadcrumb","itemListElement":[{"@type":"ListItem","position":1,"name":"Homepage","item":"https:\/\/www.pravo.unizg.hr\/en\/"},{"@type":"ListItem","position":2,"name":"Faculty","item":"https:\/\/www.pravo.unizg.hr\/en\/faculty-of-law-zagreb\/"},{"@type":"ListItem","position":3,"name":"Structure and management","item":"https:\/\/www.pravo.unizg.hr\/en\/faculty-of-law-zagreb\/structure-and-management\/"},{"@type":"ListItem","position":4,"name":"Institutes"}]},{"@type":"WebSite","@id":"https:\/\/www.pravo.unizg.hr\/#website","url":"https:\/\/www.pravo.unizg.hr\/","name":"Faculty of law","description":"","potentialAction":[{"@type":"SearchAction","target":{"@type":"EntryPoint","urlTemplate":"https:\/\/www.pravo.unizg.hr\/?s={search_term_string}"},"query-input":"required name=search_term_string"}],"inLanguage":"en-US"}]}},"_links":{"self":[{"href":"https:\/\/www.pravo.unizg.hr\/en\/wp-json\/wp\/v2\/pages\/8624","targetHints":{"allow":["GET"]}}],"collection":[{"href":"https:\/\/www.pravo.unizg.hr\/en\/wp-json\/wp\/v2\/pages"}],"about":[{"href":"https:\/\/www.pravo.unizg.hr\/en\/wp-json\/wp\/v2\/types\/page"}],"author":[{"embeddable":true,"href":"https:\/\/www.pravo.unizg.hr\/en\/wp-json\/wp\/v2\/users\/511"}],"replies":[{"embeddable":true,"href":"https:\/\/www.pravo.unizg.hr\/en\/wp-json\/wp\/v2\/comments?post=8624"}],"version-history":[{"count":7,"href":"https:\/\/www.pravo.unizg.hr\/en\/wp-json\/wp\/v2\/pages\/8624\/revisions"}],"predecessor-version":[{"id":29243,"href":"https:\/\/www.pravo.unizg.hr\/en\/wp-json\/wp\/v2\/pages\/8624\/revisions\/29243"}],"up":[{"embeddable":true,"href":"https:\/\/www.pravo.unizg.hr\/en\/wp-json\/wp\/v2\/pages\/8598"}],"wp:attachment":[{"href":"https:\/\/www.pravo.unizg.hr\/en\/wp-json\/wp\/v2\/media?parent=8624"}],"curies":[{"name":"wp","href":"https:\/\/api.w.org\/{rel}","templated":true}]}}