{"id":8413,"date":"2023-02-02T11:37:28","date_gmt":"2023-02-02T10:37:28","guid":{"rendered":"https:\/\/www.pravo.unizg.hr\/students\/student-support\/sto-u-slucaju-bolesti\/"},"modified":"2023-07-10T11:23:57","modified_gmt":"2023-07-10T09:23:57","slug":"what-in-case-of-illness","status":"publish","type":"page","link":"https:\/\/www.pravo.unizg.hr\/en\/students\/student-support\/what-in-case-of-illness\/","title":{"rendered":"What in case of illness?"},"content":{"rendered":"<p><em>You are ill, so you cannot attend classes or take examinations?<\/em><\/p>\n<p>In case of a short-term absence from the Faculty<\/p>\n<p>In case of a short-term absence from the Faculty, it is sufficient for the student to report directly to the course teachers or assistants in order to agree on how to follow-up about missed coursework. If your absence was due to illness, please submit a certificate from your personal physician or specialist to the lecturer and that\u2019s it!<\/p>\n<p><em>In which case can a full-time student or a part-time student apply for suspension of student obligations and what are the student\u2019s rights during the suspension?<\/em><\/p>\n<p>At the student\u2019s request (application shall be submitted to the Dean) the student\u2019s obligations shall be suspended in case of military service, pregnancy and up to the first year of the child\u2019s life and due to a serious illness lasting for more than three months, if the illness is of such a nature that the student was prevented from performing student obligations. The Dean may also grant suspension of student obligations in other justified cases. See Art. 42. of the Ordinance.<\/p>\n<p>During this period, students have the right to take exams from previously enrolled subjects.<\/p>\n<p>&nbsp;<\/p>\n<p>Physicians responsible for the Faculty of Law:<\/p>\n<p><strong>Nina Petri\u010devi\u0107, MD; Ljuba \u0106uri\u0107, RN<\/strong><\/p>\n<p>Address: Avenija Ve\u0107eslava Holjevca 22, Zagreb (Google Maps)<\/p>\n<p>Telephone number: 01\u00a06536\u00a0168<\/p>\n<p>Working hours:<br \/>\neven dates \u2013 in the morning<br \/>\nodd dates \u2013 in the afternoon<\/p>\n","protected":false},"excerpt":{"rendered":"<p>You are ill, so you cannot attend classes or take&#8230;<\/p>\n","protected":false},"author":511,"featured_media":0,"parent":8398,"menu_order":0,"comment_status":"closed","ping_status":"closed","template":"","meta":{"footnotes":""},"class_list":["post-8413","page","type-page","status-publish","hentry"],"pp_force_visibility":null,"pp_subpost_visibility":null,"pp_inherited_force_visibility":null,"pp_inherited_subpost_visibility":null,"acf":[],"yoast_head":"<!-- This site is optimized with the Yoast SEO plugin v20.1 - https:\/\/yoast.com\/wordpress\/plugins\/seo\/ -->\n<title>What in case of illness? - Faculty of law<\/title>\n<meta name=\"robots\" content=\"index, follow, max-snippet:-1, max-image-preview:large, max-video-preview:-1\" \/>\n<link rel=\"canonical\" href=\"https:\/\/www.pravo.unizg.hr\/en\/students\/student-support\/what-in-case-of-illness\/\" \/>\n<meta property=\"og:locale\" content=\"en_US\" \/>\n<meta property=\"og:type\" content=\"article\" \/>\n<meta property=\"og:title\" content=\"What in case of illness? - Faculty of law\" \/>\n<meta property=\"og:description\" content=\"You are ill, so you cannot attend classes or take...\" \/>\n<meta property=\"og:url\" content=\"https:\/\/www.pravo.unizg.hr\/en\/students\/student-support\/what-in-case-of-illness\/\" \/>\n<meta property=\"og:site_name\" content=\"Faculty of law\" \/>\n<meta property=\"article:modified_time\" content=\"2023-07-10T09:23:57+00:00\" \/>\n<meta name=\"twitter:card\" content=\"summary_large_image\" \/>\n<meta name=\"twitter:label1\" content=\"Est. reading time\" \/>\n\t<meta name=\"twitter:data1\" content=\"2 minutes\" \/>\n<script type=\"application\/ld+json\" class=\"yoast-schema-graph\">{\"@context\":\"https:\/\/schema.org\",\"@graph\":[{\"@type\":\"WebPage\",\"@id\":\"https:\/\/www.pravo.unizg.hr\/en\/students\/student-support\/what-in-case-of-illness\/\",\"url\":\"https:\/\/www.pravo.unizg.hr\/en\/students\/student-support\/what-in-case-of-illness\/\",\"name\":\"What in case of illness? - Faculty of law\",\"isPartOf\":{\"@id\":\"https:\/\/www.pravo.unizg.hr\/#website\"},\"datePublished\":\"2023-02-02T10:37:28+00:00\",\"dateModified\":\"2023-07-10T09:23:57+00:00\",\"breadcrumb\":{\"@id\":\"https:\/\/www.pravo.unizg.hr\/en\/students\/student-support\/what-in-case-of-illness\/#breadcrumb\"},\"inLanguage\":\"en-US\",\"potentialAction\":[{\"@type\":\"ReadAction\",\"target\":[\"https:\/\/www.pravo.unizg.hr\/en\/students\/student-support\/what-in-case-of-illness\/\"]}]},{\"@type\":\"BreadcrumbList\",\"@id\":\"https:\/\/www.pravo.unizg.hr\/en\/students\/student-support\/what-in-case-of-illness\/#breadcrumb\",\"itemListElement\":[{\"@type\":\"ListItem\",\"position\":1,\"name\":\"Homepage\",\"item\":\"https:\/\/www.pravo.unizg.hr\/en\/\"},{\"@type\":\"ListItem\",\"position\":2,\"name\":\"Students\",\"item\":\"https:\/\/www.pravo.unizg.hr\/en\/students\/\"},{\"@type\":\"ListItem\",\"position\":3,\"name\":\"Student support\",\"item\":\"https:\/\/www.pravo.unizg.hr\/en\/students\/student-support\/\"},{\"@type\":\"ListItem\",\"position\":4,\"name\":\"What in case of illness?\"}]},{\"@type\":\"WebSite\",\"@id\":\"https:\/\/www.pravo.unizg.hr\/#website\",\"url\":\"https:\/\/www.pravo.unizg.hr\/\",\"name\":\"Faculty of law\",\"description\":\"\",\"potentialAction\":[{\"@type\":\"SearchAction\",\"target\":{\"@type\":\"EntryPoint\",\"urlTemplate\":\"https:\/\/www.pravo.unizg.hr\/?s={search_term_string}\"},\"query-input\":\"required name=search_term_string\"}],\"inLanguage\":\"en-US\"}]}<\/script>\n<!-- \/ Yoast SEO plugin. -->","yoast_head_json":{"title":"What in case of illness? - Faculty of law","robots":{"index":"index","follow":"follow","max-snippet":"max-snippet:-1","max-image-preview":"max-image-preview:large","max-video-preview":"max-video-preview:-1"},"canonical":"https:\/\/www.pravo.unizg.hr\/en\/students\/student-support\/what-in-case-of-illness\/","og_locale":"en_US","og_type":"article","og_title":"What in case of illness? - Faculty of law","og_description":"You are ill, so you cannot attend classes or take...","og_url":"https:\/\/www.pravo.unizg.hr\/en\/students\/student-support\/what-in-case-of-illness\/","og_site_name":"Faculty of law","article_modified_time":"2023-07-10T09:23:57+00:00","twitter_card":"summary_large_image","twitter_misc":{"Est. reading time":"2 minutes"},"schema":{"@context":"https:\/\/schema.org","@graph":[{"@type":"WebPage","@id":"https:\/\/www.pravo.unizg.hr\/en\/students\/student-support\/what-in-case-of-illness\/","url":"https:\/\/www.pravo.unizg.hr\/en\/students\/student-support\/what-in-case-of-illness\/","name":"What in case of illness? - Faculty of law","isPartOf":{"@id":"https:\/\/www.pravo.unizg.hr\/#website"},"datePublished":"2023-02-02T10:37:28+00:00","dateModified":"2023-07-10T09:23:57+00:00","breadcrumb":{"@id":"https:\/\/www.pravo.unizg.hr\/en\/students\/student-support\/what-in-case-of-illness\/#breadcrumb"},"inLanguage":"en-US","potentialAction":[{"@type":"ReadAction","target":["https:\/\/www.pravo.unizg.hr\/en\/students\/student-support\/what-in-case-of-illness\/"]}]},{"@type":"BreadcrumbList","@id":"https:\/\/www.pravo.unizg.hr\/en\/students\/student-support\/what-in-case-of-illness\/#breadcrumb","itemListElement":[{"@type":"ListItem","position":1,"name":"Homepage","item":"https:\/\/www.pravo.unizg.hr\/en\/"},{"@type":"ListItem","position":2,"name":"Students","item":"https:\/\/www.pravo.unizg.hr\/en\/students\/"},{"@type":"ListItem","position":3,"name":"Student support","item":"https:\/\/www.pravo.unizg.hr\/en\/students\/student-support\/"},{"@type":"ListItem","position":4,"name":"What in case of illness?"}]},{"@type":"WebSite","@id":"https:\/\/www.pravo.unizg.hr\/#website","url":"https:\/\/www.pravo.unizg.hr\/","name":"Faculty of law","description":"","potentialAction":[{"@type":"SearchAction","target":{"@type":"EntryPoint","urlTemplate":"https:\/\/www.pravo.unizg.hr\/?s={search_term_string}"},"query-input":"required name=search_term_string"}],"inLanguage":"en-US"}]}},"_links":{"self":[{"href":"https:\/\/www.pravo.unizg.hr\/en\/wp-json\/wp\/v2\/pages\/8413","targetHints":{"allow":["GET"]}}],"collection":[{"href":"https:\/\/www.pravo.unizg.hr\/en\/wp-json\/wp\/v2\/pages"}],"about":[{"href":"https:\/\/www.pravo.unizg.hr\/en\/wp-json\/wp\/v2\/types\/page"}],"author":[{"embeddable":true,"href":"https:\/\/www.pravo.unizg.hr\/en\/wp-json\/wp\/v2\/users\/511"}],"replies":[{"embeddable":true,"href":"https:\/\/www.pravo.unizg.hr\/en\/wp-json\/wp\/v2\/comments?post=8413"}],"version-history":[{"count":2,"href":"https:\/\/www.pravo.unizg.hr\/en\/wp-json\/wp\/v2\/pages\/8413\/revisions"}],"predecessor-version":[{"id":8415,"href":"https:\/\/www.pravo.unizg.hr\/en\/wp-json\/wp\/v2\/pages\/8413\/revisions\/8415"}],"up":[{"embeddable":true,"href":"https:\/\/www.pravo.unizg.hr\/en\/wp-json\/wp\/v2\/pages\/8398"}],"wp:attachment":[{"href":"https:\/\/www.pravo.unizg.hr\/en\/wp-json\/wp\/v2\/media?parent=8413"}],"curies":[{"name":"wp","href":"https:\/\/api.w.org\/{rel}","templated":true}]}}