{"id":7676,"date":"2023-04-19T12:22:02","date_gmt":"2023-04-19T10:22:02","guid":{"rendered":"https:\/\/www.pravo.unizg.hr\/?page_id=7676"},"modified":"2025-10-21T20:06:13","modified_gmt":"2025-10-21T19:06:13","slug":"ured-za-medunarodnu-suradnju","status":"publish","type":"page","link":"https:\/\/www.pravo.unizg.hr\/en\/medunarodna-suradnja\/ured-za-medunarodnu-suradnju\/","title":{"rendered":"Ured za me\u0111unarodnu suradnju i projekte"},"content":{"rendered":"<p><strong>Ured za me\u0111unarodnu suradnju i projekte<\/strong> je organizacijska jedinica PFZG-a koja provodi aktivnosti usmjerene na ostvarenje nekih od ciljeva vezanih za me\u0111unarodnu suradnju kao \u0161to su uspostavljanje me\u0111unarodne suradnje i intenziviranje partnerstva sa sli\u010dnim institucijama u Europi i diljem svijeta i poticanje razmjene znanja kroz me\u0111unarodne odlazne i dolazne mobilnosti studenata te nastavnog i nenastavnog osoblja PFZG-a.<\/p>\n<p>Ured je ustrojen s ciljem osna\u017eivanja me\u0111unarodne suradnje i internacionalizacije Fakulteta. Jedna od glavnih zada\u0107a Ureda za me\u0111unarodnu suradnju jest predlaganje i provedba sklapanja bilateralnih ugovora budu\u0107i da se u praksi najve\u0107i dio me\u0111unarodne mobilnosti provodi upravo preko me\u0111usveu\u010dili\u0161nih\/me\u0111ufakultetskih ugovora.<\/p>\n<p>Nadalje, ured informira studente PFZG-a o mogu\u0107nostima studiranja u inozemstvu tijekom studija, bilo da odlaze na partnerske institucije ili na neke druge institucije u Europi ili svijetu.Tako\u0111er je informativna i administrativna podr\u0161ka je u svim fazama mobilnosti.<\/p>\n<p>Strani dolazni studenti na razmjeni u potpunosti su u ingerenciji ureda: administrativno ih vodi od trenutka kad se prijave dok su jo\u0161 na svojim mati\u010dnim fakultetima\/sveu\u010dili\u0161tima pa sve do samog povratka. Tijekom boravka cilj ureda jest da i kroz dodatne aktivnosti pomogne dolaznim studentima da se \u0161to lak\u0161e sna\u0111u, odnosno da im boravak u Zagrebu, a posebice na Fakultetu, bude \u0161to ugodniji.<\/p>\n<p>Ured informira nastavno osoblje PFZG-a o mogu\u0107nostima sudjelovanja u me\u0111unarodnim aktivnostima kao \u0161to su stipendije, konferencije ili stru\u010dni skupovi te sudjeluje u aktivnostima natje\u010daja. Tako\u0111er, Ured je administrativna podr\u0161ka gostuju\u0107im predava\u010dima iz inozemstva.<\/p>\n<p>S obzirom da postoji niz mogu\u0107nosti me\u0111unarodne edukacije i za nenastavno osoblje, Ured tako\u0111er ima ulogu obavje\u0161tavanja, ali i ugovaranja istih kroz institucionalne sporazume (ERASMUS+ i sl.).<\/p>\n<p>Ured aktivno sudjeluje u organizaciji sastanaka, info dana, skupova i sl. za dolazne delegacije s me\u0111unarodnih (potencijalnih) partnerskih institucija.<\/p>\n<p>Tako\u0111er PFZG njeguje i dobru suradnju s veleposlanstvima u RH u \u010demu je ured organizacijska podr\u0161ka.<\/p>\n<p>Kona\u010dno, ured prikuplja sve podatke vezano za aktivnosti koje provodi i statisti\u010dki ih obra\u0111uje te sudjeluje u me\u0111unarodnim akreditacijskim procesima.<\/p>\n","protected":false},"excerpt":{"rendered":"<p>Ured za me\u0111unarodnu suradnju i projekte je organizacijska jedinica PFZG-a&#8230;<\/p>\n","protected":false},"author":511,"featured_media":0,"parent":99,"menu_order":0,"comment_status":"closed","ping_status":"closed","template":"","meta":{"footnotes":""},"class_list":["post-7676","page","type-page","status-publish","hentry"],"pp_force_visibility":null,"pp_subpost_visibility":null,"pp_inherited_force_visibility":null,"pp_inherited_subpost_visibility":null,"acf":[],"yoast_head":"<!-- This site is optimized with the Yoast SEO plugin v20.1 - https:\/\/yoast.com\/wordpress\/plugins\/seo\/ -->\n<title>Ured za me\u0111unarodnu suradnju i projekte - Faculty of law<\/title>\n<meta name=\"description\" content=\"Ured za me\u0111unarodnu suradnju je organizacijska jedinica PFZG-a koja je ustrojena s ciljem osna\u017eivanja me\u0111unarodne suradnje i internacionalizacije Fakulteta.\" \/>\n<meta name=\"robots\" content=\"index, follow, max-snippet:-1, max-image-preview:large, max-video-preview:-1\" \/>\n<link rel=\"canonical\" href=\"https:\/\/www.pravo.unizg.hr\/medunarodna-suradnja\/ured-za-medunarodnu-suradnju\/\" \/>\n<meta property=\"og:locale\" content=\"en_US\" \/>\n<meta property=\"og:type\" content=\"article\" \/>\n<meta property=\"og:title\" content=\"Ured za me\u0111unarodnu suradnju i projekte - Faculty of law\" \/>\n<meta property=\"og:description\" content=\"Ured za me\u0111unarodnu suradnju je organizacijska jedinica PFZG-a koja je ustrojena s ciljem osna\u017eivanja me\u0111unarodne suradnje i internacionalizacije Fakulteta.\" \/>\n<meta property=\"og:url\" content=\"https:\/\/www.pravo.unizg.hr\/medunarodna-suradnja\/ured-za-medunarodnu-suradnju\/\" \/>\n<meta property=\"og:site_name\" content=\"Faculty of law\" \/>\n<meta property=\"article:modified_time\" content=\"2025-10-21T19:06:13+00:00\" \/>\n<meta name=\"twitter:card\" content=\"summary_large_image\" \/>\n<meta name=\"twitter:label1\" content=\"Est. reading time\" \/>\n\t<meta name=\"twitter:data1\" content=\"2 minutes\" \/>\n<script type=\"application\/ld+json\" class=\"yoast-schema-graph\">{\"@context\":\"https:\/\/schema.org\",\"@graph\":[{\"@type\":\"WebPage\",\"@id\":\"https:\/\/www.pravo.unizg.hr\/medunarodna-suradnja\/ured-za-medunarodnu-suradnju\/\",\"url\":\"https:\/\/www.pravo.unizg.hr\/medunarodna-suradnja\/ured-za-medunarodnu-suradnju\/\",\"name\":\"Ured za me\u0111unarodnu suradnju i projekte - Faculty of law\",\"isPartOf\":{\"@id\":\"https:\/\/www.pravo.unizg.hr\/#website\"},\"datePublished\":\"2023-04-19T10:22:02+00:00\",\"dateModified\":\"2025-10-21T19:06:13+00:00\",\"description\":\"Ured za me\u0111unarodnu suradnju je organizacijska jedinica PFZG-a koja je ustrojena s ciljem osna\u017eivanja me\u0111unarodne suradnje i internacionalizacije Fakulteta.\",\"breadcrumb\":{\"@id\":\"https:\/\/www.pravo.unizg.hr\/medunarodna-suradnja\/ured-za-medunarodnu-suradnju\/#breadcrumb\"},\"inLanguage\":\"en-US\",\"potentialAction\":[{\"@type\":\"ReadAction\",\"target\":[\"https:\/\/www.pravo.unizg.hr\/medunarodna-suradnja\/ured-za-medunarodnu-suradnju\/\"]}]},{\"@type\":\"BreadcrumbList\",\"@id\":\"https:\/\/www.pravo.unizg.hr\/medunarodna-suradnja\/ured-za-medunarodnu-suradnju\/#breadcrumb\",\"itemListElement\":[{\"@type\":\"ListItem\",\"position\":1,\"name\":\"Homepage\",\"item\":\"https:\/\/www.pravo.unizg.hr\/en\/\"},{\"@type\":\"ListItem\",\"position\":2,\"name\":\"Me\u0111unarodna suradnja\",\"item\":\"https:\/\/www.pravo.unizg.hr\/medunarodna-suradnja\/\"},{\"@type\":\"ListItem\",\"position\":3,\"name\":\"Ured za me\u0111unarodnu suradnju i projekte\"}]},{\"@type\":\"WebSite\",\"@id\":\"https:\/\/www.pravo.unizg.hr\/#website\",\"url\":\"https:\/\/www.pravo.unizg.hr\/\",\"name\":\"Faculty of law\",\"description\":\"\",\"potentialAction\":[{\"@type\":\"SearchAction\",\"target\":{\"@type\":\"EntryPoint\",\"urlTemplate\":\"https:\/\/www.pravo.unizg.hr\/?s={search_term_string}\"},\"query-input\":\"required name=search_term_string\"}],\"inLanguage\":\"en-US\"}]}<\/script>\n<!-- \/ Yoast SEO plugin. -->","yoast_head_json":{"title":"Ured za me\u0111unarodnu suradnju i projekte - Faculty of law","description":"Ured za me\u0111unarodnu suradnju je organizacijska jedinica PFZG-a koja je ustrojena s ciljem osna\u017eivanja me\u0111unarodne suradnje i internacionalizacije Fakulteta.","robots":{"index":"index","follow":"follow","max-snippet":"max-snippet:-1","max-image-preview":"max-image-preview:large","max-video-preview":"max-video-preview:-1"},"canonical":"https:\/\/www.pravo.unizg.hr\/medunarodna-suradnja\/ured-za-medunarodnu-suradnju\/","og_locale":"en_US","og_type":"article","og_title":"Ured za me\u0111unarodnu suradnju i projekte - Faculty of law","og_description":"Ured za me\u0111unarodnu suradnju je organizacijska jedinica PFZG-a koja je ustrojena s ciljem osna\u017eivanja me\u0111unarodne suradnje i internacionalizacije Fakulteta.","og_url":"https:\/\/www.pravo.unizg.hr\/medunarodna-suradnja\/ured-za-medunarodnu-suradnju\/","og_site_name":"Faculty of law","article_modified_time":"2025-10-21T19:06:13+00:00","twitter_card":"summary_large_image","twitter_misc":{"Est. reading time":"2 minutes"},"schema":{"@context":"https:\/\/schema.org","@graph":[{"@type":"WebPage","@id":"https:\/\/www.pravo.unizg.hr\/medunarodna-suradnja\/ured-za-medunarodnu-suradnju\/","url":"https:\/\/www.pravo.unizg.hr\/medunarodna-suradnja\/ured-za-medunarodnu-suradnju\/","name":"Ured za me\u0111unarodnu suradnju i projekte - Faculty of law","isPartOf":{"@id":"https:\/\/www.pravo.unizg.hr\/#website"},"datePublished":"2023-04-19T10:22:02+00:00","dateModified":"2025-10-21T19:06:13+00:00","description":"Ured za me\u0111unarodnu suradnju je organizacijska jedinica PFZG-a koja je ustrojena s ciljem osna\u017eivanja me\u0111unarodne suradnje i internacionalizacije Fakulteta.","breadcrumb":{"@id":"https:\/\/www.pravo.unizg.hr\/medunarodna-suradnja\/ured-za-medunarodnu-suradnju\/#breadcrumb"},"inLanguage":"en-US","potentialAction":[{"@type":"ReadAction","target":["https:\/\/www.pravo.unizg.hr\/medunarodna-suradnja\/ured-za-medunarodnu-suradnju\/"]}]},{"@type":"BreadcrumbList","@id":"https:\/\/www.pravo.unizg.hr\/medunarodna-suradnja\/ured-za-medunarodnu-suradnju\/#breadcrumb","itemListElement":[{"@type":"ListItem","position":1,"name":"Homepage","item":"https:\/\/www.pravo.unizg.hr\/en\/"},{"@type":"ListItem","position":2,"name":"Me\u0111unarodna suradnja","item":"https:\/\/www.pravo.unizg.hr\/medunarodna-suradnja\/"},{"@type":"ListItem","position":3,"name":"Ured za me\u0111unarodnu suradnju i projekte"}]},{"@type":"WebSite","@id":"https:\/\/www.pravo.unizg.hr\/#website","url":"https:\/\/www.pravo.unizg.hr\/","name":"Faculty of law","description":"","potentialAction":[{"@type":"SearchAction","target":{"@type":"EntryPoint","urlTemplate":"https:\/\/www.pravo.unizg.hr\/?s={search_term_string}"},"query-input":"required name=search_term_string"}],"inLanguage":"en-US"}]}},"_links":{"self":[{"href":"https:\/\/www.pravo.unizg.hr\/en\/wp-json\/wp\/v2\/pages\/7676","targetHints":{"allow":["GET"]}}],"collection":[{"href":"https:\/\/www.pravo.unizg.hr\/en\/wp-json\/wp\/v2\/pages"}],"about":[{"href":"https:\/\/www.pravo.unizg.hr\/en\/wp-json\/wp\/v2\/types\/page"}],"author":[{"embeddable":true,"href":"https:\/\/www.pravo.unizg.hr\/en\/wp-json\/wp\/v2\/users\/511"}],"replies":[{"embeddable":true,"href":"https:\/\/www.pravo.unizg.hr\/en\/wp-json\/wp\/v2\/comments?post=7676"}],"version-history":[{"count":17,"href":"https:\/\/www.pravo.unizg.hr\/en\/wp-json\/wp\/v2\/pages\/7676\/revisions"}],"predecessor-version":[{"id":29169,"href":"https:\/\/www.pravo.unizg.hr\/en\/wp-json\/wp\/v2\/pages\/7676\/revisions\/29169"}],"up":[{"embeddable":true,"href":"https:\/\/www.pravo.unizg.hr\/en\/wp-json\/wp\/v2\/pages\/99"}],"wp:attachment":[{"href":"https:\/\/www.pravo.unizg.hr\/en\/wp-json\/wp\/v2\/media?parent=7676"}],"curies":[{"name":"wp","href":"https:\/\/api.w.org\/{rel}","templated":true}]}}