{"id":7582,"date":"2023-04-19T11:00:38","date_gmt":"2023-04-19T09:00:38","guid":{"rendered":"https:\/\/www.pravo.unizg.hr\/?page_id=7582"},"modified":"2023-04-20T11:04:49","modified_gmt":"2023-04-20T09:04:49","slug":"prijave-na-strano-sveuciliste","status":"publish","type":"page","link":"https:\/\/www.pravo.unizg.hr\/en\/medunarodna-suradnja\/outgoing\/prije-mobilnosti\/prijave-na-strano-sveuciliste\/","title":{"rendered":"Prijave na strano sveu\u010dili\u0161te"},"content":{"rendered":"<p>Po izvr\u0161enoj nominaciji od strane Ureda za me\u0111unarodnu suradnju PFZG-a, strano sveu\u010dili\u0161te<br \/>\n\u0107e stupiti u kontakt s nominiranim studentom putem maila. Molimo provjeravati redovno<br \/>\nsvoju pristiglu email po\u0161tu na email korisni\u010dkom ra\u010dunu kojeg ste naveli u samoj prijavi.<br \/>\nSve podatke koje je strano sveu\u010dili\u0161te zatra\u017eilo od studenta, student je du\u017ean samostalno<br \/>\ndostaviti stranom sveu\u010dili\u0161tu. Dostavljanje zatra\u017eenih podataka i po\u0161tivanje zadanih rokova je<br \/>\nu potpunosti du\u017enost studenta.<\/p>\n","protected":false},"excerpt":{"rendered":"<p>Po izvr\u0161enoj nominaciji od strane Ureda za me\u0111unarodnu suradnju PFZG-a,&#8230;<\/p>\n","protected":false},"author":511,"featured_media":0,"parent":4723,"menu_order":2,"comment_status":"closed","ping_status":"closed","template":"","meta":{"footnotes":""},"class_list":["post-7582","page","type-page","status-publish","hentry"],"pp_force_visibility":null,"pp_subpost_visibility":null,"pp_inherited_force_visibility":null,"pp_inherited_subpost_visibility":null,"acf":[],"yoast_head":"<!-- This site is optimized with the Yoast SEO plugin v20.1 - https:\/\/yoast.com\/wordpress\/plugins\/seo\/ -->\n<title>Prijave na strano sveu\u010dili\u0161te - Faculty of law<\/title>\n<meta name=\"description\" content=\"Po izvr\u0161enoj nominaciji od strane Ureda za me\u0111unarodnu suradnju PFZG-a, strano sveu\u010dili\u0161te \u0107e stupiti u kontakt sa studentom putem maila.\" \/>\n<meta name=\"robots\" content=\"index, follow, max-snippet:-1, max-image-preview:large, max-video-preview:-1\" \/>\n<link rel=\"canonical\" href=\"https:\/\/www.pravo.unizg.hr\/medunarodna-suradnja\/outgoing\/prije-mobilnosti\/prijave-na-strano-sveuciliste\/\" \/>\n<meta property=\"og:locale\" content=\"en_US\" \/>\n<meta property=\"og:type\" content=\"article\" \/>\n<meta property=\"og:title\" content=\"Prijave na strano sveu\u010dili\u0161te - Faculty of law\" \/>\n<meta property=\"og:description\" content=\"Po izvr\u0161enoj nominaciji od strane Ureda za me\u0111unarodnu suradnju PFZG-a, strano sveu\u010dili\u0161te \u0107e stupiti u kontakt sa studentom putem maila.\" \/>\n<meta property=\"og:url\" content=\"https:\/\/www.pravo.unizg.hr\/medunarodna-suradnja\/outgoing\/prije-mobilnosti\/prijave-na-strano-sveuciliste\/\" \/>\n<meta property=\"og:site_name\" content=\"Faculty of law\" \/>\n<meta property=\"article:modified_time\" content=\"2023-04-20T09:04:49+00:00\" \/>\n<meta name=\"twitter:card\" content=\"summary_large_image\" \/>\n<meta name=\"twitter:label1\" content=\"Est. reading time\" \/>\n\t<meta name=\"twitter:data1\" content=\"1 minute\" \/>\n<script type=\"application\/ld+json\" class=\"yoast-schema-graph\">{\"@context\":\"https:\/\/schema.org\",\"@graph\":[{\"@type\":\"WebPage\",\"@id\":\"https:\/\/www.pravo.unizg.hr\/medunarodna-suradnja\/outgoing\/prije-mobilnosti\/prijave-na-strano-sveuciliste\/\",\"url\":\"https:\/\/www.pravo.unizg.hr\/medunarodna-suradnja\/outgoing\/prije-mobilnosti\/prijave-na-strano-sveuciliste\/\",\"name\":\"Prijave na strano sveu\u010dili\u0161te - Faculty of law\",\"isPartOf\":{\"@id\":\"https:\/\/www.pravo.unizg.hr\/#website\"},\"datePublished\":\"2023-04-19T09:00:38+00:00\",\"dateModified\":\"2023-04-20T09:04:49+00:00\",\"description\":\"Po izvr\u0161enoj nominaciji od strane Ureda za me\u0111unarodnu suradnju PFZG-a, strano sveu\u010dili\u0161te \u0107e stupiti u kontakt sa studentom putem maila.\",\"breadcrumb\":{\"@id\":\"https:\/\/www.pravo.unizg.hr\/medunarodna-suradnja\/outgoing\/prije-mobilnosti\/prijave-na-strano-sveuciliste\/#breadcrumb\"},\"inLanguage\":\"en-US\",\"potentialAction\":[{\"@type\":\"ReadAction\",\"target\":[\"https:\/\/www.pravo.unizg.hr\/medunarodna-suradnja\/outgoing\/prije-mobilnosti\/prijave-na-strano-sveuciliste\/\"]}]},{\"@type\":\"BreadcrumbList\",\"@id\":\"https:\/\/www.pravo.unizg.hr\/medunarodna-suradnja\/outgoing\/prije-mobilnosti\/prijave-na-strano-sveuciliste\/#breadcrumb\",\"itemListElement\":[{\"@type\":\"ListItem\",\"position\":1,\"name\":\"Homepage\",\"item\":\"https:\/\/www.pravo.unizg.hr\/en\/\"},{\"@type\":\"ListItem\",\"position\":2,\"name\":\"Me\u0111unarodna suradnja\",\"item\":\"https:\/\/www.pravo.unizg.hr\/medunarodna-suradnja\/\"},{\"@type\":\"ListItem\",\"position\":3,\"name\":\"Odlazna studijska mobilnost\",\"item\":\"https:\/\/www.pravo.unizg.hr\/medunarodna-suradnja\/outgoing\/\"},{\"@type\":\"ListItem\",\"position\":4,\"name\":\"Prije mobilnosti\",\"item\":\"https:\/\/www.pravo.unizg.hr\/medunarodna-suradnja\/outgoing\/prije-mobilnosti\/\"},{\"@type\":\"ListItem\",\"position\":5,\"name\":\"Prijave na strano sveu\u010dili\u0161te\"}]},{\"@type\":\"WebSite\",\"@id\":\"https:\/\/www.pravo.unizg.hr\/#website\",\"url\":\"https:\/\/www.pravo.unizg.hr\/\",\"name\":\"Faculty of law\",\"description\":\"\",\"potentialAction\":[{\"@type\":\"SearchAction\",\"target\":{\"@type\":\"EntryPoint\",\"urlTemplate\":\"https:\/\/www.pravo.unizg.hr\/?s={search_term_string}\"},\"query-input\":\"required name=search_term_string\"}],\"inLanguage\":\"en-US\"}]}<\/script>\n<!-- \/ Yoast SEO plugin. -->","yoast_head_json":{"title":"Prijave na strano sveu\u010dili\u0161te - Faculty of law","description":"Po izvr\u0161enoj nominaciji od strane Ureda za me\u0111unarodnu suradnju PFZG-a, strano sveu\u010dili\u0161te \u0107e stupiti u kontakt sa studentom putem maila.","robots":{"index":"index","follow":"follow","max-snippet":"max-snippet:-1","max-image-preview":"max-image-preview:large","max-video-preview":"max-video-preview:-1"},"canonical":"https:\/\/www.pravo.unizg.hr\/medunarodna-suradnja\/outgoing\/prije-mobilnosti\/prijave-na-strano-sveuciliste\/","og_locale":"en_US","og_type":"article","og_title":"Prijave na strano sveu\u010dili\u0161te - Faculty of law","og_description":"Po izvr\u0161enoj nominaciji od strane Ureda za me\u0111unarodnu suradnju PFZG-a, strano sveu\u010dili\u0161te \u0107e stupiti u kontakt sa studentom putem maila.","og_url":"https:\/\/www.pravo.unizg.hr\/medunarodna-suradnja\/outgoing\/prije-mobilnosti\/prijave-na-strano-sveuciliste\/","og_site_name":"Faculty of law","article_modified_time":"2023-04-20T09:04:49+00:00","twitter_card":"summary_large_image","twitter_misc":{"Est. reading time":"1 minute"},"schema":{"@context":"https:\/\/schema.org","@graph":[{"@type":"WebPage","@id":"https:\/\/www.pravo.unizg.hr\/medunarodna-suradnja\/outgoing\/prije-mobilnosti\/prijave-na-strano-sveuciliste\/","url":"https:\/\/www.pravo.unizg.hr\/medunarodna-suradnja\/outgoing\/prije-mobilnosti\/prijave-na-strano-sveuciliste\/","name":"Prijave na strano sveu\u010dili\u0161te - Faculty of law","isPartOf":{"@id":"https:\/\/www.pravo.unizg.hr\/#website"},"datePublished":"2023-04-19T09:00:38+00:00","dateModified":"2023-04-20T09:04:49+00:00","description":"Po izvr\u0161enoj nominaciji od strane Ureda za me\u0111unarodnu suradnju PFZG-a, strano sveu\u010dili\u0161te \u0107e stupiti u kontakt sa studentom putem maila.","breadcrumb":{"@id":"https:\/\/www.pravo.unizg.hr\/medunarodna-suradnja\/outgoing\/prije-mobilnosti\/prijave-na-strano-sveuciliste\/#breadcrumb"},"inLanguage":"en-US","potentialAction":[{"@type":"ReadAction","target":["https:\/\/www.pravo.unizg.hr\/medunarodna-suradnja\/outgoing\/prije-mobilnosti\/prijave-na-strano-sveuciliste\/"]}]},{"@type":"BreadcrumbList","@id":"https:\/\/www.pravo.unizg.hr\/medunarodna-suradnja\/outgoing\/prije-mobilnosti\/prijave-na-strano-sveuciliste\/#breadcrumb","itemListElement":[{"@type":"ListItem","position":1,"name":"Homepage","item":"https:\/\/www.pravo.unizg.hr\/en\/"},{"@type":"ListItem","position":2,"name":"Me\u0111unarodna suradnja","item":"https:\/\/www.pravo.unizg.hr\/medunarodna-suradnja\/"},{"@type":"ListItem","position":3,"name":"Odlazna studijska mobilnost","item":"https:\/\/www.pravo.unizg.hr\/medunarodna-suradnja\/outgoing\/"},{"@type":"ListItem","position":4,"name":"Prije mobilnosti","item":"https:\/\/www.pravo.unizg.hr\/medunarodna-suradnja\/outgoing\/prije-mobilnosti\/"},{"@type":"ListItem","position":5,"name":"Prijave na strano sveu\u010dili\u0161te"}]},{"@type":"WebSite","@id":"https:\/\/www.pravo.unizg.hr\/#website","url":"https:\/\/www.pravo.unizg.hr\/","name":"Faculty of law","description":"","potentialAction":[{"@type":"SearchAction","target":{"@type":"EntryPoint","urlTemplate":"https:\/\/www.pravo.unizg.hr\/?s={search_term_string}"},"query-input":"required name=search_term_string"}],"inLanguage":"en-US"}]}},"_links":{"self":[{"href":"https:\/\/www.pravo.unizg.hr\/en\/wp-json\/wp\/v2\/pages\/7582","targetHints":{"allow":["GET"]}}],"collection":[{"href":"https:\/\/www.pravo.unizg.hr\/en\/wp-json\/wp\/v2\/pages"}],"about":[{"href":"https:\/\/www.pravo.unizg.hr\/en\/wp-json\/wp\/v2\/types\/page"}],"author":[{"embeddable":true,"href":"https:\/\/www.pravo.unizg.hr\/en\/wp-json\/wp\/v2\/users\/511"}],"replies":[{"embeddable":true,"href":"https:\/\/www.pravo.unizg.hr\/en\/wp-json\/wp\/v2\/comments?post=7582"}],"version-history":[{"count":2,"href":"https:\/\/www.pravo.unizg.hr\/en\/wp-json\/wp\/v2\/pages\/7582\/revisions"}],"predecessor-version":[{"id":7716,"href":"https:\/\/www.pravo.unizg.hr\/en\/wp-json\/wp\/v2\/pages\/7582\/revisions\/7716"}],"up":[{"embeddable":true,"href":"https:\/\/www.pravo.unizg.hr\/en\/wp-json\/wp\/v2\/pages\/4723"}],"wp:attachment":[{"href":"https:\/\/www.pravo.unizg.hr\/en\/wp-json\/wp\/v2\/media?parent=7582"}],"curies":[{"name":"wp","href":"https:\/\/api.w.org\/{rel}","templated":true}]}}