{"id":7573,"date":"2023-04-19T10:55:15","date_gmt":"2023-04-19T08:55:15","guid":{"rendered":"https:\/\/www.pravo.unizg.hr\/?page_id=7573"},"modified":"2025-10-21T20:24:24","modified_gmt":"2025-10-21T19:24:24","slug":"akademska-mobilnost","status":"publish","type":"page","link":"https:\/\/www.pravo.unizg.hr\/en\/medunarodna-suradnja\/mobilnost-nastavnog-osoblja\/akademska-mobilnost\/","title":{"rendered":"Akademska mobilnost"},"content":{"rendered":"<p>dodjeljuje se lump sum prema zemljopisnim podru\u010djima<br \/>\n&#8211; objava natje\u010daja: dva puta godi\u0161nje (prolje\u0107e, jesen)<br \/>\n&#8211; postupak prijave: putem mati\u010dnih sastavnica<\/p>\n<p>&nbsp;<\/p>\n","protected":false},"excerpt":{"rendered":"<p>dodjeljuje se lump sum prema zemljopisnim podru\u010djima &#8211; objava natje\u010daja:&#8230;<\/p>\n","protected":false},"author":511,"featured_media":0,"parent":7569,"menu_order":2,"comment_status":"closed","ping_status":"closed","template":"","meta":{"footnotes":""},"class_list":["post-7573","page","type-page","status-publish","hentry"],"pp_force_visibility":null,"pp_subpost_visibility":null,"pp_inherited_force_visibility":null,"pp_inherited_subpost_visibility":null,"acf":[],"yoast_head":"<!-- This site is optimized with the Yoast SEO plugin v20.1 - https:\/\/yoast.com\/wordpress\/plugins\/seo\/ -->\n<title>Akademska mobilnost - Faculty of law<\/title>\n<meta name=\"robots\" content=\"index, follow, max-snippet:-1, max-image-preview:large, max-video-preview:-1\" \/>\n<link rel=\"canonical\" href=\"https:\/\/www.pravo.unizg.hr\/medunarodna-suradnja\/mobilnost-nastavnog-osoblja\/akademska-mobilnost\/\" \/>\n<meta property=\"og:locale\" content=\"en_US\" \/>\n<meta property=\"og:type\" content=\"article\" \/>\n<meta property=\"og:title\" content=\"Akademska mobilnost - Faculty of law\" \/>\n<meta property=\"og:description\" content=\"dodjeljuje se lump sum prema zemljopisnim podru\u010djima &#8211; objava natje\u010daja:...\" \/>\n<meta property=\"og:url\" content=\"https:\/\/www.pravo.unizg.hr\/medunarodna-suradnja\/mobilnost-nastavnog-osoblja\/akademska-mobilnost\/\" \/>\n<meta property=\"og:site_name\" content=\"Faculty of law\" \/>\n<meta property=\"article:modified_time\" content=\"2025-10-21T19:24:24+00:00\" \/>\n<meta name=\"twitter:card\" content=\"summary_large_image\" \/>\n<meta name=\"twitter:label1\" content=\"Est. reading time\" \/>\n\t<meta name=\"twitter:data1\" content=\"1 minute\" \/>\n<script type=\"application\/ld+json\" class=\"yoast-schema-graph\">{\"@context\":\"https:\/\/schema.org\",\"@graph\":[{\"@type\":\"WebPage\",\"@id\":\"https:\/\/www.pravo.unizg.hr\/medunarodna-suradnja\/mobilnost-nastavnog-osoblja\/akademska-mobilnost\/\",\"url\":\"https:\/\/www.pravo.unizg.hr\/medunarodna-suradnja\/mobilnost-nastavnog-osoblja\/akademska-mobilnost\/\",\"name\":\"Akademska mobilnost - Faculty of law\",\"isPartOf\":{\"@id\":\"https:\/\/www.pravo.unizg.hr\/#website\"},\"datePublished\":\"2023-04-19T08:55:15+00:00\",\"dateModified\":\"2025-10-21T19:24:24+00:00\",\"breadcrumb\":{\"@id\":\"https:\/\/www.pravo.unizg.hr\/medunarodna-suradnja\/mobilnost-nastavnog-osoblja\/akademska-mobilnost\/#breadcrumb\"},\"inLanguage\":\"en-US\",\"potentialAction\":[{\"@type\":\"ReadAction\",\"target\":[\"https:\/\/www.pravo.unizg.hr\/medunarodna-suradnja\/mobilnost-nastavnog-osoblja\/akademska-mobilnost\/\"]}]},{\"@type\":\"BreadcrumbList\",\"@id\":\"https:\/\/www.pravo.unizg.hr\/medunarodna-suradnja\/mobilnost-nastavnog-osoblja\/akademska-mobilnost\/#breadcrumb\",\"itemListElement\":[{\"@type\":\"ListItem\",\"position\":1,\"name\":\"Homepage\",\"item\":\"https:\/\/www.pravo.unizg.hr\/en\/\"},{\"@type\":\"ListItem\",\"position\":2,\"name\":\"Me\u0111unarodna suradnja\",\"item\":\"https:\/\/www.pravo.unizg.hr\/medunarodna-suradnja\/\"},{\"@type\":\"ListItem\",\"position\":3,\"name\":\"Mobilnost nastavnog osoblja\",\"item\":\"https:\/\/www.pravo.unizg.hr\/medunarodna-suradnja\/mobilnost-nastavnog-osoblja\/\"},{\"@type\":\"ListItem\",\"position\":4,\"name\":\"Akademska mobilnost\"}]},{\"@type\":\"WebSite\",\"@id\":\"https:\/\/www.pravo.unizg.hr\/#website\",\"url\":\"https:\/\/www.pravo.unizg.hr\/\",\"name\":\"Faculty of law\",\"description\":\"\",\"potentialAction\":[{\"@type\":\"SearchAction\",\"target\":{\"@type\":\"EntryPoint\",\"urlTemplate\":\"https:\/\/www.pravo.unizg.hr\/?s={search_term_string}\"},\"query-input\":\"required name=search_term_string\"}],\"inLanguage\":\"en-US\"}]}<\/script>\n<!-- \/ Yoast SEO plugin. -->","yoast_head_json":{"title":"Akademska mobilnost - Faculty of law","robots":{"index":"index","follow":"follow","max-snippet":"max-snippet:-1","max-image-preview":"max-image-preview:large","max-video-preview":"max-video-preview:-1"},"canonical":"https:\/\/www.pravo.unizg.hr\/medunarodna-suradnja\/mobilnost-nastavnog-osoblja\/akademska-mobilnost\/","og_locale":"en_US","og_type":"article","og_title":"Akademska mobilnost - Faculty of law","og_description":"dodjeljuje se lump sum prema zemljopisnim podru\u010djima &#8211; objava natje\u010daja:...","og_url":"https:\/\/www.pravo.unizg.hr\/medunarodna-suradnja\/mobilnost-nastavnog-osoblja\/akademska-mobilnost\/","og_site_name":"Faculty of law","article_modified_time":"2025-10-21T19:24:24+00:00","twitter_card":"summary_large_image","twitter_misc":{"Est. reading time":"1 minute"},"schema":{"@context":"https:\/\/schema.org","@graph":[{"@type":"WebPage","@id":"https:\/\/www.pravo.unizg.hr\/medunarodna-suradnja\/mobilnost-nastavnog-osoblja\/akademska-mobilnost\/","url":"https:\/\/www.pravo.unizg.hr\/medunarodna-suradnja\/mobilnost-nastavnog-osoblja\/akademska-mobilnost\/","name":"Akademska mobilnost - Faculty of law","isPartOf":{"@id":"https:\/\/www.pravo.unizg.hr\/#website"},"datePublished":"2023-04-19T08:55:15+00:00","dateModified":"2025-10-21T19:24:24+00:00","breadcrumb":{"@id":"https:\/\/www.pravo.unizg.hr\/medunarodna-suradnja\/mobilnost-nastavnog-osoblja\/akademska-mobilnost\/#breadcrumb"},"inLanguage":"en-US","potentialAction":[{"@type":"ReadAction","target":["https:\/\/www.pravo.unizg.hr\/medunarodna-suradnja\/mobilnost-nastavnog-osoblja\/akademska-mobilnost\/"]}]},{"@type":"BreadcrumbList","@id":"https:\/\/www.pravo.unizg.hr\/medunarodna-suradnja\/mobilnost-nastavnog-osoblja\/akademska-mobilnost\/#breadcrumb","itemListElement":[{"@type":"ListItem","position":1,"name":"Homepage","item":"https:\/\/www.pravo.unizg.hr\/en\/"},{"@type":"ListItem","position":2,"name":"Me\u0111unarodna suradnja","item":"https:\/\/www.pravo.unizg.hr\/medunarodna-suradnja\/"},{"@type":"ListItem","position":3,"name":"Mobilnost nastavnog osoblja","item":"https:\/\/www.pravo.unizg.hr\/medunarodna-suradnja\/mobilnost-nastavnog-osoblja\/"},{"@type":"ListItem","position":4,"name":"Akademska mobilnost"}]},{"@type":"WebSite","@id":"https:\/\/www.pravo.unizg.hr\/#website","url":"https:\/\/www.pravo.unizg.hr\/","name":"Faculty of law","description":"","potentialAction":[{"@type":"SearchAction","target":{"@type":"EntryPoint","urlTemplate":"https:\/\/www.pravo.unizg.hr\/?s={search_term_string}"},"query-input":"required name=search_term_string"}],"inLanguage":"en-US"}]}},"_links":{"self":[{"href":"https:\/\/www.pravo.unizg.hr\/en\/wp-json\/wp\/v2\/pages\/7573","targetHints":{"allow":["GET"]}}],"collection":[{"href":"https:\/\/www.pravo.unizg.hr\/en\/wp-json\/wp\/v2\/pages"}],"about":[{"href":"https:\/\/www.pravo.unizg.hr\/en\/wp-json\/wp\/v2\/types\/page"}],"author":[{"embeddable":true,"href":"https:\/\/www.pravo.unizg.hr\/en\/wp-json\/wp\/v2\/users\/511"}],"replies":[{"embeddable":true,"href":"https:\/\/www.pravo.unizg.hr\/en\/wp-json\/wp\/v2\/comments?post=7573"}],"version-history":[{"count":4,"href":"https:\/\/www.pravo.unizg.hr\/en\/wp-json\/wp\/v2\/pages\/7573\/revisions"}],"predecessor-version":[{"id":29182,"href":"https:\/\/www.pravo.unizg.hr\/en\/wp-json\/wp\/v2\/pages\/7573\/revisions\/29182"}],"up":[{"embeddable":true,"href":"https:\/\/www.pravo.unizg.hr\/en\/wp-json\/wp\/v2\/pages\/7569"}],"wp:attachment":[{"href":"https:\/\/www.pravo.unizg.hr\/en\/wp-json\/wp\/v2\/media?parent=7573"}],"curies":[{"name":"wp","href":"https:\/\/api.w.org\/{rel}","templated":true}]}}