{"id":7571,"date":"2023-04-19T10:54:39","date_gmt":"2023-04-19T08:54:39","guid":{"rendered":"https:\/\/www.pravo.unizg.hr\/?page_id=7571"},"modified":"2025-10-21T20:23:53","modified_gmt":"2025-10-21T19:23:53","slug":"erasmus","status":"publish","type":"page","link":"https:\/\/www.pravo.unizg.hr\/en\/medunarodna-suradnja\/mobilnost-nastavnog-osoblja\/erasmus\/","title":{"rendered":"Erasmus+"},"content":{"rendered":"<p>U\u010denje kroz mobilnost (Learning Mobility) &#8211; mobilnost pojedinaca u svrhu u\u010denja i<br \/>\nusavr\u0161avanja Erasmus+ nudi mogu\u0107nosti za pou\u010davanje u obrazovnim ustanovama u inozemstvu. Te su mogu\u0107nosti predvi\u0111ene za osoblje koje radi u obrazovnom sektoru, ali su otvorene i pojedincima iz drugih sektora koji su pozvani da prenesu svoje znanje i iskustvo.<\/p>\n<p>Programom Erasmus+ pru\u017ea se potpora pou\u010davanju u institucijama visokog obrazovanja (IVO) u inozemstvu. Ako radite u podru\u010dju visokog obrazovanja, mo\u017eete pou\u010davati u instituciji u dr\u017eavi sudionici u programu Erasmus+ ili partnerskoj dr\u017eavi.<\/p>\n","protected":false},"excerpt":{"rendered":"<p>U\u010denje kroz mobilnost (Learning Mobility) &#8211; mobilnost pojedinaca u svrhu&#8230;<\/p>\n","protected":false},"author":511,"featured_media":0,"parent":7569,"menu_order":1,"comment_status":"closed","ping_status":"closed","template":"","meta":{"footnotes":""},"class_list":["post-7571","page","type-page","status-publish","hentry"],"pp_force_visibility":null,"pp_subpost_visibility":null,"pp_inherited_force_visibility":null,"pp_inherited_subpost_visibility":null,"acf":[],"yoast_head":"<!-- This site is optimized with the Yoast SEO plugin v20.1 - https:\/\/yoast.com\/wordpress\/plugins\/seo\/ -->\n<title>Erasmus+ - Faculty of law<\/title>\n<meta name=\"description\" content=\"Erasmus+ nudi mogu\u0107nosti za pou\u010davanje u obrazovnim ustanovama u inozemstvu osoblju koje radi u obrazovnom sektoru.\" \/>\n<meta name=\"robots\" content=\"index, follow, max-snippet:-1, max-image-preview:large, max-video-preview:-1\" \/>\n<link rel=\"canonical\" href=\"https:\/\/www.pravo.unizg.hr\/medunarodna-suradnja\/mobilnost-nastavnog-osoblja\/erasmus\/\" \/>\n<meta property=\"og:locale\" content=\"en_US\" \/>\n<meta property=\"og:type\" content=\"article\" \/>\n<meta property=\"og:title\" content=\"Erasmus+ - Faculty of law\" \/>\n<meta property=\"og:description\" content=\"Erasmus+ nudi mogu\u0107nosti za pou\u010davanje u obrazovnim ustanovama u inozemstvu osoblju koje radi u obrazovnom sektoru.\" \/>\n<meta property=\"og:url\" content=\"https:\/\/www.pravo.unizg.hr\/medunarodna-suradnja\/mobilnost-nastavnog-osoblja\/erasmus\/\" \/>\n<meta property=\"og:site_name\" content=\"Faculty of law\" \/>\n<meta property=\"article:modified_time\" content=\"2025-10-21T19:23:53+00:00\" \/>\n<meta name=\"twitter:card\" content=\"summary_large_image\" \/>\n<meta name=\"twitter:label1\" content=\"Est. reading time\" \/>\n\t<meta name=\"twitter:data1\" content=\"1 minute\" \/>\n<script type=\"application\/ld+json\" class=\"yoast-schema-graph\">{\"@context\":\"https:\/\/schema.org\",\"@graph\":[{\"@type\":\"WebPage\",\"@id\":\"https:\/\/www.pravo.unizg.hr\/medunarodna-suradnja\/mobilnost-nastavnog-osoblja\/erasmus\/\",\"url\":\"https:\/\/www.pravo.unizg.hr\/medunarodna-suradnja\/mobilnost-nastavnog-osoblja\/erasmus\/\",\"name\":\"Erasmus+ - Faculty of law\",\"isPartOf\":{\"@id\":\"https:\/\/www.pravo.unizg.hr\/#website\"},\"datePublished\":\"2023-04-19T08:54:39+00:00\",\"dateModified\":\"2025-10-21T19:23:53+00:00\",\"description\":\"Erasmus+ nudi mogu\u0107nosti za pou\u010davanje u obrazovnim ustanovama u inozemstvu osoblju koje radi u obrazovnom sektoru.\",\"breadcrumb\":{\"@id\":\"https:\/\/www.pravo.unizg.hr\/medunarodna-suradnja\/mobilnost-nastavnog-osoblja\/erasmus\/#breadcrumb\"},\"inLanguage\":\"en-US\",\"potentialAction\":[{\"@type\":\"ReadAction\",\"target\":[\"https:\/\/www.pravo.unizg.hr\/medunarodna-suradnja\/mobilnost-nastavnog-osoblja\/erasmus\/\"]}]},{\"@type\":\"BreadcrumbList\",\"@id\":\"https:\/\/www.pravo.unizg.hr\/medunarodna-suradnja\/mobilnost-nastavnog-osoblja\/erasmus\/#breadcrumb\",\"itemListElement\":[{\"@type\":\"ListItem\",\"position\":1,\"name\":\"Homepage\",\"item\":\"https:\/\/www.pravo.unizg.hr\/en\/\"},{\"@type\":\"ListItem\",\"position\":2,\"name\":\"Me\u0111unarodna suradnja\",\"item\":\"https:\/\/www.pravo.unizg.hr\/medunarodna-suradnja\/\"},{\"@type\":\"ListItem\",\"position\":3,\"name\":\"Mobilnost nastavnog osoblja\",\"item\":\"https:\/\/www.pravo.unizg.hr\/medunarodna-suradnja\/mobilnost-nastavnog-osoblja\/\"},{\"@type\":\"ListItem\",\"position\":4,\"name\":\"Erasmus+\"}]},{\"@type\":\"WebSite\",\"@id\":\"https:\/\/www.pravo.unizg.hr\/#website\",\"url\":\"https:\/\/www.pravo.unizg.hr\/\",\"name\":\"Faculty of law\",\"description\":\"\",\"potentialAction\":[{\"@type\":\"SearchAction\",\"target\":{\"@type\":\"EntryPoint\",\"urlTemplate\":\"https:\/\/www.pravo.unizg.hr\/?s={search_term_string}\"},\"query-input\":\"required name=search_term_string\"}],\"inLanguage\":\"en-US\"}]}<\/script>\n<!-- \/ Yoast SEO plugin. -->","yoast_head_json":{"title":"Erasmus+ - Faculty of law","description":"Erasmus+ nudi mogu\u0107nosti za pou\u010davanje u obrazovnim ustanovama u inozemstvu osoblju koje radi u obrazovnom sektoru.","robots":{"index":"index","follow":"follow","max-snippet":"max-snippet:-1","max-image-preview":"max-image-preview:large","max-video-preview":"max-video-preview:-1"},"canonical":"https:\/\/www.pravo.unizg.hr\/medunarodna-suradnja\/mobilnost-nastavnog-osoblja\/erasmus\/","og_locale":"en_US","og_type":"article","og_title":"Erasmus+ - Faculty of law","og_description":"Erasmus+ nudi mogu\u0107nosti za pou\u010davanje u obrazovnim ustanovama u inozemstvu osoblju koje radi u obrazovnom sektoru.","og_url":"https:\/\/www.pravo.unizg.hr\/medunarodna-suradnja\/mobilnost-nastavnog-osoblja\/erasmus\/","og_site_name":"Faculty of law","article_modified_time":"2025-10-21T19:23:53+00:00","twitter_card":"summary_large_image","twitter_misc":{"Est. reading time":"1 minute"},"schema":{"@context":"https:\/\/schema.org","@graph":[{"@type":"WebPage","@id":"https:\/\/www.pravo.unizg.hr\/medunarodna-suradnja\/mobilnost-nastavnog-osoblja\/erasmus\/","url":"https:\/\/www.pravo.unizg.hr\/medunarodna-suradnja\/mobilnost-nastavnog-osoblja\/erasmus\/","name":"Erasmus+ - Faculty of law","isPartOf":{"@id":"https:\/\/www.pravo.unizg.hr\/#website"},"datePublished":"2023-04-19T08:54:39+00:00","dateModified":"2025-10-21T19:23:53+00:00","description":"Erasmus+ nudi mogu\u0107nosti za pou\u010davanje u obrazovnim ustanovama u inozemstvu osoblju koje radi u obrazovnom sektoru.","breadcrumb":{"@id":"https:\/\/www.pravo.unizg.hr\/medunarodna-suradnja\/mobilnost-nastavnog-osoblja\/erasmus\/#breadcrumb"},"inLanguage":"en-US","potentialAction":[{"@type":"ReadAction","target":["https:\/\/www.pravo.unizg.hr\/medunarodna-suradnja\/mobilnost-nastavnog-osoblja\/erasmus\/"]}]},{"@type":"BreadcrumbList","@id":"https:\/\/www.pravo.unizg.hr\/medunarodna-suradnja\/mobilnost-nastavnog-osoblja\/erasmus\/#breadcrumb","itemListElement":[{"@type":"ListItem","position":1,"name":"Homepage","item":"https:\/\/www.pravo.unizg.hr\/en\/"},{"@type":"ListItem","position":2,"name":"Me\u0111unarodna suradnja","item":"https:\/\/www.pravo.unizg.hr\/medunarodna-suradnja\/"},{"@type":"ListItem","position":3,"name":"Mobilnost nastavnog osoblja","item":"https:\/\/www.pravo.unizg.hr\/medunarodna-suradnja\/mobilnost-nastavnog-osoblja\/"},{"@type":"ListItem","position":4,"name":"Erasmus+"}]},{"@type":"WebSite","@id":"https:\/\/www.pravo.unizg.hr\/#website","url":"https:\/\/www.pravo.unizg.hr\/","name":"Faculty of law","description":"","potentialAction":[{"@type":"SearchAction","target":{"@type":"EntryPoint","urlTemplate":"https:\/\/www.pravo.unizg.hr\/?s={search_term_string}"},"query-input":"required name=search_term_string"}],"inLanguage":"en-US"}]}},"_links":{"self":[{"href":"https:\/\/www.pravo.unizg.hr\/en\/wp-json\/wp\/v2\/pages\/7571","targetHints":{"allow":["GET"]}}],"collection":[{"href":"https:\/\/www.pravo.unizg.hr\/en\/wp-json\/wp\/v2\/pages"}],"about":[{"href":"https:\/\/www.pravo.unizg.hr\/en\/wp-json\/wp\/v2\/types\/page"}],"author":[{"embeddable":true,"href":"https:\/\/www.pravo.unizg.hr\/en\/wp-json\/wp\/v2\/users\/511"}],"replies":[{"embeddable":true,"href":"https:\/\/www.pravo.unizg.hr\/en\/wp-json\/wp\/v2\/comments?post=7571"}],"version-history":[{"count":12,"href":"https:\/\/www.pravo.unizg.hr\/en\/wp-json\/wp\/v2\/pages\/7571\/revisions"}],"predecessor-version":[{"id":29181,"href":"https:\/\/www.pravo.unizg.hr\/en\/wp-json\/wp\/v2\/pages\/7571\/revisions\/29181"}],"up":[{"embeddable":true,"href":"https:\/\/www.pravo.unizg.hr\/en\/wp-json\/wp\/v2\/pages\/7569"}],"wp:attachment":[{"href":"https:\/\/www.pravo.unizg.hr\/en\/wp-json\/wp\/v2\/media?parent=7571"}],"curies":[{"name":"wp","href":"https:\/\/api.w.org\/{rel}","templated":true}]}}