{"id":7567,"date":"2023-04-19T10:53:30","date_gmt":"2023-04-19T08:53:30","guid":{"rendered":"https:\/\/www.pravo.unizg.hr\/?page_id=7567"},"modified":"2025-10-21T20:18:24","modified_gmt":"2025-10-21T19:18:24","slug":"ljetna-zimska-skola","status":"publish","type":"page","link":"https:\/\/www.pravo.unizg.hr\/en\/medunarodna-suradnja\/programi-medunarodne-mobilnosti\/ljetna-zimska-skola\/","title":{"rendered":"Ljetna\/zimska \u0161kola"},"content":{"rendered":"<p>Studenti Pravnog fakulteta u Zagrebu mogu me\u0111unarodno iskustvo i dodatne prilike<br \/>\nusavr\u0161avanja u me\u0111unarodnom okru\u017eenju stjecati i putem ljetnih i zimskih \u0161kola. <!--more-->Ljetne\/zimske \u0161kole podrazumijevaju kra\u0107i oblik mobilnosti studenata.<\/p>\n<p>VA\u017dNO &#8211; savjetujemo raspitati se kod organizatora postoji li povoljnija cijena za<br \/>\nsudjelovanje za studente partnerskih institucija!<\/p>\n","protected":false},"excerpt":{"rendered":"<p>Studenti Pravnog fakulteta u Zagrebu mogu me\u0111unarodno iskustvo i dodatne&#8230;<\/p>\n","protected":false},"author":511,"featured_media":0,"parent":7548,"menu_order":5,"comment_status":"closed","ping_status":"closed","template":"","meta":{"footnotes":""},"class_list":["post-7567","page","type-page","status-publish","hentry"],"pp_force_visibility":null,"pp_subpost_visibility":null,"pp_inherited_force_visibility":null,"pp_inherited_subpost_visibility":null,"acf":[],"yoast_head":"<!-- This site is optimized with the Yoast SEO plugin v20.1 - https:\/\/yoast.com\/wordpress\/plugins\/seo\/ -->\n<title>Ljetna\/zimska \u0161kola - Faculty of law<\/title>\n<meta name=\"description\" content=\"Ljetne\/zimske \u0161kole za studente donose mogu\u0107nost kra\u0107e mobilnosti tokom ljetnih i zimskih praznika u trajanju do 3, 4 tjedna.\" \/>\n<meta name=\"robots\" content=\"index, follow, max-snippet:-1, max-image-preview:large, max-video-preview:-1\" \/>\n<link rel=\"canonical\" href=\"https:\/\/www.pravo.unizg.hr\/medunarodna-suradnja\/programi-medunarodne-mobilnosti\/ljetna-zimska-skola\/\" \/>\n<meta property=\"og:locale\" content=\"en_US\" \/>\n<meta property=\"og:type\" content=\"article\" \/>\n<meta property=\"og:title\" content=\"Ljetna\/zimska \u0161kola - Faculty of law\" \/>\n<meta property=\"og:description\" content=\"Ljetne\/zimske \u0161kole za studente donose mogu\u0107nost kra\u0107e mobilnosti tokom ljetnih i zimskih praznika u trajanju do 3, 4 tjedna.\" \/>\n<meta property=\"og:url\" content=\"https:\/\/www.pravo.unizg.hr\/medunarodna-suradnja\/programi-medunarodne-mobilnosti\/ljetna-zimska-skola\/\" \/>\n<meta property=\"og:site_name\" content=\"Faculty of law\" \/>\n<meta property=\"article:modified_time\" content=\"2025-10-21T19:18:24+00:00\" \/>\n<meta name=\"twitter:card\" content=\"summary_large_image\" \/>\n<meta name=\"twitter:label1\" content=\"Est. reading time\" \/>\n\t<meta name=\"twitter:data1\" content=\"1 minute\" \/>\n<script type=\"application\/ld+json\" class=\"yoast-schema-graph\">{\"@context\":\"https:\/\/schema.org\",\"@graph\":[{\"@type\":\"WebPage\",\"@id\":\"https:\/\/www.pravo.unizg.hr\/medunarodna-suradnja\/programi-medunarodne-mobilnosti\/ljetna-zimska-skola\/\",\"url\":\"https:\/\/www.pravo.unizg.hr\/medunarodna-suradnja\/programi-medunarodne-mobilnosti\/ljetna-zimska-skola\/\",\"name\":\"Ljetna\/zimska \u0161kola - Faculty of law\",\"isPartOf\":{\"@id\":\"https:\/\/www.pravo.unizg.hr\/#website\"},\"datePublished\":\"2023-04-19T08:53:30+00:00\",\"dateModified\":\"2025-10-21T19:18:24+00:00\",\"description\":\"Ljetne\/zimske \u0161kole za studente donose mogu\u0107nost kra\u0107e mobilnosti tokom ljetnih i zimskih praznika u trajanju do 3, 4 tjedna.\",\"breadcrumb\":{\"@id\":\"https:\/\/www.pravo.unizg.hr\/medunarodna-suradnja\/programi-medunarodne-mobilnosti\/ljetna-zimska-skola\/#breadcrumb\"},\"inLanguage\":\"en-US\",\"potentialAction\":[{\"@type\":\"ReadAction\",\"target\":[\"https:\/\/www.pravo.unizg.hr\/medunarodna-suradnja\/programi-medunarodne-mobilnosti\/ljetna-zimska-skola\/\"]}]},{\"@type\":\"BreadcrumbList\",\"@id\":\"https:\/\/www.pravo.unizg.hr\/medunarodna-suradnja\/programi-medunarodne-mobilnosti\/ljetna-zimska-skola\/#breadcrumb\",\"itemListElement\":[{\"@type\":\"ListItem\",\"position\":1,\"name\":\"Homepage\",\"item\":\"https:\/\/www.pravo.unizg.hr\/en\/\"},{\"@type\":\"ListItem\",\"position\":2,\"name\":\"Me\u0111unarodna suradnja\",\"item\":\"https:\/\/www.pravo.unizg.hr\/medunarodna-suradnja\/\"},{\"@type\":\"ListItem\",\"position\":3,\"name\":\"Programi me\u0111unarodne mobilnosti za studente\",\"item\":\"https:\/\/www.pravo.unizg.hr\/medunarodna-suradnja\/programi-medunarodne-mobilnosti\/\"},{\"@type\":\"ListItem\",\"position\":4,\"name\":\"Ljetna\/zimska \u0161kola\"}]},{\"@type\":\"WebSite\",\"@id\":\"https:\/\/www.pravo.unizg.hr\/#website\",\"url\":\"https:\/\/www.pravo.unizg.hr\/\",\"name\":\"Faculty of law\",\"description\":\"\",\"potentialAction\":[{\"@type\":\"SearchAction\",\"target\":{\"@type\":\"EntryPoint\",\"urlTemplate\":\"https:\/\/www.pravo.unizg.hr\/?s={search_term_string}\"},\"query-input\":\"required name=search_term_string\"}],\"inLanguage\":\"en-US\"}]}<\/script>\n<!-- \/ Yoast SEO plugin. -->","yoast_head_json":{"title":"Ljetna\/zimska \u0161kola - Faculty of law","description":"Ljetne\/zimske \u0161kole za studente donose mogu\u0107nost kra\u0107e mobilnosti tokom ljetnih i zimskih praznika u trajanju do 3, 4 tjedna.","robots":{"index":"index","follow":"follow","max-snippet":"max-snippet:-1","max-image-preview":"max-image-preview:large","max-video-preview":"max-video-preview:-1"},"canonical":"https:\/\/www.pravo.unizg.hr\/medunarodna-suradnja\/programi-medunarodne-mobilnosti\/ljetna-zimska-skola\/","og_locale":"en_US","og_type":"article","og_title":"Ljetna\/zimska \u0161kola - Faculty of law","og_description":"Ljetne\/zimske \u0161kole za studente donose mogu\u0107nost kra\u0107e mobilnosti tokom ljetnih i zimskih praznika u trajanju do 3, 4 tjedna.","og_url":"https:\/\/www.pravo.unizg.hr\/medunarodna-suradnja\/programi-medunarodne-mobilnosti\/ljetna-zimska-skola\/","og_site_name":"Faculty of law","article_modified_time":"2025-10-21T19:18:24+00:00","twitter_card":"summary_large_image","twitter_misc":{"Est. reading time":"1 minute"},"schema":{"@context":"https:\/\/schema.org","@graph":[{"@type":"WebPage","@id":"https:\/\/www.pravo.unizg.hr\/medunarodna-suradnja\/programi-medunarodne-mobilnosti\/ljetna-zimska-skola\/","url":"https:\/\/www.pravo.unizg.hr\/medunarodna-suradnja\/programi-medunarodne-mobilnosti\/ljetna-zimska-skola\/","name":"Ljetna\/zimska \u0161kola - Faculty of law","isPartOf":{"@id":"https:\/\/www.pravo.unizg.hr\/#website"},"datePublished":"2023-04-19T08:53:30+00:00","dateModified":"2025-10-21T19:18:24+00:00","description":"Ljetne\/zimske \u0161kole za studente donose mogu\u0107nost kra\u0107e mobilnosti tokom ljetnih i zimskih praznika u trajanju do 3, 4 tjedna.","breadcrumb":{"@id":"https:\/\/www.pravo.unizg.hr\/medunarodna-suradnja\/programi-medunarodne-mobilnosti\/ljetna-zimska-skola\/#breadcrumb"},"inLanguage":"en-US","potentialAction":[{"@type":"ReadAction","target":["https:\/\/www.pravo.unizg.hr\/medunarodna-suradnja\/programi-medunarodne-mobilnosti\/ljetna-zimska-skola\/"]}]},{"@type":"BreadcrumbList","@id":"https:\/\/www.pravo.unizg.hr\/medunarodna-suradnja\/programi-medunarodne-mobilnosti\/ljetna-zimska-skola\/#breadcrumb","itemListElement":[{"@type":"ListItem","position":1,"name":"Homepage","item":"https:\/\/www.pravo.unizg.hr\/en\/"},{"@type":"ListItem","position":2,"name":"Me\u0111unarodna suradnja","item":"https:\/\/www.pravo.unizg.hr\/medunarodna-suradnja\/"},{"@type":"ListItem","position":3,"name":"Programi me\u0111unarodne mobilnosti za studente","item":"https:\/\/www.pravo.unizg.hr\/medunarodna-suradnja\/programi-medunarodne-mobilnosti\/"},{"@type":"ListItem","position":4,"name":"Ljetna\/zimska \u0161kola"}]},{"@type":"WebSite","@id":"https:\/\/www.pravo.unizg.hr\/#website","url":"https:\/\/www.pravo.unizg.hr\/","name":"Faculty of law","description":"","potentialAction":[{"@type":"SearchAction","target":{"@type":"EntryPoint","urlTemplate":"https:\/\/www.pravo.unizg.hr\/?s={search_term_string}"},"query-input":"required name=search_term_string"}],"inLanguage":"en-US"}]}},"_links":{"self":[{"href":"https:\/\/www.pravo.unizg.hr\/en\/wp-json\/wp\/v2\/pages\/7567","targetHints":{"allow":["GET"]}}],"collection":[{"href":"https:\/\/www.pravo.unizg.hr\/en\/wp-json\/wp\/v2\/pages"}],"about":[{"href":"https:\/\/www.pravo.unizg.hr\/en\/wp-json\/wp\/v2\/types\/page"}],"author":[{"embeddable":true,"href":"https:\/\/www.pravo.unizg.hr\/en\/wp-json\/wp\/v2\/users\/511"}],"replies":[{"embeddable":true,"href":"https:\/\/www.pravo.unizg.hr\/en\/wp-json\/wp\/v2\/comments?post=7567"}],"version-history":[{"count":8,"href":"https:\/\/www.pravo.unizg.hr\/en\/wp-json\/wp\/v2\/pages\/7567\/revisions"}],"predecessor-version":[{"id":29177,"href":"https:\/\/www.pravo.unizg.hr\/en\/wp-json\/wp\/v2\/pages\/7567\/revisions\/29177"}],"up":[{"embeddable":true,"href":"https:\/\/www.pravo.unizg.hr\/en\/wp-json\/wp\/v2\/pages\/7548"}],"wp:attachment":[{"href":"https:\/\/www.pravo.unizg.hr\/en\/wp-json\/wp\/v2\/media?parent=7567"}],"curies":[{"name":"wp","href":"https:\/\/api.w.org\/{rel}","templated":true}]}}