{"id":7555,"date":"2023-04-19T10:43:09","date_gmt":"2023-04-19T08:43:09","guid":{"rendered":"https:\/\/www.pravo.unizg.hr\/?page_id=7555"},"modified":"2025-10-21T20:14:21","modified_gmt":"2025-10-21T19:14:21","slug":"ceepus","status":"publish","type":"page","link":"https:\/\/www.pravo.unizg.hr\/en\/medunarodna-suradnja\/programi-medunarodne-mobilnosti\/ceepus\/","title":{"rendered":"CEEPUS"},"content":{"rendered":"<p>CEEPUS (Central European Exchange Program for University Studies) je program<br \/>\nakademske razmjene studenata srednje i isto\u010dne Europe koji se odvija na temelju vi\u0161estranog<br \/>\nme\u0111udr\u017eavnog Ugovora o uspostavljanju suradnje u podru\u010dju obrazovanja i usavr\u0161avanja.<\/p>\n<p>&nbsp;<\/p>\n","protected":false},"excerpt":{"rendered":"<p>CEEPUS (Central European Exchange Program for University Studies) je program&#8230;<\/p>\n","protected":false},"author":511,"featured_media":0,"parent":7548,"menu_order":2,"comment_status":"closed","ping_status":"closed","template":"","meta":{"footnotes":""},"class_list":["post-7555","page","type-page","status-publish","hentry"],"pp_force_visibility":null,"pp_subpost_visibility":null,"pp_inherited_force_visibility":null,"pp_inherited_subpost_visibility":null,"acf":[],"yoast_head":"<!-- This site is optimized with the Yoast SEO plugin v20.1 - https:\/\/yoast.com\/wordpress\/plugins\/seo\/ -->\n<title>CEEPUS - Faculty of law<\/title>\n<meta name=\"description\" content=\"CEEPUS (Central European Exchange Program for University Studies) je program akademske razmjene studenata srednje i isto\u010dne Europe.\" \/>\n<meta name=\"robots\" content=\"index, follow, max-snippet:-1, max-image-preview:large, max-video-preview:-1\" \/>\n<link rel=\"canonical\" href=\"https:\/\/www.pravo.unizg.hr\/medunarodna-suradnja\/programi-medunarodne-mobilnosti\/ceepus\/\" \/>\n<meta property=\"og:locale\" content=\"en_US\" \/>\n<meta property=\"og:type\" content=\"article\" \/>\n<meta property=\"og:title\" content=\"CEEPUS - Faculty of law\" \/>\n<meta property=\"og:description\" content=\"CEEPUS (Central European Exchange Program for University Studies) je program akademske razmjene studenata srednje i isto\u010dne Europe.\" \/>\n<meta property=\"og:url\" content=\"https:\/\/www.pravo.unizg.hr\/medunarodna-suradnja\/programi-medunarodne-mobilnosti\/ceepus\/\" \/>\n<meta property=\"og:site_name\" content=\"Faculty of law\" \/>\n<meta property=\"article:modified_time\" content=\"2025-10-21T19:14:21+00:00\" \/>\n<meta name=\"twitter:card\" content=\"summary_large_image\" \/>\n<meta name=\"twitter:label1\" content=\"Est. reading time\" \/>\n\t<meta name=\"twitter:data1\" content=\"1 minute\" \/>\n<script type=\"application\/ld+json\" class=\"yoast-schema-graph\">{\"@context\":\"https:\/\/schema.org\",\"@graph\":[{\"@type\":\"WebPage\",\"@id\":\"https:\/\/www.pravo.unizg.hr\/medunarodna-suradnja\/programi-medunarodne-mobilnosti\/ceepus\/\",\"url\":\"https:\/\/www.pravo.unizg.hr\/medunarodna-suradnja\/programi-medunarodne-mobilnosti\/ceepus\/\",\"name\":\"CEEPUS - Faculty of law\",\"isPartOf\":{\"@id\":\"https:\/\/www.pravo.unizg.hr\/#website\"},\"datePublished\":\"2023-04-19T08:43:09+00:00\",\"dateModified\":\"2025-10-21T19:14:21+00:00\",\"description\":\"CEEPUS (Central European Exchange Program for University Studies) je program akademske razmjene studenata srednje i isto\u010dne Europe.\",\"breadcrumb\":{\"@id\":\"https:\/\/www.pravo.unizg.hr\/medunarodna-suradnja\/programi-medunarodne-mobilnosti\/ceepus\/#breadcrumb\"},\"inLanguage\":\"en-US\",\"potentialAction\":[{\"@type\":\"ReadAction\",\"target\":[\"https:\/\/www.pravo.unizg.hr\/medunarodna-suradnja\/programi-medunarodne-mobilnosti\/ceepus\/\"]}]},{\"@type\":\"BreadcrumbList\",\"@id\":\"https:\/\/www.pravo.unizg.hr\/medunarodna-suradnja\/programi-medunarodne-mobilnosti\/ceepus\/#breadcrumb\",\"itemListElement\":[{\"@type\":\"ListItem\",\"position\":1,\"name\":\"Homepage\",\"item\":\"https:\/\/www.pravo.unizg.hr\/en\/\"},{\"@type\":\"ListItem\",\"position\":2,\"name\":\"Me\u0111unarodna suradnja\",\"item\":\"https:\/\/www.pravo.unizg.hr\/medunarodna-suradnja\/\"},{\"@type\":\"ListItem\",\"position\":3,\"name\":\"Programi me\u0111unarodne mobilnosti za studente\",\"item\":\"https:\/\/www.pravo.unizg.hr\/medunarodna-suradnja\/programi-medunarodne-mobilnosti\/\"},{\"@type\":\"ListItem\",\"position\":4,\"name\":\"CEEPUS\"}]},{\"@type\":\"WebSite\",\"@id\":\"https:\/\/www.pravo.unizg.hr\/#website\",\"url\":\"https:\/\/www.pravo.unizg.hr\/\",\"name\":\"Faculty of law\",\"description\":\"\",\"potentialAction\":[{\"@type\":\"SearchAction\",\"target\":{\"@type\":\"EntryPoint\",\"urlTemplate\":\"https:\/\/www.pravo.unizg.hr\/?s={search_term_string}\"},\"query-input\":\"required name=search_term_string\"}],\"inLanguage\":\"en-US\"}]}<\/script>\n<!-- \/ Yoast SEO plugin. -->","yoast_head_json":{"title":"CEEPUS - Faculty of law","description":"CEEPUS (Central European Exchange Program for University Studies) je program akademske razmjene studenata srednje i isto\u010dne Europe.","robots":{"index":"index","follow":"follow","max-snippet":"max-snippet:-1","max-image-preview":"max-image-preview:large","max-video-preview":"max-video-preview:-1"},"canonical":"https:\/\/www.pravo.unizg.hr\/medunarodna-suradnja\/programi-medunarodne-mobilnosti\/ceepus\/","og_locale":"en_US","og_type":"article","og_title":"CEEPUS - Faculty of law","og_description":"CEEPUS (Central European Exchange Program for University Studies) je program akademske razmjene studenata srednje i isto\u010dne Europe.","og_url":"https:\/\/www.pravo.unizg.hr\/medunarodna-suradnja\/programi-medunarodne-mobilnosti\/ceepus\/","og_site_name":"Faculty of law","article_modified_time":"2025-10-21T19:14:21+00:00","twitter_card":"summary_large_image","twitter_misc":{"Est. reading time":"1 minute"},"schema":{"@context":"https:\/\/schema.org","@graph":[{"@type":"WebPage","@id":"https:\/\/www.pravo.unizg.hr\/medunarodna-suradnja\/programi-medunarodne-mobilnosti\/ceepus\/","url":"https:\/\/www.pravo.unizg.hr\/medunarodna-suradnja\/programi-medunarodne-mobilnosti\/ceepus\/","name":"CEEPUS - Faculty of law","isPartOf":{"@id":"https:\/\/www.pravo.unizg.hr\/#website"},"datePublished":"2023-04-19T08:43:09+00:00","dateModified":"2025-10-21T19:14:21+00:00","description":"CEEPUS (Central European Exchange Program for University Studies) je program akademske razmjene studenata srednje i isto\u010dne Europe.","breadcrumb":{"@id":"https:\/\/www.pravo.unizg.hr\/medunarodna-suradnja\/programi-medunarodne-mobilnosti\/ceepus\/#breadcrumb"},"inLanguage":"en-US","potentialAction":[{"@type":"ReadAction","target":["https:\/\/www.pravo.unizg.hr\/medunarodna-suradnja\/programi-medunarodne-mobilnosti\/ceepus\/"]}]},{"@type":"BreadcrumbList","@id":"https:\/\/www.pravo.unizg.hr\/medunarodna-suradnja\/programi-medunarodne-mobilnosti\/ceepus\/#breadcrumb","itemListElement":[{"@type":"ListItem","position":1,"name":"Homepage","item":"https:\/\/www.pravo.unizg.hr\/en\/"},{"@type":"ListItem","position":2,"name":"Me\u0111unarodna suradnja","item":"https:\/\/www.pravo.unizg.hr\/medunarodna-suradnja\/"},{"@type":"ListItem","position":3,"name":"Programi me\u0111unarodne mobilnosti za studente","item":"https:\/\/www.pravo.unizg.hr\/medunarodna-suradnja\/programi-medunarodne-mobilnosti\/"},{"@type":"ListItem","position":4,"name":"CEEPUS"}]},{"@type":"WebSite","@id":"https:\/\/www.pravo.unizg.hr\/#website","url":"https:\/\/www.pravo.unizg.hr\/","name":"Faculty of law","description":"","potentialAction":[{"@type":"SearchAction","target":{"@type":"EntryPoint","urlTemplate":"https:\/\/www.pravo.unizg.hr\/?s={search_term_string}"},"query-input":"required name=search_term_string"}],"inLanguage":"en-US"}]}},"_links":{"self":[{"href":"https:\/\/www.pravo.unizg.hr\/en\/wp-json\/wp\/v2\/pages\/7555","targetHints":{"allow":["GET"]}}],"collection":[{"href":"https:\/\/www.pravo.unizg.hr\/en\/wp-json\/wp\/v2\/pages"}],"about":[{"href":"https:\/\/www.pravo.unizg.hr\/en\/wp-json\/wp\/v2\/types\/page"}],"author":[{"embeddable":true,"href":"https:\/\/www.pravo.unizg.hr\/en\/wp-json\/wp\/v2\/users\/511"}],"replies":[{"embeddable":true,"href":"https:\/\/www.pravo.unizg.hr\/en\/wp-json\/wp\/v2\/comments?post=7555"}],"version-history":[{"count":7,"href":"https:\/\/www.pravo.unizg.hr\/en\/wp-json\/wp\/v2\/pages\/7555\/revisions"}],"predecessor-version":[{"id":29174,"href":"https:\/\/www.pravo.unizg.hr\/en\/wp-json\/wp\/v2\/pages\/7555\/revisions\/29174"}],"up":[{"embeddable":true,"href":"https:\/\/www.pravo.unizg.hr\/en\/wp-json\/wp\/v2\/pages\/7548"}],"wp:attachment":[{"href":"https:\/\/www.pravo.unizg.hr\/en\/wp-json\/wp\/v2\/media?parent=7555"}],"curies":[{"name":"wp","href":"https:\/\/api.w.org\/{rel}","templated":true}]}}