{"id":7548,"date":"2023-04-19T10:33:09","date_gmt":"2023-04-19T08:33:09","guid":{"rendered":"https:\/\/www.pravo.unizg.hr\/?page_id=7548"},"modified":"2025-10-21T20:07:54","modified_gmt":"2025-10-21T19:07:54","slug":"programi-medunarodne-mobilnosti","status":"publish","type":"page","link":"https:\/\/www.pravo.unizg.hr\/en\/medunarodna-suradnja\/programi-medunarodne-mobilnosti\/","title":{"rendered":"Programi me\u0111unarodne mobilnosti za studente"},"content":{"rendered":"<p>Me\u0111unarodna mobilnost tijekom studiranja smatra se va\u017enom programskom komponentom<br \/>\n\u0161to potvr\u0111uju sve studije, stoga je sve vi\u0161e visokih u\u010dili\u0161ta u svijetu koji poti\u010du me\u0111unarodnu<br \/>\nrazmjenu.<br \/>\nOsim \u0161to studenti mogu ste\u0107i neprocjenjivo iskustvo studiranja i\/ili rada u inozemstvu i \u017eivota<br \/>\nu internacionalnom okru\u017eenju, stjecanje me\u0111unarodnog iskustva \u010desto je prednost pri<br \/>\nzapo\u0161ljavanju. Me\u0111unarodno iskustvo pridonosi ve\u0107oj samostalnosti studenata, kulturnoj<br \/>\noboga\u0107enosti, poznavanju stranih jezika i sposobnosti rada te snala\u017eenja u multikulturalnim<br \/>\nsredinama.<\/p>\n<p>Postoje razli\u010diti programi mobilnosti studenata:<\/p>\n<ul>\n<li>Erasmus+ studijski boravak<\/li>\n<li>Erasmus+ stru\u010dna praksa<\/li>\n<li>CEEPUS<\/li>\n<li>UNIZG bilaterala<\/li>\n<li>Freemover<\/li>\n<li>Ljetne\/zimske \u0161kole<\/li>\n<\/ul>\n","protected":false},"excerpt":{"rendered":"<p>Me\u0111unarodna mobilnost tijekom studiranja smatra se va\u017enom programskom komponentom \u0161to&#8230;<\/p>\n","protected":false},"author":511,"featured_media":0,"parent":99,"menu_order":2,"comment_status":"closed","ping_status":"closed","template":"","meta":{"footnotes":""},"class_list":["post-7548","page","type-page","status-publish","hentry"],"pp_force_visibility":null,"pp_subpost_visibility":null,"pp_inherited_force_visibility":null,"pp_inherited_subpost_visibility":null,"acf":[],"yoast_head":"<!-- This site is optimized with the Yoast SEO plugin v20.1 - https:\/\/yoast.com\/wordpress\/plugins\/seo\/ -->\n<title>Programi me\u0111unarodne mobilnosti za studente - Faculty of law<\/title>\n<meta name=\"description\" content=\"Programi mobilnosti studenata: Erasmus+ studijski boravak, Erasmus+ stru\u010dna praksa, CEEPUS, UNIZG bilaterala, Freemover, Ljetne\/zimske \u0161kole.\" \/>\n<meta name=\"robots\" content=\"index, follow, max-snippet:-1, max-image-preview:large, max-video-preview:-1\" \/>\n<link rel=\"canonical\" href=\"https:\/\/www.pravo.unizg.hr\/medunarodna-suradnja\/programi-medunarodne-mobilnosti\/\" \/>\n<meta property=\"og:locale\" content=\"en_US\" \/>\n<meta property=\"og:type\" content=\"article\" \/>\n<meta property=\"og:title\" content=\"Programi me\u0111unarodne mobilnosti za studente - Faculty of law\" \/>\n<meta property=\"og:description\" content=\"Programi mobilnosti studenata: Erasmus+ studijski boravak, Erasmus+ stru\u010dna praksa, CEEPUS, UNIZG bilaterala, Freemover, Ljetne\/zimske \u0161kole.\" \/>\n<meta property=\"og:url\" content=\"https:\/\/www.pravo.unizg.hr\/medunarodna-suradnja\/programi-medunarodne-mobilnosti\/\" \/>\n<meta property=\"og:site_name\" content=\"Faculty of law\" \/>\n<meta property=\"article:modified_time\" content=\"2025-10-21T19:07:54+00:00\" \/>\n<meta name=\"twitter:card\" content=\"summary_large_image\" \/>\n<meta name=\"twitter:label1\" content=\"Est. reading time\" \/>\n\t<meta name=\"twitter:data1\" content=\"1 minute\" \/>\n<script type=\"application\/ld+json\" class=\"yoast-schema-graph\">{\"@context\":\"https:\/\/schema.org\",\"@graph\":[{\"@type\":\"WebPage\",\"@id\":\"https:\/\/www.pravo.unizg.hr\/medunarodna-suradnja\/programi-medunarodne-mobilnosti\/\",\"url\":\"https:\/\/www.pravo.unizg.hr\/medunarodna-suradnja\/programi-medunarodne-mobilnosti\/\",\"name\":\"Programi me\u0111unarodne mobilnosti za studente - Faculty of law\",\"isPartOf\":{\"@id\":\"https:\/\/www.pravo.unizg.hr\/#website\"},\"datePublished\":\"2023-04-19T08:33:09+00:00\",\"dateModified\":\"2025-10-21T19:07:54+00:00\",\"description\":\"Programi mobilnosti studenata: Erasmus+ studijski boravak, Erasmus+ stru\u010dna praksa, CEEPUS, UNIZG bilaterala, Freemover, Ljetne\/zimske \u0161kole.\",\"breadcrumb\":{\"@id\":\"https:\/\/www.pravo.unizg.hr\/medunarodna-suradnja\/programi-medunarodne-mobilnosti\/#breadcrumb\"},\"inLanguage\":\"en-US\",\"potentialAction\":[{\"@type\":\"ReadAction\",\"target\":[\"https:\/\/www.pravo.unizg.hr\/medunarodna-suradnja\/programi-medunarodne-mobilnosti\/\"]}]},{\"@type\":\"BreadcrumbList\",\"@id\":\"https:\/\/www.pravo.unizg.hr\/medunarodna-suradnja\/programi-medunarodne-mobilnosti\/#breadcrumb\",\"itemListElement\":[{\"@type\":\"ListItem\",\"position\":1,\"name\":\"Homepage\",\"item\":\"https:\/\/www.pravo.unizg.hr\/en\/\"},{\"@type\":\"ListItem\",\"position\":2,\"name\":\"Me\u0111unarodna suradnja\",\"item\":\"https:\/\/www.pravo.unizg.hr\/medunarodna-suradnja\/\"},{\"@type\":\"ListItem\",\"position\":3,\"name\":\"Programi me\u0111unarodne mobilnosti za studente\"}]},{\"@type\":\"WebSite\",\"@id\":\"https:\/\/www.pravo.unizg.hr\/#website\",\"url\":\"https:\/\/www.pravo.unizg.hr\/\",\"name\":\"Faculty of law\",\"description\":\"\",\"potentialAction\":[{\"@type\":\"SearchAction\",\"target\":{\"@type\":\"EntryPoint\",\"urlTemplate\":\"https:\/\/www.pravo.unizg.hr\/?s={search_term_string}\"},\"query-input\":\"required name=search_term_string\"}],\"inLanguage\":\"en-US\"}]}<\/script>\n<!-- \/ Yoast SEO plugin. -->","yoast_head_json":{"title":"Programi me\u0111unarodne mobilnosti za studente - Faculty of law","description":"Programi mobilnosti studenata: Erasmus+ studijski boravak, Erasmus+ stru\u010dna praksa, CEEPUS, UNIZG bilaterala, Freemover, Ljetne\/zimske \u0161kole.","robots":{"index":"index","follow":"follow","max-snippet":"max-snippet:-1","max-image-preview":"max-image-preview:large","max-video-preview":"max-video-preview:-1"},"canonical":"https:\/\/www.pravo.unizg.hr\/medunarodna-suradnja\/programi-medunarodne-mobilnosti\/","og_locale":"en_US","og_type":"article","og_title":"Programi me\u0111unarodne mobilnosti za studente - Faculty of law","og_description":"Programi mobilnosti studenata: Erasmus+ studijski boravak, Erasmus+ stru\u010dna praksa, CEEPUS, UNIZG bilaterala, Freemover, Ljetne\/zimske \u0161kole.","og_url":"https:\/\/www.pravo.unizg.hr\/medunarodna-suradnja\/programi-medunarodne-mobilnosti\/","og_site_name":"Faculty of law","article_modified_time":"2025-10-21T19:07:54+00:00","twitter_card":"summary_large_image","twitter_misc":{"Est. reading time":"1 minute"},"schema":{"@context":"https:\/\/schema.org","@graph":[{"@type":"WebPage","@id":"https:\/\/www.pravo.unizg.hr\/medunarodna-suradnja\/programi-medunarodne-mobilnosti\/","url":"https:\/\/www.pravo.unizg.hr\/medunarodna-suradnja\/programi-medunarodne-mobilnosti\/","name":"Programi me\u0111unarodne mobilnosti za studente - Faculty of law","isPartOf":{"@id":"https:\/\/www.pravo.unizg.hr\/#website"},"datePublished":"2023-04-19T08:33:09+00:00","dateModified":"2025-10-21T19:07:54+00:00","description":"Programi mobilnosti studenata: Erasmus+ studijski boravak, Erasmus+ stru\u010dna praksa, CEEPUS, UNIZG bilaterala, Freemover, Ljetne\/zimske \u0161kole.","breadcrumb":{"@id":"https:\/\/www.pravo.unizg.hr\/medunarodna-suradnja\/programi-medunarodne-mobilnosti\/#breadcrumb"},"inLanguage":"en-US","potentialAction":[{"@type":"ReadAction","target":["https:\/\/www.pravo.unizg.hr\/medunarodna-suradnja\/programi-medunarodne-mobilnosti\/"]}]},{"@type":"BreadcrumbList","@id":"https:\/\/www.pravo.unizg.hr\/medunarodna-suradnja\/programi-medunarodne-mobilnosti\/#breadcrumb","itemListElement":[{"@type":"ListItem","position":1,"name":"Homepage","item":"https:\/\/www.pravo.unizg.hr\/en\/"},{"@type":"ListItem","position":2,"name":"Me\u0111unarodna suradnja","item":"https:\/\/www.pravo.unizg.hr\/medunarodna-suradnja\/"},{"@type":"ListItem","position":3,"name":"Programi me\u0111unarodne mobilnosti za studente"}]},{"@type":"WebSite","@id":"https:\/\/www.pravo.unizg.hr\/#website","url":"https:\/\/www.pravo.unizg.hr\/","name":"Faculty of law","description":"","potentialAction":[{"@type":"SearchAction","target":{"@type":"EntryPoint","urlTemplate":"https:\/\/www.pravo.unizg.hr\/?s={search_term_string}"},"query-input":"required name=search_term_string"}],"inLanguage":"en-US"}]}},"_links":{"self":[{"href":"https:\/\/www.pravo.unizg.hr\/en\/wp-json\/wp\/v2\/pages\/7548","targetHints":{"allow":["GET"]}}],"collection":[{"href":"https:\/\/www.pravo.unizg.hr\/en\/wp-json\/wp\/v2\/pages"}],"about":[{"href":"https:\/\/www.pravo.unizg.hr\/en\/wp-json\/wp\/v2\/types\/page"}],"author":[{"embeddable":true,"href":"https:\/\/www.pravo.unizg.hr\/en\/wp-json\/wp\/v2\/users\/511"}],"replies":[{"embeddable":true,"href":"https:\/\/www.pravo.unizg.hr\/en\/wp-json\/wp\/v2\/comments?post=7548"}],"version-history":[{"count":15,"href":"https:\/\/www.pravo.unizg.hr\/en\/wp-json\/wp\/v2\/pages\/7548\/revisions"}],"predecessor-version":[{"id":29170,"href":"https:\/\/www.pravo.unizg.hr\/en\/wp-json\/wp\/v2\/pages\/7548\/revisions\/29170"}],"up":[{"embeddable":true,"href":"https:\/\/www.pravo.unizg.hr\/en\/wp-json\/wp\/v2\/pages\/99"}],"wp:attachment":[{"href":"https:\/\/www.pravo.unizg.hr\/en\/wp-json\/wp\/v2\/media?parent=7548"}],"curies":[{"name":"wp","href":"https:\/\/api.w.org\/{rel}","templated":true}]}}