{"id":7545,"date":"2023-04-19T10:30:58","date_gmt":"2023-04-19T08:30:58","guid":{"rendered":"https:\/\/www.pravo.unizg.hr\/?page_id=7545"},"modified":"2024-09-27T11:47:57","modified_gmt":"2024-09-27T10:47:57","slug":"mreza-partnerskih-sveucilista","status":"publish","type":"page","link":"https:\/\/www.pravo.unizg.hr\/en\/medunarodna-suradnja\/mreza-partnerskih-sveucilista\/","title":{"rendered":"Mre\u017ea partnerskih sveu\u010dili\u0161ta"},"content":{"rendered":"<p>Pravni fakultet Sveu\u010dili\u0161ta u Zagrebu potpisao je Erasmus+ sporazume s velikim brojem sveu\u010dili\u0161ta zbog toga \u0161to me\u0111uinstitucionalna mobilnost i suradnja predstavlja prednost kako za studente, tako i za zaposlenike fakulteta (nastavno i nenastavno osoblje).<\/p>\n<p>Temelj uspje\u0161nih aktivnosti Erasmus mobilnosti (tj. studiranje i stru\u010dna praksa u slu\u010daju mobilnosti studenata te nastava i dodatno obu\u010davanje za mobilnost osoblja) le\u017ei u bliskoj i aktivnoj suradnji koja se razvija izme\u0111u institucija koje su nositelji Erasmus povelje o visokom obrazovanju prije potpisivanja me\u0111uinstitucionalnih sporazuma.<\/p>\n<ul>\n<li><a href=\"https:\/\/www.pravo.unizg.hr\/wp-content\/uploads\/2024\/09\/PRAVO_Eplus_exchanges_SMS_2024_25.pdf\" target=\"_blank\" rel=\"noopener\">Popis partnerskih sveu\u010dili\u0161ta &#8211; akad. god. 2024.\/2025.<\/a><\/li>\n<\/ul>\n<p>&nbsp;<\/p>\n<p><strong>Erasmus+ sporazumi &#8211; partnerske institucije<\/strong><\/p>\n<p>Na karti mo\u017eete prona\u0107i sve institucije koje nude Erasmus + mobilnost za studente i osoblje Pravnog fakulteta. Ove ustanove ozna\u010dene su crvenom bojom.<\/p>\n<p>(<em>Potpuni popis institucija koje nude Erasmus + mobilnost za studente i osoblje nalazi se sljede\u0107oj <a href=\"https:\/\/www.unizg.hr\/fileadmin\/rektorat\/Suradnja\/Medunarodna_razmjena\/Studenata\/Erasmus_SMS\/2024_25\/PRAVO_Eplus_exchanges_SMS_2024_25_novo.pdf\" target=\"_blank\" rel=\"noopener\">poveznici<\/a>.<\/em>)<\/p>\n<p><strong>Bilateralni sporazumi (*ostali sporazumi) &#8211; partnerske institucije<\/strong><\/p>\n<p>Na karti mo\u017eete prona\u0107i sve institucije koje nude druge vrste mobilnosti za studente\/ice i osoblje Pravnog fakulteta. Ove ustanove ozna\u010dene su plavom bojom.<\/p>\n<p>&nbsp;<\/p>\n<p><iframe loading=\"lazy\" src=\"https:\/\/www.google.com\/maps\/d\/embed?mid=1kiFApiyM7ZkiNSa5_3pMK2tCIPgX-6vW\" width=\"100%\" height=\"480\"><\/iframe><\/p>\n","protected":false},"excerpt":{"rendered":"<p>Pravni fakultet Sveu\u010dili\u0161ta u Zagrebu potpisao je Erasmus+ sporazume s&#8230;<\/p>\n","protected":false},"author":511,"featured_media":0,"parent":99,"menu_order":1,"comment_status":"closed","ping_status":"closed","template":"","meta":{"footnotes":""},"class_list":["post-7545","page","type-page","status-publish","hentry"],"pp_force_visibility":null,"pp_subpost_visibility":null,"pp_inherited_force_visibility":null,"pp_inherited_subpost_visibility":null,"acf":[],"yoast_head":"<!-- This site is optimized with the Yoast SEO plugin v20.1 - https:\/\/yoast.com\/wordpress\/plugins\/seo\/ -->\n<title>Mre\u017ea partnerskih sveu\u010dili\u0161ta - Faculty of law<\/title>\n<meta name=\"description\" content=\"Na ovoj stranici mo\u017eete prona\u0107i sve institucije koje nude Erasmus + mobilnost za studente i osoblje Pravnog fakulteta u Zagrebu.\" \/>\n<meta name=\"robots\" content=\"index, follow, max-snippet:-1, max-image-preview:large, max-video-preview:-1\" \/>\n<link rel=\"canonical\" href=\"https:\/\/www.pravo.unizg.hr\/medunarodna-suradnja\/mreza-partnerskih-sveucilista\/\" \/>\n<meta property=\"og:locale\" content=\"en_US\" \/>\n<meta property=\"og:type\" content=\"article\" \/>\n<meta property=\"og:title\" content=\"Mre\u017ea partnerskih sveu\u010dili\u0161ta - Faculty of law\" \/>\n<meta property=\"og:description\" content=\"Na ovoj stranici mo\u017eete prona\u0107i sve institucije koje nude Erasmus + mobilnost za studente i osoblje Pravnog fakulteta u Zagrebu.\" \/>\n<meta property=\"og:url\" content=\"https:\/\/www.pravo.unizg.hr\/medunarodna-suradnja\/mreza-partnerskih-sveucilista\/\" \/>\n<meta property=\"og:site_name\" content=\"Faculty of law\" \/>\n<meta property=\"article:modified_time\" content=\"2024-09-27T10:47:57+00:00\" \/>\n<meta name=\"twitter:card\" content=\"summary_large_image\" \/>\n<meta name=\"twitter:label1\" content=\"Est. reading time\" \/>\n\t<meta name=\"twitter:data1\" content=\"1 minute\" \/>\n<script type=\"application\/ld+json\" class=\"yoast-schema-graph\">{\"@context\":\"https:\/\/schema.org\",\"@graph\":[{\"@type\":\"WebPage\",\"@id\":\"https:\/\/www.pravo.unizg.hr\/medunarodna-suradnja\/mreza-partnerskih-sveucilista\/\",\"url\":\"https:\/\/www.pravo.unizg.hr\/medunarodna-suradnja\/mreza-partnerskih-sveucilista\/\",\"name\":\"Mre\u017ea partnerskih sveu\u010dili\u0161ta - Faculty of law\",\"isPartOf\":{\"@id\":\"https:\/\/www.pravo.unizg.hr\/#website\"},\"datePublished\":\"2023-04-19T08:30:58+00:00\",\"dateModified\":\"2024-09-27T10:47:57+00:00\",\"description\":\"Na ovoj stranici mo\u017eete prona\u0107i sve institucije koje nude Erasmus + mobilnost za studente i osoblje Pravnog fakulteta u Zagrebu.\",\"breadcrumb\":{\"@id\":\"https:\/\/www.pravo.unizg.hr\/medunarodna-suradnja\/mreza-partnerskih-sveucilista\/#breadcrumb\"},\"inLanguage\":\"en-US\",\"potentialAction\":[{\"@type\":\"ReadAction\",\"target\":[\"https:\/\/www.pravo.unizg.hr\/medunarodna-suradnja\/mreza-partnerskih-sveucilista\/\"]}]},{\"@type\":\"BreadcrumbList\",\"@id\":\"https:\/\/www.pravo.unizg.hr\/medunarodna-suradnja\/mreza-partnerskih-sveucilista\/#breadcrumb\",\"itemListElement\":[{\"@type\":\"ListItem\",\"position\":1,\"name\":\"Homepage\",\"item\":\"https:\/\/www.pravo.unizg.hr\/en\/\"},{\"@type\":\"ListItem\",\"position\":2,\"name\":\"Me\u0111unarodna suradnja\",\"item\":\"https:\/\/www.pravo.unizg.hr\/medunarodna-suradnja\/\"},{\"@type\":\"ListItem\",\"position\":3,\"name\":\"Mre\u017ea partnerskih sveu\u010dili\u0161ta\"}]},{\"@type\":\"WebSite\",\"@id\":\"https:\/\/www.pravo.unizg.hr\/#website\",\"url\":\"https:\/\/www.pravo.unizg.hr\/\",\"name\":\"Faculty of law\",\"description\":\"\",\"potentialAction\":[{\"@type\":\"SearchAction\",\"target\":{\"@type\":\"EntryPoint\",\"urlTemplate\":\"https:\/\/www.pravo.unizg.hr\/?s={search_term_string}\"},\"query-input\":\"required name=search_term_string\"}],\"inLanguage\":\"en-US\"}]}<\/script>\n<!-- \/ Yoast SEO plugin. -->","yoast_head_json":{"title":"Mre\u017ea partnerskih sveu\u010dili\u0161ta - Faculty of law","description":"Na ovoj stranici mo\u017eete prona\u0107i sve institucije koje nude Erasmus + mobilnost za studente i osoblje Pravnog fakulteta u Zagrebu.","robots":{"index":"index","follow":"follow","max-snippet":"max-snippet:-1","max-image-preview":"max-image-preview:large","max-video-preview":"max-video-preview:-1"},"canonical":"https:\/\/www.pravo.unizg.hr\/medunarodna-suradnja\/mreza-partnerskih-sveucilista\/","og_locale":"en_US","og_type":"article","og_title":"Mre\u017ea partnerskih sveu\u010dili\u0161ta - Faculty of law","og_description":"Na ovoj stranici mo\u017eete prona\u0107i sve institucije koje nude Erasmus + mobilnost za studente i osoblje Pravnog fakulteta u Zagrebu.","og_url":"https:\/\/www.pravo.unizg.hr\/medunarodna-suradnja\/mreza-partnerskih-sveucilista\/","og_site_name":"Faculty of law","article_modified_time":"2024-09-27T10:47:57+00:00","twitter_card":"summary_large_image","twitter_misc":{"Est. reading time":"1 minute"},"schema":{"@context":"https:\/\/schema.org","@graph":[{"@type":"WebPage","@id":"https:\/\/www.pravo.unizg.hr\/medunarodna-suradnja\/mreza-partnerskih-sveucilista\/","url":"https:\/\/www.pravo.unizg.hr\/medunarodna-suradnja\/mreza-partnerskih-sveucilista\/","name":"Mre\u017ea partnerskih sveu\u010dili\u0161ta - Faculty of law","isPartOf":{"@id":"https:\/\/www.pravo.unizg.hr\/#website"},"datePublished":"2023-04-19T08:30:58+00:00","dateModified":"2024-09-27T10:47:57+00:00","description":"Na ovoj stranici mo\u017eete prona\u0107i sve institucije koje nude Erasmus + mobilnost za studente i osoblje Pravnog fakulteta u Zagrebu.","breadcrumb":{"@id":"https:\/\/www.pravo.unizg.hr\/medunarodna-suradnja\/mreza-partnerskih-sveucilista\/#breadcrumb"},"inLanguage":"en-US","potentialAction":[{"@type":"ReadAction","target":["https:\/\/www.pravo.unizg.hr\/medunarodna-suradnja\/mreza-partnerskih-sveucilista\/"]}]},{"@type":"BreadcrumbList","@id":"https:\/\/www.pravo.unizg.hr\/medunarodna-suradnja\/mreza-partnerskih-sveucilista\/#breadcrumb","itemListElement":[{"@type":"ListItem","position":1,"name":"Homepage","item":"https:\/\/www.pravo.unizg.hr\/en\/"},{"@type":"ListItem","position":2,"name":"Me\u0111unarodna suradnja","item":"https:\/\/www.pravo.unizg.hr\/medunarodna-suradnja\/"},{"@type":"ListItem","position":3,"name":"Mre\u017ea partnerskih sveu\u010dili\u0161ta"}]},{"@type":"WebSite","@id":"https:\/\/www.pravo.unizg.hr\/#website","url":"https:\/\/www.pravo.unizg.hr\/","name":"Faculty of law","description":"","potentialAction":[{"@type":"SearchAction","target":{"@type":"EntryPoint","urlTemplate":"https:\/\/www.pravo.unizg.hr\/?s={search_term_string}"},"query-input":"required name=search_term_string"}],"inLanguage":"en-US"}]}},"_links":{"self":[{"href":"https:\/\/www.pravo.unizg.hr\/en\/wp-json\/wp\/v2\/pages\/7545","targetHints":{"allow":["GET"]}}],"collection":[{"href":"https:\/\/www.pravo.unizg.hr\/en\/wp-json\/wp\/v2\/pages"}],"about":[{"href":"https:\/\/www.pravo.unizg.hr\/en\/wp-json\/wp\/v2\/types\/page"}],"author":[{"embeddable":true,"href":"https:\/\/www.pravo.unizg.hr\/en\/wp-json\/wp\/v2\/users\/511"}],"replies":[{"embeddable":true,"href":"https:\/\/www.pravo.unizg.hr\/en\/wp-json\/wp\/v2\/comments?post=7545"}],"version-history":[{"count":21,"href":"https:\/\/www.pravo.unizg.hr\/en\/wp-json\/wp\/v2\/pages\/7545\/revisions"}],"predecessor-version":[{"id":21389,"href":"https:\/\/www.pravo.unizg.hr\/en\/wp-json\/wp\/v2\/pages\/7545\/revisions\/21389"}],"up":[{"embeddable":true,"href":"https:\/\/www.pravo.unizg.hr\/en\/wp-json\/wp\/v2\/pages\/99"}],"wp:attachment":[{"href":"https:\/\/www.pravo.unizg.hr\/en\/wp-json\/wp\/v2\/media?parent=7545"}],"curies":[{"name":"wp","href":"https:\/\/api.w.org\/{rel}","templated":true}]}}