{"id":611,"date":"2023-02-01T13:36:48","date_gmt":"2023-02-01T12:36:48","guid":{"rendered":"https:\/\/www.pravo.unizg.hr\/?page_id=611"},"modified":"2025-05-26T12:42:09","modified_gmt":"2025-05-26T11:42:09","slug":"postani-student-pravnog-fakulteta","status":"publish","type":"page","link":"https:\/\/www.pravo.unizg.hr\/en\/upisi\/postani-student-pravnog-fakulteta\/","title":{"rendered":"Postani student Pravnog fakulteta"},"content":{"rendered":"<p>Pravni fakultet Sveu\u010dili\u0161ta u Zagrebu je najve\u0107i i najstariji pravni fakultet u Hrvatskoj te jedan od <a href=\"https:\/\/www.pravo.unizg.hr\/fakultet\/tradicija\/\"><strong>najstarijih i najuglednijih pravnih fakulteta u srednjoj i jugoisto\u010dnoj Europi<\/strong><\/a>.<\/p>\n<p>Danas je Pravni fakultet Sveu\u010dili\u0161ta u Zagrebu <strong>moderna<\/strong> obrazovna ustanova usredoto\u010dena na <strong>izvrsnost<\/strong> u nastavi i znanstvenim istra\u017eivanjima te <strong>me\u0111unarodnu prepoznatljivost, suradnju i mobilnost<\/strong>, sa stalnom misijom obrazovanja najboljih stru\u010dnjaka u podru\u010dju <a href=\"https:\/\/www.pravo.unizg.hr\/studiji\/sveucilisni-integrirani-prijediplomski-i-diplomski-studij-pravo\/\">prava<\/a>, <a href=\"https:\/\/www.pravo.unizg.hr\/studiji\/prijediplomski-studiji\/sveucilisni-prijediplomski-studij-socijalni-rad\/\">socijalnog rada<\/a> i <a href=\"https:\/\/www.pravo.unizg.hr\/studiji\/diplomski-studiji\/sveucilisni-diplomski-studij-socijalna-politika\/\">socijalne politike<\/a> te <a href=\"https:\/\/www.pravo.unizg.hr\/studiji\/prijediplomski-studiji\/strucni-prijediplomski-studij-javna-uprava\/\">javne uprave i javnih financija<\/a>.<\/p>\n<p>Iznimna se va\u017enost pridaje i <strong>studentskoj mobilnosti<\/strong> u sklopu programa <a href=\"https:\/\/www.pravo.unizg.hr\/medunarodna-suradnja\/programi-medunarodne-mobilnosti\/erasmus\/\">Erasmus+<\/a> ili <a href=\"https:\/\/www.pravo.unizg.hr\/medunarodna-suradnja\/programi-medunarodne-mobilnosti\/unic\/\">UNIC-a<\/a> koji studentima pru\u017eaju jedinstvenu priliku za stjecanje prvih iskustava u me\u0111unarodnom okru\u017eenju.<\/p>\n<p>Na\u0161e studentice i studenti svake godine obavljaju <strong>stru\u010dne prakse<\/strong> u nekoliko stotina odvjetni\u010dkih i javnobilje\u017eni\u010dkih ureda, brojnim trgova\u010dkim dru\u0161tvima, sudovima, ministarstvima i drugim dr\u017eavnim tijelima, javnim agencijama, ustanovama socijalne skrbi i drugim javnim ustanovama. Time se stvaraju mre\u017ee profesionalnih kontakata i otvaraju mogu\u0107nosti za nastavak budu\u0107e profesionalne karijere.<\/p>\n<p>Jedna od dobrih strana studija na Pravnom fakultetu je mogu\u0107nost uklju\u010divanja u rad brojnih <a href=\"https:\/\/www.pravo.unizg.hr\/studenti\/studentske-organizacije\/studentske-udruge\/\"><strong>studentskih udruga<\/strong><\/a>. Raznolikost njihovog djelovanja zadovoljava raznovrsne interese na\u0161ih studenata.<\/p>\n<p>Na\u0161 cilj je osigurati visoku razinu kvalitete \u017eivota, dobrobiti i prava studentica\/studenata. O ovome skrbe na\u0161e <strong>stru\u010dne slu\u017ebe i djelatnice\/djelatnici<\/strong> koji studentima uvijek stoje na raspolaganju.<\/p>\n<p>Na\u0161e nastavnice\/nastavnici i suradnice\/suradnici su istaknuti u svojim znanstvenim i stru\u010dnim podru\u010djima u Republici Hrvatskoj i Europskoj uniji. Me\u0111u nastavnicama\/nastavnicima na\u0161eg Fakulteta su aktualne sutkinje\/suci Europskog suda za ljudska prava, Suda \u00a0Europske unije i Op\u0107eg Suda Europske unije te Ustavnog suda Republike Hrvatske. Brojni na\u0161i nastavnici su arbitri u tuzemnim i me\u0111unarodnim postupcima, aktivno sudjeluju u izradi zakona i drugih propisa te savjetuju dr\u017eavna i druga javnopravna tijela, kao i gospodarske i druge dru\u0161tvene subjekte. U nastavi sudjeluju i mnogi vanjski stru\u010dnjaci, ugledni suci, odvjetnici, \u010dlanovi regulatornih, upravnih i drugih javnih tijela koji studentima prenose znanja i vje\u0161tine potrebne za uspjeh u njihovom profesionalnom okru\u017eenju, od pravosu\u0111a i odvjetni\u0161tva do javne uprave i socijalnih djelatnosti.<\/p>\n<p>Na\u0161i <strong><a href=\"https:\/\/www.pravo.unizg.hr\/fakultet\/alumni\/\">alumni<\/a> <\/strong>su ljudi koji su dali izniman doprinos stvaranju hrvatskog i europskog pravnog \u00a0sustava i dru\u0161tva te integraciji Republike Hrvatske u europski obrazovni, istra\u017eiva\u010dki, pravni i upravni prostor. Me\u0111u njima su gotovo svi dosada\u0161nji predsjednici Ustavnog i Vrhovnog suda, suci ta dva i ostalih sudova u zemlji, suci Europskog suda za ljudska \u00a0prava, Suda Europske unije i Op\u0107eg suda Europske unije, visoki dr\u017eavni du\u017enosnici te brojni drugi uglednici i stru\u010dnjaci koji djeluju u hrvatskom pravnom, politi\u010dkom, upravlja\u010dkom, gospodarskom, socijalnom i javnom \u017eivotu.<\/p>\n<p>Studij je od presudne va\u017enosti za profesionalno formiranje pojedinca i zato, <strong>Pravni fakultet Sveu\u010dili\u0161ta u Zagrebu je pravi izbor<\/strong>.<\/p>\n<p>&nbsp;<\/p>\n<ul>\n<li>Pro\u010ditajte i: <em><a href=\"https:\/\/studentski.hr\/studenti\/vijesti\/pravni-fakultet-otvorio-vrata-novim-generacijama-predstavljeni-studiji-prakse-i-udruge\" target=\"_blank\" rel=\"noopener\">Pravni fakultet otvorio vrata novim generacijama: predstavljeni studiji, prakse i udruge<\/a><\/em><\/li>\n<\/ul>\n<p>&nbsp;<\/p>\n<p>Informacije o upisima nalaze se na stranicama pojedinih studijskih programa:<\/p>\n<ul>\n<li><a href=\"https:\/\/www.pravo.unizg.hr\/upisi\/upis-sveucilisni-integrirani-prijediplomski-i-diplomski-studij-pravo\/\">Sveu\u010dili\u0161ni integrirani prijediplomski i diplomski studij Pravo<\/a><\/li>\n<li><a href=\"https:\/\/www.pravo.unizg.hr\/upisi\/upis-sveucilisni-prijediplomski-studij-socijalni-rad\/\">Sveu\u010dili\u0161ni prijediplomski studij Socijalni rad<\/a><\/li>\n<li><a href=\"https:\/\/www.pravo.unizg.hr\/upisi\/upis-strucni-prijediplomski-studiji-javna-uprava-i-porezni-studij\/\">Stru\u010dni prijediplomski studiji Javna uprava i Porezni studij<\/a><\/li>\n<li><a href=\"https:\/\/www.pravo.unizg.hr\/upisi\/upis-sveucilisni-diplomski-studiji-socijalni-rad-i-socijalna-politika\/\">Sveu\u010dili\u0161ni diplomski studiji Socijalni rad i Socijalna politika<\/a><\/li>\n<li><a href=\"https:\/\/www.pravo.unizg.hr\/upisi\/upis-strucni-diplomski-studij-javna-uprava\/\">Stru\u010dni diplomski studij Javna uprava<\/a><\/li>\n<li><a href=\"https:\/\/www.pravo.unizg.hr\/upisi\/upis-specijalisticki-i-doktorski-studiji\/\">Specijalisti\u010dki i doktorski studiji<\/a><\/li>\n<\/ul>\n","protected":false},"excerpt":{"rendered":"<p>Pravni fakultet Sveu\u010dili\u0161ta u Zagrebu je najve\u0107i i najstariji pravni&#8230;<\/p>\n","protected":false},"author":511,"featured_media":0,"parent":731,"menu_order":1,"comment_status":"closed","ping_status":"closed","template":"","meta":{"footnotes":""},"class_list":["post-611","page","type-page","status-publish","hentry"],"pp_force_visibility":null,"pp_subpost_visibility":null,"pp_inherited_force_visibility":null,"pp_inherited_subpost_visibility":null,"acf":[],"yoast_head":"<!-- This site is optimized with the Yoast SEO plugin v20.1 - https:\/\/yoast.com\/wordpress\/plugins\/seo\/ -->\n<title>Postani student Pravnog fakulteta - Faculty of law<\/title>\n<meta name=\"robots\" content=\"index, follow, max-snippet:-1, max-image-preview:large, max-video-preview:-1\" \/>\n<link rel=\"canonical\" href=\"https:\/\/www.pravo.unizg.hr\/upisi\/postani-student-pravnog-fakulteta\/\" \/>\n<meta property=\"og:locale\" content=\"en_US\" \/>\n<meta property=\"og:type\" content=\"article\" \/>\n<meta property=\"og:title\" content=\"Postani student Pravnog fakulteta - Faculty of law\" \/>\n<meta property=\"og:description\" content=\"Pravni fakultet Sveu\u010dili\u0161ta u Zagrebu je najve\u0107i i najstariji pravni...\" \/>\n<meta property=\"og:url\" content=\"https:\/\/www.pravo.unizg.hr\/upisi\/postani-student-pravnog-fakulteta\/\" \/>\n<meta property=\"og:site_name\" content=\"Faculty of law\" \/>\n<meta property=\"article:modified_time\" content=\"2025-05-26T11:42:09+00:00\" \/>\n<meta name=\"twitter:card\" content=\"summary_large_image\" \/>\n<meta name=\"twitter:label1\" content=\"Est. reading time\" \/>\n\t<meta name=\"twitter:data1\" content=\"3 minutes\" \/>\n<script type=\"application\/ld+json\" class=\"yoast-schema-graph\">{\"@context\":\"https:\/\/schema.org\",\"@graph\":[{\"@type\":\"WebPage\",\"@id\":\"https:\/\/www.pravo.unizg.hr\/upisi\/postani-student-pravnog-fakulteta\/\",\"url\":\"https:\/\/www.pravo.unizg.hr\/upisi\/postani-student-pravnog-fakulteta\/\",\"name\":\"Postani student Pravnog fakulteta - Faculty of law\",\"isPartOf\":{\"@id\":\"https:\/\/www.pravo.unizg.hr\/#website\"},\"datePublished\":\"2023-02-01T12:36:48+00:00\",\"dateModified\":\"2025-05-26T11:42:09+00:00\",\"breadcrumb\":{\"@id\":\"https:\/\/www.pravo.unizg.hr\/upisi\/postani-student-pravnog-fakulteta\/#breadcrumb\"},\"inLanguage\":\"en-US\",\"potentialAction\":[{\"@type\":\"ReadAction\",\"target\":[\"https:\/\/www.pravo.unizg.hr\/upisi\/postani-student-pravnog-fakulteta\/\"]}]},{\"@type\":\"BreadcrumbList\",\"@id\":\"https:\/\/www.pravo.unizg.hr\/upisi\/postani-student-pravnog-fakulteta\/#breadcrumb\",\"itemListElement\":[{\"@type\":\"ListItem\",\"position\":1,\"name\":\"Homepage\",\"item\":\"https:\/\/www.pravo.unizg.hr\/en\/\"},{\"@type\":\"ListItem\",\"position\":2,\"name\":\"Upisi\",\"item\":\"https:\/\/www.pravo.unizg.hr\/upisi\/\"},{\"@type\":\"ListItem\",\"position\":3,\"name\":\"Postani student Pravnog fakulteta\"}]},{\"@type\":\"WebSite\",\"@id\":\"https:\/\/www.pravo.unizg.hr\/#website\",\"url\":\"https:\/\/www.pravo.unizg.hr\/\",\"name\":\"Faculty of law\",\"description\":\"\",\"potentialAction\":[{\"@type\":\"SearchAction\",\"target\":{\"@type\":\"EntryPoint\",\"urlTemplate\":\"https:\/\/www.pravo.unizg.hr\/?s={search_term_string}\"},\"query-input\":\"required name=search_term_string\"}],\"inLanguage\":\"en-US\"}]}<\/script>\n<!-- \/ Yoast SEO plugin. -->","yoast_head_json":{"title":"Postani student Pravnog fakulteta - Faculty of law","robots":{"index":"index","follow":"follow","max-snippet":"max-snippet:-1","max-image-preview":"max-image-preview:large","max-video-preview":"max-video-preview:-1"},"canonical":"https:\/\/www.pravo.unizg.hr\/upisi\/postani-student-pravnog-fakulteta\/","og_locale":"en_US","og_type":"article","og_title":"Postani student Pravnog fakulteta - Faculty of law","og_description":"Pravni fakultet Sveu\u010dili\u0161ta u Zagrebu je najve\u0107i i najstariji pravni...","og_url":"https:\/\/www.pravo.unizg.hr\/upisi\/postani-student-pravnog-fakulteta\/","og_site_name":"Faculty of law","article_modified_time":"2025-05-26T11:42:09+00:00","twitter_card":"summary_large_image","twitter_misc":{"Est. reading time":"3 minutes"},"schema":{"@context":"https:\/\/schema.org","@graph":[{"@type":"WebPage","@id":"https:\/\/www.pravo.unizg.hr\/upisi\/postani-student-pravnog-fakulteta\/","url":"https:\/\/www.pravo.unizg.hr\/upisi\/postani-student-pravnog-fakulteta\/","name":"Postani student Pravnog fakulteta - Faculty of law","isPartOf":{"@id":"https:\/\/www.pravo.unizg.hr\/#website"},"datePublished":"2023-02-01T12:36:48+00:00","dateModified":"2025-05-26T11:42:09+00:00","breadcrumb":{"@id":"https:\/\/www.pravo.unizg.hr\/upisi\/postani-student-pravnog-fakulteta\/#breadcrumb"},"inLanguage":"en-US","potentialAction":[{"@type":"ReadAction","target":["https:\/\/www.pravo.unizg.hr\/upisi\/postani-student-pravnog-fakulteta\/"]}]},{"@type":"BreadcrumbList","@id":"https:\/\/www.pravo.unizg.hr\/upisi\/postani-student-pravnog-fakulteta\/#breadcrumb","itemListElement":[{"@type":"ListItem","position":1,"name":"Homepage","item":"https:\/\/www.pravo.unizg.hr\/en\/"},{"@type":"ListItem","position":2,"name":"Upisi","item":"https:\/\/www.pravo.unizg.hr\/upisi\/"},{"@type":"ListItem","position":3,"name":"Postani student Pravnog fakulteta"}]},{"@type":"WebSite","@id":"https:\/\/www.pravo.unizg.hr\/#website","url":"https:\/\/www.pravo.unizg.hr\/","name":"Faculty of law","description":"","potentialAction":[{"@type":"SearchAction","target":{"@type":"EntryPoint","urlTemplate":"https:\/\/www.pravo.unizg.hr\/?s={search_term_string}"},"query-input":"required name=search_term_string"}],"inLanguage":"en-US"}]}},"_links":{"self":[{"href":"https:\/\/www.pravo.unizg.hr\/en\/wp-json\/wp\/v2\/pages\/611","targetHints":{"allow":["GET"]}}],"collection":[{"href":"https:\/\/www.pravo.unizg.hr\/en\/wp-json\/wp\/v2\/pages"}],"about":[{"href":"https:\/\/www.pravo.unizg.hr\/en\/wp-json\/wp\/v2\/types\/page"}],"author":[{"embeddable":true,"href":"https:\/\/www.pravo.unizg.hr\/en\/wp-json\/wp\/v2\/users\/511"}],"replies":[{"embeddable":true,"href":"https:\/\/www.pravo.unizg.hr\/en\/wp-json\/wp\/v2\/comments?post=611"}],"version-history":[{"count":21,"href":"https:\/\/www.pravo.unizg.hr\/en\/wp-json\/wp\/v2\/pages\/611\/revisions"}],"predecessor-version":[{"id":26583,"href":"https:\/\/www.pravo.unizg.hr\/en\/wp-json\/wp\/v2\/pages\/611\/revisions\/26583"}],"up":[{"embeddable":true,"href":"https:\/\/www.pravo.unizg.hr\/en\/wp-json\/wp\/v2\/pages\/731"}],"wp:attachment":[{"href":"https:\/\/www.pravo.unizg.hr\/en\/wp-json\/wp\/v2\/media?parent=611"}],"curies":[{"name":"wp","href":"https:\/\/api.w.org\/{rel}","templated":true}]}}