{"id":4744,"date":"2023-03-08T12:35:23","date_gmt":"2023-03-08T11:35:23","guid":{"rendered":"https:\/\/www.pravo.unizg.hr\/?page_id=4744"},"modified":"2025-10-21T20:10:58","modified_gmt":"2025-10-21T19:10:58","slug":"hodogram","status":"publish","type":"page","link":"https:\/\/www.pravo.unizg.hr\/en\/medunarodna-suradnja\/programi-medunarodne-mobilnosti\/erasmus\/hodogram\/","title":{"rendered":"Stru\u010dna praksa"},"content":{"rendered":"<p>Podupiru\u0107i stru\u010dnu praksu u inozemstvu Erasmus+ vam poma\u017ee da steknete vrijedno iskustvo<br \/>\nna radnom mjestu. Takva je potpora dostupna studentima i onima koji su nedavno diplomirali.<br \/>\nU okviru programa Erasmus+ sta\u017eiranjem u inozemstvu (rad, pripravni\u0161tvo itd.) mo\u017eete ste\u0107i<br \/>\ndragocjeno radno iskustvo.<\/p>\n<p>Za vi\u0161e informacija o Erasmus+ stru\u010dnoj praksi, molimo posjetiti slu\u017ebene stranice EU-a:<br \/>\n<a href=\"https:\/\/erasmus-plus.ec.europa.eu\/hr\/opportunities\/opportunities-for-individuals\/students\/traineeships-abroad-for-students\">https:\/\/erasmus-plus.ec.europa.eu\/hr\/opportunities\/opportunities-for-individuals\/students\/traineeships-abroad-for-students<\/a><\/p>\n","protected":false},"excerpt":{"rendered":"<p>Podupiru\u0107i stru\u010dnu praksu u inozemstvu Erasmus+ vam poma\u017ee da steknete&#8230;<\/p>\n","protected":false},"author":511,"featured_media":0,"parent":4707,"menu_order":2,"comment_status":"closed","ping_status":"closed","template":"","meta":{"footnotes":""},"class_list":["post-4744","page","type-page","status-publish","hentry"],"pp_force_visibility":null,"pp_subpost_visibility":null,"pp_inherited_force_visibility":null,"pp_inherited_subpost_visibility":null,"acf":[],"yoast_head":"<!-- This site is optimized with the Yoast SEO plugin v20.1 - https:\/\/yoast.com\/wordpress\/plugins\/seo\/ -->\n<title>Stru\u010dna praksa - Faculty of law<\/title>\n<meta name=\"description\" content=\"Erasmus+ stru\u010dnu praksu studenti mogu obavljati u privatnim ili javnim poduze\u0107ima, ustanovama, organizacijama i ostalim pravnim osobama.\" \/>\n<meta name=\"robots\" content=\"index, follow, max-snippet:-1, max-image-preview:large, max-video-preview:-1\" \/>\n<link rel=\"canonical\" href=\"https:\/\/www.pravo.unizg.hr\/medunarodna-suradnja\/programi-medunarodne-mobilnosti\/erasmus\/hodogram\/\" \/>\n<meta property=\"og:locale\" content=\"en_US\" \/>\n<meta property=\"og:type\" content=\"article\" \/>\n<meta property=\"og:title\" content=\"Stru\u010dna praksa - Faculty of law\" \/>\n<meta property=\"og:description\" content=\"Erasmus+ stru\u010dnu praksu studenti mogu obavljati u privatnim ili javnim poduze\u0107ima, ustanovama, organizacijama i ostalim pravnim osobama.\" \/>\n<meta property=\"og:url\" content=\"https:\/\/www.pravo.unizg.hr\/medunarodna-suradnja\/programi-medunarodne-mobilnosti\/erasmus\/hodogram\/\" \/>\n<meta property=\"og:site_name\" content=\"Faculty of law\" \/>\n<meta property=\"article:modified_time\" content=\"2025-10-21T19:10:58+00:00\" \/>\n<meta name=\"twitter:card\" content=\"summary_large_image\" \/>\n<meta name=\"twitter:label1\" content=\"Est. reading time\" \/>\n\t<meta name=\"twitter:data1\" content=\"1 minute\" \/>\n<script type=\"application\/ld+json\" class=\"yoast-schema-graph\">{\"@context\":\"https:\/\/schema.org\",\"@graph\":[{\"@type\":\"WebPage\",\"@id\":\"https:\/\/www.pravo.unizg.hr\/medunarodna-suradnja\/programi-medunarodne-mobilnosti\/erasmus\/hodogram\/\",\"url\":\"https:\/\/www.pravo.unizg.hr\/medunarodna-suradnja\/programi-medunarodne-mobilnosti\/erasmus\/hodogram\/\",\"name\":\"Stru\u010dna praksa - Faculty of law\",\"isPartOf\":{\"@id\":\"https:\/\/www.pravo.unizg.hr\/#website\"},\"datePublished\":\"2023-03-08T11:35:23+00:00\",\"dateModified\":\"2025-10-21T19:10:58+00:00\",\"description\":\"Erasmus+ stru\u010dnu praksu studenti mogu obavljati u privatnim ili javnim poduze\u0107ima, ustanovama, organizacijama i ostalim pravnim osobama.\",\"breadcrumb\":{\"@id\":\"https:\/\/www.pravo.unizg.hr\/medunarodna-suradnja\/programi-medunarodne-mobilnosti\/erasmus\/hodogram\/#breadcrumb\"},\"inLanguage\":\"en-US\",\"potentialAction\":[{\"@type\":\"ReadAction\",\"target\":[\"https:\/\/www.pravo.unizg.hr\/medunarodna-suradnja\/programi-medunarodne-mobilnosti\/erasmus\/hodogram\/\"]}]},{\"@type\":\"BreadcrumbList\",\"@id\":\"https:\/\/www.pravo.unizg.hr\/medunarodna-suradnja\/programi-medunarodne-mobilnosti\/erasmus\/hodogram\/#breadcrumb\",\"itemListElement\":[{\"@type\":\"ListItem\",\"position\":1,\"name\":\"Homepage\",\"item\":\"https:\/\/www.pravo.unizg.hr\/en\/\"},{\"@type\":\"ListItem\",\"position\":2,\"name\":\"Me\u0111unarodna suradnja\",\"item\":\"https:\/\/www.pravo.unizg.hr\/medunarodna-suradnja\/\"},{\"@type\":\"ListItem\",\"position\":3,\"name\":\"Programi me\u0111unarodne mobilnosti za studente\",\"item\":\"https:\/\/www.pravo.unizg.hr\/medunarodna-suradnja\/programi-medunarodne-mobilnosti\/\"},{\"@type\":\"ListItem\",\"position\":4,\"name\":\"ERASMUS+\",\"item\":\"https:\/\/www.pravo.unizg.hr\/medunarodna-suradnja\/programi-medunarodne-mobilnosti\/erasmus\/\"},{\"@type\":\"ListItem\",\"position\":5,\"name\":\"Stru\u010dna praksa\"}]},{\"@type\":\"WebSite\",\"@id\":\"https:\/\/www.pravo.unizg.hr\/#website\",\"url\":\"https:\/\/www.pravo.unizg.hr\/\",\"name\":\"Faculty of law\",\"description\":\"\",\"potentialAction\":[{\"@type\":\"SearchAction\",\"target\":{\"@type\":\"EntryPoint\",\"urlTemplate\":\"https:\/\/www.pravo.unizg.hr\/?s={search_term_string}\"},\"query-input\":\"required name=search_term_string\"}],\"inLanguage\":\"en-US\"}]}<\/script>\n<!-- \/ Yoast SEO plugin. -->","yoast_head_json":{"title":"Stru\u010dna praksa - Faculty of law","description":"Erasmus+ stru\u010dnu praksu studenti mogu obavljati u privatnim ili javnim poduze\u0107ima, ustanovama, organizacijama i ostalim pravnim osobama.","robots":{"index":"index","follow":"follow","max-snippet":"max-snippet:-1","max-image-preview":"max-image-preview:large","max-video-preview":"max-video-preview:-1"},"canonical":"https:\/\/www.pravo.unizg.hr\/medunarodna-suradnja\/programi-medunarodne-mobilnosti\/erasmus\/hodogram\/","og_locale":"en_US","og_type":"article","og_title":"Stru\u010dna praksa - Faculty of law","og_description":"Erasmus+ stru\u010dnu praksu studenti mogu obavljati u privatnim ili javnim poduze\u0107ima, ustanovama, organizacijama i ostalim pravnim osobama.","og_url":"https:\/\/www.pravo.unizg.hr\/medunarodna-suradnja\/programi-medunarodne-mobilnosti\/erasmus\/hodogram\/","og_site_name":"Faculty of law","article_modified_time":"2025-10-21T19:10:58+00:00","twitter_card":"summary_large_image","twitter_misc":{"Est. reading time":"1 minute"},"schema":{"@context":"https:\/\/schema.org","@graph":[{"@type":"WebPage","@id":"https:\/\/www.pravo.unizg.hr\/medunarodna-suradnja\/programi-medunarodne-mobilnosti\/erasmus\/hodogram\/","url":"https:\/\/www.pravo.unizg.hr\/medunarodna-suradnja\/programi-medunarodne-mobilnosti\/erasmus\/hodogram\/","name":"Stru\u010dna praksa - Faculty of law","isPartOf":{"@id":"https:\/\/www.pravo.unizg.hr\/#website"},"datePublished":"2023-03-08T11:35:23+00:00","dateModified":"2025-10-21T19:10:58+00:00","description":"Erasmus+ stru\u010dnu praksu studenti mogu obavljati u privatnim ili javnim poduze\u0107ima, ustanovama, organizacijama i ostalim pravnim osobama.","breadcrumb":{"@id":"https:\/\/www.pravo.unizg.hr\/medunarodna-suradnja\/programi-medunarodne-mobilnosti\/erasmus\/hodogram\/#breadcrumb"},"inLanguage":"en-US","potentialAction":[{"@type":"ReadAction","target":["https:\/\/www.pravo.unizg.hr\/medunarodna-suradnja\/programi-medunarodne-mobilnosti\/erasmus\/hodogram\/"]}]},{"@type":"BreadcrumbList","@id":"https:\/\/www.pravo.unizg.hr\/medunarodna-suradnja\/programi-medunarodne-mobilnosti\/erasmus\/hodogram\/#breadcrumb","itemListElement":[{"@type":"ListItem","position":1,"name":"Homepage","item":"https:\/\/www.pravo.unizg.hr\/en\/"},{"@type":"ListItem","position":2,"name":"Me\u0111unarodna suradnja","item":"https:\/\/www.pravo.unizg.hr\/medunarodna-suradnja\/"},{"@type":"ListItem","position":3,"name":"Programi me\u0111unarodne mobilnosti za studente","item":"https:\/\/www.pravo.unizg.hr\/medunarodna-suradnja\/programi-medunarodne-mobilnosti\/"},{"@type":"ListItem","position":4,"name":"ERASMUS+","item":"https:\/\/www.pravo.unizg.hr\/medunarodna-suradnja\/programi-medunarodne-mobilnosti\/erasmus\/"},{"@type":"ListItem","position":5,"name":"Stru\u010dna praksa"}]},{"@type":"WebSite","@id":"https:\/\/www.pravo.unizg.hr\/#website","url":"https:\/\/www.pravo.unizg.hr\/","name":"Faculty of law","description":"","potentialAction":[{"@type":"SearchAction","target":{"@type":"EntryPoint","urlTemplate":"https:\/\/www.pravo.unizg.hr\/?s={search_term_string}"},"query-input":"required name=search_term_string"}],"inLanguage":"en-US"}]}},"_links":{"self":[{"href":"https:\/\/www.pravo.unizg.hr\/en\/wp-json\/wp\/v2\/pages\/4744","targetHints":{"allow":["GET"]}}],"collection":[{"href":"https:\/\/www.pravo.unizg.hr\/en\/wp-json\/wp\/v2\/pages"}],"about":[{"href":"https:\/\/www.pravo.unizg.hr\/en\/wp-json\/wp\/v2\/types\/page"}],"author":[{"embeddable":true,"href":"https:\/\/www.pravo.unizg.hr\/en\/wp-json\/wp\/v2\/users\/511"}],"replies":[{"embeddable":true,"href":"https:\/\/www.pravo.unizg.hr\/en\/wp-json\/wp\/v2\/comments?post=4744"}],"version-history":[{"count":8,"href":"https:\/\/www.pravo.unizg.hr\/en\/wp-json\/wp\/v2\/pages\/4744\/revisions"}],"predecessor-version":[{"id":29172,"href":"https:\/\/www.pravo.unizg.hr\/en\/wp-json\/wp\/v2\/pages\/4744\/revisions\/29172"}],"up":[{"embeddable":true,"href":"https:\/\/www.pravo.unizg.hr\/en\/wp-json\/wp\/v2\/pages\/4707"}],"wp:attachment":[{"href":"https:\/\/www.pravo.unizg.hr\/en\/wp-json\/wp\/v2\/media?parent=4744"}],"curies":[{"name":"wp","href":"https:\/\/api.w.org\/{rel}","templated":true}]}}