{"id":4741,"date":"2023-03-08T12:35:05","date_gmt":"2023-03-08T11:35:05","guid":{"rendered":"https:\/\/www.pravo.unizg.hr\/?page_id=4741"},"modified":"2023-04-20T10:41:09","modified_gmt":"2023-04-20T08:41:09","slug":"faq","status":"publish","type":"page","link":"https:\/\/www.pravo.unizg.hr\/en\/medunarodna-suradnja\/programi-medunarodne-mobilnosti\/erasmus\/studijska-razmjena\/faq\/","title":{"rendered":"FAQ"},"content":{"rendered":"<p>Sveu\u010dili\u0161te u Zagrebu:<br \/>\n<a href=\"http:\/\/www.unizg.hr\/suradnja\/medunarodna-razmjena\/razmjena-studenata\/studijski-boravak\/erasmus\/\">http:\/\/www.unizg.hr\/suradnja\/medunarodna-razmjena\/razmjena-studenata\/studijski-boravak\/erasmus\/<\/a><\/p>\n<p>AMPEU<br \/>\n<a href=\"https:\/\/www.mobilnost.hr\/cms_files\/2015\/08\/1440668269_faq-e--studenti-prijevod-final.pdf\">https:\/\/www.mobilnost.hr\/cms_files\/2015\/08\/1440668269_faq-e&#8211;studenti-prijevod-final.pdf<\/a><\/p>\n","protected":false},"excerpt":{"rendered":"<p>Sveu\u010dili\u0161te u Zagrebu: http:\/\/www.unizg.hr\/suradnja\/medunarodna-razmjena\/razmjena-studenata\/studijski-boravak\/erasmus\/ AMPEU https:\/\/www.mobilnost.hr\/cms_files\/2015\/08\/1440668269_faq-e&#8211;studenti-prijevod-final.pdf<\/p>\n","protected":false},"author":511,"featured_media":0,"parent":4717,"menu_order":1,"comment_status":"closed","ping_status":"closed","template":"","meta":{"footnotes":""},"class_list":["post-4741","page","type-page","status-publish","hentry"],"pp_force_visibility":null,"pp_subpost_visibility":null,"pp_inherited_force_visibility":null,"pp_inherited_subpost_visibility":null,"acf":[],"yoast_head":"<!-- This site is optimized with the Yoast SEO plugin v20.1 - https:\/\/yoast.com\/wordpress\/plugins\/seo\/ -->\n<title>FAQ - Faculty of law<\/title>\n<meta name=\"description\" content=\"Na ovoj stranici prona\u0111ite dogovore za sva \u010desto postavljena pitanja vezana uz Va\u0161 ERASMUS+ studijski boravak.\" \/>\n<meta name=\"robots\" content=\"index, follow, max-snippet:-1, max-image-preview:large, max-video-preview:-1\" \/>\n<link rel=\"canonical\" href=\"https:\/\/www.pravo.unizg.hr\/medunarodna-suradnja\/programi-medunarodne-mobilnosti\/erasmus\/studijska-razmjena\/faq\/\" \/>\n<meta property=\"og:locale\" content=\"en_US\" \/>\n<meta property=\"og:type\" content=\"article\" \/>\n<meta property=\"og:title\" content=\"FAQ - Faculty of law\" \/>\n<meta property=\"og:description\" content=\"Na ovoj stranici prona\u0111ite dogovore za sva \u010desto postavljena pitanja vezana uz Va\u0161 ERASMUS+ studijski boravak.\" \/>\n<meta property=\"og:url\" content=\"https:\/\/www.pravo.unizg.hr\/medunarodna-suradnja\/programi-medunarodne-mobilnosti\/erasmus\/studijska-razmjena\/faq\/\" \/>\n<meta property=\"og:site_name\" content=\"Faculty of law\" \/>\n<meta property=\"article:modified_time\" content=\"2023-04-20T08:41:09+00:00\" \/>\n<meta name=\"twitter:card\" content=\"summary_large_image\" \/>\n<meta name=\"twitter:label1\" content=\"Est. reading time\" \/>\n\t<meta name=\"twitter:data1\" content=\"1 minute\" \/>\n<script type=\"application\/ld+json\" class=\"yoast-schema-graph\">{\"@context\":\"https:\/\/schema.org\",\"@graph\":[{\"@type\":\"WebPage\",\"@id\":\"https:\/\/www.pravo.unizg.hr\/medunarodna-suradnja\/programi-medunarodne-mobilnosti\/erasmus\/studijska-razmjena\/faq\/\",\"url\":\"https:\/\/www.pravo.unizg.hr\/medunarodna-suradnja\/programi-medunarodne-mobilnosti\/erasmus\/studijska-razmjena\/faq\/\",\"name\":\"FAQ - Faculty of law\",\"isPartOf\":{\"@id\":\"https:\/\/www.pravo.unizg.hr\/#website\"},\"datePublished\":\"2023-03-08T11:35:05+00:00\",\"dateModified\":\"2023-04-20T08:41:09+00:00\",\"description\":\"Na ovoj stranici prona\u0111ite dogovore za sva \u010desto postavljena pitanja vezana uz Va\u0161 ERASMUS+ studijski boravak.\",\"breadcrumb\":{\"@id\":\"https:\/\/www.pravo.unizg.hr\/medunarodna-suradnja\/programi-medunarodne-mobilnosti\/erasmus\/studijska-razmjena\/faq\/#breadcrumb\"},\"inLanguage\":\"en-US\",\"potentialAction\":[{\"@type\":\"ReadAction\",\"target\":[\"https:\/\/www.pravo.unizg.hr\/medunarodna-suradnja\/programi-medunarodne-mobilnosti\/erasmus\/studijska-razmjena\/faq\/\"]}]},{\"@type\":\"BreadcrumbList\",\"@id\":\"https:\/\/www.pravo.unizg.hr\/medunarodna-suradnja\/programi-medunarodne-mobilnosti\/erasmus\/studijska-razmjena\/faq\/#breadcrumb\",\"itemListElement\":[{\"@type\":\"ListItem\",\"position\":1,\"name\":\"Homepage\",\"item\":\"https:\/\/www.pravo.unizg.hr\/en\/\"},{\"@type\":\"ListItem\",\"position\":2,\"name\":\"Me\u0111unarodna suradnja\",\"item\":\"https:\/\/www.pravo.unizg.hr\/medunarodna-suradnja\/\"},{\"@type\":\"ListItem\",\"position\":3,\"name\":\"Programi me\u0111unarodne mobilnosti za studente\",\"item\":\"https:\/\/www.pravo.unizg.hr\/medunarodna-suradnja\/programi-medunarodne-mobilnosti\/\"},{\"@type\":\"ListItem\",\"position\":4,\"name\":\"ERASMUS+\",\"item\":\"https:\/\/www.pravo.unizg.hr\/medunarodna-suradnja\/programi-medunarodne-mobilnosti\/erasmus\/\"},{\"@type\":\"ListItem\",\"position\":5,\"name\":\"Studijski boravak\",\"item\":\"https:\/\/www.pravo.unizg.hr\/medunarodna-suradnja\/programi-medunarodne-mobilnosti\/erasmus\/studijska-razmjena\/\"},{\"@type\":\"ListItem\",\"position\":6,\"name\":\"FAQ\"}]},{\"@type\":\"WebSite\",\"@id\":\"https:\/\/www.pravo.unizg.hr\/#website\",\"url\":\"https:\/\/www.pravo.unizg.hr\/\",\"name\":\"Faculty of law\",\"description\":\"\",\"potentialAction\":[{\"@type\":\"SearchAction\",\"target\":{\"@type\":\"EntryPoint\",\"urlTemplate\":\"https:\/\/www.pravo.unizg.hr\/?s={search_term_string}\"},\"query-input\":\"required name=search_term_string\"}],\"inLanguage\":\"en-US\"}]}<\/script>\n<!-- \/ Yoast SEO plugin. -->","yoast_head_json":{"title":"FAQ - Faculty of law","description":"Na ovoj stranici prona\u0111ite dogovore za sva \u010desto postavljena pitanja vezana uz Va\u0161 ERASMUS+ studijski boravak.","robots":{"index":"index","follow":"follow","max-snippet":"max-snippet:-1","max-image-preview":"max-image-preview:large","max-video-preview":"max-video-preview:-1"},"canonical":"https:\/\/www.pravo.unizg.hr\/medunarodna-suradnja\/programi-medunarodne-mobilnosti\/erasmus\/studijska-razmjena\/faq\/","og_locale":"en_US","og_type":"article","og_title":"FAQ - Faculty of law","og_description":"Na ovoj stranici prona\u0111ite dogovore za sva \u010desto postavljena pitanja vezana uz Va\u0161 ERASMUS+ studijski boravak.","og_url":"https:\/\/www.pravo.unizg.hr\/medunarodna-suradnja\/programi-medunarodne-mobilnosti\/erasmus\/studijska-razmjena\/faq\/","og_site_name":"Faculty of law","article_modified_time":"2023-04-20T08:41:09+00:00","twitter_card":"summary_large_image","twitter_misc":{"Est. reading time":"1 minute"},"schema":{"@context":"https:\/\/schema.org","@graph":[{"@type":"WebPage","@id":"https:\/\/www.pravo.unizg.hr\/medunarodna-suradnja\/programi-medunarodne-mobilnosti\/erasmus\/studijska-razmjena\/faq\/","url":"https:\/\/www.pravo.unizg.hr\/medunarodna-suradnja\/programi-medunarodne-mobilnosti\/erasmus\/studijska-razmjena\/faq\/","name":"FAQ - Faculty of law","isPartOf":{"@id":"https:\/\/www.pravo.unizg.hr\/#website"},"datePublished":"2023-03-08T11:35:05+00:00","dateModified":"2023-04-20T08:41:09+00:00","description":"Na ovoj stranici prona\u0111ite dogovore za sva \u010desto postavljena pitanja vezana uz Va\u0161 ERASMUS+ studijski boravak.","breadcrumb":{"@id":"https:\/\/www.pravo.unizg.hr\/medunarodna-suradnja\/programi-medunarodne-mobilnosti\/erasmus\/studijska-razmjena\/faq\/#breadcrumb"},"inLanguage":"en-US","potentialAction":[{"@type":"ReadAction","target":["https:\/\/www.pravo.unizg.hr\/medunarodna-suradnja\/programi-medunarodne-mobilnosti\/erasmus\/studijska-razmjena\/faq\/"]}]},{"@type":"BreadcrumbList","@id":"https:\/\/www.pravo.unizg.hr\/medunarodna-suradnja\/programi-medunarodne-mobilnosti\/erasmus\/studijska-razmjena\/faq\/#breadcrumb","itemListElement":[{"@type":"ListItem","position":1,"name":"Homepage","item":"https:\/\/www.pravo.unizg.hr\/en\/"},{"@type":"ListItem","position":2,"name":"Me\u0111unarodna suradnja","item":"https:\/\/www.pravo.unizg.hr\/medunarodna-suradnja\/"},{"@type":"ListItem","position":3,"name":"Programi me\u0111unarodne mobilnosti za studente","item":"https:\/\/www.pravo.unizg.hr\/medunarodna-suradnja\/programi-medunarodne-mobilnosti\/"},{"@type":"ListItem","position":4,"name":"ERASMUS+","item":"https:\/\/www.pravo.unizg.hr\/medunarodna-suradnja\/programi-medunarodne-mobilnosti\/erasmus\/"},{"@type":"ListItem","position":5,"name":"Studijski boravak","item":"https:\/\/www.pravo.unizg.hr\/medunarodna-suradnja\/programi-medunarodne-mobilnosti\/erasmus\/studijska-razmjena\/"},{"@type":"ListItem","position":6,"name":"FAQ"}]},{"@type":"WebSite","@id":"https:\/\/www.pravo.unizg.hr\/#website","url":"https:\/\/www.pravo.unizg.hr\/","name":"Faculty of law","description":"","potentialAction":[{"@type":"SearchAction","target":{"@type":"EntryPoint","urlTemplate":"https:\/\/www.pravo.unizg.hr\/?s={search_term_string}"},"query-input":"required name=search_term_string"}],"inLanguage":"en-US"}]}},"_links":{"self":[{"href":"https:\/\/www.pravo.unizg.hr\/en\/wp-json\/wp\/v2\/pages\/4741","targetHints":{"allow":["GET"]}}],"collection":[{"href":"https:\/\/www.pravo.unizg.hr\/en\/wp-json\/wp\/v2\/pages"}],"about":[{"href":"https:\/\/www.pravo.unizg.hr\/en\/wp-json\/wp\/v2\/types\/page"}],"author":[{"embeddable":true,"href":"https:\/\/www.pravo.unizg.hr\/en\/wp-json\/wp\/v2\/users\/511"}],"replies":[{"embeddable":true,"href":"https:\/\/www.pravo.unizg.hr\/en\/wp-json\/wp\/v2\/comments?post=4741"}],"version-history":[{"count":4,"href":"https:\/\/www.pravo.unizg.hr\/en\/wp-json\/wp\/v2\/pages\/4741\/revisions"}],"predecessor-version":[{"id":7813,"href":"https:\/\/www.pravo.unizg.hr\/en\/wp-json\/wp\/v2\/pages\/4741\/revisions\/7813"}],"up":[{"embeddable":true,"href":"https:\/\/www.pravo.unizg.hr\/en\/wp-json\/wp\/v2\/pages\/4717"}],"wp:attachment":[{"href":"https:\/\/www.pravo.unizg.hr\/en\/wp-json\/wp\/v2\/media?parent=4741"}],"curies":[{"name":"wp","href":"https:\/\/api.w.org\/{rel}","templated":true}]}}