{"id":4739,"date":"2023-03-08T12:23:03","date_gmt":"2023-03-08T11:23:03","guid":{"rendered":"https:\/\/www.pravo.unizg.hr\/?page_id=4739"},"modified":"2023-10-16T09:31:54","modified_gmt":"2023-10-16T07:31:54","slug":"priznavanje-kolegija","status":"publish","type":"page","link":"https:\/\/www.pravo.unizg.hr\/en\/medunarodna-suradnja\/outgoing\/nakon-mobilnosti\/priznavanje-kolegija\/","title":{"rendered":"Priznavanje kolegija"},"content":{"rendered":"<p>Nakon \u0161to zaprimite svoj prijepis ocjena \u2013 Transcript of Records \u2013 ToR od stranog sveu\u010dili\u0161ta<br \/>\nmorate zapo\u010deti proces priznavanja polo\u017eenih kolegija.<br \/>\nPotrebna dokumentacija za priznavanje polo\u017eenih kolegija:<br \/>\n&#8211; prijepis ocjena sa stranog sveu\u010dili\u0161ta &#8211; ToR<br \/>\n&#8211; molba za priznavanje predmeta<br \/>\n&#8211; Certificate of Arrival and Departure<\/p>\n<p>Zamolbu za priznavanje polo\u017eenih predmeta zajedno s potrebnom dokumentacijom je<br \/>\npotrebno napraviti putem ticketing sustava:<a href=\"https:\/\/podrska.pravo.hr\/?lang=hr\"> https:\/\/podrska.pravo.hr\/?lang=hr<\/a><br \/>\nUvid u poslanu dokumentaciju \u0107e imati ECTS koordinatorica, koja \u0107e odobriti<br \/>\npriznavanje, a potom \u0107e odobrene predmete studentska slu\u017eba upisati u Studomat.<br \/>\nNakon \u0161to studentska slu\u017eba izvr\u0161i upis, preuzimate prijepis ocjena sa Studomata te taj<br \/>\nprijepis ocjena (u kojem \u0107e pored hrvatskih predmeta biti navedeni i oni s Erasmusa) \u0161aljete<br \/>\nUredu za me\u0111unarodnu suradnju Sveu\u010dili\u0161ta u Zagrebu kako bi Vam zatvorili mobilnost i<br \/>\nisplatili preostala sredstva stipendije.<\/p>\n","protected":false},"excerpt":{"rendered":"<p>Nakon \u0161to zaprimite svoj prijepis ocjena \u2013 Transcript of Records&#8230;<\/p>\n","protected":false},"author":511,"featured_media":0,"parent":4727,"menu_order":1,"comment_status":"closed","ping_status":"closed","template":"","meta":{"footnotes":""},"class_list":["post-4739","page","type-page","status-publish","hentry"],"pp_force_visibility":null,"pp_subpost_visibility":null,"pp_inherited_force_visibility":null,"pp_inherited_subpost_visibility":null,"acf":[],"yoast_head":"<!-- This site is optimized with the Yoast SEO plugin v20.1 - https:\/\/yoast.com\/wordpress\/plugins\/seo\/ -->\n<title>Priznavanje kolegija - Faculty of law<\/title>\n<meta name=\"description\" content=\"Nakon \u0161to zaprimite svoj prijepis ocjena (ToR) od stranog sveu\u010dili\u0161ta morate zapo\u010deti proces priznavanja polo\u017eenih kolegija.\" \/>\n<meta name=\"robots\" content=\"index, follow, max-snippet:-1, max-image-preview:large, max-video-preview:-1\" \/>\n<link rel=\"canonical\" href=\"https:\/\/www.pravo.unizg.hr\/medunarodna-suradnja\/outgoing\/nakon-mobilnosti\/priznavanje-kolegija\/\" \/>\n<meta property=\"og:locale\" content=\"en_US\" \/>\n<meta property=\"og:type\" content=\"article\" \/>\n<meta property=\"og:title\" content=\"Priznavanje kolegija - Faculty of law\" \/>\n<meta property=\"og:description\" content=\"Nakon \u0161to zaprimite svoj prijepis ocjena (ToR) od stranog sveu\u010dili\u0161ta morate zapo\u010deti proces priznavanja polo\u017eenih kolegija.\" \/>\n<meta property=\"og:url\" content=\"https:\/\/www.pravo.unizg.hr\/medunarodna-suradnja\/outgoing\/nakon-mobilnosti\/priznavanje-kolegija\/\" \/>\n<meta property=\"og:site_name\" content=\"Faculty of law\" \/>\n<meta property=\"article:modified_time\" content=\"2023-10-16T07:31:54+00:00\" \/>\n<meta name=\"twitter:card\" content=\"summary_large_image\" \/>\n<meta name=\"twitter:label1\" content=\"Est. reading time\" \/>\n\t<meta name=\"twitter:data1\" content=\"1 minute\" \/>\n<script type=\"application\/ld+json\" class=\"yoast-schema-graph\">{\"@context\":\"https:\/\/schema.org\",\"@graph\":[{\"@type\":\"WebPage\",\"@id\":\"https:\/\/www.pravo.unizg.hr\/medunarodna-suradnja\/outgoing\/nakon-mobilnosti\/priznavanje-kolegija\/\",\"url\":\"https:\/\/www.pravo.unizg.hr\/medunarodna-suradnja\/outgoing\/nakon-mobilnosti\/priznavanje-kolegija\/\",\"name\":\"Priznavanje kolegija - Faculty of law\",\"isPartOf\":{\"@id\":\"https:\/\/www.pravo.unizg.hr\/#website\"},\"datePublished\":\"2023-03-08T11:23:03+00:00\",\"dateModified\":\"2023-10-16T07:31:54+00:00\",\"description\":\"Nakon \u0161to zaprimite svoj prijepis ocjena (ToR) od stranog sveu\u010dili\u0161ta morate zapo\u010deti proces priznavanja polo\u017eenih kolegija.\",\"breadcrumb\":{\"@id\":\"https:\/\/www.pravo.unizg.hr\/medunarodna-suradnja\/outgoing\/nakon-mobilnosti\/priznavanje-kolegija\/#breadcrumb\"},\"inLanguage\":\"en-US\",\"potentialAction\":[{\"@type\":\"ReadAction\",\"target\":[\"https:\/\/www.pravo.unizg.hr\/medunarodna-suradnja\/outgoing\/nakon-mobilnosti\/priznavanje-kolegija\/\"]}]},{\"@type\":\"BreadcrumbList\",\"@id\":\"https:\/\/www.pravo.unizg.hr\/medunarodna-suradnja\/outgoing\/nakon-mobilnosti\/priznavanje-kolegija\/#breadcrumb\",\"itemListElement\":[{\"@type\":\"ListItem\",\"position\":1,\"name\":\"Homepage\",\"item\":\"https:\/\/www.pravo.unizg.hr\/en\/\"},{\"@type\":\"ListItem\",\"position\":2,\"name\":\"Me\u0111unarodna suradnja\",\"item\":\"https:\/\/www.pravo.unizg.hr\/medunarodna-suradnja\/\"},{\"@type\":\"ListItem\",\"position\":3,\"name\":\"Odlazna studijska mobilnost\",\"item\":\"https:\/\/www.pravo.unizg.hr\/medunarodna-suradnja\/outgoing\/\"},{\"@type\":\"ListItem\",\"position\":4,\"name\":\"Nakon mobilnosti\",\"item\":\"https:\/\/www.pravo.unizg.hr\/medunarodna-suradnja\/outgoing\/nakon-mobilnosti\/\"},{\"@type\":\"ListItem\",\"position\":5,\"name\":\"Priznavanje kolegija\"}]},{\"@type\":\"WebSite\",\"@id\":\"https:\/\/www.pravo.unizg.hr\/#website\",\"url\":\"https:\/\/www.pravo.unizg.hr\/\",\"name\":\"Faculty of law\",\"description\":\"\",\"potentialAction\":[{\"@type\":\"SearchAction\",\"target\":{\"@type\":\"EntryPoint\",\"urlTemplate\":\"https:\/\/www.pravo.unizg.hr\/?s={search_term_string}\"},\"query-input\":\"required name=search_term_string\"}],\"inLanguage\":\"en-US\"}]}<\/script>\n<!-- \/ Yoast SEO plugin. -->","yoast_head_json":{"title":"Priznavanje kolegija - Faculty of law","description":"Nakon \u0161to zaprimite svoj prijepis ocjena (ToR) od stranog sveu\u010dili\u0161ta morate zapo\u010deti proces priznavanja polo\u017eenih kolegija.","robots":{"index":"index","follow":"follow","max-snippet":"max-snippet:-1","max-image-preview":"max-image-preview:large","max-video-preview":"max-video-preview:-1"},"canonical":"https:\/\/www.pravo.unizg.hr\/medunarodna-suradnja\/outgoing\/nakon-mobilnosti\/priznavanje-kolegija\/","og_locale":"en_US","og_type":"article","og_title":"Priznavanje kolegija - Faculty of law","og_description":"Nakon \u0161to zaprimite svoj prijepis ocjena (ToR) od stranog sveu\u010dili\u0161ta morate zapo\u010deti proces priznavanja polo\u017eenih kolegija.","og_url":"https:\/\/www.pravo.unizg.hr\/medunarodna-suradnja\/outgoing\/nakon-mobilnosti\/priznavanje-kolegija\/","og_site_name":"Faculty of law","article_modified_time":"2023-10-16T07:31:54+00:00","twitter_card":"summary_large_image","twitter_misc":{"Est. reading time":"1 minute"},"schema":{"@context":"https:\/\/schema.org","@graph":[{"@type":"WebPage","@id":"https:\/\/www.pravo.unizg.hr\/medunarodna-suradnja\/outgoing\/nakon-mobilnosti\/priznavanje-kolegija\/","url":"https:\/\/www.pravo.unizg.hr\/medunarodna-suradnja\/outgoing\/nakon-mobilnosti\/priznavanje-kolegija\/","name":"Priznavanje kolegija - Faculty of law","isPartOf":{"@id":"https:\/\/www.pravo.unizg.hr\/#website"},"datePublished":"2023-03-08T11:23:03+00:00","dateModified":"2023-10-16T07:31:54+00:00","description":"Nakon \u0161to zaprimite svoj prijepis ocjena (ToR) od stranog sveu\u010dili\u0161ta morate zapo\u010deti proces priznavanja polo\u017eenih kolegija.","breadcrumb":{"@id":"https:\/\/www.pravo.unizg.hr\/medunarodna-suradnja\/outgoing\/nakon-mobilnosti\/priznavanje-kolegija\/#breadcrumb"},"inLanguage":"en-US","potentialAction":[{"@type":"ReadAction","target":["https:\/\/www.pravo.unizg.hr\/medunarodna-suradnja\/outgoing\/nakon-mobilnosti\/priznavanje-kolegija\/"]}]},{"@type":"BreadcrumbList","@id":"https:\/\/www.pravo.unizg.hr\/medunarodna-suradnja\/outgoing\/nakon-mobilnosti\/priznavanje-kolegija\/#breadcrumb","itemListElement":[{"@type":"ListItem","position":1,"name":"Homepage","item":"https:\/\/www.pravo.unizg.hr\/en\/"},{"@type":"ListItem","position":2,"name":"Me\u0111unarodna suradnja","item":"https:\/\/www.pravo.unizg.hr\/medunarodna-suradnja\/"},{"@type":"ListItem","position":3,"name":"Odlazna studijska mobilnost","item":"https:\/\/www.pravo.unizg.hr\/medunarodna-suradnja\/outgoing\/"},{"@type":"ListItem","position":4,"name":"Nakon mobilnosti","item":"https:\/\/www.pravo.unizg.hr\/medunarodna-suradnja\/outgoing\/nakon-mobilnosti\/"},{"@type":"ListItem","position":5,"name":"Priznavanje kolegija"}]},{"@type":"WebSite","@id":"https:\/\/www.pravo.unizg.hr\/#website","url":"https:\/\/www.pravo.unizg.hr\/","name":"Faculty of law","description":"","potentialAction":[{"@type":"SearchAction","target":{"@type":"EntryPoint","urlTemplate":"https:\/\/www.pravo.unizg.hr\/?s={search_term_string}"},"query-input":"required name=search_term_string"}],"inLanguage":"en-US"}]}},"_links":{"self":[{"href":"https:\/\/www.pravo.unizg.hr\/en\/wp-json\/wp\/v2\/pages\/4739","targetHints":{"allow":["GET"]}}],"collection":[{"href":"https:\/\/www.pravo.unizg.hr\/en\/wp-json\/wp\/v2\/pages"}],"about":[{"href":"https:\/\/www.pravo.unizg.hr\/en\/wp-json\/wp\/v2\/types\/page"}],"author":[{"embeddable":true,"href":"https:\/\/www.pravo.unizg.hr\/en\/wp-json\/wp\/v2\/users\/511"}],"replies":[{"embeddable":true,"href":"https:\/\/www.pravo.unizg.hr\/en\/wp-json\/wp\/v2\/comments?post=4739"}],"version-history":[{"count":3,"href":"https:\/\/www.pravo.unizg.hr\/en\/wp-json\/wp\/v2\/pages\/4739\/revisions"}],"predecessor-version":[{"id":12431,"href":"https:\/\/www.pravo.unizg.hr\/en\/wp-json\/wp\/v2\/pages\/4739\/revisions\/12431"}],"up":[{"embeddable":true,"href":"https:\/\/www.pravo.unizg.hr\/en\/wp-json\/wp\/v2\/pages\/4727"}],"wp:attachment":[{"href":"https:\/\/www.pravo.unizg.hr\/en\/wp-json\/wp\/v2\/media?parent=4739"}],"curies":[{"name":"wp","href":"https:\/\/api.w.org\/{rel}","templated":true}]}}