{"id":4737,"date":"2023-03-08T12:22:45","date_gmt":"2023-03-08T11:22:45","guid":{"rendered":"https:\/\/www.pravo.unizg.hr\/?page_id=4737"},"modified":"2023-04-20T11:13:52","modified_gmt":"2023-04-20T09:13:52","slug":"promjene-u-la-u","status":"publish","type":"page","link":"https:\/\/www.pravo.unizg.hr\/en\/medunarodna-suradnja\/outgoing\/tijekom-mobilnosti\/promjene-u-la-u\/","title":{"rendered":"Promjene u LA-u"},"content":{"rendered":"<p>Ugovor o u\u010denju mo\u017ee se mijenjati samo uz suglasnost svih potpisnika, a sve promjene moraju biti navedene pod kategorijom Changes to the Learning Agreement. Student \u0161alje prvotno odobreni LA u PDF formatu i promjene LA-a (sve potpisano i pe\u010datirano od strane institucije) na mail ECTS koordinatoru i isklju\u010divo s ECTS koordinatorom dogovara promjene (paziti da minimalni broj ECTS bodova u semestru i dalje bude sukladan s trajanjem mobilnosti, npr. za 5 mjeseci 25 ECTS-a).<br \/>\nU tablicama LA-a u kojima se vr\u0161e promjene (A2 i B2) pod &#8220;Total (Number of ECTS)&#8221; potrebno je upisati stanje ECTS bodova koje student ima za semestar na razmjeni nakon promjena (a ne zbroj ECTS-a izbrisanih i dodanih kolegija). Kada mati\u010dna institucija (ECTS koordinator) odobri promjene, student \u0107e na mail dobiti sken potpisanih i pe\u010datiranih promjena LA-a.<\/p>\n","protected":false},"excerpt":{"rendered":"<p>Ugovor o u\u010denju mo\u017ee se mijenjati samo uz suglasnost svih&#8230;<\/p>\n","protected":false},"author":511,"featured_media":0,"parent":4725,"menu_order":1,"comment_status":"closed","ping_status":"closed","template":"","meta":{"footnotes":""},"class_list":["post-4737","page","type-page","status-publish","hentry"],"pp_force_visibility":null,"pp_subpost_visibility":null,"pp_inherited_force_visibility":null,"pp_inherited_subpost_visibility":null,"acf":[],"yoast_head":"<!-- This site is optimized with the Yoast SEO plugin v20.1 - https:\/\/yoast.com\/wordpress\/plugins\/seo\/ -->\n<title>Promjene u LA-u - Faculty of law<\/title>\n<meta name=\"description\" content=\"Ugovor o u\u010denju mo\u017ee se mijenjati samo uz suglasnost svih potpisnika. Promjene moraju biti navedene pod kategorijom &quot;Changes&quot;.\" \/>\n<meta name=\"robots\" content=\"index, follow, max-snippet:-1, max-image-preview:large, max-video-preview:-1\" \/>\n<link rel=\"canonical\" href=\"https:\/\/www.pravo.unizg.hr\/medunarodna-suradnja\/outgoing\/tijekom-mobilnosti\/promjene-u-la-u\/\" \/>\n<meta property=\"og:locale\" content=\"en_US\" \/>\n<meta property=\"og:type\" content=\"article\" \/>\n<meta property=\"og:title\" content=\"Promjene u LA-u - Faculty of law\" \/>\n<meta property=\"og:description\" content=\"Ugovor o u\u010denju mo\u017ee se mijenjati samo uz suglasnost svih potpisnika. Promjene moraju biti navedene pod kategorijom &quot;Changes&quot;.\" \/>\n<meta property=\"og:url\" content=\"https:\/\/www.pravo.unizg.hr\/medunarodna-suradnja\/outgoing\/tijekom-mobilnosti\/promjene-u-la-u\/\" \/>\n<meta property=\"og:site_name\" content=\"Faculty of law\" \/>\n<meta property=\"article:modified_time\" content=\"2023-04-20T09:13:52+00:00\" \/>\n<meta name=\"twitter:card\" content=\"summary_large_image\" \/>\n<meta name=\"twitter:label1\" content=\"Est. reading time\" \/>\n\t<meta name=\"twitter:data1\" content=\"1 minute\" \/>\n<script type=\"application\/ld+json\" class=\"yoast-schema-graph\">{\"@context\":\"https:\/\/schema.org\",\"@graph\":[{\"@type\":\"WebPage\",\"@id\":\"https:\/\/www.pravo.unizg.hr\/medunarodna-suradnja\/outgoing\/tijekom-mobilnosti\/promjene-u-la-u\/\",\"url\":\"https:\/\/www.pravo.unizg.hr\/medunarodna-suradnja\/outgoing\/tijekom-mobilnosti\/promjene-u-la-u\/\",\"name\":\"Promjene u LA-u - Faculty of law\",\"isPartOf\":{\"@id\":\"https:\/\/www.pravo.unizg.hr\/#website\"},\"datePublished\":\"2023-03-08T11:22:45+00:00\",\"dateModified\":\"2023-04-20T09:13:52+00:00\",\"description\":\"Ugovor o u\u010denju mo\u017ee se mijenjati samo uz suglasnost svih potpisnika. Promjene moraju biti navedene pod kategorijom \\\"Changes\\\".\",\"breadcrumb\":{\"@id\":\"https:\/\/www.pravo.unizg.hr\/medunarodna-suradnja\/outgoing\/tijekom-mobilnosti\/promjene-u-la-u\/#breadcrumb\"},\"inLanguage\":\"en-US\",\"potentialAction\":[{\"@type\":\"ReadAction\",\"target\":[\"https:\/\/www.pravo.unizg.hr\/medunarodna-suradnja\/outgoing\/tijekom-mobilnosti\/promjene-u-la-u\/\"]}]},{\"@type\":\"BreadcrumbList\",\"@id\":\"https:\/\/www.pravo.unizg.hr\/medunarodna-suradnja\/outgoing\/tijekom-mobilnosti\/promjene-u-la-u\/#breadcrumb\",\"itemListElement\":[{\"@type\":\"ListItem\",\"position\":1,\"name\":\"Homepage\",\"item\":\"https:\/\/www.pravo.unizg.hr\/en\/\"},{\"@type\":\"ListItem\",\"position\":2,\"name\":\"Me\u0111unarodna suradnja\",\"item\":\"https:\/\/www.pravo.unizg.hr\/medunarodna-suradnja\/\"},{\"@type\":\"ListItem\",\"position\":3,\"name\":\"Odlazna studijska mobilnost\",\"item\":\"https:\/\/www.pravo.unizg.hr\/medunarodna-suradnja\/outgoing\/\"},{\"@type\":\"ListItem\",\"position\":4,\"name\":\"Tijekom mobilnosti\",\"item\":\"https:\/\/www.pravo.unizg.hr\/medunarodna-suradnja\/outgoing\/tijekom-mobilnosti\/\"},{\"@type\":\"ListItem\",\"position\":5,\"name\":\"Promjene u LA-u\"}]},{\"@type\":\"WebSite\",\"@id\":\"https:\/\/www.pravo.unizg.hr\/#website\",\"url\":\"https:\/\/www.pravo.unizg.hr\/\",\"name\":\"Faculty of law\",\"description\":\"\",\"potentialAction\":[{\"@type\":\"SearchAction\",\"target\":{\"@type\":\"EntryPoint\",\"urlTemplate\":\"https:\/\/www.pravo.unizg.hr\/?s={search_term_string}\"},\"query-input\":\"required name=search_term_string\"}],\"inLanguage\":\"en-US\"}]}<\/script>\n<!-- \/ Yoast SEO plugin. -->","yoast_head_json":{"title":"Promjene u LA-u - Faculty of law","description":"Ugovor o u\u010denju mo\u017ee se mijenjati samo uz suglasnost svih potpisnika. Promjene moraju biti navedene pod kategorijom \"Changes\".","robots":{"index":"index","follow":"follow","max-snippet":"max-snippet:-1","max-image-preview":"max-image-preview:large","max-video-preview":"max-video-preview:-1"},"canonical":"https:\/\/www.pravo.unizg.hr\/medunarodna-suradnja\/outgoing\/tijekom-mobilnosti\/promjene-u-la-u\/","og_locale":"en_US","og_type":"article","og_title":"Promjene u LA-u - Faculty of law","og_description":"Ugovor o u\u010denju mo\u017ee se mijenjati samo uz suglasnost svih potpisnika. Promjene moraju biti navedene pod kategorijom \"Changes\".","og_url":"https:\/\/www.pravo.unizg.hr\/medunarodna-suradnja\/outgoing\/tijekom-mobilnosti\/promjene-u-la-u\/","og_site_name":"Faculty of law","article_modified_time":"2023-04-20T09:13:52+00:00","twitter_card":"summary_large_image","twitter_misc":{"Est. reading time":"1 minute"},"schema":{"@context":"https:\/\/schema.org","@graph":[{"@type":"WebPage","@id":"https:\/\/www.pravo.unizg.hr\/medunarodna-suradnja\/outgoing\/tijekom-mobilnosti\/promjene-u-la-u\/","url":"https:\/\/www.pravo.unizg.hr\/medunarodna-suradnja\/outgoing\/tijekom-mobilnosti\/promjene-u-la-u\/","name":"Promjene u LA-u - Faculty of law","isPartOf":{"@id":"https:\/\/www.pravo.unizg.hr\/#website"},"datePublished":"2023-03-08T11:22:45+00:00","dateModified":"2023-04-20T09:13:52+00:00","description":"Ugovor o u\u010denju mo\u017ee se mijenjati samo uz suglasnost svih potpisnika. Promjene moraju biti navedene pod kategorijom \"Changes\".","breadcrumb":{"@id":"https:\/\/www.pravo.unizg.hr\/medunarodna-suradnja\/outgoing\/tijekom-mobilnosti\/promjene-u-la-u\/#breadcrumb"},"inLanguage":"en-US","potentialAction":[{"@type":"ReadAction","target":["https:\/\/www.pravo.unizg.hr\/medunarodna-suradnja\/outgoing\/tijekom-mobilnosti\/promjene-u-la-u\/"]}]},{"@type":"BreadcrumbList","@id":"https:\/\/www.pravo.unizg.hr\/medunarodna-suradnja\/outgoing\/tijekom-mobilnosti\/promjene-u-la-u\/#breadcrumb","itemListElement":[{"@type":"ListItem","position":1,"name":"Homepage","item":"https:\/\/www.pravo.unizg.hr\/en\/"},{"@type":"ListItem","position":2,"name":"Me\u0111unarodna suradnja","item":"https:\/\/www.pravo.unizg.hr\/medunarodna-suradnja\/"},{"@type":"ListItem","position":3,"name":"Odlazna studijska mobilnost","item":"https:\/\/www.pravo.unizg.hr\/medunarodna-suradnja\/outgoing\/"},{"@type":"ListItem","position":4,"name":"Tijekom mobilnosti","item":"https:\/\/www.pravo.unizg.hr\/medunarodna-suradnja\/outgoing\/tijekom-mobilnosti\/"},{"@type":"ListItem","position":5,"name":"Promjene u LA-u"}]},{"@type":"WebSite","@id":"https:\/\/www.pravo.unizg.hr\/#website","url":"https:\/\/www.pravo.unizg.hr\/","name":"Faculty of law","description":"","potentialAction":[{"@type":"SearchAction","target":{"@type":"EntryPoint","urlTemplate":"https:\/\/www.pravo.unizg.hr\/?s={search_term_string}"},"query-input":"required name=search_term_string"}],"inLanguage":"en-US"}]}},"_links":{"self":[{"href":"https:\/\/www.pravo.unizg.hr\/en\/wp-json\/wp\/v2\/pages\/4737","targetHints":{"allow":["GET"]}}],"collection":[{"href":"https:\/\/www.pravo.unizg.hr\/en\/wp-json\/wp\/v2\/pages"}],"about":[{"href":"https:\/\/www.pravo.unizg.hr\/en\/wp-json\/wp\/v2\/types\/page"}],"author":[{"embeddable":true,"href":"https:\/\/www.pravo.unizg.hr\/en\/wp-json\/wp\/v2\/users\/511"}],"replies":[{"embeddable":true,"href":"https:\/\/www.pravo.unizg.hr\/en\/wp-json\/wp\/v2\/comments?post=4737"}],"version-history":[{"count":2,"href":"https:\/\/www.pravo.unizg.hr\/en\/wp-json\/wp\/v2\/pages\/4737\/revisions"}],"predecessor-version":[{"id":7726,"href":"https:\/\/www.pravo.unizg.hr\/en\/wp-json\/wp\/v2\/pages\/4737\/revisions\/7726"}],"up":[{"embeddable":true,"href":"https:\/\/www.pravo.unizg.hr\/en\/wp-json\/wp\/v2\/pages\/4725"}],"wp:attachment":[{"href":"https:\/\/www.pravo.unizg.hr\/en\/wp-json\/wp\/v2\/media?parent=4737"}],"curies":[{"name":"wp","href":"https:\/\/api.w.org\/{rel}","templated":true}]}}