{"id":4733,"date":"2023-03-08T12:22:04","date_gmt":"2023-03-08T11:22:04","guid":{"rendered":"https:\/\/www.pravo.unizg.hr\/?page_id=4733"},"modified":"2023-04-20T10:02:28","modified_gmt":"2023-04-20T08:02:28","slug":"la","status":"publish","type":"page","link":"https:\/\/www.pravo.unizg.hr\/en\/medunarodna-suradnja\/outgoing\/prije-mobilnosti\/la\/","title":{"rendered":"Ugovor o u\u010denju (LA)"},"content":{"rendered":"<p>Ugovor o u\u010denju na nemati\u010dnoj visokoobrazovnoj ustanovi dokument je kojim se odre\u0111uje<br \/>\nprogram studiranja za pojedinoga studenta, a potpisuje ga student, mati\u010dno sveu\u010dili\u0161te i<br \/>\nsveu\u010dili\u0161te doma\u0107in.<\/p>\n<p>Priznavanje odslu\u0161anih kolegija i polo\u017eenih ispita mogu\u0107e je na temelju Ugovora o u\u010denju.<br \/>\nTim se ugovorom osigurava da \u0107e mati\u010dna ustanova studentu priznati program koji je poha\u0111ao<br \/>\nna ustanovi doma\u0107inu.<br \/>\nStudent na stranom sveu\u010dili\u0161tu za studijski boravak od jednog semestra mora upisati najmanje<br \/>\n25 ECTS bodova (i to za 5 mjeseci boravka), a za kra\u0107e razdoblje razmjerno manje (za 4<br \/>\nmjeseca 20 ECTS-a itd.).<br \/>\nUgovor se mo\u017ee mijenjati uz suglasnost svih potpisnika.<br \/>\nOsim studenta, na mati\u010dnom fakultetu Ugovor o u\u010denju (Learning Agreement) odobrava i<br \/>\npotpisuje ECTS-koordinator.<br \/>\nPrije odlaska na studentsku razmjenu student mora u dogovoru s ECTS-koordinatorom<br \/>\nizabrati kolegije koje \u0107e poha\u0111ati na stranom sveu\u010dili\u0161tu te potom ispuniti i potpisati Ugovor o<br \/>\nu\u010denju.<br \/>\nErasmus+ obrazac Ugovora o u\u010denju za nalazi se ovdje, primjer kako se LA treba ispuniti<br \/>\nmo\u017eete vidjeti ovdje.<\/p>\n<p>Obrazac Ugovora o u\u010denju za druge oblike mobilnosti mo\u017eete preuzeti ovdje.<br \/>\nNAPOMENE<br \/>\n&#8211; U slu\u010daju da strano sveu\u010dili\u0161te zahtijeva ispunjavanje vlastitog obrasca, student mora<br \/>\nispuniti dva obrasca Ugovora o u\u010denju: slu\u017ebeni Erasmus+ obrazac dostupan na<br \/>\nmre\u017enim stranicama Sveu\u010dili\u0161ta u Zagrebu te obrazac stranog sveu\u010dili\u0161ta.<br \/>\n&#8211; Studenti koji idu na studijski boravak u inozemstvo preko nekog drugog oblika<br \/>\nrazmjene koriste obrazac za druge oblike mobilnosti.<br \/>\n&#8211; Sve predmete koje student upi\u0161e u Ugovor o u\u010denju (odnosno promjene LA-a) student<br \/>\nmora odslu\u0161ati i iza\u0107i na ispit. Izlazak na ispit je obvezan, bez obzira na ishod.<\/p>\n<p>&nbsp;<\/p>\n<p>&nbsp;<\/p>\n","protected":false},"excerpt":{"rendered":"<p>Ugovor o u\u010denju na nemati\u010dnoj visokoobrazovnoj ustanovi dokument je kojim&#8230;<\/p>\n","protected":false},"author":511,"featured_media":0,"parent":4723,"menu_order":4,"comment_status":"closed","ping_status":"closed","template":"","meta":{"footnotes":""},"class_list":["post-4733","page","type-page","status-publish","hentry"],"pp_force_visibility":null,"pp_subpost_visibility":null,"pp_inherited_force_visibility":null,"pp_inherited_subpost_visibility":null,"acf":[],"yoast_head":"<!-- This site is optimized with the Yoast SEO plugin v20.1 - https:\/\/yoast.com\/wordpress\/plugins\/seo\/ -->\n<title>Ugovor o u\u010denju (LA) - Faculty of law<\/title>\n<meta name=\"description\" content=\"Ugovor o u\u010denju na nemati\u010dnoj visokoobrazovnoj ustanovi dokument je kojim se odre\u0111uje program studiranja za pojedinoga studenta, a potpisuje ga student, mati\u010dno sveu\u010dili\u0161te i sveu\u010dili\u0161te doma\u0107in.\" \/>\n<meta name=\"robots\" content=\"index, follow, max-snippet:-1, max-image-preview:large, max-video-preview:-1\" \/>\n<link rel=\"canonical\" href=\"https:\/\/www.pravo.unizg.hr\/medunarodna-suradnja\/outgoing\/prije-mobilnosti\/la\/\" \/>\n<meta property=\"og:locale\" content=\"en_US\" \/>\n<meta property=\"og:type\" content=\"article\" \/>\n<meta property=\"og:title\" content=\"Ugovor o u\u010denju (LA) - Faculty of law\" \/>\n<meta property=\"og:description\" content=\"Ugovor o u\u010denju na nemati\u010dnoj visokoobrazovnoj ustanovi dokument je kojim se odre\u0111uje program studiranja za pojedinoga studenta, a potpisuje ga student, mati\u010dno sveu\u010dili\u0161te i sveu\u010dili\u0161te doma\u0107in.\" \/>\n<meta property=\"og:url\" content=\"https:\/\/www.pravo.unizg.hr\/medunarodna-suradnja\/outgoing\/prije-mobilnosti\/la\/\" \/>\n<meta property=\"og:site_name\" content=\"Faculty of law\" \/>\n<meta property=\"article:modified_time\" content=\"2023-04-20T08:02:28+00:00\" \/>\n<meta name=\"twitter:card\" content=\"summary_large_image\" \/>\n<meta name=\"twitter:label1\" content=\"Est. reading time\" \/>\n\t<meta name=\"twitter:data1\" content=\"2 minutes\" \/>\n<script type=\"application\/ld+json\" class=\"yoast-schema-graph\">{\"@context\":\"https:\/\/schema.org\",\"@graph\":[{\"@type\":\"WebPage\",\"@id\":\"https:\/\/www.pravo.unizg.hr\/medunarodna-suradnja\/outgoing\/prije-mobilnosti\/la\/\",\"url\":\"https:\/\/www.pravo.unizg.hr\/medunarodna-suradnja\/outgoing\/prije-mobilnosti\/la\/\",\"name\":\"Ugovor o u\u010denju (LA) - Faculty of law\",\"isPartOf\":{\"@id\":\"https:\/\/www.pravo.unizg.hr\/#website\"},\"datePublished\":\"2023-03-08T11:22:04+00:00\",\"dateModified\":\"2023-04-20T08:02:28+00:00\",\"description\":\"Ugovor o u\u010denju na nemati\u010dnoj visokoobrazovnoj ustanovi dokument je kojim se odre\u0111uje program studiranja za pojedinoga studenta, a potpisuje ga student, mati\u010dno sveu\u010dili\u0161te i sveu\u010dili\u0161te doma\u0107in.\",\"breadcrumb\":{\"@id\":\"https:\/\/www.pravo.unizg.hr\/medunarodna-suradnja\/outgoing\/prije-mobilnosti\/la\/#breadcrumb\"},\"inLanguage\":\"en-US\",\"potentialAction\":[{\"@type\":\"ReadAction\",\"target\":[\"https:\/\/www.pravo.unizg.hr\/medunarodna-suradnja\/outgoing\/prije-mobilnosti\/la\/\"]}]},{\"@type\":\"BreadcrumbList\",\"@id\":\"https:\/\/www.pravo.unizg.hr\/medunarodna-suradnja\/outgoing\/prije-mobilnosti\/la\/#breadcrumb\",\"itemListElement\":[{\"@type\":\"ListItem\",\"position\":1,\"name\":\"Homepage\",\"item\":\"https:\/\/www.pravo.unizg.hr\/en\/\"},{\"@type\":\"ListItem\",\"position\":2,\"name\":\"Me\u0111unarodna suradnja\",\"item\":\"https:\/\/www.pravo.unizg.hr\/medunarodna-suradnja\/\"},{\"@type\":\"ListItem\",\"position\":3,\"name\":\"Odlazna studijska mobilnost\",\"item\":\"https:\/\/www.pravo.unizg.hr\/medunarodna-suradnja\/outgoing\/\"},{\"@type\":\"ListItem\",\"position\":4,\"name\":\"Prije mobilnosti\",\"item\":\"https:\/\/www.pravo.unizg.hr\/medunarodna-suradnja\/outgoing\/prije-mobilnosti\/\"},{\"@type\":\"ListItem\",\"position\":5,\"name\":\"Ugovor o u\u010denju (LA)\"}]},{\"@type\":\"WebSite\",\"@id\":\"https:\/\/www.pravo.unizg.hr\/#website\",\"url\":\"https:\/\/www.pravo.unizg.hr\/\",\"name\":\"Faculty of law\",\"description\":\"\",\"potentialAction\":[{\"@type\":\"SearchAction\",\"target\":{\"@type\":\"EntryPoint\",\"urlTemplate\":\"https:\/\/www.pravo.unizg.hr\/?s={search_term_string}\"},\"query-input\":\"required name=search_term_string\"}],\"inLanguage\":\"en-US\"}]}<\/script>\n<!-- \/ Yoast SEO plugin. -->","yoast_head_json":{"title":"Ugovor o u\u010denju (LA) - Faculty of law","description":"Ugovor o u\u010denju na nemati\u010dnoj visokoobrazovnoj ustanovi dokument je kojim se odre\u0111uje program studiranja za pojedinoga studenta, a potpisuje ga student, mati\u010dno sveu\u010dili\u0161te i sveu\u010dili\u0161te doma\u0107in.","robots":{"index":"index","follow":"follow","max-snippet":"max-snippet:-1","max-image-preview":"max-image-preview:large","max-video-preview":"max-video-preview:-1"},"canonical":"https:\/\/www.pravo.unizg.hr\/medunarodna-suradnja\/outgoing\/prije-mobilnosti\/la\/","og_locale":"en_US","og_type":"article","og_title":"Ugovor o u\u010denju (LA) - Faculty of law","og_description":"Ugovor o u\u010denju na nemati\u010dnoj visokoobrazovnoj ustanovi dokument je kojim se odre\u0111uje program studiranja za pojedinoga studenta, a potpisuje ga student, mati\u010dno sveu\u010dili\u0161te i sveu\u010dili\u0161te doma\u0107in.","og_url":"https:\/\/www.pravo.unizg.hr\/medunarodna-suradnja\/outgoing\/prije-mobilnosti\/la\/","og_site_name":"Faculty of law","article_modified_time":"2023-04-20T08:02:28+00:00","twitter_card":"summary_large_image","twitter_misc":{"Est. reading time":"2 minutes"},"schema":{"@context":"https:\/\/schema.org","@graph":[{"@type":"WebPage","@id":"https:\/\/www.pravo.unizg.hr\/medunarodna-suradnja\/outgoing\/prije-mobilnosti\/la\/","url":"https:\/\/www.pravo.unizg.hr\/medunarodna-suradnja\/outgoing\/prije-mobilnosti\/la\/","name":"Ugovor o u\u010denju (LA) - Faculty of law","isPartOf":{"@id":"https:\/\/www.pravo.unizg.hr\/#website"},"datePublished":"2023-03-08T11:22:04+00:00","dateModified":"2023-04-20T08:02:28+00:00","description":"Ugovor o u\u010denju na nemati\u010dnoj visokoobrazovnoj ustanovi dokument je kojim se odre\u0111uje program studiranja za pojedinoga studenta, a potpisuje ga student, mati\u010dno sveu\u010dili\u0161te i sveu\u010dili\u0161te doma\u0107in.","breadcrumb":{"@id":"https:\/\/www.pravo.unizg.hr\/medunarodna-suradnja\/outgoing\/prije-mobilnosti\/la\/#breadcrumb"},"inLanguage":"en-US","potentialAction":[{"@type":"ReadAction","target":["https:\/\/www.pravo.unizg.hr\/medunarodna-suradnja\/outgoing\/prije-mobilnosti\/la\/"]}]},{"@type":"BreadcrumbList","@id":"https:\/\/www.pravo.unizg.hr\/medunarodna-suradnja\/outgoing\/prije-mobilnosti\/la\/#breadcrumb","itemListElement":[{"@type":"ListItem","position":1,"name":"Homepage","item":"https:\/\/www.pravo.unizg.hr\/en\/"},{"@type":"ListItem","position":2,"name":"Me\u0111unarodna suradnja","item":"https:\/\/www.pravo.unizg.hr\/medunarodna-suradnja\/"},{"@type":"ListItem","position":3,"name":"Odlazna studijska mobilnost","item":"https:\/\/www.pravo.unizg.hr\/medunarodna-suradnja\/outgoing\/"},{"@type":"ListItem","position":4,"name":"Prije mobilnosti","item":"https:\/\/www.pravo.unizg.hr\/medunarodna-suradnja\/outgoing\/prije-mobilnosti\/"},{"@type":"ListItem","position":5,"name":"Ugovor o u\u010denju (LA)"}]},{"@type":"WebSite","@id":"https:\/\/www.pravo.unizg.hr\/#website","url":"https:\/\/www.pravo.unizg.hr\/","name":"Faculty of law","description":"","potentialAction":[{"@type":"SearchAction","target":{"@type":"EntryPoint","urlTemplate":"https:\/\/www.pravo.unizg.hr\/?s={search_term_string}"},"query-input":"required name=search_term_string"}],"inLanguage":"en-US"}]}},"_links":{"self":[{"href":"https:\/\/www.pravo.unizg.hr\/en\/wp-json\/wp\/v2\/pages\/4733","targetHints":{"allow":["GET"]}}],"collection":[{"href":"https:\/\/www.pravo.unizg.hr\/en\/wp-json\/wp\/v2\/pages"}],"about":[{"href":"https:\/\/www.pravo.unizg.hr\/en\/wp-json\/wp\/v2\/types\/page"}],"author":[{"embeddable":true,"href":"https:\/\/www.pravo.unizg.hr\/en\/wp-json\/wp\/v2\/users\/511"}],"replies":[{"embeddable":true,"href":"https:\/\/www.pravo.unizg.hr\/en\/wp-json\/wp\/v2\/comments?post=4733"}],"version-history":[{"count":7,"href":"https:\/\/www.pravo.unizg.hr\/en\/wp-json\/wp\/v2\/pages\/4733\/revisions"}],"predecessor-version":[{"id":7807,"href":"https:\/\/www.pravo.unizg.hr\/en\/wp-json\/wp\/v2\/pages\/4733\/revisions\/7807"}],"up":[{"embeddable":true,"href":"https:\/\/www.pravo.unizg.hr\/en\/wp-json\/wp\/v2\/pages\/4723"}],"wp:attachment":[{"href":"https:\/\/www.pravo.unizg.hr\/en\/wp-json\/wp\/v2\/media?parent=4733"}],"curies":[{"name":"wp","href":"https:\/\/api.w.org\/{rel}","templated":true}]}}