{"id":4729,"date":"2023-03-08T12:21:11","date_gmt":"2023-03-08T11:21:11","guid":{"rendered":"https:\/\/www.pravo.unizg.hr\/?page_id=4729"},"modified":"2023-04-20T11:05:39","modified_gmt":"2023-04-20T09:05:39","slug":"nominacije-prijave-na-strano-sveuciliste","status":"publish","type":"page","link":"https:\/\/www.pravo.unizg.hr\/en\/medunarodna-suradnja\/outgoing\/prije-mobilnosti\/nominacije-prijave-na-strano-sveuciliste\/","title":{"rendered":"Nominacije na strano sveu\u010dili\u0161te"},"content":{"rendered":"<p>Po objavi slu\u017ebenih rezultata natje\u010daja Ured za me\u0111unarodnu suradnju PFZG-a nominira<br \/>\nErasmus+ studente na strano sveu\u010dili\u0161te.<br \/>\nStudente koji idu na studijski boravak preko bilateralnih sporazuma Sveu\u010dili\u0161ta u Zagrebu<br \/>\nnominira Ured za me\u0111unarodnu suradnju Sveu\u010dili\u0161ta u Zagrebu.<br \/>\nDruge nominacije ovise o vrsti razmjene.<br \/>\nPo izvr\u0161enoj nominaciji od strane Ureda za me\u0111unarodnu suradnju PFZG-a, strano sveu\u010dili\u0161te<br \/>\n\u0107e stupiti u kontakt s nominiranim studentom putem maila. Molimo provjeravati redovno<br \/>\nsvoju pristiglu email po\u0161tu na email korisni\u010dkom ra\u010dunu koji ste naveli u samoj prijavi.<\/p>\n","protected":false},"excerpt":{"rendered":"<p>Po objavi slu\u017ebenih rezultata natje\u010daja Ured za me\u0111unarodnu suradnju PFZG-a&#8230;<\/p>\n","protected":false},"author":511,"featured_media":0,"parent":4723,"menu_order":1,"comment_status":"closed","ping_status":"closed","template":"","meta":{"footnotes":""},"class_list":["post-4729","page","type-page","status-publish","hentry"],"pp_force_visibility":null,"pp_subpost_visibility":null,"pp_inherited_force_visibility":null,"pp_inherited_subpost_visibility":null,"acf":[],"yoast_head":"<!-- This site is optimized with the Yoast SEO plugin v20.1 - https:\/\/yoast.com\/wordpress\/plugins\/seo\/ -->\n<title>Nominacije na strano sveu\u010dili\u0161te - Faculty of law<\/title>\n<meta name=\"description\" content=\"Po objavi slu\u017ebenih rezultata natje\u010daja Ured za me\u0111unarodnu suradnju PFZG-a nominira Erasmus+ studente na strano sveu\u010dili\u0161te.\" \/>\n<meta name=\"robots\" content=\"index, follow, max-snippet:-1, max-image-preview:large, max-video-preview:-1\" \/>\n<link rel=\"canonical\" href=\"https:\/\/www.pravo.unizg.hr\/medunarodna-suradnja\/outgoing\/prije-mobilnosti\/nominacije-prijave-na-strano-sveuciliste\/\" \/>\n<meta property=\"og:locale\" content=\"en_US\" \/>\n<meta property=\"og:type\" content=\"article\" \/>\n<meta property=\"og:title\" content=\"Nominacije na strano sveu\u010dili\u0161te - Faculty of law\" \/>\n<meta property=\"og:description\" content=\"Po objavi slu\u017ebenih rezultata natje\u010daja Ured za me\u0111unarodnu suradnju PFZG-a nominira Erasmus+ studente na strano sveu\u010dili\u0161te.\" \/>\n<meta property=\"og:url\" content=\"https:\/\/www.pravo.unizg.hr\/medunarodna-suradnja\/outgoing\/prije-mobilnosti\/nominacije-prijave-na-strano-sveuciliste\/\" \/>\n<meta property=\"og:site_name\" content=\"Faculty of law\" \/>\n<meta property=\"article:modified_time\" content=\"2023-04-20T09:05:39+00:00\" \/>\n<meta name=\"twitter:card\" content=\"summary_large_image\" \/>\n<meta name=\"twitter:label1\" content=\"Est. reading time\" \/>\n\t<meta name=\"twitter:data1\" content=\"1 minute\" \/>\n<script type=\"application\/ld+json\" class=\"yoast-schema-graph\">{\"@context\":\"https:\/\/schema.org\",\"@graph\":[{\"@type\":\"WebPage\",\"@id\":\"https:\/\/www.pravo.unizg.hr\/medunarodna-suradnja\/outgoing\/prije-mobilnosti\/nominacije-prijave-na-strano-sveuciliste\/\",\"url\":\"https:\/\/www.pravo.unizg.hr\/medunarodna-suradnja\/outgoing\/prije-mobilnosti\/nominacije-prijave-na-strano-sveuciliste\/\",\"name\":\"Nominacije na strano sveu\u010dili\u0161te - Faculty of law\",\"isPartOf\":{\"@id\":\"https:\/\/www.pravo.unizg.hr\/#website\"},\"datePublished\":\"2023-03-08T11:21:11+00:00\",\"dateModified\":\"2023-04-20T09:05:39+00:00\",\"description\":\"Po objavi slu\u017ebenih rezultata natje\u010daja Ured za me\u0111unarodnu suradnju PFZG-a nominira Erasmus+ studente na strano sveu\u010dili\u0161te.\",\"breadcrumb\":{\"@id\":\"https:\/\/www.pravo.unizg.hr\/medunarodna-suradnja\/outgoing\/prije-mobilnosti\/nominacije-prijave-na-strano-sveuciliste\/#breadcrumb\"},\"inLanguage\":\"en-US\",\"potentialAction\":[{\"@type\":\"ReadAction\",\"target\":[\"https:\/\/www.pravo.unizg.hr\/medunarodna-suradnja\/outgoing\/prije-mobilnosti\/nominacije-prijave-na-strano-sveuciliste\/\"]}]},{\"@type\":\"BreadcrumbList\",\"@id\":\"https:\/\/www.pravo.unizg.hr\/medunarodna-suradnja\/outgoing\/prije-mobilnosti\/nominacije-prijave-na-strano-sveuciliste\/#breadcrumb\",\"itemListElement\":[{\"@type\":\"ListItem\",\"position\":1,\"name\":\"Homepage\",\"item\":\"https:\/\/www.pravo.unizg.hr\/en\/\"},{\"@type\":\"ListItem\",\"position\":2,\"name\":\"Me\u0111unarodna suradnja\",\"item\":\"https:\/\/www.pravo.unizg.hr\/medunarodna-suradnja\/\"},{\"@type\":\"ListItem\",\"position\":3,\"name\":\"Odlazna studijska mobilnost\",\"item\":\"https:\/\/www.pravo.unizg.hr\/medunarodna-suradnja\/outgoing\/\"},{\"@type\":\"ListItem\",\"position\":4,\"name\":\"Prije mobilnosti\",\"item\":\"https:\/\/www.pravo.unizg.hr\/medunarodna-suradnja\/outgoing\/prije-mobilnosti\/\"},{\"@type\":\"ListItem\",\"position\":5,\"name\":\"Nominacije na strano sveu\u010dili\u0161te\"}]},{\"@type\":\"WebSite\",\"@id\":\"https:\/\/www.pravo.unizg.hr\/#website\",\"url\":\"https:\/\/www.pravo.unizg.hr\/\",\"name\":\"Faculty of law\",\"description\":\"\",\"potentialAction\":[{\"@type\":\"SearchAction\",\"target\":{\"@type\":\"EntryPoint\",\"urlTemplate\":\"https:\/\/www.pravo.unizg.hr\/?s={search_term_string}\"},\"query-input\":\"required name=search_term_string\"}],\"inLanguage\":\"en-US\"}]}<\/script>\n<!-- \/ Yoast SEO plugin. -->","yoast_head_json":{"title":"Nominacije na strano sveu\u010dili\u0161te - Faculty of law","description":"Po objavi slu\u017ebenih rezultata natje\u010daja Ured za me\u0111unarodnu suradnju PFZG-a nominira Erasmus+ studente na strano sveu\u010dili\u0161te.","robots":{"index":"index","follow":"follow","max-snippet":"max-snippet:-1","max-image-preview":"max-image-preview:large","max-video-preview":"max-video-preview:-1"},"canonical":"https:\/\/www.pravo.unizg.hr\/medunarodna-suradnja\/outgoing\/prije-mobilnosti\/nominacije-prijave-na-strano-sveuciliste\/","og_locale":"en_US","og_type":"article","og_title":"Nominacije na strano sveu\u010dili\u0161te - Faculty of law","og_description":"Po objavi slu\u017ebenih rezultata natje\u010daja Ured za me\u0111unarodnu suradnju PFZG-a nominira Erasmus+ studente na strano sveu\u010dili\u0161te.","og_url":"https:\/\/www.pravo.unizg.hr\/medunarodna-suradnja\/outgoing\/prije-mobilnosti\/nominacije-prijave-na-strano-sveuciliste\/","og_site_name":"Faculty of law","article_modified_time":"2023-04-20T09:05:39+00:00","twitter_card":"summary_large_image","twitter_misc":{"Est. reading time":"1 minute"},"schema":{"@context":"https:\/\/schema.org","@graph":[{"@type":"WebPage","@id":"https:\/\/www.pravo.unizg.hr\/medunarodna-suradnja\/outgoing\/prije-mobilnosti\/nominacije-prijave-na-strano-sveuciliste\/","url":"https:\/\/www.pravo.unizg.hr\/medunarodna-suradnja\/outgoing\/prije-mobilnosti\/nominacije-prijave-na-strano-sveuciliste\/","name":"Nominacije na strano sveu\u010dili\u0161te - Faculty of law","isPartOf":{"@id":"https:\/\/www.pravo.unizg.hr\/#website"},"datePublished":"2023-03-08T11:21:11+00:00","dateModified":"2023-04-20T09:05:39+00:00","description":"Po objavi slu\u017ebenih rezultata natje\u010daja Ured za me\u0111unarodnu suradnju PFZG-a nominira Erasmus+ studente na strano sveu\u010dili\u0161te.","breadcrumb":{"@id":"https:\/\/www.pravo.unizg.hr\/medunarodna-suradnja\/outgoing\/prije-mobilnosti\/nominacije-prijave-na-strano-sveuciliste\/#breadcrumb"},"inLanguage":"en-US","potentialAction":[{"@type":"ReadAction","target":["https:\/\/www.pravo.unizg.hr\/medunarodna-suradnja\/outgoing\/prije-mobilnosti\/nominacije-prijave-na-strano-sveuciliste\/"]}]},{"@type":"BreadcrumbList","@id":"https:\/\/www.pravo.unizg.hr\/medunarodna-suradnja\/outgoing\/prije-mobilnosti\/nominacije-prijave-na-strano-sveuciliste\/#breadcrumb","itemListElement":[{"@type":"ListItem","position":1,"name":"Homepage","item":"https:\/\/www.pravo.unizg.hr\/en\/"},{"@type":"ListItem","position":2,"name":"Me\u0111unarodna suradnja","item":"https:\/\/www.pravo.unizg.hr\/medunarodna-suradnja\/"},{"@type":"ListItem","position":3,"name":"Odlazna studijska mobilnost","item":"https:\/\/www.pravo.unizg.hr\/medunarodna-suradnja\/outgoing\/"},{"@type":"ListItem","position":4,"name":"Prije mobilnosti","item":"https:\/\/www.pravo.unizg.hr\/medunarodna-suradnja\/outgoing\/prije-mobilnosti\/"},{"@type":"ListItem","position":5,"name":"Nominacije na strano sveu\u010dili\u0161te"}]},{"@type":"WebSite","@id":"https:\/\/www.pravo.unizg.hr\/#website","url":"https:\/\/www.pravo.unizg.hr\/","name":"Faculty of law","description":"","potentialAction":[{"@type":"SearchAction","target":{"@type":"EntryPoint","urlTemplate":"https:\/\/www.pravo.unizg.hr\/?s={search_term_string}"},"query-input":"required name=search_term_string"}],"inLanguage":"en-US"}]}},"_links":{"self":[{"href":"https:\/\/www.pravo.unizg.hr\/en\/wp-json\/wp\/v2\/pages\/4729","targetHints":{"allow":["GET"]}}],"collection":[{"href":"https:\/\/www.pravo.unizg.hr\/en\/wp-json\/wp\/v2\/pages"}],"about":[{"href":"https:\/\/www.pravo.unizg.hr\/en\/wp-json\/wp\/v2\/types\/page"}],"author":[{"embeddable":true,"href":"https:\/\/www.pravo.unizg.hr\/en\/wp-json\/wp\/v2\/users\/511"}],"replies":[{"embeddable":true,"href":"https:\/\/www.pravo.unizg.hr\/en\/wp-json\/wp\/v2\/comments?post=4729"}],"version-history":[{"count":3,"href":"https:\/\/www.pravo.unizg.hr\/en\/wp-json\/wp\/v2\/pages\/4729\/revisions"}],"predecessor-version":[{"id":7715,"href":"https:\/\/www.pravo.unizg.hr\/en\/wp-json\/wp\/v2\/pages\/4729\/revisions\/7715"}],"up":[{"embeddable":true,"href":"https:\/\/www.pravo.unizg.hr\/en\/wp-json\/wp\/v2\/pages\/4723"}],"wp:attachment":[{"href":"https:\/\/www.pravo.unizg.hr\/en\/wp-json\/wp\/v2\/media?parent=4729"}],"curies":[{"name":"wp","href":"https:\/\/api.w.org\/{rel}","templated":true}]}}