{"id":4711,"date":"2023-03-08T12:17:16","date_gmt":"2023-03-08T11:17:16","guid":{"rendered":"https:\/\/www.pravo.unizg.hr\/?page_id=4711"},"modified":"2025-10-21T20:20:00","modified_gmt":"2025-10-21T19:20:00","slug":"unic","status":"publish","type":"page","link":"https:\/\/www.pravo.unizg.hr\/en\/medunarodna-suradnja\/programi-medunarodne-mobilnosti\/unic\/","title":{"rendered":"UNIC"},"content":{"rendered":"<p>Sveu\u010dili\u0161te u Zagrebu je dio novonastaju\u0107eg Europskoga sveu\u010dili\u0161ta postindustrijskih<br \/>\ngradova \u2013 UNIC<br \/>\nUNIC sveu\u010dili\u0161te nudi dinami\u010dno i raznoliko studentsko iskustvo koje polaznicima daje<br \/>\nprostor da istra\u017euju, razvijaju se i napreduju u svojim energi\u010dnim urbanim okru\u017eenjima. Na<br \/>\nsveu\u010dili\u0161tima u postindustrijskim gradovima beskona\u010dne su mogu\u0107nosti u\u010denja iz razli\u010ditih<br \/>\nperspektiva o tome kako se suo\u010diti sa suvremenim izazovima. UNIC-ovi kampusi mjesta su<br \/>\ngdje studenti izlaze ispod svojega akademskog staklenog zvona u svakodnevni \u017eivot. Na\u0161i<br \/>\nstudenti imaju priliku aktivno sudjelovati u transformaciji dru\u0161tva razvijanjem razumijevanja<br \/>\nlokalnih gradskih okru\u017eenja i stvaranjem na istra\u017eivanju utemeljenih rje\u0161enja za njegove<br \/>\nprobleme i izazove.<\/p>\n<p>Uz Sveu\u010dili\u0161te u Zagrebu, UNIC savez \u010dine Sveu\u010dili\u0161te Deusto u Bilbaou (\u0160panjolska),<br \/>\nSveu\u010dili\u0161te Ruhr u Bochumu (Njema\u010dka), Ko\u00e7 sveu\u010dili\u0161te u Istanbulu (Turska), Erasmus<br \/>\nsveu\u010dili\u0161te u Rotterdamu (Nizozemska), Sveu\u010dili\u0161te u Corku (Irska), Sveu\u010dili\u0161te u Li\u00e8geu<br \/>\n(Belgija) i Sveu\u010dili\u0161te u Oulu (Finska).Savezu osam europskih sveu\u010dili\u0161ta, me\u0111u kojima je i Sveu\u010dili\u0161te u Zagrebu, dodijeljena jeinicijalna potpora za razvoj Europskoga sveu\u010dili\u0161ta postindustrijskih gradova \u2013 UNIC, u<br \/>\nokviru poziva\u00a0European Universities.<\/p>\n<p>Web stranice UNIC projekta:<br \/>\n&#8211; hrvatski &#8211;\u00a0<a href=\"http:\/\/unic.eu\/hr\/\">unic.eu\/hr\/<\/a><br \/>\n&#8211; English\u00a0&#8211;\u00a0<a href=\"http:\/\/unic.eu\/en\/\">unic.eu\/en\/<\/a><\/p>\n<p>Savez osam sveu\u010dili\u0161ta koja obrazuju putem nastave, istra\u017eivanja i uklju\u010divanja<br \/>\nzajednice, radi razvoja uklju\u010divih dru\u0161tava<br \/>\nKoordinator UNIC saveza je Erasmus sveu\u010dili\u0161te u Rotterdamu. Koordinator projekta na<br \/>\nrazini Sveu\u010dili\u0161ta u Zagrebu je Pravni fakultet.<br \/>\nProjekt stvaranja UNIC-a ima tri glavne komponente, koje \u0107e se najve\u0107im dijelom ostvariti<br \/>\nonline, odnosno u digitalnom okru\u017eenju.<\/p>\n<p>&nbsp;<\/p>\n","protected":false},"excerpt":{"rendered":"<p>Sveu\u010dili\u0161te u Zagrebu je dio novonastaju\u0107eg Europskoga sveu\u010dili\u0161ta postindustrijskih gradova&#8230;<\/p>\n","protected":false},"author":511,"featured_media":0,"parent":7548,"menu_order":8,"comment_status":"closed","ping_status":"closed","template":"","meta":{"footnotes":""},"class_list":["post-4711","page","type-page","status-publish","hentry"],"pp_force_visibility":null,"pp_subpost_visibility":null,"pp_inherited_force_visibility":null,"pp_inherited_subpost_visibility":null,"acf":[],"yoast_head":"<!-- This site is optimized with the Yoast SEO plugin v20.1 - https:\/\/yoast.com\/wordpress\/plugins\/seo\/ -->\n<title>UNIC - Faculty of law<\/title>\n<meta name=\"description\" content=\"Savez osam sveu\u010dili\u0161ta koja obrazuju putem nastave, istra\u017eivanja i uklju\u010divanja zajednice, radi razvoja uklju\u0107ivih dru\u0161tava.\" \/>\n<meta name=\"robots\" content=\"index, follow, max-snippet:-1, max-image-preview:large, max-video-preview:-1\" \/>\n<link rel=\"canonical\" href=\"https:\/\/www.pravo.unizg.hr\/medunarodna-suradnja\/programi-medunarodne-mobilnosti\/unic\/\" \/>\n<meta property=\"og:locale\" content=\"en_US\" \/>\n<meta property=\"og:type\" content=\"article\" \/>\n<meta property=\"og:title\" content=\"UNIC - Faculty of law\" \/>\n<meta property=\"og:description\" content=\"Savez osam sveu\u010dili\u0161ta koja obrazuju putem nastave, istra\u017eivanja i uklju\u010divanja zajednice, radi razvoja uklju\u0107ivih dru\u0161tava.\" \/>\n<meta property=\"og:url\" content=\"https:\/\/www.pravo.unizg.hr\/medunarodna-suradnja\/programi-medunarodne-mobilnosti\/unic\/\" \/>\n<meta property=\"og:site_name\" content=\"Faculty of law\" \/>\n<meta property=\"article:modified_time\" content=\"2025-10-21T19:20:00+00:00\" \/>\n<meta name=\"twitter:card\" content=\"summary_large_image\" \/>\n<meta name=\"twitter:label1\" content=\"Est. reading time\" \/>\n\t<meta name=\"twitter:data1\" content=\"2 minutes\" \/>\n<script type=\"application\/ld+json\" class=\"yoast-schema-graph\">{\"@context\":\"https:\/\/schema.org\",\"@graph\":[{\"@type\":\"WebPage\",\"@id\":\"https:\/\/www.pravo.unizg.hr\/medunarodna-suradnja\/programi-medunarodne-mobilnosti\/unic\/\",\"url\":\"https:\/\/www.pravo.unizg.hr\/medunarodna-suradnja\/programi-medunarodne-mobilnosti\/unic\/\",\"name\":\"UNIC - Faculty of law\",\"isPartOf\":{\"@id\":\"https:\/\/www.pravo.unizg.hr\/#website\"},\"datePublished\":\"2023-03-08T11:17:16+00:00\",\"dateModified\":\"2025-10-21T19:20:00+00:00\",\"description\":\"Savez osam sveu\u010dili\u0161ta koja obrazuju putem nastave, istra\u017eivanja i uklju\u010divanja zajednice, radi razvoja uklju\u0107ivih dru\u0161tava.\",\"breadcrumb\":{\"@id\":\"https:\/\/www.pravo.unizg.hr\/medunarodna-suradnja\/programi-medunarodne-mobilnosti\/unic\/#breadcrumb\"},\"inLanguage\":\"en-US\",\"potentialAction\":[{\"@type\":\"ReadAction\",\"target\":[\"https:\/\/www.pravo.unizg.hr\/medunarodna-suradnja\/programi-medunarodne-mobilnosti\/unic\/\"]}]},{\"@type\":\"BreadcrumbList\",\"@id\":\"https:\/\/www.pravo.unizg.hr\/medunarodna-suradnja\/programi-medunarodne-mobilnosti\/unic\/#breadcrumb\",\"itemListElement\":[{\"@type\":\"ListItem\",\"position\":1,\"name\":\"Homepage\",\"item\":\"https:\/\/www.pravo.unizg.hr\/en\/\"},{\"@type\":\"ListItem\",\"position\":2,\"name\":\"Me\u0111unarodna suradnja\",\"item\":\"https:\/\/www.pravo.unizg.hr\/medunarodna-suradnja\/\"},{\"@type\":\"ListItem\",\"position\":3,\"name\":\"Programi me\u0111unarodne mobilnosti za studente\",\"item\":\"https:\/\/www.pravo.unizg.hr\/medunarodna-suradnja\/programi-medunarodne-mobilnosti\/\"},{\"@type\":\"ListItem\",\"position\":4,\"name\":\"UNIC\"}]},{\"@type\":\"WebSite\",\"@id\":\"https:\/\/www.pravo.unizg.hr\/#website\",\"url\":\"https:\/\/www.pravo.unizg.hr\/\",\"name\":\"Faculty of law\",\"description\":\"\",\"potentialAction\":[{\"@type\":\"SearchAction\",\"target\":{\"@type\":\"EntryPoint\",\"urlTemplate\":\"https:\/\/www.pravo.unizg.hr\/?s={search_term_string}\"},\"query-input\":\"required name=search_term_string\"}],\"inLanguage\":\"en-US\"}]}<\/script>\n<!-- \/ Yoast SEO plugin. -->","yoast_head_json":{"title":"UNIC - Faculty of law","description":"Savez osam sveu\u010dili\u0161ta koja obrazuju putem nastave, istra\u017eivanja i uklju\u010divanja zajednice, radi razvoja uklju\u0107ivih dru\u0161tava.","robots":{"index":"index","follow":"follow","max-snippet":"max-snippet:-1","max-image-preview":"max-image-preview:large","max-video-preview":"max-video-preview:-1"},"canonical":"https:\/\/www.pravo.unizg.hr\/medunarodna-suradnja\/programi-medunarodne-mobilnosti\/unic\/","og_locale":"en_US","og_type":"article","og_title":"UNIC - Faculty of law","og_description":"Savez osam sveu\u010dili\u0161ta koja obrazuju putem nastave, istra\u017eivanja i uklju\u010divanja zajednice, radi razvoja uklju\u0107ivih dru\u0161tava.","og_url":"https:\/\/www.pravo.unizg.hr\/medunarodna-suradnja\/programi-medunarodne-mobilnosti\/unic\/","og_site_name":"Faculty of law","article_modified_time":"2025-10-21T19:20:00+00:00","twitter_card":"summary_large_image","twitter_misc":{"Est. reading time":"2 minutes"},"schema":{"@context":"https:\/\/schema.org","@graph":[{"@type":"WebPage","@id":"https:\/\/www.pravo.unizg.hr\/medunarodna-suradnja\/programi-medunarodne-mobilnosti\/unic\/","url":"https:\/\/www.pravo.unizg.hr\/medunarodna-suradnja\/programi-medunarodne-mobilnosti\/unic\/","name":"UNIC - Faculty of law","isPartOf":{"@id":"https:\/\/www.pravo.unizg.hr\/#website"},"datePublished":"2023-03-08T11:17:16+00:00","dateModified":"2025-10-21T19:20:00+00:00","description":"Savez osam sveu\u010dili\u0161ta koja obrazuju putem nastave, istra\u017eivanja i uklju\u010divanja zajednice, radi razvoja uklju\u0107ivih dru\u0161tava.","breadcrumb":{"@id":"https:\/\/www.pravo.unizg.hr\/medunarodna-suradnja\/programi-medunarodne-mobilnosti\/unic\/#breadcrumb"},"inLanguage":"en-US","potentialAction":[{"@type":"ReadAction","target":["https:\/\/www.pravo.unizg.hr\/medunarodna-suradnja\/programi-medunarodne-mobilnosti\/unic\/"]}]},{"@type":"BreadcrumbList","@id":"https:\/\/www.pravo.unizg.hr\/medunarodna-suradnja\/programi-medunarodne-mobilnosti\/unic\/#breadcrumb","itemListElement":[{"@type":"ListItem","position":1,"name":"Homepage","item":"https:\/\/www.pravo.unizg.hr\/en\/"},{"@type":"ListItem","position":2,"name":"Me\u0111unarodna suradnja","item":"https:\/\/www.pravo.unizg.hr\/medunarodna-suradnja\/"},{"@type":"ListItem","position":3,"name":"Programi me\u0111unarodne mobilnosti za studente","item":"https:\/\/www.pravo.unizg.hr\/medunarodna-suradnja\/programi-medunarodne-mobilnosti\/"},{"@type":"ListItem","position":4,"name":"UNIC"}]},{"@type":"WebSite","@id":"https:\/\/www.pravo.unizg.hr\/#website","url":"https:\/\/www.pravo.unizg.hr\/","name":"Faculty of law","description":"","potentialAction":[{"@type":"SearchAction","target":{"@type":"EntryPoint","urlTemplate":"https:\/\/www.pravo.unizg.hr\/?s={search_term_string}"},"query-input":"required name=search_term_string"}],"inLanguage":"en-US"}]}},"_links":{"self":[{"href":"https:\/\/www.pravo.unizg.hr\/en\/wp-json\/wp\/v2\/pages\/4711","targetHints":{"allow":["GET"]}}],"collection":[{"href":"https:\/\/www.pravo.unizg.hr\/en\/wp-json\/wp\/v2\/pages"}],"about":[{"href":"https:\/\/www.pravo.unizg.hr\/en\/wp-json\/wp\/v2\/types\/page"}],"author":[{"embeddable":true,"href":"https:\/\/www.pravo.unizg.hr\/en\/wp-json\/wp\/v2\/users\/511"}],"replies":[{"embeddable":true,"href":"https:\/\/www.pravo.unizg.hr\/en\/wp-json\/wp\/v2\/comments?post=4711"}],"version-history":[{"count":4,"href":"https:\/\/www.pravo.unizg.hr\/en\/wp-json\/wp\/v2\/pages\/4711\/revisions"}],"predecessor-version":[{"id":29178,"href":"https:\/\/www.pravo.unizg.hr\/en\/wp-json\/wp\/v2\/pages\/4711\/revisions\/29178"}],"up":[{"embeddable":true,"href":"https:\/\/www.pravo.unizg.hr\/en\/wp-json\/wp\/v2\/pages\/7548"}],"wp:attachment":[{"href":"https:\/\/www.pravo.unizg.hr\/en\/wp-json\/wp\/v2\/media?parent=4711"}],"curies":[{"name":"wp","href":"https:\/\/api.w.org\/{rel}","templated":true}]}}