{"id":4709,"date":"2023-03-08T12:16:57","date_gmt":"2023-03-08T11:16:57","guid":{"rendered":"https:\/\/www.pravo.unizg.hr\/?page_id=4709"},"modified":"2025-10-21T20:12:15","modified_gmt":"2025-10-21T19:12:15","slug":"ciel","status":"publish","type":"page","link":"https:\/\/www.pravo.unizg.hr\/en\/medunarodna-suradnja\/programi-medunarodne-mobilnosti\/erasmus\/ciel\/","title":{"rendered":"CIEL"},"content":{"rendered":"<p><strong>CIEL &#8211; <em>European Master in Comparative, International and European Law<\/em><\/strong><\/p>\n<p>\u017deli\u0161 studirati u Barceloni, Dublinu, Mannheimu, Toulouseu, Antwerpenu ili Maastrichtu i<br \/>\nistovremeno ostvariti me\u0111unarodnu kvalifikaciju? Pravni fakultet u Zagrebu sura\u0111uje sa \u0161est<br \/>\ndrugih europskih sveu\u010dili\u0161ta kako bi ti ponudio poseban program razmjene u kontekstu<br \/>\nERASMUS-a. CIEL je osmi\u0161ljen tako da studenti koji uspje\u0161no zavr\u0161e program uz magisterij<br \/>\ndobivaju certifikat European Master in Comparative International and European Law<br \/>\n(CIEL).<\/p>\n<p>Pravni fakultet \u010dlan je me\u0111unarodne mre\u017ee pravnih fakulteta CIEL\u00a0\u010diji je cilj poticanje<br \/>\nmobilnosti studenata koji studiraju komparativno, me\u0111unarodno ili europsko pravo na<br \/>\ndiplomskoj razini na jednom od partnerskih sveu\u010dili\u0161ta:<\/p>\n<ul>\n<li>Maastricht University (The Netherlands)<\/li>\n<li>Universitat Pompeu Fabra (Spain)<\/li>\n<li>Universite De Toulouse 1 Capitole (France)<\/li>\n<li>University of Antwerp (Belgium)<\/li>\n<li>University of Mannheim (Germany)<\/li>\n<li>University College Dublin (Ireland)<\/li>\n<\/ul>\n<p>Partnerska sveu\u010dili\u0161ta\u00a0dogovorila su suradnju u osnivanju novog programa koji omogu\u0107uje<br \/>\nsvojim studentima da studiraju najmanje jedan semestar na partnerskom sveu\u010dili\u0161tu koje nije<br \/>\nnjihovo mati\u010dno sveu\u010dili\u0161te te da po zavr\u0161etku studija prime poseban certifikat pod nazivom<br \/>\nEuropean Master in Comparative, International and European Law (ClEL) ako<br \/>\nzadovoljavaju uvjete mobilnosti unutar mre\u017ee te uvjete za zavr\u0161etak studija u\u00a0svojoj mati\u010dnoj<br \/>\nustanovi.<\/p>\n","protected":false},"excerpt":{"rendered":"<p>CIEL &#8211; European Master in Comparative, International and European Law&#8230;<\/p>\n","protected":false},"author":511,"featured_media":0,"parent":4707,"menu_order":5,"comment_status":"closed","ping_status":"closed","template":"","meta":{"footnotes":""},"class_list":["post-4709","page","type-page","status-publish","hentry"],"pp_force_visibility":null,"pp_subpost_visibility":null,"pp_inherited_force_visibility":null,"pp_inherited_subpost_visibility":null,"acf":[],"yoast_head":"<!-- This site is optimized with the Yoast SEO plugin v20.1 - https:\/\/yoast.com\/wordpress\/plugins\/seo\/ -->\n<title>CIEL - Faculty of law<\/title>\n<meta name=\"description\" content=\"Studenti koji uspje\u0161no zavr\u0161e program uz magisterij dobivaju certifikat European Master in Comparative International and European Law.\" \/>\n<meta name=\"robots\" content=\"index, follow, max-snippet:-1, max-image-preview:large, max-video-preview:-1\" \/>\n<link rel=\"canonical\" href=\"https:\/\/www.pravo.unizg.hr\/medunarodna-suradnja\/programi-medunarodne-mobilnosti\/erasmus\/ciel\/\" \/>\n<meta property=\"og:locale\" content=\"en_US\" \/>\n<meta property=\"og:type\" content=\"article\" \/>\n<meta property=\"og:title\" content=\"CIEL - Faculty of law\" \/>\n<meta property=\"og:description\" content=\"Studenti koji uspje\u0161no zavr\u0161e program uz magisterij dobivaju certifikat European Master in Comparative International and European Law.\" \/>\n<meta property=\"og:url\" content=\"https:\/\/www.pravo.unizg.hr\/medunarodna-suradnja\/programi-medunarodne-mobilnosti\/erasmus\/ciel\/\" \/>\n<meta property=\"og:site_name\" content=\"Faculty of law\" \/>\n<meta property=\"article:modified_time\" content=\"2025-10-21T19:12:15+00:00\" \/>\n<meta name=\"twitter:card\" content=\"summary_large_image\" \/>\n<meta name=\"twitter:label1\" content=\"Est. reading time\" \/>\n\t<meta name=\"twitter:data1\" content=\"1 minute\" \/>\n<script type=\"application\/ld+json\" class=\"yoast-schema-graph\">{\"@context\":\"https:\/\/schema.org\",\"@graph\":[{\"@type\":\"WebPage\",\"@id\":\"https:\/\/www.pravo.unizg.hr\/medunarodna-suradnja\/programi-medunarodne-mobilnosti\/erasmus\/ciel\/\",\"url\":\"https:\/\/www.pravo.unizg.hr\/medunarodna-suradnja\/programi-medunarodne-mobilnosti\/erasmus\/ciel\/\",\"name\":\"CIEL - Faculty of law\",\"isPartOf\":{\"@id\":\"https:\/\/www.pravo.unizg.hr\/#website\"},\"datePublished\":\"2023-03-08T11:16:57+00:00\",\"dateModified\":\"2025-10-21T19:12:15+00:00\",\"description\":\"Studenti koji uspje\u0161no zavr\u0161e program uz magisterij dobivaju certifikat European Master in Comparative International and European Law.\",\"breadcrumb\":{\"@id\":\"https:\/\/www.pravo.unizg.hr\/medunarodna-suradnja\/programi-medunarodne-mobilnosti\/erasmus\/ciel\/#breadcrumb\"},\"inLanguage\":\"en-US\",\"potentialAction\":[{\"@type\":\"ReadAction\",\"target\":[\"https:\/\/www.pravo.unizg.hr\/medunarodna-suradnja\/programi-medunarodne-mobilnosti\/erasmus\/ciel\/\"]}]},{\"@type\":\"BreadcrumbList\",\"@id\":\"https:\/\/www.pravo.unizg.hr\/medunarodna-suradnja\/programi-medunarodne-mobilnosti\/erasmus\/ciel\/#breadcrumb\",\"itemListElement\":[{\"@type\":\"ListItem\",\"position\":1,\"name\":\"Homepage\",\"item\":\"https:\/\/www.pravo.unizg.hr\/en\/\"},{\"@type\":\"ListItem\",\"position\":2,\"name\":\"Me\u0111unarodna suradnja\",\"item\":\"https:\/\/www.pravo.unizg.hr\/medunarodna-suradnja\/\"},{\"@type\":\"ListItem\",\"position\":3,\"name\":\"Programi me\u0111unarodne mobilnosti za studente\",\"item\":\"https:\/\/www.pravo.unizg.hr\/medunarodna-suradnja\/programi-medunarodne-mobilnosti\/\"},{\"@type\":\"ListItem\",\"position\":4,\"name\":\"ERASMUS+\",\"item\":\"https:\/\/www.pravo.unizg.hr\/medunarodna-suradnja\/programi-medunarodne-mobilnosti\/erasmus\/\"},{\"@type\":\"ListItem\",\"position\":5,\"name\":\"CIEL\"}]},{\"@type\":\"WebSite\",\"@id\":\"https:\/\/www.pravo.unizg.hr\/#website\",\"url\":\"https:\/\/www.pravo.unizg.hr\/\",\"name\":\"Faculty of law\",\"description\":\"\",\"potentialAction\":[{\"@type\":\"SearchAction\",\"target\":{\"@type\":\"EntryPoint\",\"urlTemplate\":\"https:\/\/www.pravo.unizg.hr\/?s={search_term_string}\"},\"query-input\":\"required name=search_term_string\"}],\"inLanguage\":\"en-US\"}]}<\/script>\n<!-- \/ Yoast SEO plugin. -->","yoast_head_json":{"title":"CIEL - Faculty of law","description":"Studenti koji uspje\u0161no zavr\u0161e program uz magisterij dobivaju certifikat European Master in Comparative International and European Law.","robots":{"index":"index","follow":"follow","max-snippet":"max-snippet:-1","max-image-preview":"max-image-preview:large","max-video-preview":"max-video-preview:-1"},"canonical":"https:\/\/www.pravo.unizg.hr\/medunarodna-suradnja\/programi-medunarodne-mobilnosti\/erasmus\/ciel\/","og_locale":"en_US","og_type":"article","og_title":"CIEL - Faculty of law","og_description":"Studenti koji uspje\u0161no zavr\u0161e program uz magisterij dobivaju certifikat European Master in Comparative International and European Law.","og_url":"https:\/\/www.pravo.unizg.hr\/medunarodna-suradnja\/programi-medunarodne-mobilnosti\/erasmus\/ciel\/","og_site_name":"Faculty of law","article_modified_time":"2025-10-21T19:12:15+00:00","twitter_card":"summary_large_image","twitter_misc":{"Est. reading time":"1 minute"},"schema":{"@context":"https:\/\/schema.org","@graph":[{"@type":"WebPage","@id":"https:\/\/www.pravo.unizg.hr\/medunarodna-suradnja\/programi-medunarodne-mobilnosti\/erasmus\/ciel\/","url":"https:\/\/www.pravo.unizg.hr\/medunarodna-suradnja\/programi-medunarodne-mobilnosti\/erasmus\/ciel\/","name":"CIEL - Faculty of law","isPartOf":{"@id":"https:\/\/www.pravo.unizg.hr\/#website"},"datePublished":"2023-03-08T11:16:57+00:00","dateModified":"2025-10-21T19:12:15+00:00","description":"Studenti koji uspje\u0161no zavr\u0161e program uz magisterij dobivaju certifikat European Master in Comparative International and European Law.","breadcrumb":{"@id":"https:\/\/www.pravo.unizg.hr\/medunarodna-suradnja\/programi-medunarodne-mobilnosti\/erasmus\/ciel\/#breadcrumb"},"inLanguage":"en-US","potentialAction":[{"@type":"ReadAction","target":["https:\/\/www.pravo.unizg.hr\/medunarodna-suradnja\/programi-medunarodne-mobilnosti\/erasmus\/ciel\/"]}]},{"@type":"BreadcrumbList","@id":"https:\/\/www.pravo.unizg.hr\/medunarodna-suradnja\/programi-medunarodne-mobilnosti\/erasmus\/ciel\/#breadcrumb","itemListElement":[{"@type":"ListItem","position":1,"name":"Homepage","item":"https:\/\/www.pravo.unizg.hr\/en\/"},{"@type":"ListItem","position":2,"name":"Me\u0111unarodna suradnja","item":"https:\/\/www.pravo.unizg.hr\/medunarodna-suradnja\/"},{"@type":"ListItem","position":3,"name":"Programi me\u0111unarodne mobilnosti za studente","item":"https:\/\/www.pravo.unizg.hr\/medunarodna-suradnja\/programi-medunarodne-mobilnosti\/"},{"@type":"ListItem","position":4,"name":"ERASMUS+","item":"https:\/\/www.pravo.unizg.hr\/medunarodna-suradnja\/programi-medunarodne-mobilnosti\/erasmus\/"},{"@type":"ListItem","position":5,"name":"CIEL"}]},{"@type":"WebSite","@id":"https:\/\/www.pravo.unizg.hr\/#website","url":"https:\/\/www.pravo.unizg.hr\/","name":"Faculty of law","description":"","potentialAction":[{"@type":"SearchAction","target":{"@type":"EntryPoint","urlTemplate":"https:\/\/www.pravo.unizg.hr\/?s={search_term_string}"},"query-input":"required name=search_term_string"}],"inLanguage":"en-US"}]}},"_links":{"self":[{"href":"https:\/\/www.pravo.unizg.hr\/en\/wp-json\/wp\/v2\/pages\/4709","targetHints":{"allow":["GET"]}}],"collection":[{"href":"https:\/\/www.pravo.unizg.hr\/en\/wp-json\/wp\/v2\/pages"}],"about":[{"href":"https:\/\/www.pravo.unizg.hr\/en\/wp-json\/wp\/v2\/types\/page"}],"author":[{"embeddable":true,"href":"https:\/\/www.pravo.unizg.hr\/en\/wp-json\/wp\/v2\/users\/511"}],"replies":[{"embeddable":true,"href":"https:\/\/www.pravo.unizg.hr\/en\/wp-json\/wp\/v2\/comments?post=4709"}],"version-history":[{"count":6,"href":"https:\/\/www.pravo.unizg.hr\/en\/wp-json\/wp\/v2\/pages\/4709\/revisions"}],"predecessor-version":[{"id":29173,"href":"https:\/\/www.pravo.unizg.hr\/en\/wp-json\/wp\/v2\/pages\/4709\/revisions\/29173"}],"up":[{"embeddable":true,"href":"https:\/\/www.pravo.unizg.hr\/en\/wp-json\/wp\/v2\/pages\/4707"}],"wp:attachment":[{"href":"https:\/\/www.pravo.unizg.hr\/en\/wp-json\/wp\/v2\/media?parent=4709"}],"curies":[{"name":"wp","href":"https:\/\/api.w.org\/{rel}","templated":true}]}}