{"id":4707,"date":"2023-03-08T12:16:41","date_gmt":"2023-03-08T11:16:41","guid":{"rendered":"https:\/\/www.pravo.unizg.hr\/?page_id=4707"},"modified":"2023-04-20T10:22:43","modified_gmt":"2023-04-20T08:22:43","slug":"erasmus","status":"publish","type":"page","link":"https:\/\/www.pravo.unizg.hr\/en\/medunarodna-suradnja\/programi-medunarodne-mobilnosti\/erasmus\/","title":{"rendered":"ERASMUS+"},"content":{"rendered":"<p>Erasmus+ je program EU-a kojim se podupiru obrazovanje, osposobljavanje, mladi i sport u<br \/>\nEuropi. Novo programsko razdoblje traje od 2021. \u2013 2027. te je izrazito usmjeren na socijalnu<br \/>\nuklju\u010denost, zelenu i digitalnu tranziciju te promicanje sudjelovanja mladih u demokratskom<br \/>\n\u017eivotu. Podupire prioritete i aktivnosti u okviru europskog prostora obrazovanja, Akcijskog plana za<br \/>\ndigitalno obrazovanje i Programa vje\u0161tina za Europu. Taj program tako\u0111er:<\/p>\n<ul>\n<li>podupire europski stup socijalnih prava<\/li>\n<li>slu\u017ei za provedbu strategije EU-a za mlade za razdoblje 2019. \u2013 2027.<\/li>\n<li>razvija europsku dimenziju u sportu.<\/li>\n<\/ul>\n<p>Cilj programa je potaknuti osobni i profesionalni razvoj gra\u0111ana Europske unije, pove\u0107ati<br \/>\nnjihovu zapo\u0161ljivost i konkurentnost te time doprinijeti rastu i odr\u017eivom razvoju, dru\u0161tvenoj<br \/>\nkoheziji te ja\u010danju europskoga identiteta.<\/p>\n<p>Vi\u0161e informacija na:<\/p>\n<p><a href=\"https:\/\/erasmus-plus.ec.europa.eu\/hr\/erasmus-programme-guide\">https:\/\/erasmus-plus.ec.europa.eu\/hr\/erasmus-programme-guide<\/a><br \/>\n<a href=\"https:\/\/erasmus-plus.ec.europa.eu\/hr\/opportunities\/opportunities-for-individuals\/students\">https:\/\/erasmus-plus.ec.europa.eu\/hr\/opportunities\/opportunities-for-individuals\/students<\/a><\/p>\n","protected":false},"excerpt":{"rendered":"<p>Erasmus+ je program EU-a kojim se podupiru obrazovanje, osposobljavanje, mladi&#8230;<\/p>\n","protected":false},"author":511,"featured_media":0,"parent":7548,"menu_order":1,"comment_status":"closed","ping_status":"closed","template":"","meta":{"footnotes":""},"class_list":["post-4707","page","type-page","status-publish","hentry"],"pp_force_visibility":null,"pp_subpost_visibility":null,"pp_inherited_force_visibility":null,"pp_inherited_subpost_visibility":null,"acf":[],"yoast_head":"<!-- This site is optimized with the Yoast SEO plugin v20.1 - https:\/\/yoast.com\/wordpress\/plugins\/seo\/ -->\n<title>ERASMUS+ - Faculty of law<\/title>\n<meta name=\"description\" content=\"Erasmus+ je program EU-a kojim se podupiru obrazovanje, osposobljavanje, mladi i sport u Europi. Podupire prioritete i aktivnosti u okviru europskog prostora obrazovanja, Akcijskog plana zadigitalno obrazovanje i Programa vje\u0161tina za Europu.\" \/>\n<meta name=\"robots\" content=\"index, follow, max-snippet:-1, max-image-preview:large, max-video-preview:-1\" \/>\n<link rel=\"canonical\" href=\"https:\/\/www.pravo.unizg.hr\/medunarodna-suradnja\/programi-medunarodne-mobilnosti\/erasmus\/\" \/>\n<meta property=\"og:locale\" content=\"en_US\" \/>\n<meta property=\"og:type\" content=\"article\" \/>\n<meta property=\"og:title\" content=\"ERASMUS+ - Faculty of law\" \/>\n<meta property=\"og:description\" content=\"Erasmus+ je program EU-a kojim se podupiru obrazovanje, osposobljavanje, mladi i sport u Europi. Podupire prioritete i aktivnosti u okviru europskog prostora obrazovanja, Akcijskog plana zadigitalno obrazovanje i Programa vje\u0161tina za Europu.\" \/>\n<meta property=\"og:url\" content=\"https:\/\/www.pravo.unizg.hr\/medunarodna-suradnja\/programi-medunarodne-mobilnosti\/erasmus\/\" \/>\n<meta property=\"og:site_name\" content=\"Faculty of law\" \/>\n<meta property=\"article:modified_time\" content=\"2023-04-20T08:22:43+00:00\" \/>\n<meta name=\"twitter:card\" content=\"summary_large_image\" \/>\n<meta name=\"twitter:label1\" content=\"Est. reading time\" \/>\n\t<meta name=\"twitter:data1\" content=\"1 minute\" \/>\n<script type=\"application\/ld+json\" class=\"yoast-schema-graph\">{\"@context\":\"https:\/\/schema.org\",\"@graph\":[{\"@type\":\"WebPage\",\"@id\":\"https:\/\/www.pravo.unizg.hr\/medunarodna-suradnja\/programi-medunarodne-mobilnosti\/erasmus\/\",\"url\":\"https:\/\/www.pravo.unizg.hr\/medunarodna-suradnja\/programi-medunarodne-mobilnosti\/erasmus\/\",\"name\":\"ERASMUS+ - Faculty of law\",\"isPartOf\":{\"@id\":\"https:\/\/www.pravo.unizg.hr\/#website\"},\"datePublished\":\"2023-03-08T11:16:41+00:00\",\"dateModified\":\"2023-04-20T08:22:43+00:00\",\"description\":\"Erasmus+ je program EU-a kojim se podupiru obrazovanje, osposobljavanje, mladi i sport u Europi. Podupire prioritete i aktivnosti u okviru europskog prostora obrazovanja, Akcijskog plana zadigitalno obrazovanje i Programa vje\u0161tina za Europu.\",\"breadcrumb\":{\"@id\":\"https:\/\/www.pravo.unizg.hr\/medunarodna-suradnja\/programi-medunarodne-mobilnosti\/erasmus\/#breadcrumb\"},\"inLanguage\":\"en-US\",\"potentialAction\":[{\"@type\":\"ReadAction\",\"target\":[\"https:\/\/www.pravo.unizg.hr\/medunarodna-suradnja\/programi-medunarodne-mobilnosti\/erasmus\/\"]}]},{\"@type\":\"BreadcrumbList\",\"@id\":\"https:\/\/www.pravo.unizg.hr\/medunarodna-suradnja\/programi-medunarodne-mobilnosti\/erasmus\/#breadcrumb\",\"itemListElement\":[{\"@type\":\"ListItem\",\"position\":1,\"name\":\"Homepage\",\"item\":\"https:\/\/www.pravo.unizg.hr\/en\/\"},{\"@type\":\"ListItem\",\"position\":2,\"name\":\"Me\u0111unarodna suradnja\",\"item\":\"https:\/\/www.pravo.unizg.hr\/medunarodna-suradnja\/\"},{\"@type\":\"ListItem\",\"position\":3,\"name\":\"Programi me\u0111unarodne mobilnosti za studente\",\"item\":\"https:\/\/www.pravo.unizg.hr\/medunarodna-suradnja\/programi-medunarodne-mobilnosti\/\"},{\"@type\":\"ListItem\",\"position\":4,\"name\":\"ERASMUS+\"}]},{\"@type\":\"WebSite\",\"@id\":\"https:\/\/www.pravo.unizg.hr\/#website\",\"url\":\"https:\/\/www.pravo.unizg.hr\/\",\"name\":\"Faculty of law\",\"description\":\"\",\"potentialAction\":[{\"@type\":\"SearchAction\",\"target\":{\"@type\":\"EntryPoint\",\"urlTemplate\":\"https:\/\/www.pravo.unizg.hr\/?s={search_term_string}\"},\"query-input\":\"required name=search_term_string\"}],\"inLanguage\":\"en-US\"}]}<\/script>\n<!-- \/ Yoast SEO plugin. -->","yoast_head_json":{"title":"ERASMUS+ - Faculty of law","description":"Erasmus+ je program EU-a kojim se podupiru obrazovanje, osposobljavanje, mladi i sport u Europi. Podupire prioritete i aktivnosti u okviru europskog prostora obrazovanja, Akcijskog plana zadigitalno obrazovanje i Programa vje\u0161tina za Europu.","robots":{"index":"index","follow":"follow","max-snippet":"max-snippet:-1","max-image-preview":"max-image-preview:large","max-video-preview":"max-video-preview:-1"},"canonical":"https:\/\/www.pravo.unizg.hr\/medunarodna-suradnja\/programi-medunarodne-mobilnosti\/erasmus\/","og_locale":"en_US","og_type":"article","og_title":"ERASMUS+ - Faculty of law","og_description":"Erasmus+ je program EU-a kojim se podupiru obrazovanje, osposobljavanje, mladi i sport u Europi. Podupire prioritete i aktivnosti u okviru europskog prostora obrazovanja, Akcijskog plana zadigitalno obrazovanje i Programa vje\u0161tina za Europu.","og_url":"https:\/\/www.pravo.unizg.hr\/medunarodna-suradnja\/programi-medunarodne-mobilnosti\/erasmus\/","og_site_name":"Faculty of law","article_modified_time":"2023-04-20T08:22:43+00:00","twitter_card":"summary_large_image","twitter_misc":{"Est. reading time":"1 minute"},"schema":{"@context":"https:\/\/schema.org","@graph":[{"@type":"WebPage","@id":"https:\/\/www.pravo.unizg.hr\/medunarodna-suradnja\/programi-medunarodne-mobilnosti\/erasmus\/","url":"https:\/\/www.pravo.unizg.hr\/medunarodna-suradnja\/programi-medunarodne-mobilnosti\/erasmus\/","name":"ERASMUS+ - Faculty of law","isPartOf":{"@id":"https:\/\/www.pravo.unizg.hr\/#website"},"datePublished":"2023-03-08T11:16:41+00:00","dateModified":"2023-04-20T08:22:43+00:00","description":"Erasmus+ je program EU-a kojim se podupiru obrazovanje, osposobljavanje, mladi i sport u Europi. Podupire prioritete i aktivnosti u okviru europskog prostora obrazovanja, Akcijskog plana zadigitalno obrazovanje i Programa vje\u0161tina za Europu.","breadcrumb":{"@id":"https:\/\/www.pravo.unizg.hr\/medunarodna-suradnja\/programi-medunarodne-mobilnosti\/erasmus\/#breadcrumb"},"inLanguage":"en-US","potentialAction":[{"@type":"ReadAction","target":["https:\/\/www.pravo.unizg.hr\/medunarodna-suradnja\/programi-medunarodne-mobilnosti\/erasmus\/"]}]},{"@type":"BreadcrumbList","@id":"https:\/\/www.pravo.unizg.hr\/medunarodna-suradnja\/programi-medunarodne-mobilnosti\/erasmus\/#breadcrumb","itemListElement":[{"@type":"ListItem","position":1,"name":"Homepage","item":"https:\/\/www.pravo.unizg.hr\/en\/"},{"@type":"ListItem","position":2,"name":"Me\u0111unarodna suradnja","item":"https:\/\/www.pravo.unizg.hr\/medunarodna-suradnja\/"},{"@type":"ListItem","position":3,"name":"Programi me\u0111unarodne mobilnosti za studente","item":"https:\/\/www.pravo.unizg.hr\/medunarodna-suradnja\/programi-medunarodne-mobilnosti\/"},{"@type":"ListItem","position":4,"name":"ERASMUS+"}]},{"@type":"WebSite","@id":"https:\/\/www.pravo.unizg.hr\/#website","url":"https:\/\/www.pravo.unizg.hr\/","name":"Faculty of law","description":"","potentialAction":[{"@type":"SearchAction","target":{"@type":"EntryPoint","urlTemplate":"https:\/\/www.pravo.unizg.hr\/?s={search_term_string}"},"query-input":"required name=search_term_string"}],"inLanguage":"en-US"}]}},"_links":{"self":[{"href":"https:\/\/www.pravo.unizg.hr\/en\/wp-json\/wp\/v2\/pages\/4707","targetHints":{"allow":["GET"]}}],"collection":[{"href":"https:\/\/www.pravo.unizg.hr\/en\/wp-json\/wp\/v2\/pages"}],"about":[{"href":"https:\/\/www.pravo.unizg.hr\/en\/wp-json\/wp\/v2\/types\/page"}],"author":[{"embeddable":true,"href":"https:\/\/www.pravo.unizg.hr\/en\/wp-json\/wp\/v2\/users\/511"}],"replies":[{"embeddable":true,"href":"https:\/\/www.pravo.unizg.hr\/en\/wp-json\/wp\/v2\/comments?post=4707"}],"version-history":[{"count":6,"href":"https:\/\/www.pravo.unizg.hr\/en\/wp-json\/wp\/v2\/pages\/4707\/revisions"}],"predecessor-version":[{"id":7756,"href":"https:\/\/www.pravo.unizg.hr\/en\/wp-json\/wp\/v2\/pages\/4707\/revisions\/7756"}],"up":[{"embeddable":true,"href":"https:\/\/www.pravo.unizg.hr\/en\/wp-json\/wp\/v2\/pages\/7548"}],"wp:attachment":[{"href":"https:\/\/www.pravo.unizg.hr\/en\/wp-json\/wp\/v2\/media?parent=4707"}],"curies":[{"name":"wp","href":"https:\/\/api.w.org\/{rel}","templated":true}]}}