{"id":34109,"date":"2026-04-10T11:48:09","date_gmt":"2026-04-10T10:48:09","guid":{"rendered":"https:\/\/www.pravo.unizg.hr\/?page_id=34109"},"modified":"2026-04-23T14:29:41","modified_gmt":"2026-04-23T13:29:41","slug":"pravni-modul-za-socijalne-radnike","status":"publish","type":"page","link":"https:\/\/www.pravo.unizg.hr\/en\/studiji\/cjelozivotno-obrazovanje\/pravni-modul-za-socijalne-radnike\/","title":{"rendered":"Pravni modul za socijalne radnike (online edukacija)"},"content":{"rendered":"<p><strong>Polaznici se mogu prijaviti do <span style=\"text-decoration: underline;\">srijede 6. svibnja 2026.<\/span> putem online obrasca: <a href=\"https:\/\/forms.gle\/mkGgcP1sXPD5sN3t8\" target=\"_blank\" rel=\"noopener\">https:\/\/forms.gle\/mkGgcP1sXPD5sN3t8<\/a><\/strong><\/p>\n<p>Pravni modul za socijalne radnike osmi\u0161ljen je kao program cjelo\u017eivotnog obrazovanja Pravnog fakulteta Sveu\u010dili\u0161ta u Zagrebu koji sadr\u017ei tri kolegija pravne struke \u010diji su ishodi u\u010denja neophodni za rad u struci socijalnih radnika u Republici Hrvatskoj. U tom smislu su namijenjeni prvenstveno onim socijalnim radnicima koji su studij zavr\u0161ili u inozemstvu, ali je otvoren i za doma\u0107e profesionalce koji \u017eele obnoviti znanje.<\/p>\n<p>Program se u jednom ciklusu odr\u017eava kroz 10 tjedana na na\u010din da se nakon odr\u017eane nastave svakog od kolegija (ukupno 55 sati nastave) predvi\u0111a vrijeme za samostalni rad i u\u010denje studenata uz konzultacije, nakon \u010dega se pola\u017ee ispit.<\/p>\n<p>Predavanja se odr\u017eavaju ONLINE, u poslijepodnevnim satima kroz \u010detiri dana ( 4 x 5 sati ) odnosno kroz tri dana ( 3 x 5 sati ), od 16 do 21 sat:<\/p>\n<ul>\n<li><a href=\"https:\/\/www.pravo.unizg.hr\/wp-content\/uploads\/2026\/04\/Pravni-modul-za-socijalne-radnike-plan-rasporeda-nastave-od-11.05.-2026.pdf\" target=\"_blank\" rel=\"noopener\">Raspored nastave po tjednima<\/a><\/li>\n<\/ul>\n<p>Cijena: 500,00 \u20ac po polazniku &#8211; za slu\u0161anje i polaganje cjelokupnog Modula<\/p>\n<p>Ukoliko polaznik ne treba slu\u0161ati i polagati sva tri kolegija, upla\u0107uje iznos za odre\u0111ene kolegije prema pojedina\u010dnoj cijeni kolegija:<br \/>\n1. Obiteljsko pravo s osnovama gra\u0111ansko-procesnog prava: 200 Eura<br \/>\n2. Radno i socijalno pravo: 200 Eura<br \/>\n3. Organizacija uprave i socijalnih slu\u017ebi: 100 Eura<\/p>\n<p><strong>Polaznici se mogu prijaviti do <span style=\"text-decoration: underline;\">srijede 6. svibnja 2026.<\/span> putem online obrasca: <a href=\"https:\/\/forms.gle\/mkGgcP1sXPD5sN3t8\" target=\"_blank\" rel=\"noopener\">https:\/\/forms.gle\/mkGgcP1sXPD5sN3t8<\/a><\/strong><\/p>\n","protected":false},"excerpt":{"rendered":"<p>Polaznici se mogu prijaviti do srijede 6. svibnja 2026. putem&#8230;<\/p>\n","protected":false},"author":511,"featured_media":0,"parent":60,"menu_order":0,"comment_status":"closed","ping_status":"closed","template":"","meta":{"footnotes":""},"class_list":["post-34109","page","type-page","status-publish","hentry"],"pp_force_visibility":null,"pp_subpost_visibility":null,"pp_inherited_force_visibility":null,"pp_inherited_subpost_visibility":null,"acf":[],"yoast_head":"<!-- This site is optimized with the Yoast SEO plugin v20.1 - https:\/\/yoast.com\/wordpress\/plugins\/seo\/ -->\n<title>Pravni modul za socijalne radnike (online edukacija) - Faculty of law<\/title>\n<meta name=\"robots\" content=\"index, follow, max-snippet:-1, max-image-preview:large, max-video-preview:-1\" \/>\n<link rel=\"canonical\" href=\"https:\/\/www.pravo.unizg.hr\/studiji\/cjelozivotno-obrazovanje\/pravni-modul-za-socijalne-radnike\/\" \/>\n<meta property=\"og:locale\" content=\"en_US\" \/>\n<meta property=\"og:type\" content=\"article\" \/>\n<meta property=\"og:title\" content=\"Pravni modul za socijalne radnike (online edukacija) - Faculty of law\" \/>\n<meta property=\"og:description\" content=\"Polaznici se mogu prijaviti do srijede 6. svibnja 2026. putem...\" \/>\n<meta property=\"og:url\" content=\"https:\/\/www.pravo.unizg.hr\/studiji\/cjelozivotno-obrazovanje\/pravni-modul-za-socijalne-radnike\/\" \/>\n<meta property=\"og:site_name\" content=\"Faculty of law\" \/>\n<meta property=\"article:modified_time\" content=\"2026-04-23T13:29:41+00:00\" \/>\n<meta name=\"twitter:card\" content=\"summary_large_image\" \/>\n<meta name=\"twitter:label1\" content=\"Est. reading time\" \/>\n\t<meta name=\"twitter:data1\" content=\"1 minute\" \/>\n<script type=\"application\/ld+json\" class=\"yoast-schema-graph\">{\"@context\":\"https:\/\/schema.org\",\"@graph\":[{\"@type\":\"WebPage\",\"@id\":\"https:\/\/www.pravo.unizg.hr\/studiji\/cjelozivotno-obrazovanje\/pravni-modul-za-socijalne-radnike\/\",\"url\":\"https:\/\/www.pravo.unizg.hr\/studiji\/cjelozivotno-obrazovanje\/pravni-modul-za-socijalne-radnike\/\",\"name\":\"Pravni modul za socijalne radnike (online edukacija) - Faculty of law\",\"isPartOf\":{\"@id\":\"https:\/\/www.pravo.unizg.hr\/#website\"},\"datePublished\":\"2026-04-10T10:48:09+00:00\",\"dateModified\":\"2026-04-23T13:29:41+00:00\",\"breadcrumb\":{\"@id\":\"https:\/\/www.pravo.unizg.hr\/studiji\/cjelozivotno-obrazovanje\/pravni-modul-za-socijalne-radnike\/#breadcrumb\"},\"inLanguage\":\"en-US\",\"potentialAction\":[{\"@type\":\"ReadAction\",\"target\":[\"https:\/\/www.pravo.unizg.hr\/studiji\/cjelozivotno-obrazovanje\/pravni-modul-za-socijalne-radnike\/\"]}]},{\"@type\":\"BreadcrumbList\",\"@id\":\"https:\/\/www.pravo.unizg.hr\/studiji\/cjelozivotno-obrazovanje\/pravni-modul-za-socijalne-radnike\/#breadcrumb\",\"itemListElement\":[{\"@type\":\"ListItem\",\"position\":1,\"name\":\"Homepage\",\"item\":\"https:\/\/www.pravo.unizg.hr\/en\/\"},{\"@type\":\"ListItem\",\"position\":2,\"name\":\"Studiji\",\"item\":\"https:\/\/www.pravo.unizg.hr\/studiji\/\"},{\"@type\":\"ListItem\",\"position\":3,\"name\":\"Cjelo\u017eivotno obrazovanje\",\"item\":\"https:\/\/www.pravo.unizg.hr\/studiji\/cjelozivotno-obrazovanje\/\"},{\"@type\":\"ListItem\",\"position\":4,\"name\":\"Pravni modul za socijalne radnike (online edukacija)\"}]},{\"@type\":\"WebSite\",\"@id\":\"https:\/\/www.pravo.unizg.hr\/#website\",\"url\":\"https:\/\/www.pravo.unizg.hr\/\",\"name\":\"Faculty of law\",\"description\":\"\",\"potentialAction\":[{\"@type\":\"SearchAction\",\"target\":{\"@type\":\"EntryPoint\",\"urlTemplate\":\"https:\/\/www.pravo.unizg.hr\/?s={search_term_string}\"},\"query-input\":\"required name=search_term_string\"}],\"inLanguage\":\"en-US\"}]}<\/script>\n<!-- \/ Yoast SEO plugin. -->","yoast_head_json":{"title":"Pravni modul za socijalne radnike (online edukacija) - Faculty of law","robots":{"index":"index","follow":"follow","max-snippet":"max-snippet:-1","max-image-preview":"max-image-preview:large","max-video-preview":"max-video-preview:-1"},"canonical":"https:\/\/www.pravo.unizg.hr\/studiji\/cjelozivotno-obrazovanje\/pravni-modul-za-socijalne-radnike\/","og_locale":"en_US","og_type":"article","og_title":"Pravni modul za socijalne radnike (online edukacija) - Faculty of law","og_description":"Polaznici se mogu prijaviti do srijede 6. svibnja 2026. putem...","og_url":"https:\/\/www.pravo.unizg.hr\/studiji\/cjelozivotno-obrazovanje\/pravni-modul-za-socijalne-radnike\/","og_site_name":"Faculty of law","article_modified_time":"2026-04-23T13:29:41+00:00","twitter_card":"summary_large_image","twitter_misc":{"Est. reading time":"1 minute"},"schema":{"@context":"https:\/\/schema.org","@graph":[{"@type":"WebPage","@id":"https:\/\/www.pravo.unizg.hr\/studiji\/cjelozivotno-obrazovanje\/pravni-modul-za-socijalne-radnike\/","url":"https:\/\/www.pravo.unizg.hr\/studiji\/cjelozivotno-obrazovanje\/pravni-modul-za-socijalne-radnike\/","name":"Pravni modul za socijalne radnike (online edukacija) - Faculty of law","isPartOf":{"@id":"https:\/\/www.pravo.unizg.hr\/#website"},"datePublished":"2026-04-10T10:48:09+00:00","dateModified":"2026-04-23T13:29:41+00:00","breadcrumb":{"@id":"https:\/\/www.pravo.unizg.hr\/studiji\/cjelozivotno-obrazovanje\/pravni-modul-za-socijalne-radnike\/#breadcrumb"},"inLanguage":"en-US","potentialAction":[{"@type":"ReadAction","target":["https:\/\/www.pravo.unizg.hr\/studiji\/cjelozivotno-obrazovanje\/pravni-modul-za-socijalne-radnike\/"]}]},{"@type":"BreadcrumbList","@id":"https:\/\/www.pravo.unizg.hr\/studiji\/cjelozivotno-obrazovanje\/pravni-modul-za-socijalne-radnike\/#breadcrumb","itemListElement":[{"@type":"ListItem","position":1,"name":"Homepage","item":"https:\/\/www.pravo.unizg.hr\/en\/"},{"@type":"ListItem","position":2,"name":"Studiji","item":"https:\/\/www.pravo.unizg.hr\/studiji\/"},{"@type":"ListItem","position":3,"name":"Cjelo\u017eivotno obrazovanje","item":"https:\/\/www.pravo.unizg.hr\/studiji\/cjelozivotno-obrazovanje\/"},{"@type":"ListItem","position":4,"name":"Pravni modul za socijalne radnike (online edukacija)"}]},{"@type":"WebSite","@id":"https:\/\/www.pravo.unizg.hr\/#website","url":"https:\/\/www.pravo.unizg.hr\/","name":"Faculty of law","description":"","potentialAction":[{"@type":"SearchAction","target":{"@type":"EntryPoint","urlTemplate":"https:\/\/www.pravo.unizg.hr\/?s={search_term_string}"},"query-input":"required name=search_term_string"}],"inLanguage":"en-US"}]}},"_links":{"self":[{"href":"https:\/\/www.pravo.unizg.hr\/en\/wp-json\/wp\/v2\/pages\/34109","targetHints":{"allow":["GET"]}}],"collection":[{"href":"https:\/\/www.pravo.unizg.hr\/en\/wp-json\/wp\/v2\/pages"}],"about":[{"href":"https:\/\/www.pravo.unizg.hr\/en\/wp-json\/wp\/v2\/types\/page"}],"author":[{"embeddable":true,"href":"https:\/\/www.pravo.unizg.hr\/en\/wp-json\/wp\/v2\/users\/511"}],"replies":[{"embeddable":true,"href":"https:\/\/www.pravo.unizg.hr\/en\/wp-json\/wp\/v2\/comments?post=34109"}],"version-history":[{"count":18,"href":"https:\/\/www.pravo.unizg.hr\/en\/wp-json\/wp\/v2\/pages\/34109\/revisions"}],"predecessor-version":[{"id":34327,"href":"https:\/\/www.pravo.unizg.hr\/en\/wp-json\/wp\/v2\/pages\/34109\/revisions\/34327"}],"up":[{"embeddable":true,"href":"https:\/\/www.pravo.unizg.hr\/en\/wp-json\/wp\/v2\/pages\/60"}],"wp:attachment":[{"href":"https:\/\/www.pravo.unizg.hr\/en\/wp-json\/wp\/v2\/media?parent=34109"}],"curies":[{"name":"wp","href":"https:\/\/api.w.org\/{rel}","templated":true}]}}