{"id":33917,"date":"2026-04-02T07:47:50","date_gmt":"2026-04-02T06:47:50","guid":{"rendered":"https:\/\/www.pravo.unizg.hr\/?page_id=33917"},"modified":"2026-04-02T07:50:33","modified_gmt":"2026-04-02T06:50:33","slug":"stegovna-odgovornost","status":"publish","type":"page","link":"https:\/\/www.pravo.unizg.hr\/en\/studenti\/stegovna-odgovornost\/","title":{"rendered":"Stegovna odgovornost"},"content":{"rendered":"<ul>\n<li><a href=\"https:\/\/www.pravo.unizg.hr\/wp-content\/uploads\/2023\/02\/Pravilnik_o_stegovnoj_odgovornosti_studenata.pdf\" target=\"_blank\" rel=\"noopener\">Pravilnik o stegovnoj odgovornosti studenata<\/a><\/li>\n<li><a href=\"https:\/\/www.pravo.unizg.hr\/wp-content\/uploads\/2023\/02\/Pravilnik_o_izmjenama_Pravilnika_o_stegovnoj_odgovornosti_studenata.pdf\" target=\"_blank\" rel=\"noopener\">Pravilnik o izmjenama Pravilnika o stegovnoj odgovornosti studenata<\/a><\/li>\n<\/ul>\n<p>&nbsp;<\/p>\n<p>\u010clanovi tijela Stegovnog suda za ak. god. 2023.\/2024., 2024.\/2025. i 2025.\/2026.:<\/p>\n<p>\u010clanovi Stegovnog suda:<\/p>\n<ol>\n<li>Prof. dr. sc. Hrvoje Markovinovi\u0107, predsjednik<\/li>\n<li>Izv. prof. dr. sc. Jasmina D\u017eini\u0107, zamjenica predsjednika<\/li>\n<\/ol>\n<p>\u010clanovi prvostupanjskog vije\u0107a:<\/p>\n<ol>\n<li>Prof. dr. sc. Davorin Lapa\u0161<\/li>\n<li>Prof. dr. sc. Irena Majstorovi\u0107<\/li>\n<li>Prof. dr. sc. Aleksandra Magani\u0107<\/li>\n<li>Prof. dr. sc. Maja Munivrana<\/li>\n<li>Marija Kuli\u0107, studentica<\/li>\n<li>Fran Nikoli\u0107, student<\/li>\n<li>Marko \u0160i\u0161i\u0107, student<\/li>\n<li>Ana Njiri\u0107, studentica<\/li>\n<\/ol>\n<p>\u010clanovi drugostupanjskog vije\u0107a:<\/p>\n<ol>\n<li>Prof. dr. sc. Zdenko Babi\u0107<\/li>\n<li>Prof. dr. sc. Leo Cvitanovi\u0107<\/li>\n<li>Izv. prof. dr. sc. Goranka Lali\u0107 Novak<\/li>\n<li>Josip Pokorny, student<\/li>\n<li>\u0160imun Br\u010di\u0107, student<\/li>\n<\/ol>\n<p style=\"padding-left: 20px;\">\nIzv. prof. dr. sc. Zoran Buri\u0107, stegovni tu\u017eitelj<br \/>\nProf. dr. sc. Tomislav Karlovi\u0107, zamjenik tu\u017eitelja<\/p>\n<p style=\"padding-left: 20px;\">Dr. sc. Juraj Brozovi\u0107, tajnik Suda<\/p>\n","protected":false},"excerpt":{"rendered":"<p>Pravilnik o stegovnoj odgovornosti studenata Pravilnik o izmjenama Pravilnika o&#8230;<\/p>\n","protected":false},"author":511,"featured_media":0,"parent":63,"menu_order":14,"comment_status":"closed","ping_status":"closed","template":"","meta":{"footnotes":""},"class_list":["post-33917","page","type-page","status-publish","hentry"],"pp_force_visibility":null,"pp_subpost_visibility":null,"pp_inherited_force_visibility":null,"pp_inherited_subpost_visibility":null,"acf":[],"yoast_head":"<!-- This site is optimized with the Yoast SEO plugin v20.1 - https:\/\/yoast.com\/wordpress\/plugins\/seo\/ -->\n<title>Stegovna odgovornost - Faculty of law<\/title>\n<meta name=\"robots\" content=\"index, follow, max-snippet:-1, max-image-preview:large, max-video-preview:-1\" \/>\n<link rel=\"canonical\" href=\"https:\/\/www.pravo.unizg.hr\/studenti\/stegovna-odgovornost\/\" \/>\n<meta property=\"og:locale\" content=\"en_US\" \/>\n<meta property=\"og:type\" content=\"article\" \/>\n<meta property=\"og:title\" content=\"Stegovna odgovornost - Faculty of law\" \/>\n<meta property=\"og:description\" content=\"Pravilnik o stegovnoj odgovornosti studenata Pravilnik o izmjenama Pravilnika o...\" \/>\n<meta property=\"og:url\" content=\"https:\/\/www.pravo.unizg.hr\/studenti\/stegovna-odgovornost\/\" \/>\n<meta property=\"og:site_name\" content=\"Faculty of law\" \/>\n<meta property=\"article:modified_time\" content=\"2026-04-02T06:50:33+00:00\" \/>\n<meta name=\"twitter:card\" content=\"summary_large_image\" \/>\n<meta name=\"twitter:label1\" content=\"Est. reading time\" \/>\n\t<meta name=\"twitter:data1\" content=\"1 minute\" \/>\n<script type=\"application\/ld+json\" class=\"yoast-schema-graph\">{\"@context\":\"https:\/\/schema.org\",\"@graph\":[{\"@type\":\"WebPage\",\"@id\":\"https:\/\/www.pravo.unizg.hr\/studenti\/stegovna-odgovornost\/\",\"url\":\"https:\/\/www.pravo.unizg.hr\/studenti\/stegovna-odgovornost\/\",\"name\":\"Stegovna odgovornost - Faculty of law\",\"isPartOf\":{\"@id\":\"https:\/\/www.pravo.unizg.hr\/#website\"},\"datePublished\":\"2026-04-02T06:47:50+00:00\",\"dateModified\":\"2026-04-02T06:50:33+00:00\",\"breadcrumb\":{\"@id\":\"https:\/\/www.pravo.unizg.hr\/studenti\/stegovna-odgovornost\/#breadcrumb\"},\"inLanguage\":\"en-US\",\"potentialAction\":[{\"@type\":\"ReadAction\",\"target\":[\"https:\/\/www.pravo.unizg.hr\/studenti\/stegovna-odgovornost\/\"]}]},{\"@type\":\"BreadcrumbList\",\"@id\":\"https:\/\/www.pravo.unizg.hr\/studenti\/stegovna-odgovornost\/#breadcrumb\",\"itemListElement\":[{\"@type\":\"ListItem\",\"position\":1,\"name\":\"Homepage\",\"item\":\"https:\/\/www.pravo.unizg.hr\/en\/\"},{\"@type\":\"ListItem\",\"position\":2,\"name\":\"Studenti\",\"item\":\"https:\/\/www.pravo.unizg.hr\/studenti\/\"},{\"@type\":\"ListItem\",\"position\":3,\"name\":\"Stegovna odgovornost\"}]},{\"@type\":\"WebSite\",\"@id\":\"https:\/\/www.pravo.unizg.hr\/#website\",\"url\":\"https:\/\/www.pravo.unizg.hr\/\",\"name\":\"Faculty of law\",\"description\":\"\",\"potentialAction\":[{\"@type\":\"SearchAction\",\"target\":{\"@type\":\"EntryPoint\",\"urlTemplate\":\"https:\/\/www.pravo.unizg.hr\/?s={search_term_string}\"},\"query-input\":\"required name=search_term_string\"}],\"inLanguage\":\"en-US\"}]}<\/script>\n<!-- \/ Yoast SEO plugin. -->","yoast_head_json":{"title":"Stegovna odgovornost - Faculty of law","robots":{"index":"index","follow":"follow","max-snippet":"max-snippet:-1","max-image-preview":"max-image-preview:large","max-video-preview":"max-video-preview:-1"},"canonical":"https:\/\/www.pravo.unizg.hr\/studenti\/stegovna-odgovornost\/","og_locale":"en_US","og_type":"article","og_title":"Stegovna odgovornost - Faculty of law","og_description":"Pravilnik o stegovnoj odgovornosti studenata Pravilnik o izmjenama Pravilnika o...","og_url":"https:\/\/www.pravo.unizg.hr\/studenti\/stegovna-odgovornost\/","og_site_name":"Faculty of law","article_modified_time":"2026-04-02T06:50:33+00:00","twitter_card":"summary_large_image","twitter_misc":{"Est. reading time":"1 minute"},"schema":{"@context":"https:\/\/schema.org","@graph":[{"@type":"WebPage","@id":"https:\/\/www.pravo.unizg.hr\/studenti\/stegovna-odgovornost\/","url":"https:\/\/www.pravo.unizg.hr\/studenti\/stegovna-odgovornost\/","name":"Stegovna odgovornost - Faculty of law","isPartOf":{"@id":"https:\/\/www.pravo.unizg.hr\/#website"},"datePublished":"2026-04-02T06:47:50+00:00","dateModified":"2026-04-02T06:50:33+00:00","breadcrumb":{"@id":"https:\/\/www.pravo.unizg.hr\/studenti\/stegovna-odgovornost\/#breadcrumb"},"inLanguage":"en-US","potentialAction":[{"@type":"ReadAction","target":["https:\/\/www.pravo.unizg.hr\/studenti\/stegovna-odgovornost\/"]}]},{"@type":"BreadcrumbList","@id":"https:\/\/www.pravo.unizg.hr\/studenti\/stegovna-odgovornost\/#breadcrumb","itemListElement":[{"@type":"ListItem","position":1,"name":"Homepage","item":"https:\/\/www.pravo.unizg.hr\/en\/"},{"@type":"ListItem","position":2,"name":"Studenti","item":"https:\/\/www.pravo.unizg.hr\/studenti\/"},{"@type":"ListItem","position":3,"name":"Stegovna odgovornost"}]},{"@type":"WebSite","@id":"https:\/\/www.pravo.unizg.hr\/#website","url":"https:\/\/www.pravo.unizg.hr\/","name":"Faculty of law","description":"","potentialAction":[{"@type":"SearchAction","target":{"@type":"EntryPoint","urlTemplate":"https:\/\/www.pravo.unizg.hr\/?s={search_term_string}"},"query-input":"required name=search_term_string"}],"inLanguage":"en-US"}]}},"_links":{"self":[{"href":"https:\/\/www.pravo.unizg.hr\/en\/wp-json\/wp\/v2\/pages\/33917","targetHints":{"allow":["GET"]}}],"collection":[{"href":"https:\/\/www.pravo.unizg.hr\/en\/wp-json\/wp\/v2\/pages"}],"about":[{"href":"https:\/\/www.pravo.unizg.hr\/en\/wp-json\/wp\/v2\/types\/page"}],"author":[{"embeddable":true,"href":"https:\/\/www.pravo.unizg.hr\/en\/wp-json\/wp\/v2\/users\/511"}],"replies":[{"embeddable":true,"href":"https:\/\/www.pravo.unizg.hr\/en\/wp-json\/wp\/v2\/comments?post=33917"}],"version-history":[{"count":4,"href":"https:\/\/www.pravo.unizg.hr\/en\/wp-json\/wp\/v2\/pages\/33917\/revisions"}],"predecessor-version":[{"id":33922,"href":"https:\/\/www.pravo.unizg.hr\/en\/wp-json\/wp\/v2\/pages\/33917\/revisions\/33922"}],"up":[{"embeddable":true,"href":"https:\/\/www.pravo.unizg.hr\/en\/wp-json\/wp\/v2\/pages\/63"}],"wp:attachment":[{"href":"https:\/\/www.pravo.unizg.hr\/en\/wp-json\/wp\/v2\/media?parent=33917"}],"curies":[{"name":"wp","href":"https:\/\/api.w.org\/{rel}","templated":true}]}}