{"id":33766,"date":"2026-03-24T11:42:37","date_gmt":"2026-03-24T10:42:37","guid":{"rendered":"https:\/\/www.pravo.unizg.hr\/?page_id=33766"},"modified":"2026-04-09T11:59:35","modified_gmt":"2026-04-09T10:59:35","slug":"prijava-nepravilnosti","status":"publish","type":"page","link":"https:\/\/www.pravo.unizg.hr\/en\/fakultet\/ustroj-i-upravljanje\/prijava-nepravilnosti\/","title":{"rendered":"Prijava nepravilnosti"},"content":{"rendered":"<p style=\"text-align: justify;\">Nepravilnost su radnje ili propusti koji su protupravni i odnose se na podru\u010dje primjene i propise navedene u \u010dlanku 4. Zakona o za\u0161titi prijavitelja nepravilnosti (Narodne novine broj 46\/2022, 136\/2025, dalje u tekstu: Zakon), ili su u suprotnosti s ciljem ili svrhom tih propisa.<\/p>\n<p style=\"text-align: justify;\">Prijavitelj nepravilnosti je fizi\u010dka osoba koja prijavljuje ili javno razotkriva nepravilnosti o kojima je saznala u svom radnom okru\u017eenju.<\/p>\n<p style=\"text-align: justify;\">Postupak unutarnjeg prijavljivanja nepravilnosti zapo\u010dinje dostavljanjem prijave povjerljivoj osobi.<br \/>\nPovjerljiva osoba du\u017ena je zaprimiti prijavu nepravilnosti i potvrditi primitak prijave u roku od sedam dana od dana primitka.<br \/>\nPrijava nepravilnosti mo\u017ee se podnijeti u pisanom ili usmenom obliku.<br \/>\nPisani oblik uklju\u010duje svaki oblik komunikacije koji osigurava pisani zapis.<br \/>\nUsmeno prijavljivanje mogu\u0107e je telefonom ili drugim sustavima glasovnih poruka te, na zahtjev prijavitelja, fizi\u010dkim sastankom u razumnom roku.<br \/>\nPrijava nepravilnosti mo\u017ee se podnijeti anonimno.<\/p>\n<p style=\"text-align: justify;\">Prijava nepravilnosti sadr\u017ei:<br \/>\n&#8211; podatke o prijavitelju nepravilnosti,<br \/>\n&#8211; podatke o prijavljenom tijelu ili osobi te<br \/>\n&#8211; informacije o nepravilnostima.<br \/>\nAko prijava nema propisani sadr\u017eaj, prijavitelj nepravilnosti se poziva na dopunu, odnosno ispravak prijave.<br \/>\nU slu\u010daju da prijavitelj nepravilnosti ne postupi prema pozivu, prijava se ne\u0107e smatrati prijavom nepravilnosti u smislu Zakona te \u0107e se prijavitelja uputiti da nepravilnost mo\u017ee prijaviti tijelima ovla\u0161tenima za postupanje prema sadr\u017eaju prijave.<\/p>\n<p style=\"text-align: justify;\">Povjerljiva osoba: Prof. dr. sc. Sonja Cindori, Heinzelova 70a, soba B 208, 01 4895 748<br \/>\nZamjenik povjerljive osobe: Izv. prof. dr. sc. Marin Bona\u010di\u0107, Tkal\u010di\u0107eva 48-50, soba 1, 01 4811 317<\/p>\n<p>Adresa elektroni\u010dke po\u0161te za podno\u0161enje prijave: <a href=\"mailto:nepravilnosti@pravo.hr\">nepravilnosti@pravo.hr<\/a><br \/>\nObrazac za podno\u0161enje anonimne prijave: <a href=\"https:\/\/forms.gle\/nwMVxpdjKQs4KUNb9\" target=\"_blank\" rel=\"noopener\" data-saferedirecturl=\"https:\/\/www.google.com\/url?q=https:\/\/forms.gle\/nwMVxpdjKQs4KUNb9&amp;source=gmail&amp;ust=1774435229321000&amp;usg=AOvVaw003jBWnPcO0tNthRcoDmBj\">https:\/\/forms.gle\/<wbr \/>nwMVxpdjKQs4KUNb9<\/a><\/p>\n<p>&nbsp;<\/p>\n<p>&nbsp;<\/p>\n<ul>\n<li><a href=\"https:\/\/www.zakon.hr\/z\/1927\/zakon-o-zastiti-prijavitelja-nepravilnosti\" target=\"_blank\" rel=\"noopener\">Zakon o za\u0161titi prijavitelja nepravilnosti (Narodne novine broj 46\/2022, 136\/2025)<\/a><\/li>\n<li><a href=\"https:\/\/www.pravo.unizg.hr\/wp-content\/uploads\/2026\/02\/Pravilnik-o-postupku-unutarnjeg-prijavljivanja-nepravilnosti-2.pdf\" target=\"_blank\" rel=\"noopener\">Pravilnik o postupku unutarnjeg prijavljivanja nepravilnosti<\/a><\/li>\n<li><a href=\"https:\/\/www.pravo.unizg.hr\/wp-content\/uploads\/2026\/02\/Obrazac-Pravilnik-o-postupku-unutarnjeg-prijavljivanja-nepravilnosti.docx\" target=\"_blank\" rel=\"noopener\">Obrazac za podno\u0161enje prijave<\/a><\/li>\n<li><a href=\"https:\/\/www.pravo.unizg.hr\/wp-content\/uploads\/2026\/03\/Odluka-o-imenovanju-povjerljive-osobe-i-zamjenika-povjerljive-osobe.pdf\" target=\"_blank\" rel=\"noopener\">Odluka o imenovanju povjerljive osobe i zamjenika povjerljive osobe<\/a><\/li>\n<\/ul>\n","protected":false},"excerpt":{"rendered":"<p>Nepravilnost su radnje ili propusti koji su protupravni i odnose&#8230;<\/p>\n","protected":false},"author":511,"featured_media":0,"parent":38,"menu_order":0,"comment_status":"closed","ping_status":"closed","template":"","meta":{"footnotes":""},"class_list":["post-33766","page","type-page","status-publish","hentry"],"pp_force_visibility":null,"pp_subpost_visibility":null,"pp_inherited_force_visibility":null,"pp_inherited_subpost_visibility":null,"acf":[],"yoast_head":"<!-- This site is optimized with the Yoast SEO plugin v20.1 - https:\/\/yoast.com\/wordpress\/plugins\/seo\/ -->\n<title>Prijava nepravilnosti - Faculty of law<\/title>\n<meta name=\"robots\" content=\"index, follow, max-snippet:-1, max-image-preview:large, max-video-preview:-1\" \/>\n<link rel=\"canonical\" href=\"https:\/\/www.pravo.unizg.hr\/fakultet\/ustroj-i-upravljanje\/prijava-nepravilnosti\/\" \/>\n<meta property=\"og:locale\" content=\"en_US\" \/>\n<meta property=\"og:type\" content=\"article\" \/>\n<meta property=\"og:title\" content=\"Prijava nepravilnosti - Faculty of law\" \/>\n<meta property=\"og:description\" content=\"Nepravilnost su radnje ili propusti koji su protupravni i odnose...\" \/>\n<meta property=\"og:url\" content=\"https:\/\/www.pravo.unizg.hr\/fakultet\/ustroj-i-upravljanje\/prijava-nepravilnosti\/\" \/>\n<meta property=\"og:site_name\" content=\"Faculty of law\" \/>\n<meta property=\"article:modified_time\" content=\"2026-04-09T10:59:35+00:00\" \/>\n<meta name=\"twitter:card\" content=\"summary_large_image\" \/>\n<meta name=\"twitter:label1\" content=\"Est. reading time\" \/>\n\t<meta name=\"twitter:data1\" content=\"1 minute\" \/>\n<script type=\"application\/ld+json\" class=\"yoast-schema-graph\">{\"@context\":\"https:\/\/schema.org\",\"@graph\":[{\"@type\":\"WebPage\",\"@id\":\"https:\/\/www.pravo.unizg.hr\/fakultet\/ustroj-i-upravljanje\/prijava-nepravilnosti\/\",\"url\":\"https:\/\/www.pravo.unizg.hr\/fakultet\/ustroj-i-upravljanje\/prijava-nepravilnosti\/\",\"name\":\"Prijava nepravilnosti - Faculty of law\",\"isPartOf\":{\"@id\":\"https:\/\/www.pravo.unizg.hr\/#website\"},\"datePublished\":\"2026-03-24T10:42:37+00:00\",\"dateModified\":\"2026-04-09T10:59:35+00:00\",\"breadcrumb\":{\"@id\":\"https:\/\/www.pravo.unizg.hr\/fakultet\/ustroj-i-upravljanje\/prijava-nepravilnosti\/#breadcrumb\"},\"inLanguage\":\"en-US\",\"potentialAction\":[{\"@type\":\"ReadAction\",\"target\":[\"https:\/\/www.pravo.unizg.hr\/fakultet\/ustroj-i-upravljanje\/prijava-nepravilnosti\/\"]}]},{\"@type\":\"BreadcrumbList\",\"@id\":\"https:\/\/www.pravo.unizg.hr\/fakultet\/ustroj-i-upravljanje\/prijava-nepravilnosti\/#breadcrumb\",\"itemListElement\":[{\"@type\":\"ListItem\",\"position\":1,\"name\":\"Homepage\",\"item\":\"https:\/\/www.pravo.unizg.hr\/en\/\"},{\"@type\":\"ListItem\",\"position\":2,\"name\":\"Fakultet\",\"item\":\"https:\/\/www.pravo.unizg.hr\/fakultet\/\"},{\"@type\":\"ListItem\",\"position\":3,\"name\":\"Ustroj i upravljanje\",\"item\":\"https:\/\/www.pravo.unizg.hr\/fakultet\/ustroj-i-upravljanje\/\"},{\"@type\":\"ListItem\",\"position\":4,\"name\":\"Prijava nepravilnosti\"}]},{\"@type\":\"WebSite\",\"@id\":\"https:\/\/www.pravo.unizg.hr\/#website\",\"url\":\"https:\/\/www.pravo.unizg.hr\/\",\"name\":\"Faculty of law\",\"description\":\"\",\"potentialAction\":[{\"@type\":\"SearchAction\",\"target\":{\"@type\":\"EntryPoint\",\"urlTemplate\":\"https:\/\/www.pravo.unizg.hr\/?s={search_term_string}\"},\"query-input\":\"required name=search_term_string\"}],\"inLanguage\":\"en-US\"}]}<\/script>\n<!-- \/ Yoast SEO plugin. -->","yoast_head_json":{"title":"Prijava nepravilnosti - Faculty of law","robots":{"index":"index","follow":"follow","max-snippet":"max-snippet:-1","max-image-preview":"max-image-preview:large","max-video-preview":"max-video-preview:-1"},"canonical":"https:\/\/www.pravo.unizg.hr\/fakultet\/ustroj-i-upravljanje\/prijava-nepravilnosti\/","og_locale":"en_US","og_type":"article","og_title":"Prijava nepravilnosti - Faculty of law","og_description":"Nepravilnost su radnje ili propusti koji su protupravni i odnose...","og_url":"https:\/\/www.pravo.unizg.hr\/fakultet\/ustroj-i-upravljanje\/prijava-nepravilnosti\/","og_site_name":"Faculty of law","article_modified_time":"2026-04-09T10:59:35+00:00","twitter_card":"summary_large_image","twitter_misc":{"Est. reading time":"1 minute"},"schema":{"@context":"https:\/\/schema.org","@graph":[{"@type":"WebPage","@id":"https:\/\/www.pravo.unizg.hr\/fakultet\/ustroj-i-upravljanje\/prijava-nepravilnosti\/","url":"https:\/\/www.pravo.unizg.hr\/fakultet\/ustroj-i-upravljanje\/prijava-nepravilnosti\/","name":"Prijava nepravilnosti - Faculty of law","isPartOf":{"@id":"https:\/\/www.pravo.unizg.hr\/#website"},"datePublished":"2026-03-24T10:42:37+00:00","dateModified":"2026-04-09T10:59:35+00:00","breadcrumb":{"@id":"https:\/\/www.pravo.unizg.hr\/fakultet\/ustroj-i-upravljanje\/prijava-nepravilnosti\/#breadcrumb"},"inLanguage":"en-US","potentialAction":[{"@type":"ReadAction","target":["https:\/\/www.pravo.unizg.hr\/fakultet\/ustroj-i-upravljanje\/prijava-nepravilnosti\/"]}]},{"@type":"BreadcrumbList","@id":"https:\/\/www.pravo.unizg.hr\/fakultet\/ustroj-i-upravljanje\/prijava-nepravilnosti\/#breadcrumb","itemListElement":[{"@type":"ListItem","position":1,"name":"Homepage","item":"https:\/\/www.pravo.unizg.hr\/en\/"},{"@type":"ListItem","position":2,"name":"Fakultet","item":"https:\/\/www.pravo.unizg.hr\/fakultet\/"},{"@type":"ListItem","position":3,"name":"Ustroj i upravljanje","item":"https:\/\/www.pravo.unizg.hr\/fakultet\/ustroj-i-upravljanje\/"},{"@type":"ListItem","position":4,"name":"Prijava nepravilnosti"}]},{"@type":"WebSite","@id":"https:\/\/www.pravo.unizg.hr\/#website","url":"https:\/\/www.pravo.unizg.hr\/","name":"Faculty of law","description":"","potentialAction":[{"@type":"SearchAction","target":{"@type":"EntryPoint","urlTemplate":"https:\/\/www.pravo.unizg.hr\/?s={search_term_string}"},"query-input":"required name=search_term_string"}],"inLanguage":"en-US"}]}},"_links":{"self":[{"href":"https:\/\/www.pravo.unizg.hr\/en\/wp-json\/wp\/v2\/pages\/33766","targetHints":{"allow":["GET"]}}],"collection":[{"href":"https:\/\/www.pravo.unizg.hr\/en\/wp-json\/wp\/v2\/pages"}],"about":[{"href":"https:\/\/www.pravo.unizg.hr\/en\/wp-json\/wp\/v2\/types\/page"}],"author":[{"embeddable":true,"href":"https:\/\/www.pravo.unizg.hr\/en\/wp-json\/wp\/v2\/users\/511"}],"replies":[{"embeddable":true,"href":"https:\/\/www.pravo.unizg.hr\/en\/wp-json\/wp\/v2\/comments?post=33766"}],"version-history":[{"count":8,"href":"https:\/\/www.pravo.unizg.hr\/en\/wp-json\/wp\/v2\/pages\/33766\/revisions"}],"predecessor-version":[{"id":34097,"href":"https:\/\/www.pravo.unizg.hr\/en\/wp-json\/wp\/v2\/pages\/33766\/revisions\/34097"}],"up":[{"embeddable":true,"href":"https:\/\/www.pravo.unizg.hr\/en\/wp-json\/wp\/v2\/pages\/38"}],"wp:attachment":[{"href":"https:\/\/www.pravo.unizg.hr\/en\/wp-json\/wp\/v2\/media?parent=33766"}],"curies":[{"name":"wp","href":"https:\/\/api.w.org\/{rel}","templated":true}]}}