{"id":33749,"date":"2025-10-21T14:37:26","date_gmt":"2025-10-21T13:37:26","guid":{"rendered":"https:\/\/www.pravo.unizg.hr\/projects\/institucionalni-istrazivacki-projekti\/transprom\/"},"modified":"2026-03-23T10:00:37","modified_gmt":"2026-03-23T09:00:37","slug":"transprom","status":"publish","type":"page","link":"https:\/\/www.pravo.unizg.hr\/en\/transprom","title":{"rendered":"Tehnolo\u0161ka i policy transformacija hrvatskog prometnog prava &#8211; TRANSPROM"},"content":{"rendered":"<p><img loading=\"lazy\" decoding=\"async\" class=\"size-medium wp-image-28800 alignright\" src=\"https:\/\/www.pravo.unizg.hr\/wp-content\/uploads\/2025\/10\/next-generation-eu-300x72.png\" alt=\"\" width=\"300\" height=\"72\" srcset=\"https:\/\/www.pravo.unizg.hr\/wp-content\/uploads\/2025\/10\/next-generation-eu-300x72.png 300w, https:\/\/www.pravo.unizg.hr\/wp-content\/uploads\/2025\/10\/next-generation-eu-768x184.png 768w, https:\/\/www.pravo.unizg.hr\/wp-content\/uploads\/2025\/10\/next-generation-eu.png 1020w\" sizes=\"auto, (max-width: 300px) 100vw, 300px\" \/><\/p>\n<p>&nbsp;<\/p>\n<p><span style=\"color: #8b0b05;\"><span style=\"color: #000000;\">Naziv projekta<\/span><strong><br \/>\nTehnolo\u0161ka i policy transformacija hrvatskog prometnog prava<br \/>\n<\/strong><\/span><\/p>\n<p style=\"padding-left: 40px;\">Akronim<br \/>\n<strong>TRANSPROM<\/strong><\/p>\n<p style=\"padding-left: 40px;\">Trajanje projekta<br \/>\n<strong>48 mjeseci<\/strong><\/p>\n<p style=\"padding-left: 40px;\">Voditelj projekta<br \/>\n<strong>izv. prof. dr. sc. Mihael Mi\u0161o Mudri\u0107<\/strong><\/p>\n<p style=\"padding-left: 40px;\">\u010clanice\/\u010dlanovi istra\u017eiva\u010dkog tima<br \/>\n<strong>prof. dr. sc. Jasenko Marin<\/strong>,<br \/>\nKatedra za pomorsko i op\u0107eprometno pravo, Pravni fakultet Sveu\u010dili\u0161ta u Zagrebu<br \/>\n<strong>prof. dr. sc. Nikoleta Radionov Karlovi\u0107<\/strong>,<br \/>\nKatedra za pomorsko i op\u0107eprometno pravo, Pravni fakultet Sveu\u010dili\u0161ta u Zagrebu<br \/>\n<strong>izv. prof. dr. sc. Iva Savi\u0107<\/strong>,<strong><br \/>\n<\/strong>Katedra za pomorsko i op\u0107eprometno pravo, Pravni fakultet Sveu\u010dili\u0161ta u Zagrebu<\/p>\n<p>&nbsp;<\/p>\n<p style=\"padding-left: 40px;\"><strong>Sa\u017eetak projekta<\/strong><\/p>\n<p style=\"text-align: justify; padding-left: 40px;\">Projekt TRANSPROM ima za cilj analizirati nacionalno ugovorno prijevozno pravo te ukazati na potrebu reforme pravnog okvira, odnosno policy transformacije transportnog sektora s obzirom na razvoj digitalnih tehnologija i novi europski pravni okvir umjetne inteligencije.<\/p>\n<p style=\"text-align: justify; padding-left: 40px;\">WP1 \u2013 Upravljanje projektom \u2013 obuhva\u0107a aktivnosti u\u010dinkovitog upravljanja projektom (A.1.1), metodolo\u0161kog odre\u0111ivanja projekta (A.1.2) te utvr\u0111ivanja pravila za za\u0161titu podataka i eti\u010dno istra\u017eivanje (A.1.3).<\/p>\n<p style=\"text-align: justify; padding-left: 40px;\">WP2 \u2013 Analiza postoje\u0107eg pravnog okvira nacionalnog ugovornog prava u kopnenom, zra\u010dnom i multimodalnom prijevozu stvari \u2013 uklju\u010duje analizu postoje\u0107eg pravnog okvira kopnenog prijevoza stvari (A.2.1 unutarnji plovni putovi, A.2.2 \u017eeljeznica, A.2.3 cesta), zra\u010dnog prijevoza (A.2.4) i multimodalnog prijevoza (A.2.5).<\/p>\n<p style=\"text-align: justify; padding-left: 40px;\">WP3 \u2013 Uskla\u0111ivanje hrvatskog pravnog okvira prometnog prava sa suvremenim procesima tehnolo\u0161ke i digitalne transformacije \u2013 obuhva\u0107a aktivnosti vezane uz uskla\u0111ivanje hrvatskog prometnog prava s procesima tehnolo\u0161ke i digitalne transformacije: uskla\u0111ivanje transportnog sektora s Uredbom o umjetnoj inteligenciji (A.3.1), analiza utjecaja novih tehnologija u prometu na problematiku odgovornosti i osiguranja (A.3.2) te analiza utjecaja implementacije Direktive o neispravnom proizvodu u hrvatsko zakonodavstvo na transportni sektor (A.3.3).<\/p>\n<p style=\"text-align: justify; padding-left: 40px;\">WP4 \u2013 Diseminacija i komunikacija rezultata \u2013 uklju\u010duje aktivnosti diseminacije i komunikacije rezultata projekta: promociju opismenjavanja o umjetnoj inteligenciji u podru\u010dju transporta i osiguranja (A.4.1), kori\u0161tenje digitalnih alata za nastavu i istra\u017eivanje (A.4.2), izlaganja na znanstvenim i stru\u010dnim skupovima i objave radova (A.4.3) te izradu policy i white paper izvje\u0161taja i analiza (A.4.4).<\/p>\n<p style=\"text-align: justify; padding-left: 40px;\">WP5 \u2013 Evaluacija i zavr\u0161ni izvje\u0161taj \u2013 obuhva\u0107a aktivnosti evaluacije i zavr\u0161nog izvje\u0161taja projekta (A.5.1), ocjenu odr\u017eivosti projektnih rezultata (A.5.2) te analizu prikupljenih podataka iz pilot projekata i s prezentacija (A.5.3).<\/p>\n","protected":false},"excerpt":{"rendered":"<p>&nbsp; Naziv projekta Tehnolo\u0161ka i policy transformacija hrvatskog prometnog prava&#8230;<\/p>\n","protected":false},"author":511,"featured_media":0,"parent":33665,"menu_order":0,"comment_status":"closed","ping_status":"closed","template":"","meta":{"footnotes":""},"class_list":["post-33749","page","type-page","status-publish","hentry"],"pp_force_visibility":null,"pp_subpost_visibility":null,"pp_inherited_force_visibility":null,"pp_inherited_subpost_visibility":null,"acf":[],"yoast_head":"<!-- This site is optimized with the Yoast SEO plugin v20.1 - https:\/\/yoast.com\/wordpress\/plugins\/seo\/ -->\n<title>Tehnolo\u0161ka i policy transformacija hrvatskog prometnog prava - TRANSPROM - Faculty of law<\/title>\n<meta name=\"robots\" content=\"index, follow, max-snippet:-1, max-image-preview:large, max-video-preview:-1\" \/>\n<link rel=\"canonical\" href=\"https:\/\/www.pravo.unizg.hr\/en\/transprom\/\" \/>\n<meta property=\"og:locale\" content=\"en_US\" \/>\n<meta property=\"og:type\" content=\"article\" \/>\n<meta property=\"og:title\" content=\"Tehnolo\u0161ka i policy transformacija hrvatskog prometnog prava - TRANSPROM - Faculty of law\" \/>\n<meta property=\"og:description\" content=\"&nbsp; Naziv projekta Tehnolo\u0161ka i policy transformacija hrvatskog prometnog prava...\" \/>\n<meta property=\"og:url\" content=\"https:\/\/www.pravo.unizg.hr\/en\/transprom\/\" \/>\n<meta property=\"og:site_name\" content=\"Faculty of law\" \/>\n<meta property=\"article:modified_time\" content=\"2026-03-23T09:00:37+00:00\" \/>\n<meta property=\"og:image\" content=\"https:\/\/www.pravo.unizg.hr\/wp-content\/uploads\/2025\/10\/next-generation-eu-300x72.png\" \/>\n<meta name=\"twitter:card\" content=\"summary_large_image\" \/>\n<meta name=\"twitter:label1\" content=\"Est. reading time\" \/>\n\t<meta name=\"twitter:data1\" content=\"2 minutes\" \/>\n<script type=\"application\/ld+json\" class=\"yoast-schema-graph\">{\"@context\":\"https:\/\/schema.org\",\"@graph\":[{\"@type\":\"WebPage\",\"@id\":\"https:\/\/www.pravo.unizg.hr\/en\/transprom\/\",\"url\":\"https:\/\/www.pravo.unizg.hr\/en\/transprom\/\",\"name\":\"Tehnolo\u0161ka i policy transformacija hrvatskog prometnog prava - TRANSPROM - Faculty of law\",\"isPartOf\":{\"@id\":\"https:\/\/www.pravo.unizg.hr\/#website\"},\"datePublished\":\"2025-10-21T13:37:26+00:00\",\"dateModified\":\"2026-03-23T09:00:37+00:00\",\"breadcrumb\":{\"@id\":\"https:\/\/www.pravo.unizg.hr\/en\/transprom\/#breadcrumb\"},\"inLanguage\":\"en-US\",\"potentialAction\":[{\"@type\":\"ReadAction\",\"target\":[\"https:\/\/www.pravo.unizg.hr\/en\/transprom\/\"]}]},{\"@type\":\"BreadcrumbList\",\"@id\":\"https:\/\/www.pravo.unizg.hr\/en\/transprom\/#breadcrumb\",\"itemListElement\":[{\"@type\":\"ListItem\",\"position\":1,\"name\":\"Homepage\",\"item\":\"https:\/\/www.pravo.unizg.hr\/en\/\"},{\"@type\":\"ListItem\",\"position\":2,\"name\":\"Projects\",\"item\":\"https:\/\/www.pravo.unizg.hr\/en\/projects\/\"},{\"@type\":\"ListItem\",\"position\":3,\"name\":\"Institucionalni istra\u017eiva\u010dki projekti\",\"item\":\"https:\/\/www.pravo.unizg.hr\/en\/projects\/institucionalni-istrazivacki-projekti\/\"},{\"@type\":\"ListItem\",\"position\":4,\"name\":\"Tehnolo\u0161ka i policy transformacija hrvatskog prometnog prava &#8211; TRANSPROM\"}]},{\"@type\":\"WebSite\",\"@id\":\"https:\/\/www.pravo.unizg.hr\/#website\",\"url\":\"https:\/\/www.pravo.unizg.hr\/\",\"name\":\"Faculty of law\",\"description\":\"\",\"potentialAction\":[{\"@type\":\"SearchAction\",\"target\":{\"@type\":\"EntryPoint\",\"urlTemplate\":\"https:\/\/www.pravo.unizg.hr\/?s={search_term_string}\"},\"query-input\":\"required name=search_term_string\"}],\"inLanguage\":\"en-US\"}]}<\/script>\n<!-- \/ Yoast SEO plugin. -->","yoast_head_json":{"title":"Tehnolo\u0161ka i policy transformacija hrvatskog prometnog prava - TRANSPROM - Faculty of law","robots":{"index":"index","follow":"follow","max-snippet":"max-snippet:-1","max-image-preview":"max-image-preview:large","max-video-preview":"max-video-preview:-1"},"canonical":"https:\/\/www.pravo.unizg.hr\/en\/transprom\/","og_locale":"en_US","og_type":"article","og_title":"Tehnolo\u0161ka i policy transformacija hrvatskog prometnog prava - TRANSPROM - Faculty of law","og_description":"&nbsp; Naziv projekta Tehnolo\u0161ka i policy transformacija hrvatskog prometnog prava...","og_url":"https:\/\/www.pravo.unizg.hr\/en\/transprom\/","og_site_name":"Faculty of law","article_modified_time":"2026-03-23T09:00:37+00:00","og_image":[{"url":"https:\/\/www.pravo.unizg.hr\/wp-content\/uploads\/2025\/10\/next-generation-eu-300x72.png"}],"twitter_card":"summary_large_image","twitter_misc":{"Est. reading time":"2 minutes"},"schema":{"@context":"https:\/\/schema.org","@graph":[{"@type":"WebPage","@id":"https:\/\/www.pravo.unizg.hr\/en\/transprom\/","url":"https:\/\/www.pravo.unizg.hr\/en\/transprom\/","name":"Tehnolo\u0161ka i policy transformacija hrvatskog prometnog prava - TRANSPROM - Faculty of law","isPartOf":{"@id":"https:\/\/www.pravo.unizg.hr\/#website"},"datePublished":"2025-10-21T13:37:26+00:00","dateModified":"2026-03-23T09:00:37+00:00","breadcrumb":{"@id":"https:\/\/www.pravo.unizg.hr\/en\/transprom\/#breadcrumb"},"inLanguage":"en-US","potentialAction":[{"@type":"ReadAction","target":["https:\/\/www.pravo.unizg.hr\/en\/transprom\/"]}]},{"@type":"BreadcrumbList","@id":"https:\/\/www.pravo.unizg.hr\/en\/transprom\/#breadcrumb","itemListElement":[{"@type":"ListItem","position":1,"name":"Homepage","item":"https:\/\/www.pravo.unizg.hr\/en\/"},{"@type":"ListItem","position":2,"name":"Projects","item":"https:\/\/www.pravo.unizg.hr\/en\/projects\/"},{"@type":"ListItem","position":3,"name":"Institucionalni istra\u017eiva\u010dki projekti","item":"https:\/\/www.pravo.unizg.hr\/en\/projects\/institucionalni-istrazivacki-projekti\/"},{"@type":"ListItem","position":4,"name":"Tehnolo\u0161ka i policy transformacija hrvatskog prometnog prava &#8211; TRANSPROM"}]},{"@type":"WebSite","@id":"https:\/\/www.pravo.unizg.hr\/#website","url":"https:\/\/www.pravo.unizg.hr\/","name":"Faculty of law","description":"","potentialAction":[{"@type":"SearchAction","target":{"@type":"EntryPoint","urlTemplate":"https:\/\/www.pravo.unizg.hr\/?s={search_term_string}"},"query-input":"required name=search_term_string"}],"inLanguage":"en-US"}]}},"_links":{"self":[{"href":"https:\/\/www.pravo.unizg.hr\/en\/wp-json\/wp\/v2\/pages\/33749","targetHints":{"allow":["GET"]}}],"collection":[{"href":"https:\/\/www.pravo.unizg.hr\/en\/wp-json\/wp\/v2\/pages"}],"about":[{"href":"https:\/\/www.pravo.unizg.hr\/en\/wp-json\/wp\/v2\/types\/page"}],"author":[{"embeddable":true,"href":"https:\/\/www.pravo.unizg.hr\/en\/wp-json\/wp\/v2\/users\/511"}],"replies":[{"embeddable":true,"href":"https:\/\/www.pravo.unizg.hr\/en\/wp-json\/wp\/v2\/comments?post=33749"}],"version-history":[{"count":1,"href":"https:\/\/www.pravo.unizg.hr\/en\/wp-json\/wp\/v2\/pages\/33749\/revisions"}],"predecessor-version":[{"id":33750,"href":"https:\/\/www.pravo.unizg.hr\/en\/wp-json\/wp\/v2\/pages\/33749\/revisions\/33750"}],"up":[{"embeddable":true,"href":"https:\/\/www.pravo.unizg.hr\/en\/wp-json\/wp\/v2\/pages\/33665"}],"wp:attachment":[{"href":"https:\/\/www.pravo.unizg.hr\/en\/wp-json\/wp\/v2\/media?parent=33749"}],"curies":[{"name":"wp","href":"https:\/\/api.w.org\/{rel}","templated":true}]}}