{"id":33747,"date":"2025-10-21T14:33:16","date_gmt":"2025-10-21T13:33:16","guid":{"rendered":"https:\/\/www.pravo.unizg.hr\/projects\/institucionalni-istrazivacki-projekti\/transformeu\/"},"modified":"2026-03-23T10:00:17","modified_gmt":"2026-03-23T09:00:17","slug":"transformeu","status":"publish","type":"page","link":"https:\/\/www.pravo.unizg.hr\/en\/transformeu","title":{"rendered":"U\u010dinci transformacije europskih prioriteta na pravo Unije &#8211; TransformEU"},"content":{"rendered":"<p><img loading=\"lazy\" decoding=\"async\" class=\"size-medium wp-image-28800 alignright\" src=\"https:\/\/www.pravo.unizg.hr\/wp-content\/uploads\/2025\/10\/next-generation-eu-300x72.png\" alt=\"\" width=\"300\" height=\"72\" srcset=\"https:\/\/www.pravo.unizg.hr\/wp-content\/uploads\/2025\/10\/next-generation-eu-300x72.png 300w, https:\/\/www.pravo.unizg.hr\/wp-content\/uploads\/2025\/10\/next-generation-eu-768x184.png 768w, https:\/\/www.pravo.unizg.hr\/wp-content\/uploads\/2025\/10\/next-generation-eu.png 1020w\" sizes=\"auto, (max-width: 300px) 100vw, 300px\" \/><\/p>\n<p>&nbsp;<\/p>\n<p><span style=\"color: #8b0b05;\"><span style=\"color: #000000;\">Naziv projekta<\/span><strong><br \/>\nU\u010dinci transformacije europskih prioriteta na pravo Unije<br \/>\n<\/strong><\/span><\/p>\n<p style=\"padding-left: 40px;\">Akronim<br \/>\n<strong>TransformEU<\/strong><\/p>\n<p style=\"padding-left: 40px;\">Trajanje projekta<br \/>\n<strong>48 mjeseci<\/strong><\/p>\n<p style=\"padding-left: 40px;\">Voditeljica projekta<br \/>\n<strong>prof. dr. sc. Iris Goldner Lang<\/strong><\/p>\n<p style=\"padding-left: 40px;\">\u010clanice\/\u010dlanovi istra\u017eiva\u010dkog tima<br \/>\n<strong>izv. prof. dr. sc. Melita Carevi\u0107<\/strong>,<br \/>\nKatedra za europsko javno pravo, Pravni fakultet Sveu\u010dili\u0161ta u Zagrebu<br \/>\n<strong>Luka Petrovi\u0107, mag. iur.<\/strong>,<br \/>\nKatedra za europsko javno pravo, Pravni fakultet Sveu\u010dili\u0161ta u Zagrebu<br \/>\n<strong>Ana Altabas, univ. mag. iur.<\/strong>,<strong><br \/>\n<\/strong>Katedra za europsko javno pravo, Pravni fakultet Sveu\u010dili\u0161ta u Zagrebu<\/p>\n<p>&nbsp;<\/p>\n<p style=\"padding-left: 40px;\"><strong>Sa\u017eetak projekta<\/strong><\/p>\n<p style=\"text-align: justify; padding-left: 40px;\">Projekt polazi od pretpostavke da je Europska unija u\u0161la u razdoblje dubinskih transformacija uslijed niza uzastopnih kriza \u2013 od financijske i migracijske krize, preko pandemije COVID-19 do agresije Rusije na Ukrajinu i redefiniranja transatlantskih odnosa. U tom kontekstu, polazi\u0161na je hipoteza da se uslijed tih okolnosti u Uniji pojavila tendencija redefiniranja europskih prioriteta: s dosada\u0161njih politika primarno usmjerenih na prosperitet i dru\u0161tvenu koheziju, EU sve sna\u017enije te\u017ei ja\u010danju konkurentnosti, ubrzanoj digitalnoj tranziciji te sigurnosti i za\u0161titi vanjskih granica. Glavni je cilj ovog projekta ispitati dovodi li redefiniranje europskih prioriteta do promjene prava Europske unije te, ukoliko dovodi, mogu li se te promjene kvalificirati kao osna\u017eivanje ili slabljenje postoje\u0107ih standarda i europskih vrijednosti.<\/p>\n<p style=\"text-align: justify; padding-left: 40px;\">U prvoj fazi analizirat \u0107e se evolucija politi\u010dkih prioriteta EU-a u proteklih 15 godina, kao i najavljeni prioriteti za razdoblje do 2029. godine, koriste\u0107i se obvezuju\u0107im i neobvezuju\u0107im instrumentima prava EU-a, politi\u010dkim dokumentima te polustrukturiranim intervjuima s predstavnicima institucija EU-a i Republike Hrvatske. U drugoj fazi istra\u017eit \u0107e se je li do\u0161lo do redefiniranja prioriteta te, ako jest, koji su razlozi. U tre\u0107oj fazi analizirat \u0107e se konkretne promjene u pravu EU-a nastale kao posljedica tri klju\u010dna prioriteta: (1) inovativnost, (2) konkurentnost i (3) sigurnost.<\/p>\n<p style=\"text-align: justify; padding-left: 40px;\">Utjecaj ovih prioriteta prou\u010davat \u0107e se u tri podru\u010dja prava EU-a: (1) digitalna transformacija i regulacija umjetne inteligencije, (2) redefiniranje konkurentnosti i njezini u\u010dinci na zajedni\u010dku trgovinsku politiku i unutarnje tr\u017ei\u0161te EU-a te (3) politike migracija, azila i za\u0161tite vanjskih granica EU-a. Projekt \u0107e zavr\u0161iti sintezom nalaza i preporukama za daljnji razvoj i tuma\u010denje prava EU-a, uz diseminaciju rezultata kroz znanstvene radove, nastavu, konferencije i javne rasprave s relevantnim dionicima.<\/p>\n","protected":false},"excerpt":{"rendered":"<p>&nbsp; Naziv projekta U\u010dinci transformacije europskih prioriteta na pravo Unije&#8230;<\/p>\n","protected":false},"author":511,"featured_media":0,"parent":33665,"menu_order":0,"comment_status":"closed","ping_status":"closed","template":"","meta":{"footnotes":""},"class_list":["post-33747","page","type-page","status-publish","hentry"],"pp_force_visibility":null,"pp_subpost_visibility":null,"pp_inherited_force_visibility":null,"pp_inherited_subpost_visibility":null,"acf":[],"yoast_head":"<!-- This site is optimized with the Yoast SEO plugin v20.1 - https:\/\/yoast.com\/wordpress\/plugins\/seo\/ -->\n<title>U\u010dinci transformacije europskih prioriteta na pravo Unije - TransformEU - Faculty of law<\/title>\n<meta name=\"robots\" content=\"index, follow, max-snippet:-1, max-image-preview:large, max-video-preview:-1\" \/>\n<link rel=\"canonical\" href=\"https:\/\/www.pravo.unizg.hr\/en\/transformeu\/\" \/>\n<meta property=\"og:locale\" content=\"en_US\" \/>\n<meta property=\"og:type\" content=\"article\" \/>\n<meta property=\"og:title\" content=\"U\u010dinci transformacije europskih prioriteta na pravo Unije - TransformEU - Faculty of law\" \/>\n<meta property=\"og:description\" content=\"&nbsp; Naziv projekta U\u010dinci transformacije europskih prioriteta na pravo Unije...\" \/>\n<meta property=\"og:url\" content=\"https:\/\/www.pravo.unizg.hr\/en\/transformeu\/\" \/>\n<meta property=\"og:site_name\" content=\"Faculty of law\" \/>\n<meta property=\"article:modified_time\" content=\"2026-03-23T09:00:17+00:00\" \/>\n<meta property=\"og:image\" content=\"https:\/\/www.pravo.unizg.hr\/wp-content\/uploads\/2025\/10\/next-generation-eu-300x72.png\" \/>\n<meta name=\"twitter:card\" content=\"summary_large_image\" \/>\n<meta name=\"twitter:label1\" content=\"Est. reading time\" \/>\n\t<meta name=\"twitter:data1\" content=\"2 minutes\" \/>\n<script type=\"application\/ld+json\" class=\"yoast-schema-graph\">{\"@context\":\"https:\/\/schema.org\",\"@graph\":[{\"@type\":\"WebPage\",\"@id\":\"https:\/\/www.pravo.unizg.hr\/en\/transformeu\/\",\"url\":\"https:\/\/www.pravo.unizg.hr\/en\/transformeu\/\",\"name\":\"U\u010dinci transformacije europskih prioriteta na pravo Unije - TransformEU - Faculty of law\",\"isPartOf\":{\"@id\":\"https:\/\/www.pravo.unizg.hr\/#website\"},\"datePublished\":\"2025-10-21T13:33:16+00:00\",\"dateModified\":\"2026-03-23T09:00:17+00:00\",\"breadcrumb\":{\"@id\":\"https:\/\/www.pravo.unizg.hr\/en\/transformeu\/#breadcrumb\"},\"inLanguage\":\"en-US\",\"potentialAction\":[{\"@type\":\"ReadAction\",\"target\":[\"https:\/\/www.pravo.unizg.hr\/en\/transformeu\/\"]}]},{\"@type\":\"BreadcrumbList\",\"@id\":\"https:\/\/www.pravo.unizg.hr\/en\/transformeu\/#breadcrumb\",\"itemListElement\":[{\"@type\":\"ListItem\",\"position\":1,\"name\":\"Homepage\",\"item\":\"https:\/\/www.pravo.unizg.hr\/en\/\"},{\"@type\":\"ListItem\",\"position\":2,\"name\":\"Projects\",\"item\":\"https:\/\/www.pravo.unizg.hr\/en\/projects\/\"},{\"@type\":\"ListItem\",\"position\":3,\"name\":\"Institucionalni istra\u017eiva\u010dki projekti\",\"item\":\"https:\/\/www.pravo.unizg.hr\/en\/projects\/institucionalni-istrazivacki-projekti\/\"},{\"@type\":\"ListItem\",\"position\":4,\"name\":\"U\u010dinci transformacije europskih prioriteta na pravo Unije &#8211; TransformEU\"}]},{\"@type\":\"WebSite\",\"@id\":\"https:\/\/www.pravo.unizg.hr\/#website\",\"url\":\"https:\/\/www.pravo.unizg.hr\/\",\"name\":\"Faculty of law\",\"description\":\"\",\"potentialAction\":[{\"@type\":\"SearchAction\",\"target\":{\"@type\":\"EntryPoint\",\"urlTemplate\":\"https:\/\/www.pravo.unizg.hr\/?s={search_term_string}\"},\"query-input\":\"required name=search_term_string\"}],\"inLanguage\":\"en-US\"}]}<\/script>\n<!-- \/ Yoast SEO plugin. -->","yoast_head_json":{"title":"U\u010dinci transformacije europskih prioriteta na pravo Unije - TransformEU - Faculty of law","robots":{"index":"index","follow":"follow","max-snippet":"max-snippet:-1","max-image-preview":"max-image-preview:large","max-video-preview":"max-video-preview:-1"},"canonical":"https:\/\/www.pravo.unizg.hr\/en\/transformeu\/","og_locale":"en_US","og_type":"article","og_title":"U\u010dinci transformacije europskih prioriteta na pravo Unije - TransformEU - Faculty of law","og_description":"&nbsp; Naziv projekta U\u010dinci transformacije europskih prioriteta na pravo Unije...","og_url":"https:\/\/www.pravo.unizg.hr\/en\/transformeu\/","og_site_name":"Faculty of law","article_modified_time":"2026-03-23T09:00:17+00:00","og_image":[{"url":"https:\/\/www.pravo.unizg.hr\/wp-content\/uploads\/2025\/10\/next-generation-eu-300x72.png"}],"twitter_card":"summary_large_image","twitter_misc":{"Est. reading time":"2 minutes"},"schema":{"@context":"https:\/\/schema.org","@graph":[{"@type":"WebPage","@id":"https:\/\/www.pravo.unizg.hr\/en\/transformeu\/","url":"https:\/\/www.pravo.unizg.hr\/en\/transformeu\/","name":"U\u010dinci transformacije europskih prioriteta na pravo Unije - TransformEU - Faculty of law","isPartOf":{"@id":"https:\/\/www.pravo.unizg.hr\/#website"},"datePublished":"2025-10-21T13:33:16+00:00","dateModified":"2026-03-23T09:00:17+00:00","breadcrumb":{"@id":"https:\/\/www.pravo.unizg.hr\/en\/transformeu\/#breadcrumb"},"inLanguage":"en-US","potentialAction":[{"@type":"ReadAction","target":["https:\/\/www.pravo.unizg.hr\/en\/transformeu\/"]}]},{"@type":"BreadcrumbList","@id":"https:\/\/www.pravo.unizg.hr\/en\/transformeu\/#breadcrumb","itemListElement":[{"@type":"ListItem","position":1,"name":"Homepage","item":"https:\/\/www.pravo.unizg.hr\/en\/"},{"@type":"ListItem","position":2,"name":"Projects","item":"https:\/\/www.pravo.unizg.hr\/en\/projects\/"},{"@type":"ListItem","position":3,"name":"Institucionalni istra\u017eiva\u010dki projekti","item":"https:\/\/www.pravo.unizg.hr\/en\/projects\/institucionalni-istrazivacki-projekti\/"},{"@type":"ListItem","position":4,"name":"U\u010dinci transformacije europskih prioriteta na pravo Unije &#8211; TransformEU"}]},{"@type":"WebSite","@id":"https:\/\/www.pravo.unizg.hr\/#website","url":"https:\/\/www.pravo.unizg.hr\/","name":"Faculty of law","description":"","potentialAction":[{"@type":"SearchAction","target":{"@type":"EntryPoint","urlTemplate":"https:\/\/www.pravo.unizg.hr\/?s={search_term_string}"},"query-input":"required name=search_term_string"}],"inLanguage":"en-US"}]}},"_links":{"self":[{"href":"https:\/\/www.pravo.unizg.hr\/en\/wp-json\/wp\/v2\/pages\/33747","targetHints":{"allow":["GET"]}}],"collection":[{"href":"https:\/\/www.pravo.unizg.hr\/en\/wp-json\/wp\/v2\/pages"}],"about":[{"href":"https:\/\/www.pravo.unizg.hr\/en\/wp-json\/wp\/v2\/types\/page"}],"author":[{"embeddable":true,"href":"https:\/\/www.pravo.unizg.hr\/en\/wp-json\/wp\/v2\/users\/511"}],"replies":[{"embeddable":true,"href":"https:\/\/www.pravo.unizg.hr\/en\/wp-json\/wp\/v2\/comments?post=33747"}],"version-history":[{"count":1,"href":"https:\/\/www.pravo.unizg.hr\/en\/wp-json\/wp\/v2\/pages\/33747\/revisions"}],"predecessor-version":[{"id":33748,"href":"https:\/\/www.pravo.unizg.hr\/en\/wp-json\/wp\/v2\/pages\/33747\/revisions\/33748"}],"up":[{"embeddable":true,"href":"https:\/\/www.pravo.unizg.hr\/en\/wp-json\/wp\/v2\/pages\/33665"}],"wp:attachment":[{"href":"https:\/\/www.pravo.unizg.hr\/en\/wp-json\/wp\/v2\/media?parent=33747"}],"curies":[{"name":"wp","href":"https:\/\/api.w.org\/{rel}","templated":true}]}}