{"id":33745,"date":"2025-10-21T14:25:55","date_gmt":"2025-10-21T13:25:55","guid":{"rendered":"https:\/\/www.pravo.unizg.hr\/projects\/institucionalni-istrazivacki-projekti\/transform\/"},"modified":"2026-03-23T09:59:59","modified_gmt":"2026-03-23T08:59:59","slug":"transform","status":"publish","type":"page","link":"https:\/\/www.pravo.unizg.hr\/en\/transform","title":{"rendered":"Transformacija lokalne i regionalne samouprave: decentralizacija, teritorijalni razvoj, urbana regeneracija i dru\u0161tvene promjene &#8211; TRANSFORM"},"content":{"rendered":"<p><img loading=\"lazy\" decoding=\"async\" class=\"size-medium wp-image-28800 alignright\" src=\"https:\/\/www.pravo.unizg.hr\/wp-content\/uploads\/2025\/10\/next-generation-eu-300x72.png\" alt=\"\" width=\"300\" height=\"72\" srcset=\"https:\/\/www.pravo.unizg.hr\/wp-content\/uploads\/2025\/10\/next-generation-eu-300x72.png 300w, https:\/\/www.pravo.unizg.hr\/wp-content\/uploads\/2025\/10\/next-generation-eu-768x184.png 768w, https:\/\/www.pravo.unizg.hr\/wp-content\/uploads\/2025\/10\/next-generation-eu.png 1020w\" sizes=\"auto, (max-width: 300px) 100vw, 300px\" \/><\/p>\n<p>&nbsp;<\/p>\n<p><span style=\"color: #8b0b05;\"><span style=\"color: #000000;\">Naziv projekta<\/span><strong><br \/>\nTransformacija lokalne i regionalne samouprave: decentralizacija, teritorijalni razvoj, urbana regeneracija i dru\u0161tvene promjene<br \/>\n<\/strong><\/span><\/p>\n<p style=\"padding-left: 40px;\">Akronim<br \/>\n<strong>TRANSFORM<\/strong><\/p>\n<p style=\"padding-left: 40px;\">Trajanje projekta<br \/>\n<strong>48 mjeseci<\/strong><\/p>\n<p style=\"padding-left: 40px;\">Voditelj projekta<br \/>\n<strong>izv. prof. dr. sc. Mihovil \u0160karica<\/strong><\/p>\n<p style=\"padding-left: 40px;\">\u010clanice\/\u010dlanovi istra\u017eiva\u010dkog tima<br \/>\n<strong>prof. dr. sc. Vedran \u0110ulabi\u0107<\/strong>,<br \/>\nKatedra za upravnu znanost, Pravni fakultet Sveu\u010dili\u0161ta u Zagrebu<br \/>\n<strong>prof. dr. sc. Gordana Mar\u010deti\u0107<\/strong>,<br \/>\nKatedra za upravnu znanost, Pravni fakultet Sveu\u010dili\u0161ta u Zagrebu<br \/>\n<strong>prof. dr. sc. Ivan Kopri\u0107<\/strong>,<strong><br \/>\n<\/strong>Katedra za upravnu znanost, Pravni fakultet Sveu\u010dili\u0161ta u Zagrebu<strong><br \/>\n<\/strong><strong>prof. dr. sc. Anamarija Musa<\/strong>,<br \/>\nKatedra za upravnu znanost, Pravni fakultet Sveu\u010dili\u0161ta u Zagrebu<br \/>\n<strong>prof. dr. sc. Goranka Lali\u0107 Novak<\/strong>,<br \/>\nKatedra za upravnu znanost, Pravni fakultet Sveu\u010dili\u0161ta u Zagrebu<br \/>\n<strong>izv. prof. dr. sc. Jasmina D\u017eini\u0107<\/strong>,<br \/>\nKatedra za upravnu znanost, Pravni fakultet Sveu\u010dili\u0161ta u Zagrebu<br \/>\n<strong>izv. prof. dr. sc. Romea Manojlovi\u0107 Toman<\/strong>,<strong><br \/>\n<\/strong>Katedra za upravnu znanost, Pravni fakultet Sveu\u010dili\u0161ta u Zagrebu<strong><br \/>\n<\/strong><strong>izv. prof. dr. sc. Teo Giljevi\u0107<\/strong>,<br \/>\nKatedra za upravnu znanost, Pravni fakultet Sveu\u010dili\u0161ta u Zagrebu<br \/>\n<strong>izv. prof. dr. sc. Tijana Vukoji\u010di\u0107 Tomi\u0107<\/strong>,<br \/>\nKatedra za upravnu znanost, Pravni fakultet Sveu\u010dili\u0161ta u Zagrebu<br \/>\n<strong>doc. dr. sc. Iva Lopi\u017ei\u0107<\/strong>,<br \/>\nKatedra za upravnu znanost, Pravni fakultet Sveu\u010dili\u0161ta u Zagrebu<br \/>\n<strong>doc. dr. sc. Petra \u0110urman<\/strong>,<br \/>\nKatedra za upravnu znanost, Pravni fakultet Sveu\u010dili\u0161ta u Zagrebu<br \/>\n<strong>Karlo Ko\u017eina, <\/strong><strong>spec. iur.<\/strong>,<br \/>\nKatedra za upravnu znanost, Pravni fakultet Sveu\u010dili\u0161ta u Zagrebu<\/p>\n<p>&nbsp;<\/p>\n<p style=\"padding-left: 40px;\"><strong>Sa\u017eetak projekta<\/strong><\/p>\n<p style=\"text-align: justify; padding-left: 40px;\">Projekt Transformacija lokalne i regionalne samouprave: decentralizacija, teritorijalni razvoj, urbana regeneracija i dru\u0161tvene promjene (TRANSFORM) istra\u017euje, sistematizira i vrednuje promjene u doma\u0107em i me\u0111unarodnom, dru\u0161tvenom i institucionalnom okru\u017eenju sustava lokalne i regionalne samouprave, kao i njihov utjecaj na institucionalni polo\u017eaj i uloge lokalne i regionalne samouprave, lokalne javne politike, aktivnosti i prakse. Brojnost, kompleksnost i brzina takvih promjena zbirno dovode do pojave koja se mo\u017ee nazvati institucionalnom transformacijom lokalne i regionalne samouprave. Projektom se transformacijski procesi \u017eele s jedne strane sistematizirati i objasniti (znanstveno-istra\u017eiva\u010dka i empirijsko-deskriptivna komponenta), a s druge potaknuti i usmjeriti (prakti\u010dna i preskriptivna komponenta). S obzirom na vi\u0161edimenzionalnu narav lokalne samouprave kao institucije, u projektu se stavlja podjednak naglasak na politi\u010dke vrijednosti, prakse i promjene (participacija, legitimitet), kao i one upravno-tehni\u010dke prirode (u\u010dinkovitost, djelotvornost). Znanstveni outputi projekta obuhva\u0107aju prezentaciju istra\u017eiva\u010dkih rezultata na doma\u0107im i me\u0111unarodnim znanstvenim konferencijama, objavu znanstvenih radova u renomiranim publikacijama te organizaciju znanstvene konferencije i drugih skupova. Pored znanstvenih rezultata projekta, njegovu va\u017enu dimenziju \u010dini i oblikovanje i promocija novih upravlja\u010dkih i demokratskih praksi u lokalnoj samoupravi koje \u0107e se razviti, diseminirati i implementirati u suradnji s lokalnim institucionalnim akterima i gra\u0111anima. Istra\u017eiva\u010dki rezultati bit \u0107e implementirani i u nastavnom procesu, \u010dime se doprinosi modernizaciji nastavnog sadr\u017eaja o lokalnoj i regionalnoj samoupravi. U projektu se va\u017ean naglasak stavlja na kontinuiranu komunikaciju i javnu dostupnost rezultata, kao i na njihovu popularizaciju. Projekt TRANSFORM provodit \u0107e se tijekom \u010detiri godine kroz sedam radnih paketa (RP), od kojih su tri horizontalna, a \u010detiri tematska.<\/p>\n","protected":false},"excerpt":{"rendered":"<p>&nbsp; Naziv projekta Transformacija lokalne i regionalne samouprave: decentralizacija, teritorijalni&#8230;<\/p>\n","protected":false},"author":511,"featured_media":0,"parent":33665,"menu_order":0,"comment_status":"closed","ping_status":"closed","template":"","meta":{"footnotes":""},"class_list":["post-33745","page","type-page","status-publish","hentry"],"pp_force_visibility":null,"pp_subpost_visibility":null,"pp_inherited_force_visibility":null,"pp_inherited_subpost_visibility":null,"acf":[],"yoast_head":"<!-- This site is optimized with the Yoast SEO plugin v20.1 - https:\/\/yoast.com\/wordpress\/plugins\/seo\/ -->\n<title>Transformacija lokalne i regionalne samouprave: decentralizacija, teritorijalni razvoj, urbana regeneracija i dru\u0161tvene promjene - TRANSFORM - Faculty of law<\/title>\n<meta name=\"robots\" content=\"index, follow, max-snippet:-1, max-image-preview:large, max-video-preview:-1\" \/>\n<link rel=\"canonical\" href=\"https:\/\/www.pravo.unizg.hr\/en\/transform\/\" \/>\n<meta property=\"og:locale\" content=\"en_US\" \/>\n<meta property=\"og:type\" content=\"article\" \/>\n<meta property=\"og:title\" content=\"Transformacija lokalne i regionalne samouprave: decentralizacija, teritorijalni razvoj, urbana regeneracija i dru\u0161tvene promjene - TRANSFORM - Faculty of law\" \/>\n<meta property=\"og:description\" content=\"&nbsp; Naziv projekta Transformacija lokalne i regionalne samouprave: decentralizacija, teritorijalni...\" \/>\n<meta property=\"og:url\" content=\"https:\/\/www.pravo.unizg.hr\/en\/transform\/\" \/>\n<meta property=\"og:site_name\" content=\"Faculty of law\" \/>\n<meta property=\"article:modified_time\" content=\"2026-03-23T08:59:59+00:00\" \/>\n<meta property=\"og:image\" content=\"https:\/\/www.pravo.unizg.hr\/wp-content\/uploads\/2025\/10\/next-generation-eu-300x72.png\" \/>\n<meta name=\"twitter:card\" content=\"summary_large_image\" \/>\n<meta name=\"twitter:label1\" content=\"Est. reading time\" \/>\n\t<meta name=\"twitter:data1\" content=\"3 minutes\" \/>\n<script type=\"application\/ld+json\" class=\"yoast-schema-graph\">{\"@context\":\"https:\/\/schema.org\",\"@graph\":[{\"@type\":\"WebPage\",\"@id\":\"https:\/\/www.pravo.unizg.hr\/en\/transform\/\",\"url\":\"https:\/\/www.pravo.unizg.hr\/en\/transform\/\",\"name\":\"Transformacija lokalne i regionalne samouprave: decentralizacija, teritorijalni razvoj, urbana regeneracija i dru\u0161tvene promjene - TRANSFORM - Faculty of law\",\"isPartOf\":{\"@id\":\"https:\/\/www.pravo.unizg.hr\/#website\"},\"datePublished\":\"2025-10-21T13:25:55+00:00\",\"dateModified\":\"2026-03-23T08:59:59+00:00\",\"breadcrumb\":{\"@id\":\"https:\/\/www.pravo.unizg.hr\/en\/transform\/#breadcrumb\"},\"inLanguage\":\"en-US\",\"potentialAction\":[{\"@type\":\"ReadAction\",\"target\":[\"https:\/\/www.pravo.unizg.hr\/en\/transform\/\"]}]},{\"@type\":\"BreadcrumbList\",\"@id\":\"https:\/\/www.pravo.unizg.hr\/en\/transform\/#breadcrumb\",\"itemListElement\":[{\"@type\":\"ListItem\",\"position\":1,\"name\":\"Homepage\",\"item\":\"https:\/\/www.pravo.unizg.hr\/en\/\"},{\"@type\":\"ListItem\",\"position\":2,\"name\":\"Projects\",\"item\":\"https:\/\/www.pravo.unizg.hr\/en\/projects\/\"},{\"@type\":\"ListItem\",\"position\":3,\"name\":\"Institucionalni istra\u017eiva\u010dki projekti\",\"item\":\"https:\/\/www.pravo.unizg.hr\/en\/projects\/institucionalni-istrazivacki-projekti\/\"},{\"@type\":\"ListItem\",\"position\":4,\"name\":\"Transformacija lokalne i regionalne samouprave: decentralizacija, teritorijalni razvoj, urbana regeneracija i dru\u0161tvene promjene &#8211; TRANSFORM\"}]},{\"@type\":\"WebSite\",\"@id\":\"https:\/\/www.pravo.unizg.hr\/#website\",\"url\":\"https:\/\/www.pravo.unizg.hr\/\",\"name\":\"Faculty of law\",\"description\":\"\",\"potentialAction\":[{\"@type\":\"SearchAction\",\"target\":{\"@type\":\"EntryPoint\",\"urlTemplate\":\"https:\/\/www.pravo.unizg.hr\/?s={search_term_string}\"},\"query-input\":\"required name=search_term_string\"}],\"inLanguage\":\"en-US\"}]}<\/script>\n<!-- \/ Yoast SEO plugin. -->","yoast_head_json":{"title":"Transformacija lokalne i regionalne samouprave: decentralizacija, teritorijalni razvoj, urbana regeneracija i dru\u0161tvene promjene - TRANSFORM - Faculty of law","robots":{"index":"index","follow":"follow","max-snippet":"max-snippet:-1","max-image-preview":"max-image-preview:large","max-video-preview":"max-video-preview:-1"},"canonical":"https:\/\/www.pravo.unizg.hr\/en\/transform\/","og_locale":"en_US","og_type":"article","og_title":"Transformacija lokalne i regionalne samouprave: decentralizacija, teritorijalni razvoj, urbana regeneracija i dru\u0161tvene promjene - TRANSFORM - Faculty of law","og_description":"&nbsp; Naziv projekta Transformacija lokalne i regionalne samouprave: decentralizacija, teritorijalni...","og_url":"https:\/\/www.pravo.unizg.hr\/en\/transform\/","og_site_name":"Faculty of law","article_modified_time":"2026-03-23T08:59:59+00:00","og_image":[{"url":"https:\/\/www.pravo.unizg.hr\/wp-content\/uploads\/2025\/10\/next-generation-eu-300x72.png"}],"twitter_card":"summary_large_image","twitter_misc":{"Est. reading time":"3 minutes"},"schema":{"@context":"https:\/\/schema.org","@graph":[{"@type":"WebPage","@id":"https:\/\/www.pravo.unizg.hr\/en\/transform\/","url":"https:\/\/www.pravo.unizg.hr\/en\/transform\/","name":"Transformacija lokalne i regionalne samouprave: decentralizacija, teritorijalni razvoj, urbana regeneracija i dru\u0161tvene promjene - TRANSFORM - Faculty of law","isPartOf":{"@id":"https:\/\/www.pravo.unizg.hr\/#website"},"datePublished":"2025-10-21T13:25:55+00:00","dateModified":"2026-03-23T08:59:59+00:00","breadcrumb":{"@id":"https:\/\/www.pravo.unizg.hr\/en\/transform\/#breadcrumb"},"inLanguage":"en-US","potentialAction":[{"@type":"ReadAction","target":["https:\/\/www.pravo.unizg.hr\/en\/transform\/"]}]},{"@type":"BreadcrumbList","@id":"https:\/\/www.pravo.unizg.hr\/en\/transform\/#breadcrumb","itemListElement":[{"@type":"ListItem","position":1,"name":"Homepage","item":"https:\/\/www.pravo.unizg.hr\/en\/"},{"@type":"ListItem","position":2,"name":"Projects","item":"https:\/\/www.pravo.unizg.hr\/en\/projects\/"},{"@type":"ListItem","position":3,"name":"Institucionalni istra\u017eiva\u010dki projekti","item":"https:\/\/www.pravo.unizg.hr\/en\/projects\/institucionalni-istrazivacki-projekti\/"},{"@type":"ListItem","position":4,"name":"Transformacija lokalne i regionalne samouprave: decentralizacija, teritorijalni razvoj, urbana regeneracija i dru\u0161tvene promjene &#8211; TRANSFORM"}]},{"@type":"WebSite","@id":"https:\/\/www.pravo.unizg.hr\/#website","url":"https:\/\/www.pravo.unizg.hr\/","name":"Faculty of law","description":"","potentialAction":[{"@type":"SearchAction","target":{"@type":"EntryPoint","urlTemplate":"https:\/\/www.pravo.unizg.hr\/?s={search_term_string}"},"query-input":"required name=search_term_string"}],"inLanguage":"en-US"}]}},"_links":{"self":[{"href":"https:\/\/www.pravo.unizg.hr\/en\/wp-json\/wp\/v2\/pages\/33745","targetHints":{"allow":["GET"]}}],"collection":[{"href":"https:\/\/www.pravo.unizg.hr\/en\/wp-json\/wp\/v2\/pages"}],"about":[{"href":"https:\/\/www.pravo.unizg.hr\/en\/wp-json\/wp\/v2\/types\/page"}],"author":[{"embeddable":true,"href":"https:\/\/www.pravo.unizg.hr\/en\/wp-json\/wp\/v2\/users\/511"}],"replies":[{"embeddable":true,"href":"https:\/\/www.pravo.unizg.hr\/en\/wp-json\/wp\/v2\/comments?post=33745"}],"version-history":[{"count":1,"href":"https:\/\/www.pravo.unizg.hr\/en\/wp-json\/wp\/v2\/pages\/33745\/revisions"}],"predecessor-version":[{"id":33746,"href":"https:\/\/www.pravo.unizg.hr\/en\/wp-json\/wp\/v2\/pages\/33745\/revisions\/33746"}],"up":[{"embeddable":true,"href":"https:\/\/www.pravo.unizg.hr\/en\/wp-json\/wp\/v2\/pages\/33665"}],"wp:attachment":[{"href":"https:\/\/www.pravo.unizg.hr\/en\/wp-json\/wp\/v2\/media?parent=33745"}],"curies":[{"name":"wp","href":"https:\/\/api.w.org\/{rel}","templated":true}]}}