{"id":33741,"date":"2025-10-21T14:17:28","date_gmt":"2025-10-21T13:17:28","guid":{"rendered":"https:\/\/www.pravo.unizg.hr\/projects\/institucionalni-istrazivacki-projekti\/szd_reagiraj\/"},"modified":"2026-03-23T09:59:29","modified_gmt":"2026-03-23T08:59:29","slug":"szd_reagiraj","status":"publish","type":"page","link":"https:\/\/www.pravo.unizg.hr\/en\/szd_reagiraj","title":{"rendered":"Seksualno zlostavljanje djece: znanje, stavovi i spremnost na reagiranje stru\u010dnjaka, studenata i javnosti &#8211; SZD_REAGIRAJ"},"content":{"rendered":"<p><img loading=\"lazy\" decoding=\"async\" class=\"size-medium wp-image-28800 alignright\" src=\"https:\/\/www.pravo.unizg.hr\/wp-content\/uploads\/2025\/10\/next-generation-eu-300x72.png\" alt=\"\" width=\"300\" height=\"72\" srcset=\"https:\/\/www.pravo.unizg.hr\/wp-content\/uploads\/2025\/10\/next-generation-eu-300x72.png 300w, https:\/\/www.pravo.unizg.hr\/wp-content\/uploads\/2025\/10\/next-generation-eu-768x184.png 768w, https:\/\/www.pravo.unizg.hr\/wp-content\/uploads\/2025\/10\/next-generation-eu.png 1020w\" sizes=\"auto, (max-width: 300px) 100vw, 300px\" \/><\/p>\n<p>&nbsp;<\/p>\n<p><span style=\"color: #8b0b05;\"><span style=\"color: #000000;\">Naziv projekta<\/span><strong><br \/>\nSeksualno zlostavljanje djece: znanje, stavovi i spremnost na reagiranje stru\u010dnjaka, studenata i javnosti<br \/>\n<\/strong><\/span><\/p>\n<p style=\"padding-left: 40px;\">Akronim<br \/>\n<strong>SZD_REAGIRAJ<\/strong><\/p>\n<p style=\"padding-left: 40px;\">Trajanje projekta<br \/>\n<strong>48 mjeseci<\/strong><\/p>\n<p style=\"padding-left: 40px;\">Voditeljica projekta<br \/>\n<strong>doc. dr. sc. Stjepka Popovi\u0107<\/strong><\/p>\n<p style=\"padding-left: 40px;\">\u010clanice\/\u010dlanovi istra\u017eiva\u010dkog tima<br \/>\n<strong>prof. dr. sc. Maja Munivrana<\/strong>,<br \/>\nKatedra za kazneno pravo, Pravni fakultet Sveu\u010dili\u0161ta u Zagrebu<br \/>\n<strong>izv. prof. dr. sc. Lucija Vejmelka<\/strong>,<strong><br \/>\n<\/strong>Katedra za teoriju i metode socijalnog rada, Pravni fakultet Sveu\u010dili\u0161ta u Zagrebu<strong><br \/>\n<\/strong><strong>doc. dr. sc. Nika Su\u0161ac<\/strong>,<strong><br \/>\n<\/strong>Katedra za teoriju i metode socijalnog rada, Pravni fakultet Sveu\u010dili\u0161ta u Zagrebu<br \/>\n<strong>doc. dr. sc. Dunja Majstorovi\u0107 Jedovnicki<\/strong>,<br \/>\nFakultet politi\u010dkih znanosti Sveu\u010dili\u0161ta u Zagrebu<br \/>\n<strong>Nensi Bla\u017eevi\u0107<\/strong>,<br \/>\nFakultet politi\u010dkih znanosti Sveu\u010dili\u0161ta u Zagrebu<\/p>\n<p style=\"padding-left: 40px;\">Istra\u017eiva\u010di suradnici<br \/>\n<strong>dr. sc. Gemma Crous<\/strong>,<br \/>\nFaculty of Education, University of Barcelona, \u0160panjolska<br \/>\n<strong>red. prof. Friederike Lorenz-Sinai<\/strong>,<br \/>\nDepartment of Social and Educational Sciences, University of Applied Sciences, Njema\u010dka<br \/>\n<strong>dr. sc. Noam Tarshish<\/strong>,<br \/>\nFaculty of Social Welfare and Health Sciences, University of Haifa, Izrael<\/p>\n<p>&nbsp;<\/p>\n<p style=\"padding-left: 40px;\"><strong>Sa\u017eetak projekta<\/strong><\/p>\n<p style=\"text-align: justify; padding-left: 40px;\">Seksualno zlostavljanje djece (SZD) predstavlja jedan od najte\u017eih oblika zlostavljanja djece, s dalekose\u017enim psiholo\u0161kim, emocionalnim i socijalnim posljedicama. Iako je svijest o ovom problemu posljednjih desetlje\u0107a porasla, broj prijavljenih slu\u010dajeva ostaje zabrinjavaju\u0107e nizak, a institucionalni odgovori \u010desto neadekvatni. Klju\u010dno pitanje koje se sve vi\u0161e isti\u010de u akademskoj literaturi jest uloga edukacije i stru\u010dne osposobljenosti u ranom prepoznavanju, prijavljivanju i intervenciji u slu\u010dajevima SZD. Ovaj projekt polazi od pretpostavke da kvaliteta odgovora na seksualno zlostavljanje djece u velikoj mjeri ovisi o razini znanja, stavovima i spremnosti na reagiranje profesionalaca i osoba koje dolaze u kontakt s djecom \u2013 osobito stru\u010dnjaka u pravosu\u0111u, socijalnoj skrbi, zdravstvu, obrazovanju i medijima \u2013 kao i budu\u0107ih stru\u010dnjaka, tj. studenata odgovaraju\u0107ih studijskih programa, ali i \u0161ire javnosti.<\/p>\n<p style=\"text-align: justify; padding-left: 40px;\">Projekt se bavi problematikom SZD kroz interdisciplinarnu analizu razine znanja, stavova i samoprocjene spremnosti na reagiranje me\u0111u stru\u010dnjacima i studentima iz podru\u010dja prava, socijalnog rada, psihologije, pedagogije, medicine i novinarstva te hrvatskih gra\u0111ana. Istra\u017eivanje obuhva\u0107a kvantitativne i kvalitativne metode s ciljem prepoznavanja obrazovnih praznina, profesionalnih izazova i institucionalnih prepreka u prepoznavanju i prijavljivanju seksualnog zlostavljanja djece. Projekt uklju\u010duje analizu stavova prema \u017ertvama i po\u010diniteljima, eti\u010dkih dilema, kao i prepreka u me\u0111usektorskoj suradnji. Na temelju rezultata izradit \u0107e se preporuke za unaprje\u0111enje obrazovanja, stru\u010dne prakse i me\u0111usektorske koordinacije. Projekt tako\u0111er uklju\u010duje izradu sveu\u010dili\u0161nog ud\u017ebenika i izbornog kolegija, razvoj nacionalnih smjernica za medijsko izvje\u0161tavanje o SZD te program cjelo\u017eivotnog obrazovanja za stru\u010dnjake. Rezultati \u0107e biti diseminirani kroz znanstvene radove, prakti\u010dne smjernice i me\u0111unarodni znanstveni skup s ciljem ja\u010danja profesionalne odgovornosti i u\u010dinkovitije za\u0161tite djece u hrvatskom dru\u0161tvu.<\/p>\n","protected":false},"excerpt":{"rendered":"<p>&nbsp; Naziv projekta Seksualno zlostavljanje djece: znanje, stavovi i spremnost&#8230;<\/p>\n","protected":false},"author":511,"featured_media":0,"parent":33665,"menu_order":0,"comment_status":"closed","ping_status":"closed","template":"","meta":{"footnotes":""},"class_list":["post-33741","page","type-page","status-publish","hentry"],"pp_force_visibility":null,"pp_subpost_visibility":null,"pp_inherited_force_visibility":null,"pp_inherited_subpost_visibility":null,"acf":[],"yoast_head":"<!-- This site is optimized with the Yoast SEO plugin v20.1 - https:\/\/yoast.com\/wordpress\/plugins\/seo\/ -->\n<title>Seksualno zlostavljanje djece: znanje, stavovi i spremnost na reagiranje stru\u010dnjaka, studenata i javnosti - SZD_REAGIRAJ - Faculty of law<\/title>\n<meta name=\"robots\" content=\"index, follow, max-snippet:-1, max-image-preview:large, max-video-preview:-1\" \/>\n<link rel=\"canonical\" href=\"https:\/\/www.pravo.unizg.hr\/en\/szd_reagiraj\/\" \/>\n<meta property=\"og:locale\" content=\"en_US\" \/>\n<meta property=\"og:type\" content=\"article\" \/>\n<meta property=\"og:title\" content=\"Seksualno zlostavljanje djece: znanje, stavovi i spremnost na reagiranje stru\u010dnjaka, studenata i javnosti - SZD_REAGIRAJ - Faculty of law\" \/>\n<meta property=\"og:description\" content=\"&nbsp; Naziv projekta Seksualno zlostavljanje djece: znanje, stavovi i spremnost...\" \/>\n<meta property=\"og:url\" content=\"https:\/\/www.pravo.unizg.hr\/en\/szd_reagiraj\/\" \/>\n<meta property=\"og:site_name\" content=\"Faculty of law\" \/>\n<meta property=\"article:modified_time\" content=\"2026-03-23T08:59:29+00:00\" \/>\n<meta property=\"og:image\" content=\"https:\/\/www.pravo.unizg.hr\/wp-content\/uploads\/2025\/10\/next-generation-eu-300x72.png\" \/>\n<meta name=\"twitter:card\" content=\"summary_large_image\" \/>\n<meta name=\"twitter:label1\" content=\"Est. reading time\" \/>\n\t<meta name=\"twitter:data1\" content=\"2 minutes\" \/>\n<script type=\"application\/ld+json\" class=\"yoast-schema-graph\">{\"@context\":\"https:\/\/schema.org\",\"@graph\":[{\"@type\":\"WebPage\",\"@id\":\"https:\/\/www.pravo.unizg.hr\/en\/szd_reagiraj\/\",\"url\":\"https:\/\/www.pravo.unizg.hr\/en\/szd_reagiraj\/\",\"name\":\"Seksualno zlostavljanje djece: znanje, stavovi i spremnost na reagiranje stru\u010dnjaka, studenata i javnosti - SZD_REAGIRAJ - Faculty of law\",\"isPartOf\":{\"@id\":\"https:\/\/www.pravo.unizg.hr\/#website\"},\"datePublished\":\"2025-10-21T13:17:28+00:00\",\"dateModified\":\"2026-03-23T08:59:29+00:00\",\"breadcrumb\":{\"@id\":\"https:\/\/www.pravo.unizg.hr\/en\/szd_reagiraj\/#breadcrumb\"},\"inLanguage\":\"en-US\",\"potentialAction\":[{\"@type\":\"ReadAction\",\"target\":[\"https:\/\/www.pravo.unizg.hr\/en\/szd_reagiraj\/\"]}]},{\"@type\":\"BreadcrumbList\",\"@id\":\"https:\/\/www.pravo.unizg.hr\/en\/szd_reagiraj\/#breadcrumb\",\"itemListElement\":[{\"@type\":\"ListItem\",\"position\":1,\"name\":\"Homepage\",\"item\":\"https:\/\/www.pravo.unizg.hr\/en\/\"},{\"@type\":\"ListItem\",\"position\":2,\"name\":\"Projects\",\"item\":\"https:\/\/www.pravo.unizg.hr\/en\/projects\/\"},{\"@type\":\"ListItem\",\"position\":3,\"name\":\"Institucionalni istra\u017eiva\u010dki projekti\",\"item\":\"https:\/\/www.pravo.unizg.hr\/en\/projects\/institucionalni-istrazivacki-projekti\/\"},{\"@type\":\"ListItem\",\"position\":4,\"name\":\"Seksualno zlostavljanje djece: znanje, stavovi i spremnost na reagiranje stru\u010dnjaka, studenata i javnosti &#8211; SZD_REAGIRAJ\"}]},{\"@type\":\"WebSite\",\"@id\":\"https:\/\/www.pravo.unizg.hr\/#website\",\"url\":\"https:\/\/www.pravo.unizg.hr\/\",\"name\":\"Faculty of law\",\"description\":\"\",\"potentialAction\":[{\"@type\":\"SearchAction\",\"target\":{\"@type\":\"EntryPoint\",\"urlTemplate\":\"https:\/\/www.pravo.unizg.hr\/?s={search_term_string}\"},\"query-input\":\"required name=search_term_string\"}],\"inLanguage\":\"en-US\"}]}<\/script>\n<!-- \/ Yoast SEO plugin. -->","yoast_head_json":{"title":"Seksualno zlostavljanje djece: znanje, stavovi i spremnost na reagiranje stru\u010dnjaka, studenata i javnosti - SZD_REAGIRAJ - Faculty of law","robots":{"index":"index","follow":"follow","max-snippet":"max-snippet:-1","max-image-preview":"max-image-preview:large","max-video-preview":"max-video-preview:-1"},"canonical":"https:\/\/www.pravo.unizg.hr\/en\/szd_reagiraj\/","og_locale":"en_US","og_type":"article","og_title":"Seksualno zlostavljanje djece: znanje, stavovi i spremnost na reagiranje stru\u010dnjaka, studenata i javnosti - SZD_REAGIRAJ - Faculty of law","og_description":"&nbsp; Naziv projekta Seksualno zlostavljanje djece: znanje, stavovi i spremnost...","og_url":"https:\/\/www.pravo.unizg.hr\/en\/szd_reagiraj\/","og_site_name":"Faculty of law","article_modified_time":"2026-03-23T08:59:29+00:00","og_image":[{"url":"https:\/\/www.pravo.unizg.hr\/wp-content\/uploads\/2025\/10\/next-generation-eu-300x72.png"}],"twitter_card":"summary_large_image","twitter_misc":{"Est. reading time":"2 minutes"},"schema":{"@context":"https:\/\/schema.org","@graph":[{"@type":"WebPage","@id":"https:\/\/www.pravo.unizg.hr\/en\/szd_reagiraj\/","url":"https:\/\/www.pravo.unizg.hr\/en\/szd_reagiraj\/","name":"Seksualno zlostavljanje djece: znanje, stavovi i spremnost na reagiranje stru\u010dnjaka, studenata i javnosti - SZD_REAGIRAJ - Faculty of law","isPartOf":{"@id":"https:\/\/www.pravo.unizg.hr\/#website"},"datePublished":"2025-10-21T13:17:28+00:00","dateModified":"2026-03-23T08:59:29+00:00","breadcrumb":{"@id":"https:\/\/www.pravo.unizg.hr\/en\/szd_reagiraj\/#breadcrumb"},"inLanguage":"en-US","potentialAction":[{"@type":"ReadAction","target":["https:\/\/www.pravo.unizg.hr\/en\/szd_reagiraj\/"]}]},{"@type":"BreadcrumbList","@id":"https:\/\/www.pravo.unizg.hr\/en\/szd_reagiraj\/#breadcrumb","itemListElement":[{"@type":"ListItem","position":1,"name":"Homepage","item":"https:\/\/www.pravo.unizg.hr\/en\/"},{"@type":"ListItem","position":2,"name":"Projects","item":"https:\/\/www.pravo.unizg.hr\/en\/projects\/"},{"@type":"ListItem","position":3,"name":"Institucionalni istra\u017eiva\u010dki projekti","item":"https:\/\/www.pravo.unizg.hr\/en\/projects\/institucionalni-istrazivacki-projekti\/"},{"@type":"ListItem","position":4,"name":"Seksualno zlostavljanje djece: znanje, stavovi i spremnost na reagiranje stru\u010dnjaka, studenata i javnosti &#8211; SZD_REAGIRAJ"}]},{"@type":"WebSite","@id":"https:\/\/www.pravo.unizg.hr\/#website","url":"https:\/\/www.pravo.unizg.hr\/","name":"Faculty of law","description":"","potentialAction":[{"@type":"SearchAction","target":{"@type":"EntryPoint","urlTemplate":"https:\/\/www.pravo.unizg.hr\/?s={search_term_string}"},"query-input":"required name=search_term_string"}],"inLanguage":"en-US"}]}},"_links":{"self":[{"href":"https:\/\/www.pravo.unizg.hr\/en\/wp-json\/wp\/v2\/pages\/33741","targetHints":{"allow":["GET"]}}],"collection":[{"href":"https:\/\/www.pravo.unizg.hr\/en\/wp-json\/wp\/v2\/pages"}],"about":[{"href":"https:\/\/www.pravo.unizg.hr\/en\/wp-json\/wp\/v2\/types\/page"}],"author":[{"embeddable":true,"href":"https:\/\/www.pravo.unizg.hr\/en\/wp-json\/wp\/v2\/users\/511"}],"replies":[{"embeddable":true,"href":"https:\/\/www.pravo.unizg.hr\/en\/wp-json\/wp\/v2\/comments?post=33741"}],"version-history":[{"count":1,"href":"https:\/\/www.pravo.unizg.hr\/en\/wp-json\/wp\/v2\/pages\/33741\/revisions"}],"predecessor-version":[{"id":33744,"href":"https:\/\/www.pravo.unizg.hr\/en\/wp-json\/wp\/v2\/pages\/33741\/revisions\/33744"}],"up":[{"embeddable":true,"href":"https:\/\/www.pravo.unizg.hr\/en\/wp-json\/wp\/v2\/pages\/33665"}],"wp:attachment":[{"href":"https:\/\/www.pravo.unizg.hr\/en\/wp-json\/wp\/v2\/media?parent=33741"}],"curies":[{"name":"wp","href":"https:\/\/api.w.org\/{rel}","templated":true}]}}