{"id":33740,"date":"2025-10-21T14:09:59","date_gmt":"2025-10-21T13:09:59","guid":{"rendered":"https:\/\/www.pravo.unizg.hr\/projects\/institucionalni-istrazivacki-projekti\/status4justice\/"},"modified":"2026-03-23T09:59:23","modified_gmt":"2026-03-23T08:59:23","slug":"status4justice","status":"publish","type":"page","link":"https:\/\/www.pravo.unizg.hr\/en\/status4justice","title":{"rendered":"Unapre\u0111enje statusa i za\u0161tite neovisnosti sudaca i dr\u017eavnih odvjetnika u Hrvatskoj &#8211; STATUS4JUSTICE"},"content":{"rendered":"<p><img loading=\"lazy\" decoding=\"async\" class=\"size-medium wp-image-28800 alignright\" src=\"https:\/\/www.pravo.unizg.hr\/wp-content\/uploads\/2025\/10\/next-generation-eu-300x72.png\" alt=\"\" width=\"300\" height=\"72\" srcset=\"https:\/\/www.pravo.unizg.hr\/wp-content\/uploads\/2025\/10\/next-generation-eu-300x72.png 300w, https:\/\/www.pravo.unizg.hr\/wp-content\/uploads\/2025\/10\/next-generation-eu-768x184.png 768w, https:\/\/www.pravo.unizg.hr\/wp-content\/uploads\/2025\/10\/next-generation-eu.png 1020w\" sizes=\"auto, (max-width: 300px) 100vw, 300px\" \/><\/p>\n<p>&nbsp;<\/p>\n<p><span style=\"color: #8b0b05;\"><span style=\"color: #000000;\">Naziv projekta<\/span><strong><br \/>\nUnapre\u0111enje statusa i za\u0161tite neovisnosti sudaca i dr\u017eavnih odvjetnika u Hrvatskoj<br \/>\n<\/strong><\/span><\/p>\n<p style=\"padding-left: 40px;\">Akronim<br \/>\n<strong>STATUS4JUSTICE<\/strong><\/p>\n<p style=\"padding-left: 40px;\">Trajanje projekta<br \/>\n<strong>48 mjeseci<\/strong><\/p>\n<p style=\"padding-left: 40px;\">Voditelj projekta<br \/>\n<strong>prof. dr. sc. Viktor Gotovac<\/strong><\/p>\n<p style=\"padding-left: 40px;\">\u010clanice\/\u010dlanovi istra\u017eiva\u010dkog tima<br \/>\n<strong>izv. prof. dr. sc. Barbara Herceg Pak\u0161i\u0107<\/strong>,<br \/>\nPravni fakultet Sveu\u010dili\u0161ta Josipa Jurja Strossmayera u Osijeku<br \/>\n<strong>dr. sc. Bruno Moslavac<\/strong>,<strong><br \/>\n<\/strong>\u017dupanijsko dr\u017eavno odvjetni\u0161tvo Bjelovar<strong><br \/>\nAndrej Bo\u017einovski, mag. iur.<\/strong>,<br \/>\nKatedra za kazneno pravo, Pravni fakultet Sveu\u010dili\u0161ta u Zagrebu<\/p>\n<p style=\"padding-left: 40px;\">Istra\u017eiva\u010di suradnici<br \/>\n<strong>Darko Milkovi\u0107, mag. iur.<\/strong>,<br \/>\nVrhovni sud Republike Hrvatske<\/p>\n<p>&nbsp;<\/p>\n<p style=\"padding-left: 40px;\"><strong>Sa\u017eetak projekta<\/strong><\/p>\n<p style=\"text-align: justify; padding-left: 40px;\">Projekt STATUS4JUSTICE za cilj ima sveobuhvatno istra\u017eiti status i rad sudaca i dr\u017eavnih odvjetnika u Hrvatskoj s naglaskom na njihov pravni polo\u017eaj i obavljanje \u010dinidbe rada te s obzirom na funkciju nositelja pravosudne neovisnosti.<\/p>\n<p style=\"text-align: justify; padding-left: 40px;\">Polazi\u0161na to\u010dka projekta je analiza pravnog okvira koji definira status pravosudnih du\u017enosnika, uz naglasak na prakti\u010dne posljedice takvog statusa \u2013 od zapo\u0161ljavanja, imenovanja i trajanja mandata do prava, obveza, za\u0161tita i disciplinske odgovornosti.<\/p>\n<p style=\"text-align: justify; padding-left: 40px;\">U drugom klasteru razmatraju se izazovi povezani s neovisno\u0161\u0107u i odgovorno\u0161\u0107u pravosudnih du\u017enosnika, mehanizmi izvanredne provjere (vetting) \u0161to u Hrvatskoj do sada nije ozbiljnije razmatrano te modeli jam\u010denja transparentnosti i profesionalne odgovornosti. Kroz komparativnu analizu i prikaz najboljih praksi europskih dr\u017eava, projekt \u017eeli ponuditi preporuke za unaprje\u0111enje postoje\u0107ih mehanizama u hrvatskom kontekstu.<\/p>\n<p style=\"text-align: justify; padding-left: 40px;\">Tre\u0107i klaster bavi se materijalnim i socijalnim polo\u017eajem pravosudnih du\u017enosnika s obzirom na rad odnosno \u010dinidbu rada koju obavljaju, uklju\u010duju\u0107i i razinu pla\u0107a i socijalnih prava te profesionalnu sigurnost. Analizirat \u0107e se u kojoj mjeri postoje\u0107i okvir omogu\u0107ava privla\u010denje i zadr\u017eavanje stru\u010dnog kadra te doprinosi motivaciji i za\u0161titi neovisnosti pravosu\u0111a.<\/p>\n<p style=\"text-align: justify; padding-left: 40px;\">Znanstveni doprinos projekta ogleda se u stvaranju temeljitog, interdisciplinarnog i komparativnog uvida u status pravosudnih du\u017enosnika, pri \u010demu \u0107e se koristiti kombinacija normativne, analiti\u010dke i empirijske metodologije. Projekt \u0107e rezultirati znanstvenim radovima, znanstvenim i stru\u010dnim skupovima te razvojem baze podataka.<\/p>\n<p style=\"text-align: justify; padding-left: 40px;\">Dru\u0161tveni doprinos projekta o\u010dituje se u prijedlozima za pobolj\u0161anje zakonodavnog i institucionalnog okvira, ja\u010danju transparentnosti, neovisnosti i motivacije pravosudnih du\u017enosnika, \u0161to je od klju\u010dne va\u017enosti za ja\u010danje povjerenja gra\u0111ana u pravosudni sustav. Rezultati projekta bit \u0107e dostupni stru\u010dnoj i op\u0107oj javnosti te mogu poslu\u017eiti kao podloga za budu\u0107e reformske procese.<\/p>\n","protected":false},"excerpt":{"rendered":"<p>&nbsp; Naziv projekta Unapre\u0111enje statusa i za\u0161tite neovisnosti sudaca i&#8230;<\/p>\n","protected":false},"author":511,"featured_media":0,"parent":33665,"menu_order":0,"comment_status":"closed","ping_status":"closed","template":"","meta":{"footnotes":""},"class_list":["post-33740","page","type-page","status-publish","hentry"],"pp_force_visibility":null,"pp_subpost_visibility":null,"pp_inherited_force_visibility":null,"pp_inherited_subpost_visibility":null,"acf":[],"yoast_head":"<!-- This site is optimized with the Yoast SEO plugin v20.1 - https:\/\/yoast.com\/wordpress\/plugins\/seo\/ -->\n<title>Unapre\u0111enje statusa i za\u0161tite neovisnosti sudaca i dr\u017eavnih odvjetnika u Hrvatskoj - STATUS4JUSTICE - Faculty of law<\/title>\n<meta name=\"robots\" content=\"index, follow, max-snippet:-1, max-image-preview:large, max-video-preview:-1\" \/>\n<link rel=\"canonical\" href=\"https:\/\/www.pravo.unizg.hr\/en\/status4justice\/\" \/>\n<meta property=\"og:locale\" content=\"en_US\" \/>\n<meta property=\"og:type\" content=\"article\" \/>\n<meta property=\"og:title\" content=\"Unapre\u0111enje statusa i za\u0161tite neovisnosti sudaca i dr\u017eavnih odvjetnika u Hrvatskoj - STATUS4JUSTICE - Faculty of law\" \/>\n<meta property=\"og:description\" content=\"&nbsp; Naziv projekta Unapre\u0111enje statusa i za\u0161tite neovisnosti sudaca i...\" \/>\n<meta property=\"og:url\" content=\"https:\/\/www.pravo.unizg.hr\/en\/status4justice\/\" \/>\n<meta property=\"og:site_name\" content=\"Faculty of law\" \/>\n<meta property=\"article:modified_time\" content=\"2026-03-23T08:59:23+00:00\" \/>\n<meta property=\"og:image\" content=\"https:\/\/www.pravo.unizg.hr\/wp-content\/uploads\/2025\/10\/next-generation-eu-300x72.png\" \/>\n<meta name=\"twitter:card\" content=\"summary_large_image\" \/>\n<meta name=\"twitter:label1\" content=\"Est. reading time\" \/>\n\t<meta name=\"twitter:data1\" content=\"2 minutes\" \/>\n<script type=\"application\/ld+json\" class=\"yoast-schema-graph\">{\"@context\":\"https:\/\/schema.org\",\"@graph\":[{\"@type\":\"WebPage\",\"@id\":\"https:\/\/www.pravo.unizg.hr\/en\/status4justice\/\",\"url\":\"https:\/\/www.pravo.unizg.hr\/en\/status4justice\/\",\"name\":\"Unapre\u0111enje statusa i za\u0161tite neovisnosti sudaca i dr\u017eavnih odvjetnika u Hrvatskoj - STATUS4JUSTICE - Faculty of law\",\"isPartOf\":{\"@id\":\"https:\/\/www.pravo.unizg.hr\/#website\"},\"datePublished\":\"2025-10-21T13:09:59+00:00\",\"dateModified\":\"2026-03-23T08:59:23+00:00\",\"breadcrumb\":{\"@id\":\"https:\/\/www.pravo.unizg.hr\/en\/status4justice\/#breadcrumb\"},\"inLanguage\":\"en-US\",\"potentialAction\":[{\"@type\":\"ReadAction\",\"target\":[\"https:\/\/www.pravo.unizg.hr\/en\/status4justice\/\"]}]},{\"@type\":\"BreadcrumbList\",\"@id\":\"https:\/\/www.pravo.unizg.hr\/en\/status4justice\/#breadcrumb\",\"itemListElement\":[{\"@type\":\"ListItem\",\"position\":1,\"name\":\"Homepage\",\"item\":\"https:\/\/www.pravo.unizg.hr\/en\/\"},{\"@type\":\"ListItem\",\"position\":2,\"name\":\"Projects\",\"item\":\"https:\/\/www.pravo.unizg.hr\/en\/projects\/\"},{\"@type\":\"ListItem\",\"position\":3,\"name\":\"Institucionalni istra\u017eiva\u010dki projekti\",\"item\":\"https:\/\/www.pravo.unizg.hr\/en\/projects\/institucionalni-istrazivacki-projekti\/\"},{\"@type\":\"ListItem\",\"position\":4,\"name\":\"Unapre\u0111enje statusa i za\u0161tite neovisnosti sudaca i dr\u017eavnih odvjetnika u Hrvatskoj &#8211; STATUS4JUSTICE\"}]},{\"@type\":\"WebSite\",\"@id\":\"https:\/\/www.pravo.unizg.hr\/#website\",\"url\":\"https:\/\/www.pravo.unizg.hr\/\",\"name\":\"Faculty of law\",\"description\":\"\",\"potentialAction\":[{\"@type\":\"SearchAction\",\"target\":{\"@type\":\"EntryPoint\",\"urlTemplate\":\"https:\/\/www.pravo.unizg.hr\/?s={search_term_string}\"},\"query-input\":\"required name=search_term_string\"}],\"inLanguage\":\"en-US\"}]}<\/script>\n<!-- \/ Yoast SEO plugin. -->","yoast_head_json":{"title":"Unapre\u0111enje statusa i za\u0161tite neovisnosti sudaca i dr\u017eavnih odvjetnika u Hrvatskoj - STATUS4JUSTICE - Faculty of law","robots":{"index":"index","follow":"follow","max-snippet":"max-snippet:-1","max-image-preview":"max-image-preview:large","max-video-preview":"max-video-preview:-1"},"canonical":"https:\/\/www.pravo.unizg.hr\/en\/status4justice\/","og_locale":"en_US","og_type":"article","og_title":"Unapre\u0111enje statusa i za\u0161tite neovisnosti sudaca i dr\u017eavnih odvjetnika u Hrvatskoj - STATUS4JUSTICE - Faculty of law","og_description":"&nbsp; Naziv projekta Unapre\u0111enje statusa i za\u0161tite neovisnosti sudaca i...","og_url":"https:\/\/www.pravo.unizg.hr\/en\/status4justice\/","og_site_name":"Faculty of law","article_modified_time":"2026-03-23T08:59:23+00:00","og_image":[{"url":"https:\/\/www.pravo.unizg.hr\/wp-content\/uploads\/2025\/10\/next-generation-eu-300x72.png"}],"twitter_card":"summary_large_image","twitter_misc":{"Est. reading time":"2 minutes"},"schema":{"@context":"https:\/\/schema.org","@graph":[{"@type":"WebPage","@id":"https:\/\/www.pravo.unizg.hr\/en\/status4justice\/","url":"https:\/\/www.pravo.unizg.hr\/en\/status4justice\/","name":"Unapre\u0111enje statusa i za\u0161tite neovisnosti sudaca i dr\u017eavnih odvjetnika u Hrvatskoj - STATUS4JUSTICE - Faculty of law","isPartOf":{"@id":"https:\/\/www.pravo.unizg.hr\/#website"},"datePublished":"2025-10-21T13:09:59+00:00","dateModified":"2026-03-23T08:59:23+00:00","breadcrumb":{"@id":"https:\/\/www.pravo.unizg.hr\/en\/status4justice\/#breadcrumb"},"inLanguage":"en-US","potentialAction":[{"@type":"ReadAction","target":["https:\/\/www.pravo.unizg.hr\/en\/status4justice\/"]}]},{"@type":"BreadcrumbList","@id":"https:\/\/www.pravo.unizg.hr\/en\/status4justice\/#breadcrumb","itemListElement":[{"@type":"ListItem","position":1,"name":"Homepage","item":"https:\/\/www.pravo.unizg.hr\/en\/"},{"@type":"ListItem","position":2,"name":"Projects","item":"https:\/\/www.pravo.unizg.hr\/en\/projects\/"},{"@type":"ListItem","position":3,"name":"Institucionalni istra\u017eiva\u010dki projekti","item":"https:\/\/www.pravo.unizg.hr\/en\/projects\/institucionalni-istrazivacki-projekti\/"},{"@type":"ListItem","position":4,"name":"Unapre\u0111enje statusa i za\u0161tite neovisnosti sudaca i dr\u017eavnih odvjetnika u Hrvatskoj &#8211; STATUS4JUSTICE"}]},{"@type":"WebSite","@id":"https:\/\/www.pravo.unizg.hr\/#website","url":"https:\/\/www.pravo.unizg.hr\/","name":"Faculty of law","description":"","potentialAction":[{"@type":"SearchAction","target":{"@type":"EntryPoint","urlTemplate":"https:\/\/www.pravo.unizg.hr\/?s={search_term_string}"},"query-input":"required name=search_term_string"}],"inLanguage":"en-US"}]}},"_links":{"self":[{"href":"https:\/\/www.pravo.unizg.hr\/en\/wp-json\/wp\/v2\/pages\/33740","targetHints":{"allow":["GET"]}}],"collection":[{"href":"https:\/\/www.pravo.unizg.hr\/en\/wp-json\/wp\/v2\/pages"}],"about":[{"href":"https:\/\/www.pravo.unizg.hr\/en\/wp-json\/wp\/v2\/types\/page"}],"author":[{"embeddable":true,"href":"https:\/\/www.pravo.unizg.hr\/en\/wp-json\/wp\/v2\/users\/511"}],"replies":[{"embeddable":true,"href":"https:\/\/www.pravo.unizg.hr\/en\/wp-json\/wp\/v2\/comments?post=33740"}],"version-history":[{"count":1,"href":"https:\/\/www.pravo.unizg.hr\/en\/wp-json\/wp\/v2\/pages\/33740\/revisions"}],"predecessor-version":[{"id":33743,"href":"https:\/\/www.pravo.unizg.hr\/en\/wp-json\/wp\/v2\/pages\/33740\/revisions\/33743"}],"up":[{"embeddable":true,"href":"https:\/\/www.pravo.unizg.hr\/en\/wp-json\/wp\/v2\/pages\/33665"}],"wp:attachment":[{"href":"https:\/\/www.pravo.unizg.hr\/en\/wp-json\/wp\/v2\/media?parent=33740"}],"curies":[{"name":"wp","href":"https:\/\/api.w.org\/{rel}","templated":true}]}}