{"id":33739,"date":"2025-10-21T14:02:23","date_gmt":"2025-10-21T13:02:23","guid":{"rendered":"https:\/\/www.pravo.unizg.hr\/projects\/institucionalni-istrazivacki-projekti\/sos-stan\/"},"modified":"2026-03-23T09:58:51","modified_gmt":"2026-03-23T08:58:51","slug":"sos-stan","status":"publish","type":"page","link":"https:\/\/www.pravo.unizg.hr\/en\/sos-stan","title":{"rendered":"Reforme i inovacije u hrvatskom stambenom pravu: stambeni odnosi izme\u0111u vlasni\u0161tva i najma &#8211; SOS-STAN"},"content":{"rendered":"<p><img loading=\"lazy\" decoding=\"async\" class=\"size-medium wp-image-28800 alignright\" src=\"https:\/\/www.pravo.unizg.hr\/wp-content\/uploads\/2025\/10\/next-generation-eu-300x72.png\" alt=\"\" width=\"300\" height=\"72\" srcset=\"https:\/\/www.pravo.unizg.hr\/wp-content\/uploads\/2025\/10\/next-generation-eu-300x72.png 300w, https:\/\/www.pravo.unizg.hr\/wp-content\/uploads\/2025\/10\/next-generation-eu-768x184.png 768w, https:\/\/www.pravo.unizg.hr\/wp-content\/uploads\/2025\/10\/next-generation-eu.png 1020w\" sizes=\"auto, (max-width: 300px) 100vw, 300px\" \/><\/p>\n<p>&nbsp;<\/p>\n<p><span style=\"color: #8b0b05;\"><span style=\"color: #000000;\">Naziv projekta<\/span><strong><br \/>\nReforme i inovacije u hrvatskom stambenom pravu: stambeni odnosi izme\u0111u vlasni\u0161tva i najma<br \/>\n<\/strong><\/span><\/p>\n<p style=\"padding-left: 40px;\">Akronim<br \/>\n<strong>SOS-STAN<\/strong><\/p>\n<p style=\"padding-left: 40px;\">Trajanje projekta<br \/>\n<strong>48 mjeseci<\/strong><\/p>\n<p style=\"padding-left: 40px;\">Voditelj projekta<br \/>\n<strong>prof. dr. sc. Hano Ernst<\/strong><\/p>\n<p style=\"padding-left: 40px;\">\u010clanice\/\u010dlanovi istra\u017eiva\u010dkog tima<br \/>\n<strong>prof. dr. sc. Tatjana Josipovi\u0107<\/strong>,<br \/>\nKatedra za gra\u0111ansko pravo, Pravni fakultet Sveu\u010dili\u0161ta u Zagrebu<br \/>\n<strong>prof. dr. sc. Sa\u0161a Nik\u0161i\u0107<\/strong>,<strong><br \/>\n<\/strong>Katedra za gra\u0111ansko pravo, Pravni fakultet Sveu\u010dili\u0161ta u Zagrebu<strong><br \/>\n<\/strong><strong>dr. sc. Marko Stilinovi\u0107<\/strong>,<br \/>\nKatedra za gra\u0111ansko pravo, Pravni fakultet Sveu\u010dili\u0161ta u Zagrebu<br \/>\n<strong>Marko Horvat<\/strong>,<br \/>\nKatedra za socijalnu politiku, Pravni fakultet Sveu\u010dili\u0161ta u Zagrebu<\/p>\n<p>&nbsp;<\/p>\n<p style=\"padding-left: 40px;\"><strong>Sa\u017eetak projekta<\/strong><\/p>\n<p style=\"text-align: justify; padding-left: 40px;\">Polazi\u0161te projekta je ozbiljno i vi\u0161edimenzionalno zapu\u0161teno stanje stambenih odnosa u Hrvatskoj, koje uklju\u010duje neadekvatne zakonodavne okvire, nefunkcionalne tr\u017ei\u0161ne mehanizme i izostanak znanstvene obrade, kao i o\u010dekivanu renesansu stambenog prava koja je zapo\u010dela dono\u0161enjem prve hrvatske stambene politike pred nekoliko mjeseci. Predlo\u017eeni projekt je prvi u vi\u0161e od 30 godina koji se bavi reformom hrvatskog stambenog prava. Projektom su planirane aktivnosti koje bitno doprinose pravnoj znanosti kao i prakti\u010dnom pobolj\u0161anju kvalitete \u017eivota u hrvatskom dru\u0161tvu omogu\u0107avanjem adekvatnog, priu\u0161tivog i odr\u017eivog stanovanja kroz reforme i inovacije propisa i prakse u podru\u010dju hrvatskog stambenog prava.<\/p>\n<p style=\"text-align: justify; padding-left: 40px;\">Projekt kombinira pravno-analiti\u010dke i empirijske metode kako bi se identificirali klju\u010dni problemi stambenih odnosa, kako u stvarnopravnom aspektu (koji se ti\u010de upravljanja eta\u017enim vlasni\u0161tvom), tako i u obveznopravnom (koji se ti\u010de najma stana). Poseban naglasak stavlja se na inovativne modele ure\u0111enja odnosa vlasnika i najmoprimaca te socijalne implikacije stambene politike. Istra\u017eivanje \u0107e zna\u010dajno vrijeme i sredstva posvetiti komparativnim zapadnoeuropskim modelima, nacionalnim i supranacionalnim, te njihovoj potencijalnoj implementaciji u Hrvatskoj.<\/p>\n<p style=\"text-align: justify; padding-left: 40px;\">Projekt uklju\u010duje pet radnih paketa koji obuhva\u0107aju koordinaciju, dva tematska pravna istra\u017eivanja, jedno empirijsko interdisciplinarno istra\u017eivanje te brojne aktivnosti diseminacije i komunikacije s posebnim naglaskom na digitalnu transformaciju. Projekt ima nagla\u0161ene elemente edukacije, kako studenata (u vidu radionica i posebnog kolegija o stambenom pravu) tako i profesionalaca iz gospodarstva i javnog sektora. Uklju\u010divanje stru\u010dne i \u0161ire javnosti kao i odr\u017eivost rezultata osigurava se osnivanjem posve nove Hrvatske udruge za stvarno i stambeno pravo. Projekt je u potpunosti u skladu s Nacionalnim planom stambene politike do 2030. te na\u010delima digitalne tranzicije.<\/p>\n","protected":false},"excerpt":{"rendered":"<p>&nbsp; Naziv projekta Reforme i inovacije u hrvatskom stambenom pravu:&#8230;<\/p>\n","protected":false},"author":511,"featured_media":0,"parent":33665,"menu_order":0,"comment_status":"closed","ping_status":"closed","template":"","meta":{"footnotes":""},"class_list":["post-33739","page","type-page","status-publish","hentry"],"pp_force_visibility":null,"pp_subpost_visibility":null,"pp_inherited_force_visibility":null,"pp_inherited_subpost_visibility":null,"acf":[],"yoast_head":"<!-- This site is optimized with the Yoast SEO plugin v20.1 - https:\/\/yoast.com\/wordpress\/plugins\/seo\/ -->\n<title>Reforme i inovacije u hrvatskom stambenom pravu: stambeni odnosi izme\u0111u vlasni\u0161tva i najma - SOS-STAN - Faculty of law<\/title>\n<meta name=\"robots\" content=\"index, follow, max-snippet:-1, max-image-preview:large, max-video-preview:-1\" \/>\n<link rel=\"canonical\" href=\"https:\/\/www.pravo.unizg.hr\/en\/sos-stan\/\" \/>\n<meta property=\"og:locale\" content=\"en_US\" \/>\n<meta property=\"og:type\" content=\"article\" \/>\n<meta property=\"og:title\" content=\"Reforme i inovacije u hrvatskom stambenom pravu: stambeni odnosi izme\u0111u vlasni\u0161tva i najma - SOS-STAN - Faculty of law\" \/>\n<meta property=\"og:description\" content=\"&nbsp; Naziv projekta Reforme i inovacije u hrvatskom stambenom pravu:...\" \/>\n<meta property=\"og:url\" content=\"https:\/\/www.pravo.unizg.hr\/en\/sos-stan\/\" \/>\n<meta property=\"og:site_name\" content=\"Faculty of law\" \/>\n<meta property=\"article:modified_time\" content=\"2026-03-23T08:58:51+00:00\" \/>\n<meta property=\"og:image\" content=\"https:\/\/www.pravo.unizg.hr\/wp-content\/uploads\/2025\/10\/next-generation-eu-300x72.png\" \/>\n<meta name=\"twitter:card\" content=\"summary_large_image\" \/>\n<meta name=\"twitter:label1\" content=\"Est. reading time\" \/>\n\t<meta name=\"twitter:data1\" content=\"2 minutes\" \/>\n<script type=\"application\/ld+json\" class=\"yoast-schema-graph\">{\"@context\":\"https:\/\/schema.org\",\"@graph\":[{\"@type\":\"WebPage\",\"@id\":\"https:\/\/www.pravo.unizg.hr\/en\/sos-stan\/\",\"url\":\"https:\/\/www.pravo.unizg.hr\/en\/sos-stan\/\",\"name\":\"Reforme i inovacije u hrvatskom stambenom pravu: stambeni odnosi izme\u0111u vlasni\u0161tva i najma - SOS-STAN - Faculty of law\",\"isPartOf\":{\"@id\":\"https:\/\/www.pravo.unizg.hr\/#website\"},\"datePublished\":\"2025-10-21T13:02:23+00:00\",\"dateModified\":\"2026-03-23T08:58:51+00:00\",\"breadcrumb\":{\"@id\":\"https:\/\/www.pravo.unizg.hr\/en\/sos-stan\/#breadcrumb\"},\"inLanguage\":\"en-US\",\"potentialAction\":[{\"@type\":\"ReadAction\",\"target\":[\"https:\/\/www.pravo.unizg.hr\/en\/sos-stan\/\"]}]},{\"@type\":\"BreadcrumbList\",\"@id\":\"https:\/\/www.pravo.unizg.hr\/en\/sos-stan\/#breadcrumb\",\"itemListElement\":[{\"@type\":\"ListItem\",\"position\":1,\"name\":\"Homepage\",\"item\":\"https:\/\/www.pravo.unizg.hr\/en\/\"},{\"@type\":\"ListItem\",\"position\":2,\"name\":\"Projects\",\"item\":\"https:\/\/www.pravo.unizg.hr\/en\/projects\/\"},{\"@type\":\"ListItem\",\"position\":3,\"name\":\"Institucionalni istra\u017eiva\u010dki projekti\",\"item\":\"https:\/\/www.pravo.unizg.hr\/en\/projects\/institucionalni-istrazivacki-projekti\/\"},{\"@type\":\"ListItem\",\"position\":4,\"name\":\"Reforme i inovacije u hrvatskom stambenom pravu: stambeni odnosi izme\u0111u vlasni\u0161tva i najma &#8211; SOS-STAN\"}]},{\"@type\":\"WebSite\",\"@id\":\"https:\/\/www.pravo.unizg.hr\/#website\",\"url\":\"https:\/\/www.pravo.unizg.hr\/\",\"name\":\"Faculty of law\",\"description\":\"\",\"potentialAction\":[{\"@type\":\"SearchAction\",\"target\":{\"@type\":\"EntryPoint\",\"urlTemplate\":\"https:\/\/www.pravo.unizg.hr\/?s={search_term_string}\"},\"query-input\":\"required name=search_term_string\"}],\"inLanguage\":\"en-US\"}]}<\/script>\n<!-- \/ Yoast SEO plugin. -->","yoast_head_json":{"title":"Reforme i inovacije u hrvatskom stambenom pravu: stambeni odnosi izme\u0111u vlasni\u0161tva i najma - SOS-STAN - Faculty of law","robots":{"index":"index","follow":"follow","max-snippet":"max-snippet:-1","max-image-preview":"max-image-preview:large","max-video-preview":"max-video-preview:-1"},"canonical":"https:\/\/www.pravo.unizg.hr\/en\/sos-stan\/","og_locale":"en_US","og_type":"article","og_title":"Reforme i inovacije u hrvatskom stambenom pravu: stambeni odnosi izme\u0111u vlasni\u0161tva i najma - SOS-STAN - Faculty of law","og_description":"&nbsp; Naziv projekta Reforme i inovacije u hrvatskom stambenom pravu:...","og_url":"https:\/\/www.pravo.unizg.hr\/en\/sos-stan\/","og_site_name":"Faculty of law","article_modified_time":"2026-03-23T08:58:51+00:00","og_image":[{"url":"https:\/\/www.pravo.unizg.hr\/wp-content\/uploads\/2025\/10\/next-generation-eu-300x72.png"}],"twitter_card":"summary_large_image","twitter_misc":{"Est. reading time":"2 minutes"},"schema":{"@context":"https:\/\/schema.org","@graph":[{"@type":"WebPage","@id":"https:\/\/www.pravo.unizg.hr\/en\/sos-stan\/","url":"https:\/\/www.pravo.unizg.hr\/en\/sos-stan\/","name":"Reforme i inovacije u hrvatskom stambenom pravu: stambeni odnosi izme\u0111u vlasni\u0161tva i najma - SOS-STAN - Faculty of law","isPartOf":{"@id":"https:\/\/www.pravo.unizg.hr\/#website"},"datePublished":"2025-10-21T13:02:23+00:00","dateModified":"2026-03-23T08:58:51+00:00","breadcrumb":{"@id":"https:\/\/www.pravo.unizg.hr\/en\/sos-stan\/#breadcrumb"},"inLanguage":"en-US","potentialAction":[{"@type":"ReadAction","target":["https:\/\/www.pravo.unizg.hr\/en\/sos-stan\/"]}]},{"@type":"BreadcrumbList","@id":"https:\/\/www.pravo.unizg.hr\/en\/sos-stan\/#breadcrumb","itemListElement":[{"@type":"ListItem","position":1,"name":"Homepage","item":"https:\/\/www.pravo.unizg.hr\/en\/"},{"@type":"ListItem","position":2,"name":"Projects","item":"https:\/\/www.pravo.unizg.hr\/en\/projects\/"},{"@type":"ListItem","position":3,"name":"Institucionalni istra\u017eiva\u010dki projekti","item":"https:\/\/www.pravo.unizg.hr\/en\/projects\/institucionalni-istrazivacki-projekti\/"},{"@type":"ListItem","position":4,"name":"Reforme i inovacije u hrvatskom stambenom pravu: stambeni odnosi izme\u0111u vlasni\u0161tva i najma &#8211; SOS-STAN"}]},{"@type":"WebSite","@id":"https:\/\/www.pravo.unizg.hr\/#website","url":"https:\/\/www.pravo.unizg.hr\/","name":"Faculty of law","description":"","potentialAction":[{"@type":"SearchAction","target":{"@type":"EntryPoint","urlTemplate":"https:\/\/www.pravo.unizg.hr\/?s={search_term_string}"},"query-input":"required name=search_term_string"}],"inLanguage":"en-US"}]}},"_links":{"self":[{"href":"https:\/\/www.pravo.unizg.hr\/en\/wp-json\/wp\/v2\/pages\/33739","targetHints":{"allow":["GET"]}}],"collection":[{"href":"https:\/\/www.pravo.unizg.hr\/en\/wp-json\/wp\/v2\/pages"}],"about":[{"href":"https:\/\/www.pravo.unizg.hr\/en\/wp-json\/wp\/v2\/types\/page"}],"author":[{"embeddable":true,"href":"https:\/\/www.pravo.unizg.hr\/en\/wp-json\/wp\/v2\/users\/511"}],"replies":[{"embeddable":true,"href":"https:\/\/www.pravo.unizg.hr\/en\/wp-json\/wp\/v2\/comments?post=33739"}],"version-history":[{"count":1,"href":"https:\/\/www.pravo.unizg.hr\/en\/wp-json\/wp\/v2\/pages\/33739\/revisions"}],"predecessor-version":[{"id":33742,"href":"https:\/\/www.pravo.unizg.hr\/en\/wp-json\/wp\/v2\/pages\/33739\/revisions\/33742"}],"up":[{"embeddable":true,"href":"https:\/\/www.pravo.unizg.hr\/en\/wp-json\/wp\/v2\/pages\/33665"}],"wp:attachment":[{"href":"https:\/\/www.pravo.unizg.hr\/en\/wp-json\/wp\/v2\/media?parent=33739"}],"curies":[{"name":"wp","href":"https:\/\/api.w.org\/{rel}","templated":true}]}}