{"id":33737,"date":"2025-10-21T13:58:07","date_gmt":"2025-10-21T12:58:07","guid":{"rendered":"https:\/\/www.pravo.unizg.hr\/projects\/institucionalni-istrazivacki-projekti\/somed\/"},"modified":"2026-03-23T09:58:08","modified_gmt":"2026-03-23T08:58:08","slug":"somed","status":"publish","type":"page","link":"https:\/\/www.pravo.unizg.hr\/en\/somed","title":{"rendered":"Socijalne odrednice mentalnog zdravlja djece u ranoj adolescenciji &#8211; SOMED"},"content":{"rendered":"<p><img loading=\"lazy\" decoding=\"async\" class=\"size-medium wp-image-28800 alignright\" src=\"https:\/\/www.pravo.unizg.hr\/wp-content\/uploads\/2025\/10\/next-generation-eu-300x72.png\" alt=\"\" width=\"300\" height=\"72\" srcset=\"https:\/\/www.pravo.unizg.hr\/wp-content\/uploads\/2025\/10\/next-generation-eu-300x72.png 300w, https:\/\/www.pravo.unizg.hr\/wp-content\/uploads\/2025\/10\/next-generation-eu-768x184.png 768w, https:\/\/www.pravo.unizg.hr\/wp-content\/uploads\/2025\/10\/next-generation-eu.png 1020w\" sizes=\"auto, (max-width: 300px) 100vw, 300px\" \/><\/p>\n<p>&nbsp;<\/p>\n<p><span style=\"color: #8b0b05;\"><span style=\"color: #000000;\">Naziv projekta<\/span><strong><br \/>\nSocijalne odrednice mentalnog zdravlja djece u ranoj adolescenciji<br \/>\n<\/strong><\/span><\/p>\n<p style=\"padding-left: 40px;\">Akronim<br \/>\n<strong>SOMED<\/strong><\/p>\n<p style=\"padding-left: 40px;\">Trajanje projekta<br \/>\n<strong>48 mjeseci<\/strong><\/p>\n<p style=\"padding-left: 40px;\">Voditeljica projekta<br \/>\n<strong>izv. prof. dr. sc. Linda Rajhvajn Bulat<\/strong><\/p>\n<p style=\"padding-left: 40px;\">\u010clanice\/\u010dlanovi istra\u017eiva\u010dkog tima<br \/>\n<strong>dr. sc. Ines Rezo Bagari\u0107<\/strong>,<br \/>\nKatedra za teoriju i metode socijalnog rada, Pravni fakultet Sveu\u010dili\u0161ta u Zagrebu<br \/>\n<strong>doc. dr. sc. Nika Su\u0161ac<\/strong>,<strong><br \/>\n<\/strong>Katedra za teoriju i metode socijalnog rada, Pravni fakultet Sveu\u010dili\u0161ta u Zagrebu<strong><br \/>\n<\/strong><strong>izv. prof. dr. sc. Vanja Branica<\/strong>,<br \/>\nKatedra za teoriju i metode socijalnog rada, Pravni fakultet Sveu\u010dili\u0161ta u Zagrebu<br \/>\n<strong>izv. prof. dr. sc. Ana Opa\u010di\u0107<\/strong>,<br \/>\nKatedra za teoriju i metode socijalnog rada, Pravni fakultet Sveu\u010dili\u0161ta u Zagrebu<br \/>\n<strong>izv. prof. dr. sc. Miroslav Rajter<\/strong>,<br \/>\nKatedra za metodologiju, Pravni fakultet Sveu\u010dili\u0161ta u Zagrebu<br \/>\n<strong>prof. emerita dr.sc. Marina Ajdukovi\u0107<\/strong><\/p>\n<p>&nbsp;<\/p>\n<p style=\"padding-left: 40px;\"><strong>Sa\u017eetak projekta<\/strong><\/p>\n<p style=\"text-align: justify; padding-left: 40px;\">Mentalno zdravlje djece sve se \u010de\u0161\u0107e prepoznaje kao klju\u010dno razvojno i javnozdravstveno pitanje, osobito u osjetljivom razdoblju prijelaza iz kasnog djetinjstva u adolescenciju. Glavni cilj projekta je pra\u0107enje socijalnih i psiholo\u0161kih odrednica mentalnog zdravlja djece u razdoblju rane adolescencije u kontekstu obitelji i zajednice. Projektom \u0107e se pratiti promjene u mentalnom zdravlju djece od 6. do 8. razreda osnovne \u0161kole, identificirati \u010dimbenici razvoja pote\u0161ko\u0107a mentalnog zdravlja percipirani od djece i roditelja te dublje razumjeti koje su to rizi\u010dne i za\u0161titne okolnosti iz perspektive same djece. Posebna pa\u017enja usmjerena je na ispitivanje razlika u mentalnom zdravlju djece iz zajednica razli\u010dite razine socioekonomske razvijenosti i dostupnosti usluga, kao i na razvoj preporuka za stru\u010dnjake u podru\u010dju obrazovanja, socijalne skrbi i lokalnih politika.<\/p>\n<p style=\"text-align: justify; padding-left: 40px;\">Projekt se temelji na mje\u0161ovitom (mix-method) longitudinalnom pristupu. U prvoj godini provodi se participativno kvalitativno istra\u017eivanje s djecom u svrhu razvoja mjernih instrumenata te mapiranje dostupnih usluga u zajednicama. Slijedi trogodi\u0161nje kvantitativno pra\u0107enje oko 700 u\u010denika u 6., 7. i 8. razredu te njihovih roditelja u prvom i tre\u0107em valu. U zavr\u0161noj godini provode se fokus grupe s djecom u 8. razredu kako bi se kvalitativno produbili kvantitativni nalazi. Istra\u017euju se socijalne odrednice (SES, roditeljska pona\u0161anja, \u0161kolska i vr\u0161nja\u010dka povezanost, socijalni kapital), individualne karakteristike (otpornost, samopo\u0161tovanje, emocionalna regulacija, suo\u010davanje sa stresom) te pokazatelji mentalnog zdravlja (anksioznost, depresivnost, samoozlje\u0111ivanje, subjektivna dobrobit).<\/p>\n<p style=\"text-align: justify; padding-left: 40px;\">Projekt donosi znanstveni doprinos kroz razvoj teorijski utemeljenog modela socijalnih odrednica mentalnog zdravlja djece i validaciju instrumenata, a metodolo\u0161ki kroz integraciju kvantitativnih i kvalitativnih podataka te participativni pristup.<\/p>\n","protected":false},"excerpt":{"rendered":"<p>&nbsp; Naziv projekta Socijalne odrednice mentalnog zdravlja djece u ranoj&#8230;<\/p>\n","protected":false},"author":511,"featured_media":0,"parent":33665,"menu_order":0,"comment_status":"closed","ping_status":"closed","template":"","meta":{"footnotes":""},"class_list":["post-33737","page","type-page","status-publish","hentry"],"pp_force_visibility":null,"pp_subpost_visibility":null,"pp_inherited_force_visibility":null,"pp_inherited_subpost_visibility":null,"acf":[],"yoast_head":"<!-- This site is optimized with the Yoast SEO plugin v20.1 - https:\/\/yoast.com\/wordpress\/plugins\/seo\/ -->\n<title>Socijalne odrednice mentalnog zdravlja djece u ranoj adolescenciji - SOMED - Faculty of law<\/title>\n<meta name=\"robots\" content=\"index, follow, max-snippet:-1, max-image-preview:large, max-video-preview:-1\" \/>\n<link rel=\"canonical\" href=\"https:\/\/www.pravo.unizg.hr\/en\/somed\/\" \/>\n<meta property=\"og:locale\" content=\"en_US\" \/>\n<meta property=\"og:type\" content=\"article\" \/>\n<meta property=\"og:title\" content=\"Socijalne odrednice mentalnog zdravlja djece u ranoj adolescenciji - SOMED - Faculty of law\" \/>\n<meta property=\"og:description\" content=\"&nbsp; Naziv projekta Socijalne odrednice mentalnog zdravlja djece u ranoj...\" \/>\n<meta property=\"og:url\" content=\"https:\/\/www.pravo.unizg.hr\/en\/somed\/\" \/>\n<meta property=\"og:site_name\" content=\"Faculty of law\" \/>\n<meta property=\"article:modified_time\" content=\"2026-03-23T08:58:08+00:00\" \/>\n<meta property=\"og:image\" content=\"https:\/\/www.pravo.unizg.hr\/wp-content\/uploads\/2025\/10\/next-generation-eu-300x72.png\" \/>\n<meta name=\"twitter:card\" content=\"summary_large_image\" \/>\n<meta name=\"twitter:label1\" content=\"Est. reading time\" \/>\n\t<meta name=\"twitter:data1\" content=\"2 minutes\" \/>\n<script type=\"application\/ld+json\" class=\"yoast-schema-graph\">{\"@context\":\"https:\/\/schema.org\",\"@graph\":[{\"@type\":\"WebPage\",\"@id\":\"https:\/\/www.pravo.unizg.hr\/en\/somed\/\",\"url\":\"https:\/\/www.pravo.unizg.hr\/en\/somed\/\",\"name\":\"Socijalne odrednice mentalnog zdravlja djece u ranoj adolescenciji - SOMED - Faculty of law\",\"isPartOf\":{\"@id\":\"https:\/\/www.pravo.unizg.hr\/#website\"},\"datePublished\":\"2025-10-21T12:58:07+00:00\",\"dateModified\":\"2026-03-23T08:58:08+00:00\",\"breadcrumb\":{\"@id\":\"https:\/\/www.pravo.unizg.hr\/en\/somed\/#breadcrumb\"},\"inLanguage\":\"en-US\",\"potentialAction\":[{\"@type\":\"ReadAction\",\"target\":[\"https:\/\/www.pravo.unizg.hr\/en\/somed\/\"]}]},{\"@type\":\"BreadcrumbList\",\"@id\":\"https:\/\/www.pravo.unizg.hr\/en\/somed\/#breadcrumb\",\"itemListElement\":[{\"@type\":\"ListItem\",\"position\":1,\"name\":\"Homepage\",\"item\":\"https:\/\/www.pravo.unizg.hr\/en\/\"},{\"@type\":\"ListItem\",\"position\":2,\"name\":\"Projects\",\"item\":\"https:\/\/www.pravo.unizg.hr\/en\/projects\/\"},{\"@type\":\"ListItem\",\"position\":3,\"name\":\"Institucionalni istra\u017eiva\u010dki projekti\",\"item\":\"https:\/\/www.pravo.unizg.hr\/en\/projects\/institucionalni-istrazivacki-projekti\/\"},{\"@type\":\"ListItem\",\"position\":4,\"name\":\"Socijalne odrednice mentalnog zdravlja djece u ranoj adolescenciji &#8211; SOMED\"}]},{\"@type\":\"WebSite\",\"@id\":\"https:\/\/www.pravo.unizg.hr\/#website\",\"url\":\"https:\/\/www.pravo.unizg.hr\/\",\"name\":\"Faculty of law\",\"description\":\"\",\"potentialAction\":[{\"@type\":\"SearchAction\",\"target\":{\"@type\":\"EntryPoint\",\"urlTemplate\":\"https:\/\/www.pravo.unizg.hr\/?s={search_term_string}\"},\"query-input\":\"required name=search_term_string\"}],\"inLanguage\":\"en-US\"}]}<\/script>\n<!-- \/ Yoast SEO plugin. -->","yoast_head_json":{"title":"Socijalne odrednice mentalnog zdravlja djece u ranoj adolescenciji - SOMED - Faculty of law","robots":{"index":"index","follow":"follow","max-snippet":"max-snippet:-1","max-image-preview":"max-image-preview:large","max-video-preview":"max-video-preview:-1"},"canonical":"https:\/\/www.pravo.unizg.hr\/en\/somed\/","og_locale":"en_US","og_type":"article","og_title":"Socijalne odrednice mentalnog zdravlja djece u ranoj adolescenciji - SOMED - Faculty of law","og_description":"&nbsp; Naziv projekta Socijalne odrednice mentalnog zdravlja djece u ranoj...","og_url":"https:\/\/www.pravo.unizg.hr\/en\/somed\/","og_site_name":"Faculty of law","article_modified_time":"2026-03-23T08:58:08+00:00","og_image":[{"url":"https:\/\/www.pravo.unizg.hr\/wp-content\/uploads\/2025\/10\/next-generation-eu-300x72.png"}],"twitter_card":"summary_large_image","twitter_misc":{"Est. reading time":"2 minutes"},"schema":{"@context":"https:\/\/schema.org","@graph":[{"@type":"WebPage","@id":"https:\/\/www.pravo.unizg.hr\/en\/somed\/","url":"https:\/\/www.pravo.unizg.hr\/en\/somed\/","name":"Socijalne odrednice mentalnog zdravlja djece u ranoj adolescenciji - SOMED - Faculty of law","isPartOf":{"@id":"https:\/\/www.pravo.unizg.hr\/#website"},"datePublished":"2025-10-21T12:58:07+00:00","dateModified":"2026-03-23T08:58:08+00:00","breadcrumb":{"@id":"https:\/\/www.pravo.unizg.hr\/en\/somed\/#breadcrumb"},"inLanguage":"en-US","potentialAction":[{"@type":"ReadAction","target":["https:\/\/www.pravo.unizg.hr\/en\/somed\/"]}]},{"@type":"BreadcrumbList","@id":"https:\/\/www.pravo.unizg.hr\/en\/somed\/#breadcrumb","itemListElement":[{"@type":"ListItem","position":1,"name":"Homepage","item":"https:\/\/www.pravo.unizg.hr\/en\/"},{"@type":"ListItem","position":2,"name":"Projects","item":"https:\/\/www.pravo.unizg.hr\/en\/projects\/"},{"@type":"ListItem","position":3,"name":"Institucionalni istra\u017eiva\u010dki projekti","item":"https:\/\/www.pravo.unizg.hr\/en\/projects\/institucionalni-istrazivacki-projekti\/"},{"@type":"ListItem","position":4,"name":"Socijalne odrednice mentalnog zdravlja djece u ranoj adolescenciji &#8211; SOMED"}]},{"@type":"WebSite","@id":"https:\/\/www.pravo.unizg.hr\/#website","url":"https:\/\/www.pravo.unizg.hr\/","name":"Faculty of law","description":"","potentialAction":[{"@type":"SearchAction","target":{"@type":"EntryPoint","urlTemplate":"https:\/\/www.pravo.unizg.hr\/?s={search_term_string}"},"query-input":"required name=search_term_string"}],"inLanguage":"en-US"}]}},"_links":{"self":[{"href":"https:\/\/www.pravo.unizg.hr\/en\/wp-json\/wp\/v2\/pages\/33737","targetHints":{"allow":["GET"]}}],"collection":[{"href":"https:\/\/www.pravo.unizg.hr\/en\/wp-json\/wp\/v2\/pages"}],"about":[{"href":"https:\/\/www.pravo.unizg.hr\/en\/wp-json\/wp\/v2\/types\/page"}],"author":[{"embeddable":true,"href":"https:\/\/www.pravo.unizg.hr\/en\/wp-json\/wp\/v2\/users\/511"}],"replies":[{"embeddable":true,"href":"https:\/\/www.pravo.unizg.hr\/en\/wp-json\/wp\/v2\/comments?post=33737"}],"version-history":[{"count":1,"href":"https:\/\/www.pravo.unizg.hr\/en\/wp-json\/wp\/v2\/pages\/33737\/revisions"}],"predecessor-version":[{"id":33738,"href":"https:\/\/www.pravo.unizg.hr\/en\/wp-json\/wp\/v2\/pages\/33737\/revisions\/33738"}],"up":[{"embeddable":true,"href":"https:\/\/www.pravo.unizg.hr\/en\/wp-json\/wp\/v2\/pages\/33665"}],"wp:attachment":[{"href":"https:\/\/www.pravo.unizg.hr\/en\/wp-json\/wp\/v2\/media?parent=33737"}],"curies":[{"name":"wp","href":"https:\/\/api.w.org\/{rel}","templated":true}]}}