{"id":33735,"date":"2025-10-21T13:47:35","date_gmt":"2025-10-21T12:47:35","guid":{"rendered":"https:\/\/www.pravo.unizg.hr\/projects\/institucionalni-istrazivacki-projekti\/soc-dyn\/"},"modified":"2026-03-23T09:57:56","modified_gmt":"2026-03-23T08:57:56","slug":"soc-dyn","status":"publish","type":"page","link":"https:\/\/www.pravo.unizg.hr\/en\/soc-dyn","title":{"rendered":"Modeliranje univerzalne dostupnosti socijalnih usluga u Hrvatskoj pristupom sistemske dinamike &#8211; SOC-DYN"},"content":{"rendered":"<p><img loading=\"lazy\" decoding=\"async\" class=\"size-medium wp-image-28800 alignright\" src=\"https:\/\/www.pravo.unizg.hr\/wp-content\/uploads\/2025\/10\/next-generation-eu-300x72.png\" alt=\"\" width=\"300\" height=\"72\" srcset=\"https:\/\/www.pravo.unizg.hr\/wp-content\/uploads\/2025\/10\/next-generation-eu-300x72.png 300w, https:\/\/www.pravo.unizg.hr\/wp-content\/uploads\/2025\/10\/next-generation-eu-768x184.png 768w, https:\/\/www.pravo.unizg.hr\/wp-content\/uploads\/2025\/10\/next-generation-eu.png 1020w\" sizes=\"auto, (max-width: 300px) 100vw, 300px\" \/><\/p>\n<p>&nbsp;<\/p>\n<p><span style=\"color: #8b0b05;\"><span style=\"color: #000000;\">Naziv projekta<\/span><strong><br \/>\nModeliranje univerzalne dostupnosti socijalnih usluga u Hrvatskoj pristupom sistemske dinamike<br \/>\n<\/strong><\/span><\/p>\n<p style=\"padding-left: 40px;\">Akronim<br \/>\n<strong>SOC-DYN<\/strong><\/p>\n<p style=\"padding-left: 40px;\">Trajanje projekta<br \/>\n<strong>48 mjeseci<\/strong><\/p>\n<p style=\"padding-left: 40px;\">Voditeljica projekta<br \/>\n<strong>izv. prof. dr. sc. Ana Opa\u010di\u0107<\/strong><\/p>\n<p style=\"padding-left: 40px;\">\u010clanice\/\u010dlanovi istra\u017eiva\u010dkog tima<br \/>\n<strong>prof. dr. sc. Nino \u017dganec<\/strong>,<br \/>\nKatedra za teoriju i metode socijalnog rada, Pravni fakultet Sveu\u010dili\u0161ta u Zagrebu<br \/>\n<strong>Valentina Kozjak<span class=\"ng-binding ng-scope\">, univ.spec.act.soc.<\/span><\/strong>,<strong><br \/>\n<\/strong>Katedra za teoriju i metode socijalnog rada, Pravni fakultet Sveu\u010dili\u0161ta u Zagrebu<strong><br \/>\n<\/strong><strong>prof. dr. sc. Zoran \u0160u\u0107ur<\/strong>,<br \/>\nKatedra za socijalnu politiku, Pravni fakultet Sveu\u010dili\u0161ta u Zagrebu<br \/>\n<strong>izv. prof. dr. sc. Jelena Matan\u010devi\u0107<\/strong>,<br \/>\nKatedra za socijalnu politiku, Pravni fakultet Sveu\u010dili\u0161ta u Zagrebu<br \/>\n<strong>prof. dr. sc. Slavica Bla\u017eeka Kokori\u0107<\/strong>,<br \/>\nKatedra za podru\u010dja socijalnog rada, Pravni fakultet Sveu\u010dili\u0161ta u Zagrebu<br \/>\n<strong>prof. dr. sc. Maja Laklija<\/strong>,<strong><br \/>\n<\/strong>Katedra za podru\u010dja socijalnog rada, Pravni fakultet Sveu\u010dili\u0161ta u Zagrebu<strong><br \/>\n<\/strong><strong>izv. prof. dr. sc. Marina Mili\u0107<\/strong>,<br \/>\nKatedra za podru\u010dja socijalnog rada, Pravni fakultet Sveu\u010dili\u0161ta u Zagrebu<br \/>\n<strong>Sara D\u017eelalija<span class=\"ng-binding ng-scope\">, mag.act.soc.<\/span><\/strong>,<br \/>\nKatedra za podru\u010dja socijalnog rada, Pravni fakultet Sveu\u010dili\u0161ta u Zagrebu<br \/>\n<strong>doc. dr. sc. Matea Kramari\u0107<\/strong>,<strong><br \/>\n<\/strong>Katedra za metodologiju istra\u017eivanja u socijalnom radu i socijalnoj politici, Pravni fakultet Sveu\u010dili\u0161ta u Zagrebu<strong><br \/>\n<\/strong><strong>prof. dr. sc. Mirjana Peji\u0107 Bach<\/strong>,<br \/>\nEkonomski fakultet Sveu\u010dili\u0161ta u Zagrebu<br \/>\n<strong>izv. prof. dr. sc. Jovana Zoroja<\/strong>,<br \/>\nEkonomski fakultet Sveu\u010dili\u0161ta u Zagrebu<\/p>\n<p>&nbsp;<\/p>\n<p style=\"padding-left: 40px;\"><strong>Sa\u017eetak projekta<\/strong><\/p>\n<p style=\"text-align: justify; padding-left: 40px;\">Socijalne usluge su jedan od tri stupa socijalne skrbi, a njihova ve\u0107a dostupnost je cilj nacionalnih i sektorskih strategija kao odgovor na horizontalne i vertikalne nejednakosti u dostupnosti.<\/p>\n<p style=\"text-align: justify; padding-left: 40px;\">Glavni cilj projekta je razviti optimalan model univerzalno dostupnih socijalnih usluga u Hrvatskoj temeljem pristupa sistemske dinamike.<\/p>\n<p style=\"text-align: justify; padding-left: 40px;\">Dodatni ciljevi su:<br \/>\n1. identificirati nivoe i tokove modela te provesti mjerenja i prikupiti informacije za razvoj i validaciju modela,<br \/>\n2. razviti i validirati model univerzalno dostupnih socijalnih usluga,<br \/>\n3. simulirati i testirati scenarije za \u010detiri modela univerzalno dostupnih socijalnih usluga u Hrvatskoj \u2013 ekstenziju modela ugovaranja usluga, model decentraliziranog ugovaranja na razini \u017eupanija, model integracije usluga i model integracije pru\u017eatelja,<br \/>\n4. razviti preporuke za implementaciju optimalnog modela na razini javnih politika,<br \/>\n5. uspostaviti i kapacitirati istra\u017eiva\u010dku grupu za primjenu metodologije sistemske dinamike u podru\u010dju socijalne skrbi i razvoja zajednice.<\/p>\n<p style=\"text-align: justify; padding-left: 40px;\">Modeliranje sistemskom dinamikom predstavlja metodolo\u0161ki okvir koji spada u grupu futurolo\u0161kih istra\u017eivanja, \u010dime se posti\u017ee inovativnost projekta. Metodologija se temelji na sljede\u0107im koracima kroz \u010detiri godine: mapiranje sustava, izrada modela postoje\u0107eg sustava kroz dijagram uzro\u010dne petlje, kvantificiranje varijabli i veza te izrada dijagrama toka, konceptualizacija i operacionalizacija \u010detiri reformska scenarija, simulacija intervencija na modelu, opis optimalnog modela i izrada preporuka za politike utemeljene na dokazima.<\/p>\n<p style=\"text-align: justify; padding-left: 40px;\">Tijekom projekta uspostavit \u0107e se interdisciplinarna istra\u017eiva\u010dka grupa, uklju\u010diti mladi istra\u017eiva\u010di, osigurati istra\u017eiva\u010dka infrastruktura i potaknuti odr\u017eivost primjenom metodologije u drugim podru\u010djima.<\/p>\n<p style=\"text-align: justify; padding-left: 40px;\">Projekt \u0107e doprinijeti programskim pokazateljima kroz 10 objavljenih radova, znanstvenu knjigu, 2 projektne prijave, 7 aktivnosti popularizacije znanosti, 1 formaliziranu suradnju s tijelom dr\u017eavne uprave i 1 mjeru otvorene znanosti.<\/p>\n","protected":false},"excerpt":{"rendered":"<p>&nbsp; Naziv projekta Modeliranje univerzalne dostupnosti socijalnih usluga u Hrvatskoj&#8230;<\/p>\n","protected":false},"author":511,"featured_media":0,"parent":33665,"menu_order":0,"comment_status":"closed","ping_status":"closed","template":"","meta":{"footnotes":""},"class_list":["post-33735","page","type-page","status-publish","hentry"],"pp_force_visibility":null,"pp_subpost_visibility":null,"pp_inherited_force_visibility":null,"pp_inherited_subpost_visibility":null,"acf":[],"yoast_head":"<!-- This site is optimized with the Yoast SEO plugin v20.1 - https:\/\/yoast.com\/wordpress\/plugins\/seo\/ -->\n<title>Modeliranje univerzalne dostupnosti socijalnih usluga u Hrvatskoj pristupom sistemske dinamike - SOC-DYN - Faculty of law<\/title>\n<meta name=\"robots\" content=\"index, follow, max-snippet:-1, max-image-preview:large, max-video-preview:-1\" \/>\n<link rel=\"canonical\" href=\"https:\/\/www.pravo.unizg.hr\/en\/soc-dyn\/\" \/>\n<meta property=\"og:locale\" content=\"en_US\" \/>\n<meta property=\"og:type\" content=\"article\" \/>\n<meta property=\"og:title\" content=\"Modeliranje univerzalne dostupnosti socijalnih usluga u Hrvatskoj pristupom sistemske dinamike - SOC-DYN - Faculty of law\" \/>\n<meta property=\"og:description\" content=\"&nbsp; Naziv projekta Modeliranje univerzalne dostupnosti socijalnih usluga u Hrvatskoj...\" \/>\n<meta property=\"og:url\" content=\"https:\/\/www.pravo.unizg.hr\/en\/soc-dyn\/\" \/>\n<meta property=\"og:site_name\" content=\"Faculty of law\" \/>\n<meta property=\"article:modified_time\" content=\"2026-03-23T08:57:56+00:00\" \/>\n<meta property=\"og:image\" content=\"https:\/\/www.pravo.unizg.hr\/wp-content\/uploads\/2025\/10\/next-generation-eu-300x72.png\" \/>\n<meta name=\"twitter:card\" content=\"summary_large_image\" \/>\n<meta name=\"twitter:label1\" content=\"Est. reading time\" \/>\n\t<meta name=\"twitter:data1\" content=\"2 minutes\" \/>\n<script type=\"application\/ld+json\" class=\"yoast-schema-graph\">{\"@context\":\"https:\/\/schema.org\",\"@graph\":[{\"@type\":\"WebPage\",\"@id\":\"https:\/\/www.pravo.unizg.hr\/en\/soc-dyn\/\",\"url\":\"https:\/\/www.pravo.unizg.hr\/en\/soc-dyn\/\",\"name\":\"Modeliranje univerzalne dostupnosti socijalnih usluga u Hrvatskoj pristupom sistemske dinamike - SOC-DYN - Faculty of law\",\"isPartOf\":{\"@id\":\"https:\/\/www.pravo.unizg.hr\/#website\"},\"datePublished\":\"2025-10-21T12:47:35+00:00\",\"dateModified\":\"2026-03-23T08:57:56+00:00\",\"breadcrumb\":{\"@id\":\"https:\/\/www.pravo.unizg.hr\/en\/soc-dyn\/#breadcrumb\"},\"inLanguage\":\"en-US\",\"potentialAction\":[{\"@type\":\"ReadAction\",\"target\":[\"https:\/\/www.pravo.unizg.hr\/en\/soc-dyn\/\"]}]},{\"@type\":\"BreadcrumbList\",\"@id\":\"https:\/\/www.pravo.unizg.hr\/en\/soc-dyn\/#breadcrumb\",\"itemListElement\":[{\"@type\":\"ListItem\",\"position\":1,\"name\":\"Homepage\",\"item\":\"https:\/\/www.pravo.unizg.hr\/en\/\"},{\"@type\":\"ListItem\",\"position\":2,\"name\":\"Projects\",\"item\":\"https:\/\/www.pravo.unizg.hr\/en\/projects\/\"},{\"@type\":\"ListItem\",\"position\":3,\"name\":\"Institucionalni istra\u017eiva\u010dki projekti\",\"item\":\"https:\/\/www.pravo.unizg.hr\/en\/projects\/institucionalni-istrazivacki-projekti\/\"},{\"@type\":\"ListItem\",\"position\":4,\"name\":\"Modeliranje univerzalne dostupnosti socijalnih usluga u Hrvatskoj pristupom sistemske dinamike &#8211; SOC-DYN\"}]},{\"@type\":\"WebSite\",\"@id\":\"https:\/\/www.pravo.unizg.hr\/#website\",\"url\":\"https:\/\/www.pravo.unizg.hr\/\",\"name\":\"Faculty of law\",\"description\":\"\",\"potentialAction\":[{\"@type\":\"SearchAction\",\"target\":{\"@type\":\"EntryPoint\",\"urlTemplate\":\"https:\/\/www.pravo.unizg.hr\/?s={search_term_string}\"},\"query-input\":\"required name=search_term_string\"}],\"inLanguage\":\"en-US\"}]}<\/script>\n<!-- \/ Yoast SEO plugin. -->","yoast_head_json":{"title":"Modeliranje univerzalne dostupnosti socijalnih usluga u Hrvatskoj pristupom sistemske dinamike - SOC-DYN - Faculty of law","robots":{"index":"index","follow":"follow","max-snippet":"max-snippet:-1","max-image-preview":"max-image-preview:large","max-video-preview":"max-video-preview:-1"},"canonical":"https:\/\/www.pravo.unizg.hr\/en\/soc-dyn\/","og_locale":"en_US","og_type":"article","og_title":"Modeliranje univerzalne dostupnosti socijalnih usluga u Hrvatskoj pristupom sistemske dinamike - SOC-DYN - Faculty of law","og_description":"&nbsp; Naziv projekta Modeliranje univerzalne dostupnosti socijalnih usluga u Hrvatskoj...","og_url":"https:\/\/www.pravo.unizg.hr\/en\/soc-dyn\/","og_site_name":"Faculty of law","article_modified_time":"2026-03-23T08:57:56+00:00","og_image":[{"url":"https:\/\/www.pravo.unizg.hr\/wp-content\/uploads\/2025\/10\/next-generation-eu-300x72.png"}],"twitter_card":"summary_large_image","twitter_misc":{"Est. reading time":"2 minutes"},"schema":{"@context":"https:\/\/schema.org","@graph":[{"@type":"WebPage","@id":"https:\/\/www.pravo.unizg.hr\/en\/soc-dyn\/","url":"https:\/\/www.pravo.unizg.hr\/en\/soc-dyn\/","name":"Modeliranje univerzalne dostupnosti socijalnih usluga u Hrvatskoj pristupom sistemske dinamike - SOC-DYN - Faculty of law","isPartOf":{"@id":"https:\/\/www.pravo.unizg.hr\/#website"},"datePublished":"2025-10-21T12:47:35+00:00","dateModified":"2026-03-23T08:57:56+00:00","breadcrumb":{"@id":"https:\/\/www.pravo.unizg.hr\/en\/soc-dyn\/#breadcrumb"},"inLanguage":"en-US","potentialAction":[{"@type":"ReadAction","target":["https:\/\/www.pravo.unizg.hr\/en\/soc-dyn\/"]}]},{"@type":"BreadcrumbList","@id":"https:\/\/www.pravo.unizg.hr\/en\/soc-dyn\/#breadcrumb","itemListElement":[{"@type":"ListItem","position":1,"name":"Homepage","item":"https:\/\/www.pravo.unizg.hr\/en\/"},{"@type":"ListItem","position":2,"name":"Projects","item":"https:\/\/www.pravo.unizg.hr\/en\/projects\/"},{"@type":"ListItem","position":3,"name":"Institucionalni istra\u017eiva\u010dki projekti","item":"https:\/\/www.pravo.unizg.hr\/en\/projects\/institucionalni-istrazivacki-projekti\/"},{"@type":"ListItem","position":4,"name":"Modeliranje univerzalne dostupnosti socijalnih usluga u Hrvatskoj pristupom sistemske dinamike &#8211; SOC-DYN"}]},{"@type":"WebSite","@id":"https:\/\/www.pravo.unizg.hr\/#website","url":"https:\/\/www.pravo.unizg.hr\/","name":"Faculty of law","description":"","potentialAction":[{"@type":"SearchAction","target":{"@type":"EntryPoint","urlTemplate":"https:\/\/www.pravo.unizg.hr\/?s={search_term_string}"},"query-input":"required name=search_term_string"}],"inLanguage":"en-US"}]}},"_links":{"self":[{"href":"https:\/\/www.pravo.unizg.hr\/en\/wp-json\/wp\/v2\/pages\/33735","targetHints":{"allow":["GET"]}}],"collection":[{"href":"https:\/\/www.pravo.unizg.hr\/en\/wp-json\/wp\/v2\/pages"}],"about":[{"href":"https:\/\/www.pravo.unizg.hr\/en\/wp-json\/wp\/v2\/types\/page"}],"author":[{"embeddable":true,"href":"https:\/\/www.pravo.unizg.hr\/en\/wp-json\/wp\/v2\/users\/511"}],"replies":[{"embeddable":true,"href":"https:\/\/www.pravo.unizg.hr\/en\/wp-json\/wp\/v2\/comments?post=33735"}],"version-history":[{"count":1,"href":"https:\/\/www.pravo.unizg.hr\/en\/wp-json\/wp\/v2\/pages\/33735\/revisions"}],"predecessor-version":[{"id":33736,"href":"https:\/\/www.pravo.unizg.hr\/en\/wp-json\/wp\/v2\/pages\/33735\/revisions\/33736"}],"up":[{"embeddable":true,"href":"https:\/\/www.pravo.unizg.hr\/en\/wp-json\/wp\/v2\/pages\/33665"}],"wp:attachment":[{"href":"https:\/\/www.pravo.unizg.hr\/en\/wp-json\/wp\/v2\/media?parent=33735"}],"curies":[{"name":"wp","href":"https:\/\/api.w.org\/{rel}","templated":true}]}}