{"id":33733,"date":"2025-10-21T08:46:02","date_gmt":"2025-10-21T07:46:02","guid":{"rendered":"https:\/\/www.pravo.unizg.hr\/projects\/institucionalni-istrazivacki-projekti\/sintrak\/"},"modified":"2026-03-23T09:57:45","modified_gmt":"2026-03-23T08:57:45","slug":"sintrak","status":"publish","type":"page","link":"https:\/\/www.pravo.unizg.hr\/en\/sintrak","title":{"rendered":"Sukobi izme\u0111u normi i tradicionalni kriteriji njihova rje\u0161avanja u modernim pravnim poretcima &#8211; SINTraK"},"content":{"rendered":"<p><img loading=\"lazy\" decoding=\"async\" class=\"size-medium wp-image-28800 alignright\" src=\"https:\/\/www.pravo.unizg.hr\/wp-content\/uploads\/2025\/10\/next-generation-eu-300x72.png\" alt=\"\" width=\"300\" height=\"72\" srcset=\"https:\/\/www.pravo.unizg.hr\/wp-content\/uploads\/2025\/10\/next-generation-eu-300x72.png 300w, https:\/\/www.pravo.unizg.hr\/wp-content\/uploads\/2025\/10\/next-generation-eu-768x184.png 768w, https:\/\/www.pravo.unizg.hr\/wp-content\/uploads\/2025\/10\/next-generation-eu.png 1020w\" sizes=\"auto, (max-width: 300px) 100vw, 300px\" \/><\/p>\n<p>&nbsp;<\/p>\n<p><span style=\"color: #8b0b05;\"><span style=\"color: #000000;\">Naziv projekta<\/span><strong><br \/>\nSukobi izme\u0111u normi i tradicionalni kriteriji njihova rje\u0161avanja u modernim pravnim poretcima<br \/>\n<\/strong><\/span><\/p>\n<p style=\"padding-left: 40px;\">Akronim<br \/>\n<strong>SINTraK<\/strong><\/p>\n<p style=\"padding-left: 40px;\">Trajanje projekta<br \/>\n<strong>48 mjeseci<\/strong><\/p>\n<p style=\"padding-left: 40px;\">Voditelj projekta<br \/>\n<strong>izv. prof. dr. sc. Mario Kre\u0161i\u0107<\/strong><\/p>\n<p style=\"padding-left: 40px;\">\u010clanice\/\u010dlanovi istra\u017eiva\u010dkog tima<br \/>\n<strong>prof. dr. sc. Luka Burazin<\/strong>,<br \/>\nKatedra za teoriju prava, Pravni fakultet Sveu\u010dili\u0161ta u Zagrebu<br \/>\n<strong>izv. prof. dr. sc. Silvia Zorzetto<\/strong>,<strong><br \/>\n<\/strong>Zavod za pravne znanosti \u201eCesare Beccaria\u201c Sveu\u010dili\u0161ta u Milanu<strong><br \/>\n<\/strong><strong>Svan Relac, mag. iur.<\/strong>,<br \/>\nKatedra za teoriju prava, Pravni fakultet Sveu\u010dili\u0161ta u Zagrebu<br \/>\n<strong>Marianela Delgado Nieves<\/strong>,<br \/>\nKatedra za teoriju prava, Pravni fakultet Sveu\u010dili\u0161ta u Zagrebu<\/p>\n<p>&nbsp;<\/p>\n<p style=\"padding-left: 40px;\"><strong>Sa\u017eetak projekta<\/strong><\/p>\n<p style=\"text-align: justify; padding-left: 40px;\">Projekt se bavi istra\u017eivanjem sukoba izme\u0111u normi i njihovim rje\u0161avanjem tradicionalnim kriterijima (lex posterior, lex specialis i lex superior) kao jednom od glavnih djelatnosti pravne znanosti u modernim pravnim poretcima kontinentalnog kruga. Teorije o sukobima izme\u0111u normi dijele se na opisivanje i tipologiju sukoba s jedne strane te na\u010dine njihovog rje\u0161avanja s druge. Dosada\u0161nja istra\u017eivanja u pogledu definicije i tipologije sukoba uglavnom se oslanjaju na logi\u010dku analizu sukoba, dok su empirijska istra\u017eivanja i analiza pravnoznanstvenih tekstova s ciljem otkrivanja kako pravni znanstvenici utvr\u0111uju sukobe izme\u0111u normi rijetka. U suvremenim pravnim sustavima tradicionalni kriteriji poput lex posterior, lex specialis i lex superior \u010desto se koriste za rje\u0161avanje sukoba, no njihova primjenjivost i u\u010dinkovitost nisu dovoljno empirijski provjereni. Uo\u010dava se potreba za dubljom analizom meta-sukoba i praznina u kriterijima, odnosno situacija kada tradicionalni kriteriji nisu primjenjivi. Sustavnim pregledom literature utvrdit \u0107e se trenutno postoje\u0107i teorijski okvir u pogledu sukoba izme\u0111u normi i njihova rje\u0161avanja. Zatim, polaze\u0107i od postoje\u0107ih teorijskih okvira, drugi dio projekta analizira na\u010dine identificiranja sukoba izme\u0111u normi i njihovo rje\u0161avanje u pravnodoktrinarnim radovima iz Hrvatske, \u0160panjolske i Italije, objavljenim od 2022. do 2024. Hipoteza drugog dijela istra\u017eivanja je da \u0107e analiza ovih radova pokazati nedostatnost postoje\u0107eg teorijskog okvira. Tre\u0107i dio istra\u017eivanja smjera, na temelju analize radova autoritativnih autora objavljenih od 2000. do 2025., unaprijediti teorijski okvir. U sklopu projekta planirano je uspostavljanje baze podataka s primjerima radova u kojima se utvr\u0111uje odre\u0111eni tip sukoba izme\u0111u normi i metoda njihova rje\u0161avanja te pripremanje prijave za novo kompetitivno projektno financiranje u kojem \u0107e se koristiti rezultati projekta. Istra\u017eiva\u010di na projektu su \u010dlanovi Katedre za teoriju prava te vanjska istra\u017eiva\u010dica sa Sveu\u010dili\u0161ta u Milanu. Projekt predvi\u0111a i sudjelovanje dvoje studenata Pravnog fakulteta u Zagrebu u prikupljanju i analizi podataka. Radni paketi obuhva\u0107aju upravljanje projektom, analizu teorijskih tipologija, istra\u017eivanje uporabe tradicionalnih kriterija u doktrini, evaluaciju rezultata, izgradnju nove teorije te razvoj digitalne infrastrukture za pohranu i prezentaciju podataka.<\/p>\n","protected":false},"excerpt":{"rendered":"<p>&nbsp; Naziv projekta Sukobi izme\u0111u normi i tradicionalni kriteriji njihova&#8230;<\/p>\n","protected":false},"author":511,"featured_media":0,"parent":33665,"menu_order":0,"comment_status":"closed","ping_status":"closed","template":"","meta":{"footnotes":""},"class_list":["post-33733","page","type-page","status-publish","hentry"],"pp_force_visibility":null,"pp_subpost_visibility":null,"pp_inherited_force_visibility":null,"pp_inherited_subpost_visibility":null,"acf":[],"yoast_head":"<!-- This site is optimized with the Yoast SEO plugin v20.1 - https:\/\/yoast.com\/wordpress\/plugins\/seo\/ -->\n<title>Sukobi izme\u0111u normi i tradicionalni kriteriji njihova rje\u0161avanja u modernim pravnim poretcima - SINTraK - Faculty of law<\/title>\n<meta name=\"robots\" content=\"index, follow, max-snippet:-1, max-image-preview:large, max-video-preview:-1\" \/>\n<link rel=\"canonical\" href=\"https:\/\/www.pravo.unizg.hr\/en\/sintrak\/\" \/>\n<meta property=\"og:locale\" content=\"en_US\" \/>\n<meta property=\"og:type\" content=\"article\" \/>\n<meta property=\"og:title\" content=\"Sukobi izme\u0111u normi i tradicionalni kriteriji njihova rje\u0161avanja u modernim pravnim poretcima - SINTraK - Faculty of law\" \/>\n<meta property=\"og:description\" content=\"&nbsp; Naziv projekta Sukobi izme\u0111u normi i tradicionalni kriteriji njihova...\" \/>\n<meta property=\"og:url\" content=\"https:\/\/www.pravo.unizg.hr\/en\/sintrak\/\" \/>\n<meta property=\"og:site_name\" content=\"Faculty of law\" \/>\n<meta property=\"article:modified_time\" content=\"2026-03-23T08:57:45+00:00\" \/>\n<meta property=\"og:image\" content=\"https:\/\/www.pravo.unizg.hr\/wp-content\/uploads\/2025\/10\/next-generation-eu-300x72.png\" \/>\n<meta name=\"twitter:card\" content=\"summary_large_image\" \/>\n<meta name=\"twitter:label1\" content=\"Est. reading time\" \/>\n\t<meta name=\"twitter:data1\" content=\"2 minutes\" \/>\n<script type=\"application\/ld+json\" class=\"yoast-schema-graph\">{\"@context\":\"https:\/\/schema.org\",\"@graph\":[{\"@type\":\"WebPage\",\"@id\":\"https:\/\/www.pravo.unizg.hr\/en\/sintrak\/\",\"url\":\"https:\/\/www.pravo.unizg.hr\/en\/sintrak\/\",\"name\":\"Sukobi izme\u0111u normi i tradicionalni kriteriji njihova rje\u0161avanja u modernim pravnim poretcima - SINTraK - Faculty of law\",\"isPartOf\":{\"@id\":\"https:\/\/www.pravo.unizg.hr\/#website\"},\"datePublished\":\"2025-10-21T07:46:02+00:00\",\"dateModified\":\"2026-03-23T08:57:45+00:00\",\"breadcrumb\":{\"@id\":\"https:\/\/www.pravo.unizg.hr\/en\/sintrak\/#breadcrumb\"},\"inLanguage\":\"en-US\",\"potentialAction\":[{\"@type\":\"ReadAction\",\"target\":[\"https:\/\/www.pravo.unizg.hr\/en\/sintrak\/\"]}]},{\"@type\":\"BreadcrumbList\",\"@id\":\"https:\/\/www.pravo.unizg.hr\/en\/sintrak\/#breadcrumb\",\"itemListElement\":[{\"@type\":\"ListItem\",\"position\":1,\"name\":\"Homepage\",\"item\":\"https:\/\/www.pravo.unizg.hr\/en\/\"},{\"@type\":\"ListItem\",\"position\":2,\"name\":\"Projects\",\"item\":\"https:\/\/www.pravo.unizg.hr\/en\/projects\/\"},{\"@type\":\"ListItem\",\"position\":3,\"name\":\"Institucionalni istra\u017eiva\u010dki projekti\",\"item\":\"https:\/\/www.pravo.unizg.hr\/en\/projects\/institucionalni-istrazivacki-projekti\/\"},{\"@type\":\"ListItem\",\"position\":4,\"name\":\"Sukobi izme\u0111u normi i tradicionalni kriteriji njihova rje\u0161avanja u modernim pravnim poretcima &#8211; SINTraK\"}]},{\"@type\":\"WebSite\",\"@id\":\"https:\/\/www.pravo.unizg.hr\/#website\",\"url\":\"https:\/\/www.pravo.unizg.hr\/\",\"name\":\"Faculty of law\",\"description\":\"\",\"potentialAction\":[{\"@type\":\"SearchAction\",\"target\":{\"@type\":\"EntryPoint\",\"urlTemplate\":\"https:\/\/www.pravo.unizg.hr\/?s={search_term_string}\"},\"query-input\":\"required name=search_term_string\"}],\"inLanguage\":\"en-US\"}]}<\/script>\n<!-- \/ Yoast SEO plugin. -->","yoast_head_json":{"title":"Sukobi izme\u0111u normi i tradicionalni kriteriji njihova rje\u0161avanja u modernim pravnim poretcima - SINTraK - Faculty of law","robots":{"index":"index","follow":"follow","max-snippet":"max-snippet:-1","max-image-preview":"max-image-preview:large","max-video-preview":"max-video-preview:-1"},"canonical":"https:\/\/www.pravo.unizg.hr\/en\/sintrak\/","og_locale":"en_US","og_type":"article","og_title":"Sukobi izme\u0111u normi i tradicionalni kriteriji njihova rje\u0161avanja u modernim pravnim poretcima - SINTraK - Faculty of law","og_description":"&nbsp; Naziv projekta Sukobi izme\u0111u normi i tradicionalni kriteriji njihova...","og_url":"https:\/\/www.pravo.unizg.hr\/en\/sintrak\/","og_site_name":"Faculty of law","article_modified_time":"2026-03-23T08:57:45+00:00","og_image":[{"url":"https:\/\/www.pravo.unizg.hr\/wp-content\/uploads\/2025\/10\/next-generation-eu-300x72.png"}],"twitter_card":"summary_large_image","twitter_misc":{"Est. reading time":"2 minutes"},"schema":{"@context":"https:\/\/schema.org","@graph":[{"@type":"WebPage","@id":"https:\/\/www.pravo.unizg.hr\/en\/sintrak\/","url":"https:\/\/www.pravo.unizg.hr\/en\/sintrak\/","name":"Sukobi izme\u0111u normi i tradicionalni kriteriji njihova rje\u0161avanja u modernim pravnim poretcima - SINTraK - Faculty of law","isPartOf":{"@id":"https:\/\/www.pravo.unizg.hr\/#website"},"datePublished":"2025-10-21T07:46:02+00:00","dateModified":"2026-03-23T08:57:45+00:00","breadcrumb":{"@id":"https:\/\/www.pravo.unizg.hr\/en\/sintrak\/#breadcrumb"},"inLanguage":"en-US","potentialAction":[{"@type":"ReadAction","target":["https:\/\/www.pravo.unizg.hr\/en\/sintrak\/"]}]},{"@type":"BreadcrumbList","@id":"https:\/\/www.pravo.unizg.hr\/en\/sintrak\/#breadcrumb","itemListElement":[{"@type":"ListItem","position":1,"name":"Homepage","item":"https:\/\/www.pravo.unizg.hr\/en\/"},{"@type":"ListItem","position":2,"name":"Projects","item":"https:\/\/www.pravo.unizg.hr\/en\/projects\/"},{"@type":"ListItem","position":3,"name":"Institucionalni istra\u017eiva\u010dki projekti","item":"https:\/\/www.pravo.unizg.hr\/en\/projects\/institucionalni-istrazivacki-projekti\/"},{"@type":"ListItem","position":4,"name":"Sukobi izme\u0111u normi i tradicionalni kriteriji njihova rje\u0161avanja u modernim pravnim poretcima &#8211; SINTraK"}]},{"@type":"WebSite","@id":"https:\/\/www.pravo.unizg.hr\/#website","url":"https:\/\/www.pravo.unizg.hr\/","name":"Faculty of law","description":"","potentialAction":[{"@type":"SearchAction","target":{"@type":"EntryPoint","urlTemplate":"https:\/\/www.pravo.unizg.hr\/?s={search_term_string}"},"query-input":"required name=search_term_string"}],"inLanguage":"en-US"}]}},"_links":{"self":[{"href":"https:\/\/www.pravo.unizg.hr\/en\/wp-json\/wp\/v2\/pages\/33733","targetHints":{"allow":["GET"]}}],"collection":[{"href":"https:\/\/www.pravo.unizg.hr\/en\/wp-json\/wp\/v2\/pages"}],"about":[{"href":"https:\/\/www.pravo.unizg.hr\/en\/wp-json\/wp\/v2\/types\/page"}],"author":[{"embeddable":true,"href":"https:\/\/www.pravo.unizg.hr\/en\/wp-json\/wp\/v2\/users\/511"}],"replies":[{"embeddable":true,"href":"https:\/\/www.pravo.unizg.hr\/en\/wp-json\/wp\/v2\/comments?post=33733"}],"version-history":[{"count":1,"href":"https:\/\/www.pravo.unizg.hr\/en\/wp-json\/wp\/v2\/pages\/33733\/revisions"}],"predecessor-version":[{"id":33734,"href":"https:\/\/www.pravo.unizg.hr\/en\/wp-json\/wp\/v2\/pages\/33733\/revisions\/33734"}],"up":[{"embeddable":true,"href":"https:\/\/www.pravo.unizg.hr\/en\/wp-json\/wp\/v2\/pages\/33665"}],"wp:attachment":[{"href":"https:\/\/www.pravo.unizg.hr\/en\/wp-json\/wp\/v2\/media?parent=33733"}],"curies":[{"name":"wp","href":"https:\/\/api.w.org\/{rel}","templated":true}]}}