{"id":33729,"date":"2025-10-14T08:45:21","date_gmt":"2025-10-14T07:45:21","guid":{"rendered":"https:\/\/www.pravo.unizg.hr\/projects\/institucionalni-istrazivacki-projekti\/razar\/"},"modified":"2026-03-23T09:57:20","modified_gmt":"2026-03-23T08:57:20","slug":"razar","status":"publish","type":"page","link":"https:\/\/www.pravo.unizg.hr\/en\/razar","title":{"rendered":"Radna i socijalna prava zaposlenih roditelja &#8211; RAZAR"},"content":{"rendered":"<p><img loading=\"lazy\" decoding=\"async\" class=\"wp-image-28800 size-medium alignright\" src=\"https:\/\/www.pravo.unizg.hr\/wp-content\/uploads\/2025\/10\/next-generation-eu-300x72.png\" alt=\"\" width=\"300\" height=\"72\" srcset=\"https:\/\/www.pravo.unizg.hr\/wp-content\/uploads\/2025\/10\/next-generation-eu-300x72.png 300w, https:\/\/www.pravo.unizg.hr\/wp-content\/uploads\/2025\/10\/next-generation-eu-768x184.png 768w, https:\/\/www.pravo.unizg.hr\/wp-content\/uploads\/2025\/10\/next-generation-eu.png 1020w\" sizes=\"auto, (max-width: 300px) 100vw, 300px\" \/><\/p>\n<p>&nbsp;<\/p>\n<p><span style=\"color: #8b0b05;\"><span style=\"color: #000000;\">Naziv projekta<\/span><strong><br \/>\nRadna i socijalna prava zaposlenih roditelja<\/strong><\/span><\/p>\n<p style=\"padding-left: 40px;\">Akronim<br \/>\n<span style=\"color: #000000;\"><strong>RAZAR<\/strong><\/span><\/p>\n<p style=\"padding-left: 40px;\">Trajanje projekta<br \/>\n<strong>01. 10. 2025. \u2013 01. 10. 2029. \/ 48 mjeseci<\/strong><\/p>\n<p style=\"padding-left: 40px;\">Voditeljica projekta<br \/>\n<strong>prof. dr. sc. Ivana Grgurev<\/strong><\/p>\n<p style=\"padding-left: 40px;\">\u010clanice\/\u010dlanovi istra\u017eiva\u010dkog tima<br \/>\n<strong>prof. dr. sc. Viktor Gotovac<\/strong>,<br \/>\nKatedra za radno i socijalno pravo, Pravni fakultet Sveu\u010dili\u0161ta u Zagrebu<br \/>\n<strong>prof. dr. sc. Ivana Vukorepa<\/strong>,<br \/>\nKatedra za radno i socijalno pravo, Pravni fakultet Sveu\u010dili\u0161ta u Zagrebu<br \/>\n<strong>doc. dr. sc. Iva Bjelinski Radi\u0107<\/strong>,<br \/>\nKatedra za radno i socijalno pravo, Pravni fakultet Sveu\u010dili\u0161ta u Zagrebu<br \/>\n<strong>izv. prof. dr. sc. Ana Marija Sikiri\u0107 Sim\u010di\u0107<\/strong>,<br \/>\nKatedra za ra\u010dunovodstvo, Ekonomski fakultet u Rijeci<\/p>\n<p>&nbsp;<\/p>\n<p style=\"padding-left: 40px;\"><strong>Sa\u017eetak projekta<\/strong><\/p>\n<p style=\"padding-left: 40px; text-align: justify;\">Polazi se od povezanosti radnih i socijalnih prava zaposlenih roditelja i njihovog utjecaja na polo\u017eaj \u017eena na tr\u017ei\u0161tu rada. Projekt bi se bavio analizom nacionalnog radnog i socijalnog prava i prava EU-a s fokusom na zakonske novine i njihove u\u010dinke na ravnote\u017eu privatnog i poslovnog \u017eivota zaposlenih roditelja, njihovim utjecajem na polo\u017eaj \u017eena na tr\u017ei\u0161tu rada (njihovim (anti)diskriminiraju\u0107im u\u010dincima), regulacijom rodiljnih i roditeljskih potpora te s time povezanim rodnim prora\u010dunom. To, me\u0111u ostalim, uklju\u010duje fleksibilizaciju uvjeta rada zaposlenih roditelja, adekvatno ure\u0111enje prava roditelja djece s te\u0161ko\u0107ama u razvoju, pitanje prikladnosti na\u010dina financiranja naknada pla\u0107a tijekom kori\u0161tenja roditeljskih potpora te pravne mehanizme poticanja o\u010deva na kori\u0161tenje roditeljskih potpora.<\/p>\n<p style=\"padding-left: 40px; text-align: justify;\">Problematizirat \u0107e se \u010dinjenica \u0161to se pojedina prava iz ZRRP-a ispla\u0107uju na teret poslodavca \u0161to vodi fakti\u010dnoj diskriminaciji \u017eena pri zapo\u0161ljavanju jer se poslodavci radije odlu\u010duju zaposliti mu\u0161karca za slobodno radno mjesto nego \u017eenu znaju\u0107i da \u0107e teret naknade pla\u0107e tijekom kori\u0161tenja odre\u0111enih prava zajam\u010denih ZRRP-om pasti na njih. Istra\u017eit \u0107e se prati li doma\u0107a praksa o pravu trudnica i rodilja na naknadu pla\u0107e tijekom kori\u0161tenja rodiljnih i roditeljskih potpora praksu Suda EU-a. Mali je broj o\u010deva koji koriste roditeljske potpore \u0161to ima negativne posljedice na polo\u017eaj \u017eena na tr\u017ei\u0161tu rada koje poslodavci percipiraju kao nesigurnu radnu snagu jer pored svojih prava koriste i prava o\u010deva koje oni prenose na njih. Pretpostavka je da je slab interes o\u010deva na kori\u0161tenje roditeljskih potpora uzrokovan limitiranjem naknada pla\u0107e tijekom kori\u0161tenje roditeljskih dopusta. Potrebno je istra\u017eiti vezu izme\u0111u visine naknade pla\u0107e tijekom roditeljskog dopusta i broja o\u010deva \u2013 korisnika roditeljskog dopusta.<\/p>\n<p style=\"padding-left: 40px; text-align: justify;\">Trudnice i rodilje suo\u010davaju s diskriminacijom, ne samo od poslodavaca u gospodarstvu ve\u0107 i od dr\u017eavnih tijela (<em>Jur\u010di\u0107 protiv Hrvatske<\/em> (Zahtjev br. 54711\/15) i odluka Ustavnog suda Republike Hrvatske (U-II-3641\/2020)). Ti primjeri ukazuju na nu\u017enost ispravnog tuma\u010denja va\u017ee\u0107ih propisa na na\u010din koji ne bi bio diskriminiraju\u0107i za zaposlene trudnice i rodilje.<\/p>\n","protected":false},"excerpt":{"rendered":"<p>&nbsp; Naziv projekta Radna i socijalna prava zaposlenih roditelja Akronim&#8230;<\/p>\n","protected":false},"author":511,"featured_media":0,"parent":33665,"menu_order":0,"comment_status":"closed","ping_status":"closed","template":"","meta":{"footnotes":""},"class_list":["post-33729","page","type-page","status-publish","hentry"],"pp_force_visibility":null,"pp_subpost_visibility":null,"pp_inherited_force_visibility":null,"pp_inherited_subpost_visibility":null,"acf":[],"yoast_head":"<!-- This site is optimized with the Yoast SEO plugin v20.1 - https:\/\/yoast.com\/wordpress\/plugins\/seo\/ -->\n<title>Radna i socijalna prava zaposlenih roditelja - RAZAR - Faculty of law<\/title>\n<meta name=\"robots\" content=\"index, follow, max-snippet:-1, max-image-preview:large, max-video-preview:-1\" \/>\n<link rel=\"canonical\" href=\"https:\/\/www.pravo.unizg.hr\/en\/razar\/\" \/>\n<meta property=\"og:locale\" content=\"en_US\" \/>\n<meta property=\"og:type\" content=\"article\" \/>\n<meta property=\"og:title\" content=\"Radna i socijalna prava zaposlenih roditelja - RAZAR - Faculty of law\" \/>\n<meta property=\"og:description\" content=\"&nbsp; Naziv projekta Radna i socijalna prava zaposlenih roditelja Akronim...\" \/>\n<meta property=\"og:url\" content=\"https:\/\/www.pravo.unizg.hr\/en\/razar\/\" \/>\n<meta property=\"og:site_name\" content=\"Faculty of law\" \/>\n<meta property=\"article:modified_time\" content=\"2026-03-23T08:57:20+00:00\" \/>\n<meta property=\"og:image\" content=\"https:\/\/www.pravo.unizg.hr\/wp-content\/uploads\/2025\/10\/next-generation-eu-300x72.png\" \/>\n<meta name=\"twitter:card\" content=\"summary_large_image\" \/>\n<meta name=\"twitter:label1\" content=\"Est. reading time\" \/>\n\t<meta name=\"twitter:data1\" content=\"2 minutes\" \/>\n<script type=\"application\/ld+json\" class=\"yoast-schema-graph\">{\"@context\":\"https:\/\/schema.org\",\"@graph\":[{\"@type\":\"WebPage\",\"@id\":\"https:\/\/www.pravo.unizg.hr\/en\/razar\/\",\"url\":\"https:\/\/www.pravo.unizg.hr\/en\/razar\/\",\"name\":\"Radna i socijalna prava zaposlenih roditelja - RAZAR - Faculty of law\",\"isPartOf\":{\"@id\":\"https:\/\/www.pravo.unizg.hr\/#website\"},\"datePublished\":\"2025-10-14T07:45:21+00:00\",\"dateModified\":\"2026-03-23T08:57:20+00:00\",\"breadcrumb\":{\"@id\":\"https:\/\/www.pravo.unizg.hr\/en\/razar\/#breadcrumb\"},\"inLanguage\":\"en-US\",\"potentialAction\":[{\"@type\":\"ReadAction\",\"target\":[\"https:\/\/www.pravo.unizg.hr\/en\/razar\/\"]}]},{\"@type\":\"BreadcrumbList\",\"@id\":\"https:\/\/www.pravo.unizg.hr\/en\/razar\/#breadcrumb\",\"itemListElement\":[{\"@type\":\"ListItem\",\"position\":1,\"name\":\"Homepage\",\"item\":\"https:\/\/www.pravo.unizg.hr\/en\/\"},{\"@type\":\"ListItem\",\"position\":2,\"name\":\"Projects\",\"item\":\"https:\/\/www.pravo.unizg.hr\/en\/projects\/\"},{\"@type\":\"ListItem\",\"position\":3,\"name\":\"Institucionalni istra\u017eiva\u010dki projekti\",\"item\":\"https:\/\/www.pravo.unizg.hr\/en\/projects\/institucionalni-istrazivacki-projekti\/\"},{\"@type\":\"ListItem\",\"position\":4,\"name\":\"Radna i socijalna prava zaposlenih roditelja &#8211; RAZAR\"}]},{\"@type\":\"WebSite\",\"@id\":\"https:\/\/www.pravo.unizg.hr\/#website\",\"url\":\"https:\/\/www.pravo.unizg.hr\/\",\"name\":\"Faculty of law\",\"description\":\"\",\"potentialAction\":[{\"@type\":\"SearchAction\",\"target\":{\"@type\":\"EntryPoint\",\"urlTemplate\":\"https:\/\/www.pravo.unizg.hr\/?s={search_term_string}\"},\"query-input\":\"required name=search_term_string\"}],\"inLanguage\":\"en-US\"}]}<\/script>\n<!-- \/ Yoast SEO plugin. -->","yoast_head_json":{"title":"Radna i socijalna prava zaposlenih roditelja - RAZAR - Faculty of law","robots":{"index":"index","follow":"follow","max-snippet":"max-snippet:-1","max-image-preview":"max-image-preview:large","max-video-preview":"max-video-preview:-1"},"canonical":"https:\/\/www.pravo.unizg.hr\/en\/razar\/","og_locale":"en_US","og_type":"article","og_title":"Radna i socijalna prava zaposlenih roditelja - RAZAR - Faculty of law","og_description":"&nbsp; Naziv projekta Radna i socijalna prava zaposlenih roditelja Akronim...","og_url":"https:\/\/www.pravo.unizg.hr\/en\/razar\/","og_site_name":"Faculty of law","article_modified_time":"2026-03-23T08:57:20+00:00","og_image":[{"url":"https:\/\/www.pravo.unizg.hr\/wp-content\/uploads\/2025\/10\/next-generation-eu-300x72.png"}],"twitter_card":"summary_large_image","twitter_misc":{"Est. reading time":"2 minutes"},"schema":{"@context":"https:\/\/schema.org","@graph":[{"@type":"WebPage","@id":"https:\/\/www.pravo.unizg.hr\/en\/razar\/","url":"https:\/\/www.pravo.unizg.hr\/en\/razar\/","name":"Radna i socijalna prava zaposlenih roditelja - RAZAR - Faculty of law","isPartOf":{"@id":"https:\/\/www.pravo.unizg.hr\/#website"},"datePublished":"2025-10-14T07:45:21+00:00","dateModified":"2026-03-23T08:57:20+00:00","breadcrumb":{"@id":"https:\/\/www.pravo.unizg.hr\/en\/razar\/#breadcrumb"},"inLanguage":"en-US","potentialAction":[{"@type":"ReadAction","target":["https:\/\/www.pravo.unizg.hr\/en\/razar\/"]}]},{"@type":"BreadcrumbList","@id":"https:\/\/www.pravo.unizg.hr\/en\/razar\/#breadcrumb","itemListElement":[{"@type":"ListItem","position":1,"name":"Homepage","item":"https:\/\/www.pravo.unizg.hr\/en\/"},{"@type":"ListItem","position":2,"name":"Projects","item":"https:\/\/www.pravo.unizg.hr\/en\/projects\/"},{"@type":"ListItem","position":3,"name":"Institucionalni istra\u017eiva\u010dki projekti","item":"https:\/\/www.pravo.unizg.hr\/en\/projects\/institucionalni-istrazivacki-projekti\/"},{"@type":"ListItem","position":4,"name":"Radna i socijalna prava zaposlenih roditelja &#8211; RAZAR"}]},{"@type":"WebSite","@id":"https:\/\/www.pravo.unizg.hr\/#website","url":"https:\/\/www.pravo.unizg.hr\/","name":"Faculty of law","description":"","potentialAction":[{"@type":"SearchAction","target":{"@type":"EntryPoint","urlTemplate":"https:\/\/www.pravo.unizg.hr\/?s={search_term_string}"},"query-input":"required name=search_term_string"}],"inLanguage":"en-US"}]}},"_links":{"self":[{"href":"https:\/\/www.pravo.unizg.hr\/en\/wp-json\/wp\/v2\/pages\/33729","targetHints":{"allow":["GET"]}}],"collection":[{"href":"https:\/\/www.pravo.unizg.hr\/en\/wp-json\/wp\/v2\/pages"}],"about":[{"href":"https:\/\/www.pravo.unizg.hr\/en\/wp-json\/wp\/v2\/types\/page"}],"author":[{"embeddable":true,"href":"https:\/\/www.pravo.unizg.hr\/en\/wp-json\/wp\/v2\/users\/511"}],"replies":[{"embeddable":true,"href":"https:\/\/www.pravo.unizg.hr\/en\/wp-json\/wp\/v2\/comments?post=33729"}],"version-history":[{"count":1,"href":"https:\/\/www.pravo.unizg.hr\/en\/wp-json\/wp\/v2\/pages\/33729\/revisions"}],"predecessor-version":[{"id":33732,"href":"https:\/\/www.pravo.unizg.hr\/en\/wp-json\/wp\/v2\/pages\/33729\/revisions\/33732"}],"up":[{"embeddable":true,"href":"https:\/\/www.pravo.unizg.hr\/en\/wp-json\/wp\/v2\/pages\/33665"}],"wp:attachment":[{"href":"https:\/\/www.pravo.unizg.hr\/en\/wp-json\/wp\/v2\/media?parent=33729"}],"curies":[{"name":"wp","href":"https:\/\/api.w.org\/{rel}","templated":true}]}}