{"id":33723,"date":"2025-10-21T08:24:56","date_gmt":"2025-10-21T07:24:56","guid":{"rendered":"https:\/\/www.pravo.unizg.hr\/projects\/institucionalni-istrazivacki-projekti\/pzpprojekt\/"},"modified":"2026-03-23T09:56:32","modified_gmt":"2026-03-23T08:56:32","slug":"pzpprojekt","status":"publish","type":"page","link":"https:\/\/www.pravo.unizg.hr\/en\/pzpprojekt","title":{"rendered":"Prilika za promjenu: novi pristup analizi provedbe mjera za\u0161tite djece u visokom riziku &#8211; PZPPROJEKT"},"content":{"rendered":"<p><img loading=\"lazy\" decoding=\"async\" class=\"size-medium wp-image-28800 alignright\" src=\"https:\/\/www.pravo.unizg.hr\/wp-content\/uploads\/2025\/10\/next-generation-eu-300x72.png\" alt=\"\" width=\"300\" height=\"72\" srcset=\"https:\/\/www.pravo.unizg.hr\/wp-content\/uploads\/2025\/10\/next-generation-eu-300x72.png 300w, https:\/\/www.pravo.unizg.hr\/wp-content\/uploads\/2025\/10\/next-generation-eu-768x184.png 768w, https:\/\/www.pravo.unizg.hr\/wp-content\/uploads\/2025\/10\/next-generation-eu.png 1020w\" sizes=\"auto, (max-width: 300px) 100vw, 300px\" \/><\/p>\n<p>&nbsp;<\/p>\n<p><span style=\"color: #8b0b05;\"><span style=\"color: #000000;\">Naziv projekta<\/span><strong><br \/>\nPrilika za promjenu: novi pristup analizi provedbe mjera za\u0161tite djece u visokom riziku<br \/>\n<\/strong><\/span><\/p>\n<p style=\"padding-left: 40px;\">Akronim<br \/>\n<strong>PZPPROJEKT<\/strong><\/p>\n<p style=\"padding-left: 40px;\">Trajanje projekta<br \/>\n<strong>48 mjeseci<\/strong><\/p>\n<p style=\"padding-left: 40px;\">Voditelj projekta<br \/>\n<strong>doc. dr. sc. Nikola Bukovi\u0107<\/strong><\/p>\n<p style=\"padding-left: 40px;\">\u010clanice\/\u010dlanovi istra\u017eiva\u010dkog tima<br \/>\n<strong>prof. dr. sc. sc. Branka Sladovi\u0107 Franz<\/strong>,<br \/>\nKatedra za teoriju i metode socijalnog rada, Pravni fakultet Sveu\u010dili\u0161ta u Zagrebu<br \/>\n<strong>prof. dr. sc. Ivana Dobroti\u0107<\/strong>,<strong><br \/>\n<\/strong>Katedra za socijalnu politiku, Pravni fakultet Sveu\u010dili\u0161ta u Zagrebu<strong><br \/>\n<\/strong><strong>Mirna Varga, mag.soc.pol.<\/strong>,<br \/>\nKatedra za socijalnu politiku, Pravni fakultet Sveu\u010dili\u0161ta u Zagrebu<\/p>\n<p>&nbsp;<\/p>\n<p style=\"padding-left: 40px;\"><strong>Sa\u017eetak projekta<\/strong><\/p>\n<p style=\"text-align: justify; padding-left: 40px;\">Projekt uklju\u010duje primjenu istra\u017eiva\u010dkog pristupa poznatog kao procesno pra\u0107enje (engleski: process tracing) za razvoj i testiranje uvjerljivih teorija kojima je svrha rastuma\u010diti za\u0161to mjere za\u0161tite djece u visokom riziku, provo\u0111ene u sli\u010dnim okolnostima, ponekad polu\u010duju bitno razli\u010dite ishode. Istra\u017eivanje \u0107e uz izvedbu 16 studija slu\u010daja koje karakteriziraju \u201cuobi\u010dajene\u201d okolnosti provedbe (tzv. \u201ctipi\u010dni slu\u010dajevi\u201c) uklju\u010divati i prethodnu detaljnu analizu literature te dostupnih administrativnih podataka, naknadnu izvedbu refleksijskih fokusnih grupa s relevantnim stru\u010dnjacima te konzultiranje klju\u010dnih nalaza s vode\u0107im slovenskim stru\u010dnjacima koji se bave sli\u010dnim temama. Projekt isto tako uklju\u010duje edukaciju \u010dlanova projektnog tima o primjeni procesnog pra\u0107enja, pri \u010demu \u0107e ta znanja biti dalje diseminirana kroz edukaciju nastavnog kadra Pravnog fakulteta Sveu\u010dili\u0161ta u Zagrebu te uklju\u010divanjem u izvedbu redovne nastave. Nalazi istra\u017eivanja bit \u0107e predstavljeni javno, ali i na individualnim sastancima s predstavnicima relevantnih institucija, kako bi utjecali na promjene u funkcioniranju sustava socijalne skrbi te edukaciji stru\u010dnih timova zadu\u017eenih za provedbu mjera za\u0161tite djece. Na temelju rezultata projekta bit \u0107e izra\u0111ena 4 znanstvena rada te dokument sa sa\u017eetim prijedlozima promjena socijalne politike (na engleskom: policy brief).<\/p>\n","protected":false},"excerpt":{"rendered":"<p>&nbsp; Naziv projekta Prilika za promjenu: novi pristup analizi provedbe&#8230;<\/p>\n","protected":false},"author":511,"featured_media":0,"parent":33665,"menu_order":0,"comment_status":"closed","ping_status":"closed","template":"","meta":{"footnotes":""},"class_list":["post-33723","page","type-page","status-publish","hentry"],"pp_force_visibility":null,"pp_subpost_visibility":null,"pp_inherited_force_visibility":null,"pp_inherited_subpost_visibility":null,"acf":[],"yoast_head":"<!-- This site is optimized with the Yoast SEO plugin v20.1 - https:\/\/yoast.com\/wordpress\/plugins\/seo\/ -->\n<title>Prilika za promjenu: novi pristup analizi provedbe mjera za\u0161tite djece u visokom riziku - PZPPROJEKT - Faculty of law<\/title>\n<meta name=\"robots\" content=\"index, follow, max-snippet:-1, max-image-preview:large, max-video-preview:-1\" \/>\n<link rel=\"canonical\" href=\"https:\/\/www.pravo.unizg.hr\/en\/pzpprojekt\/\" \/>\n<meta property=\"og:locale\" content=\"en_US\" \/>\n<meta property=\"og:type\" content=\"article\" \/>\n<meta property=\"og:title\" content=\"Prilika za promjenu: novi pristup analizi provedbe mjera za\u0161tite djece u visokom riziku - PZPPROJEKT - Faculty of law\" \/>\n<meta property=\"og:description\" content=\"&nbsp; Naziv projekta Prilika za promjenu: novi pristup analizi provedbe...\" \/>\n<meta property=\"og:url\" content=\"https:\/\/www.pravo.unizg.hr\/en\/pzpprojekt\/\" \/>\n<meta property=\"og:site_name\" content=\"Faculty of law\" \/>\n<meta property=\"article:modified_time\" content=\"2026-03-23T08:56:32+00:00\" \/>\n<meta property=\"og:image\" content=\"https:\/\/www.pravo.unizg.hr\/wp-content\/uploads\/2025\/10\/next-generation-eu-300x72.png\" \/>\n<meta name=\"twitter:card\" content=\"summary_large_image\" \/>\n<meta name=\"twitter:label1\" content=\"Est. reading time\" \/>\n\t<meta name=\"twitter:data1\" content=\"1 minute\" \/>\n<script type=\"application\/ld+json\" class=\"yoast-schema-graph\">{\"@context\":\"https:\/\/schema.org\",\"@graph\":[{\"@type\":\"WebPage\",\"@id\":\"https:\/\/www.pravo.unizg.hr\/en\/pzpprojekt\/\",\"url\":\"https:\/\/www.pravo.unizg.hr\/en\/pzpprojekt\/\",\"name\":\"Prilika za promjenu: novi pristup analizi provedbe mjera za\u0161tite djece u visokom riziku - PZPPROJEKT - Faculty of law\",\"isPartOf\":{\"@id\":\"https:\/\/www.pravo.unizg.hr\/#website\"},\"datePublished\":\"2025-10-21T07:24:56+00:00\",\"dateModified\":\"2026-03-23T08:56:32+00:00\",\"breadcrumb\":{\"@id\":\"https:\/\/www.pravo.unizg.hr\/en\/pzpprojekt\/#breadcrumb\"},\"inLanguage\":\"en-US\",\"potentialAction\":[{\"@type\":\"ReadAction\",\"target\":[\"https:\/\/www.pravo.unizg.hr\/en\/pzpprojekt\/\"]}]},{\"@type\":\"BreadcrumbList\",\"@id\":\"https:\/\/www.pravo.unizg.hr\/en\/pzpprojekt\/#breadcrumb\",\"itemListElement\":[{\"@type\":\"ListItem\",\"position\":1,\"name\":\"Homepage\",\"item\":\"https:\/\/www.pravo.unizg.hr\/en\/\"},{\"@type\":\"ListItem\",\"position\":2,\"name\":\"Projects\",\"item\":\"https:\/\/www.pravo.unizg.hr\/en\/projects\/\"},{\"@type\":\"ListItem\",\"position\":3,\"name\":\"Institucionalni istra\u017eiva\u010dki projekti\",\"item\":\"https:\/\/www.pravo.unizg.hr\/en\/projects\/institucionalni-istrazivacki-projekti\/\"},{\"@type\":\"ListItem\",\"position\":4,\"name\":\"Prilika za promjenu: novi pristup analizi provedbe mjera za\u0161tite djece u visokom riziku &#8211; PZPPROJEKT\"}]},{\"@type\":\"WebSite\",\"@id\":\"https:\/\/www.pravo.unizg.hr\/#website\",\"url\":\"https:\/\/www.pravo.unizg.hr\/\",\"name\":\"Faculty of law\",\"description\":\"\",\"potentialAction\":[{\"@type\":\"SearchAction\",\"target\":{\"@type\":\"EntryPoint\",\"urlTemplate\":\"https:\/\/www.pravo.unizg.hr\/?s={search_term_string}\"},\"query-input\":\"required name=search_term_string\"}],\"inLanguage\":\"en-US\"}]}<\/script>\n<!-- \/ Yoast SEO plugin. -->","yoast_head_json":{"title":"Prilika za promjenu: novi pristup analizi provedbe mjera za\u0161tite djece u visokom riziku - PZPPROJEKT - Faculty of law","robots":{"index":"index","follow":"follow","max-snippet":"max-snippet:-1","max-image-preview":"max-image-preview:large","max-video-preview":"max-video-preview:-1"},"canonical":"https:\/\/www.pravo.unizg.hr\/en\/pzpprojekt\/","og_locale":"en_US","og_type":"article","og_title":"Prilika za promjenu: novi pristup analizi provedbe mjera za\u0161tite djece u visokom riziku - PZPPROJEKT - Faculty of law","og_description":"&nbsp; Naziv projekta Prilika za promjenu: novi pristup analizi provedbe...","og_url":"https:\/\/www.pravo.unizg.hr\/en\/pzpprojekt\/","og_site_name":"Faculty of law","article_modified_time":"2026-03-23T08:56:32+00:00","og_image":[{"url":"https:\/\/www.pravo.unizg.hr\/wp-content\/uploads\/2025\/10\/next-generation-eu-300x72.png"}],"twitter_card":"summary_large_image","twitter_misc":{"Est. reading time":"1 minute"},"schema":{"@context":"https:\/\/schema.org","@graph":[{"@type":"WebPage","@id":"https:\/\/www.pravo.unizg.hr\/en\/pzpprojekt\/","url":"https:\/\/www.pravo.unizg.hr\/en\/pzpprojekt\/","name":"Prilika za promjenu: novi pristup analizi provedbe mjera za\u0161tite djece u visokom riziku - PZPPROJEKT - Faculty of law","isPartOf":{"@id":"https:\/\/www.pravo.unizg.hr\/#website"},"datePublished":"2025-10-21T07:24:56+00:00","dateModified":"2026-03-23T08:56:32+00:00","breadcrumb":{"@id":"https:\/\/www.pravo.unizg.hr\/en\/pzpprojekt\/#breadcrumb"},"inLanguage":"en-US","potentialAction":[{"@type":"ReadAction","target":["https:\/\/www.pravo.unizg.hr\/en\/pzpprojekt\/"]}]},{"@type":"BreadcrumbList","@id":"https:\/\/www.pravo.unizg.hr\/en\/pzpprojekt\/#breadcrumb","itemListElement":[{"@type":"ListItem","position":1,"name":"Homepage","item":"https:\/\/www.pravo.unizg.hr\/en\/"},{"@type":"ListItem","position":2,"name":"Projects","item":"https:\/\/www.pravo.unizg.hr\/en\/projects\/"},{"@type":"ListItem","position":3,"name":"Institucionalni istra\u017eiva\u010dki projekti","item":"https:\/\/www.pravo.unizg.hr\/en\/projects\/institucionalni-istrazivacki-projekti\/"},{"@type":"ListItem","position":4,"name":"Prilika za promjenu: novi pristup analizi provedbe mjera za\u0161tite djece u visokom riziku &#8211; PZPPROJEKT"}]},{"@type":"WebSite","@id":"https:\/\/www.pravo.unizg.hr\/#website","url":"https:\/\/www.pravo.unizg.hr\/","name":"Faculty of law","description":"","potentialAction":[{"@type":"SearchAction","target":{"@type":"EntryPoint","urlTemplate":"https:\/\/www.pravo.unizg.hr\/?s={search_term_string}"},"query-input":"required name=search_term_string"}],"inLanguage":"en-US"}]}},"_links":{"self":[{"href":"https:\/\/www.pravo.unizg.hr\/en\/wp-json\/wp\/v2\/pages\/33723","targetHints":{"allow":["GET"]}}],"collection":[{"href":"https:\/\/www.pravo.unizg.hr\/en\/wp-json\/wp\/v2\/pages"}],"about":[{"href":"https:\/\/www.pravo.unizg.hr\/en\/wp-json\/wp\/v2\/types\/page"}],"author":[{"embeddable":true,"href":"https:\/\/www.pravo.unizg.hr\/en\/wp-json\/wp\/v2\/users\/511"}],"replies":[{"embeddable":true,"href":"https:\/\/www.pravo.unizg.hr\/en\/wp-json\/wp\/v2\/comments?post=33723"}],"version-history":[{"count":1,"href":"https:\/\/www.pravo.unizg.hr\/en\/wp-json\/wp\/v2\/pages\/33723\/revisions"}],"predecessor-version":[{"id":33726,"href":"https:\/\/www.pravo.unizg.hr\/en\/wp-json\/wp\/v2\/pages\/33723\/revisions\/33726"}],"up":[{"embeddable":true,"href":"https:\/\/www.pravo.unizg.hr\/en\/wp-json\/wp\/v2\/pages\/33665"}],"wp:attachment":[{"href":"https:\/\/www.pravo.unizg.hr\/en\/wp-json\/wp\/v2\/media?parent=33723"}],"curies":[{"name":"wp","href":"https:\/\/api.w.org\/{rel}","templated":true}]}}