{"id":33722,"date":"2025-10-21T08:19:10","date_gmt":"2025-10-21T07:19:10","guid":{"rendered":"https:\/\/www.pravo.unizg.hr\/projects\/institucionalni-istrazivacki-projekti\/pravobi\/"},"modified":"2026-03-23T09:56:26","modified_gmt":"2026-03-23T08:56:26","slug":"pravobi","status":"publish","type":"page","link":"https:\/\/www.pravo.unizg.hr\/en\/pravobi","title":{"rendered":"Pravo na obitelj? Izazovi spajanja obitelji i pristupa socijalnim pravima migrantskih radnika iz Azije u Hrvatskoj &#8211; PRAVOBI"},"content":{"rendered":"<p><img loading=\"lazy\" decoding=\"async\" class=\"size-medium wp-image-28800 alignright\" src=\"https:\/\/www.pravo.unizg.hr\/wp-content\/uploads\/2025\/10\/next-generation-eu-300x72.png\" alt=\"\" width=\"300\" height=\"72\" srcset=\"https:\/\/www.pravo.unizg.hr\/wp-content\/uploads\/2025\/10\/next-generation-eu-300x72.png 300w, https:\/\/www.pravo.unizg.hr\/wp-content\/uploads\/2025\/10\/next-generation-eu-768x184.png 768w, https:\/\/www.pravo.unizg.hr\/wp-content\/uploads\/2025\/10\/next-generation-eu.png 1020w\" sizes=\"auto, (max-width: 300px) 100vw, 300px\" \/><\/p>\n<p>&nbsp;<\/p>\n<p><span style=\"color: #8b0b05;\"><span style=\"color: #000000;\">Naziv projekta<\/span><strong><br \/>\nPravo na obitelj? Izazovi spajanja obitelji i pristupa socijalnim pravima migrantskih radnika iz Azije u Hrvatskoj<br \/>\n<\/strong><\/span><\/p>\n<p style=\"padding-left: 40px;\">Akronim<br \/>\n<strong>PRAVOBI<\/strong><\/p>\n<p style=\"padding-left: 40px;\">Trajanje projekta<br \/>\n<strong>48 mjeseci<\/strong><\/p>\n<p style=\"padding-left: 40px;\">Voditeljica projekta<br \/>\n<strong>prof. dr. sc. Ivana Dobroti\u0107<\/strong><\/p>\n<p style=\"padding-left: 40px;\">\u010clanice\/\u010dlanovi istra\u017eiva\u010dkog tima<br \/>\n<strong>prof. dr. sc. sc. Sini\u0161a Zrin\u0161\u010dak<\/strong>,<br \/>\nKatedra za sociologiju, Pravni fakultet Sveu\u010dili\u0161ta u Zagrebu<br \/>\n<strong>doc. dr. sc. Nikola Bukovi\u0107<\/strong>,<strong><br \/>\n<\/strong>Katedra za socijalnu politiku, Pravni fakultet Sveu\u010dili\u0161ta u Zagrebu<strong><br \/>\n<\/strong><strong>Mirna Varga, mag.soc.pol.<\/strong>,<br \/>\nKatedra za socijalnu politiku, Pravni fakultet Sveu\u010dili\u0161ta u Zagrebu<br \/>\n<strong>izv. prof. dr. sc. Drago \u017dupari\u0107-Ilji\u0107<\/strong>,<br \/>\nFilozofski fakultet Sveu\u010dili\u0161ta u Zagrebu<br \/>\n<strong>Professor Sonja Blum<\/strong>,<br \/>\nBielefeld University, Faculty of Sociology<br \/>\n<strong>Associate Professor Rossella Ciccia<\/strong>,<br \/>\nDepartment of Social Policy and Intervention, University of Oxford<\/p>\n<p>&nbsp;<\/p>\n<p style=\"padding-left: 40px;\"><strong>Sa\u017eetak projekta<\/strong><\/p>\n<p style=\"text-align: justify; padding-left: 40px;\">Hrvatska postaje zemlja useljavanja, a zna\u010dajan dio useljenika \u010dine migrantski radnici iz azijskih zemalja. S obzirom na pove\u0107an broj izdanih dozvola za boravak i rad, raste i broj migranata koji ostvaruju pravo na spajanje obitelji te time povezanim socijalnim pravima. Me\u0111utim, dizajn postoje\u0107ih politika \u010desto isklju\u010duje migrante iz klju\u010dnih prava, poput roditeljskih naknada ili doplatka za djecu, zbog uvjeta stabilnog sta\u017ea osiguranja i dugotrajne rezidentnosti. Ovaj projekt stoga istra\u017euje kako migrantski radnici iz azijskih zemalja ostvaruju (ili ne) pravo na spajanje obitelji te s kojim se preprekama susre\u0107u u tom procesu i pri pristupu socijalnim pravima.<\/p>\n<p style=\"text-align: justify; padding-left: 40px;\">Cilj projekta je: (i) istra\u017eiti i identificirati mehanizme isklju\u010divanja migranata iz sustava socijalne za\u0161tite te produbiti razumijevanje manifestacije teorijskih koncepata poput pristupa socijalnim pravima (social citizenship), stratifikacije prava (civic stratification), institucionalnih granica (institutional bordering) i \u0161ovinizma blagostanja (welfare chauvinism) u hrvatskom sustavu socijalne za\u0161tite; i (ii) istra\u017eiti iskustva migrantskih radnika u ostvarivanju prava na spajanje obitelji, s naglaskom na izazove i prepreke u pristupu socijalnim pravima (osobito onima usmjerenima na obitelji i djecu).<\/p>\n<p style=\"text-align: justify; padding-left: 40px;\">Projekt uklju\u010duje dvije istra\u017eiva\u010dke dionice: (i) analizu javnih politika na nadnacionalnoj, nacionalnoj i lokalnoj razini s fokusom na razvoj pristupa temeljnim pravima te me\u0111uodnos pronatalitetnih i migracijskih politika; i (ii) kvalitativno istra\u017eivanje iskustava do 30 migrantskih radnika iz azijskih zemalja kroz polustrukturirane intervjue i participativne metode koje uklju\u010duju peer istra\u017eiva\u010de i refleksivnu radionicu.<\/p>\n<p style=\"text-align: justify; padding-left: 40px;\">Projekt popunjava klju\u010dnu prazninu u hrvatskom, ali i europskom, istra\u017eiva\u010dkom prostoru analizom obiteljske dimenzije migracija i pristupa socijalnim pravima. Rezultati \u0107e poslu\u017eiti za zagovaranje uklju\u010divijih politika te u obrazovne svrhe osna\u017euju\u0107i studente u podru\u010dju interkulturnih kompetencija. Projekt \u0107e rezultirati znanstvenim radovima, policy preporukama, organizacijom skupa za mlade istra\u017eiva\u010de i izradom doktorske disertacije.<\/p>\n","protected":false},"excerpt":{"rendered":"<p>&nbsp; Naziv projekta Pravo na obitelj? Izazovi spajanja obitelji i&#8230;<\/p>\n","protected":false},"author":511,"featured_media":0,"parent":33665,"menu_order":0,"comment_status":"closed","ping_status":"closed","template":"","meta":{"footnotes":""},"class_list":["post-33722","page","type-page","status-publish","hentry"],"pp_force_visibility":null,"pp_subpost_visibility":null,"pp_inherited_force_visibility":null,"pp_inherited_subpost_visibility":null,"acf":[],"yoast_head":"<!-- This site is optimized with the Yoast SEO plugin v20.1 - https:\/\/yoast.com\/wordpress\/plugins\/seo\/ -->\n<title>Pravo na obitelj? Izazovi spajanja obitelji i pristupa socijalnim pravima migrantskih radnika iz Azije u Hrvatskoj - PRAVOBI - Faculty of law<\/title>\n<meta name=\"robots\" content=\"index, follow, max-snippet:-1, max-image-preview:large, max-video-preview:-1\" \/>\n<link rel=\"canonical\" href=\"https:\/\/www.pravo.unizg.hr\/en\/pravobi\/\" \/>\n<meta property=\"og:locale\" content=\"en_US\" \/>\n<meta property=\"og:type\" content=\"article\" \/>\n<meta property=\"og:title\" content=\"Pravo na obitelj? Izazovi spajanja obitelji i pristupa socijalnim pravima migrantskih radnika iz Azije u Hrvatskoj - PRAVOBI - Faculty of law\" \/>\n<meta property=\"og:description\" content=\"&nbsp; Naziv projekta Pravo na obitelj? Izazovi spajanja obitelji i...\" \/>\n<meta property=\"og:url\" content=\"https:\/\/www.pravo.unizg.hr\/en\/pravobi\/\" \/>\n<meta property=\"og:site_name\" content=\"Faculty of law\" \/>\n<meta property=\"article:modified_time\" content=\"2026-03-23T08:56:26+00:00\" \/>\n<meta property=\"og:image\" content=\"https:\/\/www.pravo.unizg.hr\/wp-content\/uploads\/2025\/10\/next-generation-eu-300x72.png\" \/>\n<meta name=\"twitter:card\" content=\"summary_large_image\" \/>\n<meta name=\"twitter:label1\" content=\"Est. reading time\" \/>\n\t<meta name=\"twitter:data1\" content=\"2 minutes\" \/>\n<script type=\"application\/ld+json\" class=\"yoast-schema-graph\">{\"@context\":\"https:\/\/schema.org\",\"@graph\":[{\"@type\":\"WebPage\",\"@id\":\"https:\/\/www.pravo.unizg.hr\/en\/pravobi\/\",\"url\":\"https:\/\/www.pravo.unizg.hr\/en\/pravobi\/\",\"name\":\"Pravo na obitelj? Izazovi spajanja obitelji i pristupa socijalnim pravima migrantskih radnika iz Azije u Hrvatskoj - PRAVOBI - Faculty of law\",\"isPartOf\":{\"@id\":\"https:\/\/www.pravo.unizg.hr\/#website\"},\"datePublished\":\"2025-10-21T07:19:10+00:00\",\"dateModified\":\"2026-03-23T08:56:26+00:00\",\"breadcrumb\":{\"@id\":\"https:\/\/www.pravo.unizg.hr\/en\/pravobi\/#breadcrumb\"},\"inLanguage\":\"en-US\",\"potentialAction\":[{\"@type\":\"ReadAction\",\"target\":[\"https:\/\/www.pravo.unizg.hr\/en\/pravobi\/\"]}]},{\"@type\":\"BreadcrumbList\",\"@id\":\"https:\/\/www.pravo.unizg.hr\/en\/pravobi\/#breadcrumb\",\"itemListElement\":[{\"@type\":\"ListItem\",\"position\":1,\"name\":\"Homepage\",\"item\":\"https:\/\/www.pravo.unizg.hr\/en\/\"},{\"@type\":\"ListItem\",\"position\":2,\"name\":\"Projects\",\"item\":\"https:\/\/www.pravo.unizg.hr\/en\/projects\/\"},{\"@type\":\"ListItem\",\"position\":3,\"name\":\"Institucionalni istra\u017eiva\u010dki projekti\",\"item\":\"https:\/\/www.pravo.unizg.hr\/en\/projects\/institucionalni-istrazivacki-projekti\/\"},{\"@type\":\"ListItem\",\"position\":4,\"name\":\"Pravo na obitelj? Izazovi spajanja obitelji i pristupa socijalnim pravima migrantskih radnika iz Azije u Hrvatskoj &#8211; PRAVOBI\"}]},{\"@type\":\"WebSite\",\"@id\":\"https:\/\/www.pravo.unizg.hr\/#website\",\"url\":\"https:\/\/www.pravo.unizg.hr\/\",\"name\":\"Faculty of law\",\"description\":\"\",\"potentialAction\":[{\"@type\":\"SearchAction\",\"target\":{\"@type\":\"EntryPoint\",\"urlTemplate\":\"https:\/\/www.pravo.unizg.hr\/?s={search_term_string}\"},\"query-input\":\"required name=search_term_string\"}],\"inLanguage\":\"en-US\"}]}<\/script>\n<!-- \/ Yoast SEO plugin. -->","yoast_head_json":{"title":"Pravo na obitelj? Izazovi spajanja obitelji i pristupa socijalnim pravima migrantskih radnika iz Azije u Hrvatskoj - PRAVOBI - Faculty of law","robots":{"index":"index","follow":"follow","max-snippet":"max-snippet:-1","max-image-preview":"max-image-preview:large","max-video-preview":"max-video-preview:-1"},"canonical":"https:\/\/www.pravo.unizg.hr\/en\/pravobi\/","og_locale":"en_US","og_type":"article","og_title":"Pravo na obitelj? Izazovi spajanja obitelji i pristupa socijalnim pravima migrantskih radnika iz Azije u Hrvatskoj - PRAVOBI - Faculty of law","og_description":"&nbsp; Naziv projekta Pravo na obitelj? Izazovi spajanja obitelji i...","og_url":"https:\/\/www.pravo.unizg.hr\/en\/pravobi\/","og_site_name":"Faculty of law","article_modified_time":"2026-03-23T08:56:26+00:00","og_image":[{"url":"https:\/\/www.pravo.unizg.hr\/wp-content\/uploads\/2025\/10\/next-generation-eu-300x72.png"}],"twitter_card":"summary_large_image","twitter_misc":{"Est. reading time":"2 minutes"},"schema":{"@context":"https:\/\/schema.org","@graph":[{"@type":"WebPage","@id":"https:\/\/www.pravo.unizg.hr\/en\/pravobi\/","url":"https:\/\/www.pravo.unizg.hr\/en\/pravobi\/","name":"Pravo na obitelj? Izazovi spajanja obitelji i pristupa socijalnim pravima migrantskih radnika iz Azije u Hrvatskoj - PRAVOBI - Faculty of law","isPartOf":{"@id":"https:\/\/www.pravo.unizg.hr\/#website"},"datePublished":"2025-10-21T07:19:10+00:00","dateModified":"2026-03-23T08:56:26+00:00","breadcrumb":{"@id":"https:\/\/www.pravo.unizg.hr\/en\/pravobi\/#breadcrumb"},"inLanguage":"en-US","potentialAction":[{"@type":"ReadAction","target":["https:\/\/www.pravo.unizg.hr\/en\/pravobi\/"]}]},{"@type":"BreadcrumbList","@id":"https:\/\/www.pravo.unizg.hr\/en\/pravobi\/#breadcrumb","itemListElement":[{"@type":"ListItem","position":1,"name":"Homepage","item":"https:\/\/www.pravo.unizg.hr\/en\/"},{"@type":"ListItem","position":2,"name":"Projects","item":"https:\/\/www.pravo.unizg.hr\/en\/projects\/"},{"@type":"ListItem","position":3,"name":"Institucionalni istra\u017eiva\u010dki projekti","item":"https:\/\/www.pravo.unizg.hr\/en\/projects\/institucionalni-istrazivacki-projekti\/"},{"@type":"ListItem","position":4,"name":"Pravo na obitelj? Izazovi spajanja obitelji i pristupa socijalnim pravima migrantskih radnika iz Azije u Hrvatskoj &#8211; PRAVOBI"}]},{"@type":"WebSite","@id":"https:\/\/www.pravo.unizg.hr\/#website","url":"https:\/\/www.pravo.unizg.hr\/","name":"Faculty of law","description":"","potentialAction":[{"@type":"SearchAction","target":{"@type":"EntryPoint","urlTemplate":"https:\/\/www.pravo.unizg.hr\/?s={search_term_string}"},"query-input":"required name=search_term_string"}],"inLanguage":"en-US"}]}},"_links":{"self":[{"href":"https:\/\/www.pravo.unizg.hr\/en\/wp-json\/wp\/v2\/pages\/33722","targetHints":{"allow":["GET"]}}],"collection":[{"href":"https:\/\/www.pravo.unizg.hr\/en\/wp-json\/wp\/v2\/pages"}],"about":[{"href":"https:\/\/www.pravo.unizg.hr\/en\/wp-json\/wp\/v2\/types\/page"}],"author":[{"embeddable":true,"href":"https:\/\/www.pravo.unizg.hr\/en\/wp-json\/wp\/v2\/users\/511"}],"replies":[{"embeddable":true,"href":"https:\/\/www.pravo.unizg.hr\/en\/wp-json\/wp\/v2\/comments?post=33722"}],"version-history":[{"count":1,"href":"https:\/\/www.pravo.unizg.hr\/en\/wp-json\/wp\/v2\/pages\/33722\/revisions"}],"predecessor-version":[{"id":33725,"href":"https:\/\/www.pravo.unizg.hr\/en\/wp-json\/wp\/v2\/pages\/33722\/revisions\/33725"}],"up":[{"embeddable":true,"href":"https:\/\/www.pravo.unizg.hr\/en\/wp-json\/wp\/v2\/pages\/33665"}],"wp:attachment":[{"href":"https:\/\/www.pravo.unizg.hr\/en\/wp-json\/wp\/v2\/media?parent=33722"}],"curies":[{"name":"wp","href":"https:\/\/api.w.org\/{rel}","templated":true}]}}