{"id":33721,"date":"2025-10-21T08:10:10","date_gmt":"2025-10-21T07:10:10","guid":{"rendered":"https:\/\/www.pravo.unizg.hr\/projects\/institucionalni-istrazivacki-projekti\/pkpef\/"},"modified":"2026-03-23T09:56:18","modified_gmt":"2026-03-23T08:56:18","slug":"pkpef","status":"publish","type":"page","link":"https:\/\/www.pravo.unizg.hr\/en\/pkpef","title":{"rendered":"Utjecaj pravne kulture na pozitivnopravne i ekonomske fenomene &#8211; PKPEF"},"content":{"rendered":"<p><img loading=\"lazy\" decoding=\"async\" class=\"size-medium wp-image-28800 alignright\" src=\"https:\/\/www.pravo.unizg.hr\/wp-content\/uploads\/2025\/10\/next-generation-eu-300x72.png\" alt=\"\" width=\"300\" height=\"72\" srcset=\"https:\/\/www.pravo.unizg.hr\/wp-content\/uploads\/2025\/10\/next-generation-eu-300x72.png 300w, https:\/\/www.pravo.unizg.hr\/wp-content\/uploads\/2025\/10\/next-generation-eu-768x184.png 768w, https:\/\/www.pravo.unizg.hr\/wp-content\/uploads\/2025\/10\/next-generation-eu.png 1020w\" sizes=\"auto, (max-width: 300px) 100vw, 300px\" \/><\/p>\n<p>&nbsp;<\/p>\n<p><span style=\"color: #8b0b05;\"><span style=\"color: #000000;\">Naziv projekta<\/span><strong><br \/>\nUtjecaj pravne kulture na pozitivno pravne i ekonomske fenomene<br \/>\n<\/strong><\/span><\/p>\n<p style=\"padding-left: 40px;\">Akronim<br \/>\n<strong>PKPEF<\/strong><\/p>\n<p style=\"padding-left: 40px;\">Trajanje projekta<br \/>\n<strong>48 mjeseci<\/strong><\/p>\n<p style=\"padding-left: 40px;\">Voditelj projekta<br \/>\n<strong>prof. dr. sc. Ivan Miloti\u0107<\/strong><\/p>\n<p style=\"padding-left: 40px;\">\u010clanice\/\u010dlanovi istra\u017eiva\u010dkog tima<br \/>\n<strong>doc. dr. sc. Miran Marelja<\/strong>,<br \/>\nKatedra za op\u0107u povijest prava i dr\u017eave, Pravni fakultet Sveu\u010dili\u0161ta u Zagrebu<br \/>\n<strong>prof. dr. sc. Zrinka Erent-Sunko<\/strong>,<strong><br \/>\n<\/strong>Katedra za op\u0107u povijest prava i dr\u017eave, Pravni fakultet Sveu\u010dili\u0161ta u Zagrebu<strong><br \/>\n<\/strong><strong>doc. dr. sc. Ivan Obadi\u0107<\/strong>,<br \/>\nKatedra za op\u0107u povijest prava i dr\u017eave, Pravni fakultet Sveu\u010dili\u0161ta u Zagrebu<br \/>\n<strong>asist. mag. iur. Maria Dikanovi\u0107 Luki\u0107<\/strong>,<br \/>\nKatedra za op\u0107u povijest prava i dr\u017eave, Pravni fakultet Sveu\u010dili\u0161ta u Zagrebu<br \/>\n<strong>prof. dr. sc. Ivana Jaramaz Resku\u0161i\u0107<\/strong>,<br \/>\nKatedra za rimsko pravo, Pravni fakultet Sveu\u010dili\u0161ta u Zagrebu<br \/>\n<strong>izv. prof. dr. sc. Dunja Miloti\u0107<\/strong>,<br \/>\nKatedra za povijest hrvatskog prava i dr\u017eave, Pravni fakultet Sveu\u010dili\u0161ta u Zagrebu<br \/>\n<strong>izv. prof. dr. sc. Tomislav Jak\u0161i\u0107<\/strong>,<strong><br \/>\n<\/strong>Katedra za trgova\u010dko pravo i pravo dru\u0161tava, Pravni fakultet Sveu\u010dili\u0161ta u Zagrebu<br \/>\n<strong>izv. prof. dr. sc. Marin Bona\u010di\u0107<\/strong>,<strong><br \/>\n<\/strong>Katedra za kazneno procesno pravo, Pravni fakultet Sveu\u010dili\u0161ta u Zagrebu<strong><br \/>\n<\/strong><strong>prof. dr. sc. Ozren Pilipovi\u0107<\/strong>,<br \/>\nKatedra za ekonomske znanosti, Pravni fakultet Sveu\u010dili\u0161ta u Zagrebu<br \/>\n<strong>prof. dr. sc. Nenad Ran\u010di\u0107<\/strong>,<br \/>\nKatedra za ekonomske znanosti, Pravni fakultet Sveu\u010dili\u0161ta u Zagrebu<br \/>\n<strong>prof. dr. sc. Ivana Bajaki\u0107<\/strong>,<br \/>\nKatedra za ekonomske znanosti, Pravni fakultet Sveu\u010dili\u0161ta u Zagrebu<br \/>\n<strong>prof. dr. sc. Ana \u0160tambuk<\/strong>,<br \/>\nKatedra za socijalnu gerontologiju, Pravni fakultet Sveu\u010dili\u0161ta u Zagrebu<\/p>\n<p>&nbsp;<\/p>\n<p style=\"padding-left: 40px;\"><strong>Sa\u017eetak projekta<\/strong><\/p>\n<p style=\"text-align: justify; padding-left: 40px;\">F. V. von Hayek u 20. stolje\u0107u objasnio je da postoji tijesna veza izme\u0111u pravne kulture i ekonomske aktivnosti. Ta je tema po njegovu uzoru iznova aktualizirana u \u010dasopisu The Economist (br. od 21. listopada 2023., str. 64) propitivanjem kako razli\u010dite pravne kulture (kontinentalna, common law i islamska) utje\u010du na razli\u010dite vidove pravno-ekonomskih instituta i ekonomsku aktivnost uop\u0107e.<\/p>\n<p style=\"text-align: justify; padding-left: 40px;\">Predlo\u017eenim projektom \u017eeli se multidisciplinarno propitati problematika utjecaja pravne kulture na suvremene pravno-ekonomske pojavnosti, ali na primjeru \u010detiri odabrane (i povezane) teme, od kojih bi se svaka provodila zasebno i tijekom jedne godine: (1) kriterij spola i razlikovanje me\u0111u spolovima kao \u010dimbenik utjecaja na razvoj prava, ekonomije i socijalnih kretanja, (2) jednakost i nejednakost kao pravna, ekonomska i socijalna kategorija, (3) pravno-ekonomske prijelomnice i socijalne pukotine, (4) pravna kultura i ekonomska aktivnost.<\/p>\n<p style=\"text-align: justify; padding-left: 40px;\">Pravna kultura kao polazi\u0161te ima niz dimenzija (povijesnu, teritorijalnu, kontekstualnu, religijsku, demografsku i dr.) koje bi se u ovome projektu multidisciplinarno istra\u017eilo s pravnopovijesnog, pozitivnopravnog, ekonomskog i socijalnog motri\u0161ta. Na primjeru \u010detiriju tema znanstvenici \u0107e istra\u017eiti korelaciju, odnosno mjeru u kojoj odabrani pozitivnopravni fenomeni, suvremena ekonomska aktivnost i socijalne pojave nisu samo izri\u010daj aktualnosti i suvremenosti, nego stvar uvjetovanosti i zadanosti kulturnim obrascima, obrascima pravne kulture i povijesnoga razvoja, posebnostima prostora, vjerskim uvjerenjima i filozofskim shva\u0107anjima. To bi se \u010dinilo istra\u017eivanjem direktnih analogija i uzro\u010dno-posljedi\u010dnih veza izme\u0111u pozitivnopravnih i pravnopovijesnih fenomena. Osim na kontinuitete, projekt bi se orijentirao i na diskontinuitete, prijelomnice, socijalne pukotine (eng. social gaps), a zamjetan dio projekta usmjerio bi se na prostor hrvatskih zemalja.<\/p>\n","protected":false},"excerpt":{"rendered":"<p>&nbsp; Naziv projekta Utjecaj pravne kulture na pozitivno pravne i&#8230;<\/p>\n","protected":false},"author":511,"featured_media":0,"parent":33665,"menu_order":0,"comment_status":"closed","ping_status":"closed","template":"","meta":{"footnotes":""},"class_list":["post-33721","page","type-page","status-publish","hentry"],"pp_force_visibility":null,"pp_subpost_visibility":null,"pp_inherited_force_visibility":null,"pp_inherited_subpost_visibility":null,"acf":[],"yoast_head":"<!-- This site is optimized with the Yoast SEO plugin v20.1 - https:\/\/yoast.com\/wordpress\/plugins\/seo\/ -->\n<title>Utjecaj pravne kulture na pozitivnopravne i ekonomske fenomene - PKPEF - Faculty of law<\/title>\n<meta name=\"robots\" content=\"index, follow, max-snippet:-1, max-image-preview:large, max-video-preview:-1\" \/>\n<link rel=\"canonical\" href=\"https:\/\/www.pravo.unizg.hr\/en\/pkpef\/\" \/>\n<meta property=\"og:locale\" content=\"en_US\" \/>\n<meta property=\"og:type\" content=\"article\" \/>\n<meta property=\"og:title\" content=\"Utjecaj pravne kulture na pozitivnopravne i ekonomske fenomene - PKPEF - Faculty of law\" \/>\n<meta property=\"og:description\" content=\"&nbsp; Naziv projekta Utjecaj pravne kulture na pozitivno pravne i...\" \/>\n<meta property=\"og:url\" content=\"https:\/\/www.pravo.unizg.hr\/en\/pkpef\/\" \/>\n<meta property=\"og:site_name\" content=\"Faculty of law\" \/>\n<meta property=\"article:modified_time\" content=\"2026-03-23T08:56:18+00:00\" \/>\n<meta property=\"og:image\" content=\"https:\/\/www.pravo.unizg.hr\/wp-content\/uploads\/2025\/10\/next-generation-eu-300x72.png\" \/>\n<meta name=\"twitter:card\" content=\"summary_large_image\" \/>\n<meta name=\"twitter:label1\" content=\"Est. reading time\" \/>\n\t<meta name=\"twitter:data1\" content=\"3 minutes\" \/>\n<script type=\"application\/ld+json\" class=\"yoast-schema-graph\">{\"@context\":\"https:\/\/schema.org\",\"@graph\":[{\"@type\":\"WebPage\",\"@id\":\"https:\/\/www.pravo.unizg.hr\/en\/pkpef\/\",\"url\":\"https:\/\/www.pravo.unizg.hr\/en\/pkpef\/\",\"name\":\"Utjecaj pravne kulture na pozitivnopravne i ekonomske fenomene - PKPEF - Faculty of law\",\"isPartOf\":{\"@id\":\"https:\/\/www.pravo.unizg.hr\/#website\"},\"datePublished\":\"2025-10-21T07:10:10+00:00\",\"dateModified\":\"2026-03-23T08:56:18+00:00\",\"breadcrumb\":{\"@id\":\"https:\/\/www.pravo.unizg.hr\/en\/pkpef\/#breadcrumb\"},\"inLanguage\":\"en-US\",\"potentialAction\":[{\"@type\":\"ReadAction\",\"target\":[\"https:\/\/www.pravo.unizg.hr\/en\/pkpef\/\"]}]},{\"@type\":\"BreadcrumbList\",\"@id\":\"https:\/\/www.pravo.unizg.hr\/en\/pkpef\/#breadcrumb\",\"itemListElement\":[{\"@type\":\"ListItem\",\"position\":1,\"name\":\"Homepage\",\"item\":\"https:\/\/www.pravo.unizg.hr\/en\/\"},{\"@type\":\"ListItem\",\"position\":2,\"name\":\"Projects\",\"item\":\"https:\/\/www.pravo.unizg.hr\/en\/projects\/\"},{\"@type\":\"ListItem\",\"position\":3,\"name\":\"Institucionalni istra\u017eiva\u010dki projekti\",\"item\":\"https:\/\/www.pravo.unizg.hr\/en\/projects\/institucionalni-istrazivacki-projekti\/\"},{\"@type\":\"ListItem\",\"position\":4,\"name\":\"Utjecaj pravne kulture na pozitivnopravne i ekonomske fenomene &#8211; PKPEF\"}]},{\"@type\":\"WebSite\",\"@id\":\"https:\/\/www.pravo.unizg.hr\/#website\",\"url\":\"https:\/\/www.pravo.unizg.hr\/\",\"name\":\"Faculty of law\",\"description\":\"\",\"potentialAction\":[{\"@type\":\"SearchAction\",\"target\":{\"@type\":\"EntryPoint\",\"urlTemplate\":\"https:\/\/www.pravo.unizg.hr\/?s={search_term_string}\"},\"query-input\":\"required name=search_term_string\"}],\"inLanguage\":\"en-US\"}]}<\/script>\n<!-- \/ Yoast SEO plugin. -->","yoast_head_json":{"title":"Utjecaj pravne kulture na pozitivnopravne i ekonomske fenomene - PKPEF - Faculty of law","robots":{"index":"index","follow":"follow","max-snippet":"max-snippet:-1","max-image-preview":"max-image-preview:large","max-video-preview":"max-video-preview:-1"},"canonical":"https:\/\/www.pravo.unizg.hr\/en\/pkpef\/","og_locale":"en_US","og_type":"article","og_title":"Utjecaj pravne kulture na pozitivnopravne i ekonomske fenomene - PKPEF - Faculty of law","og_description":"&nbsp; Naziv projekta Utjecaj pravne kulture na pozitivno pravne i...","og_url":"https:\/\/www.pravo.unizg.hr\/en\/pkpef\/","og_site_name":"Faculty of law","article_modified_time":"2026-03-23T08:56:18+00:00","og_image":[{"url":"https:\/\/www.pravo.unizg.hr\/wp-content\/uploads\/2025\/10\/next-generation-eu-300x72.png"}],"twitter_card":"summary_large_image","twitter_misc":{"Est. reading time":"3 minutes"},"schema":{"@context":"https:\/\/schema.org","@graph":[{"@type":"WebPage","@id":"https:\/\/www.pravo.unizg.hr\/en\/pkpef\/","url":"https:\/\/www.pravo.unizg.hr\/en\/pkpef\/","name":"Utjecaj pravne kulture na pozitivnopravne i ekonomske fenomene - PKPEF - Faculty of law","isPartOf":{"@id":"https:\/\/www.pravo.unizg.hr\/#website"},"datePublished":"2025-10-21T07:10:10+00:00","dateModified":"2026-03-23T08:56:18+00:00","breadcrumb":{"@id":"https:\/\/www.pravo.unizg.hr\/en\/pkpef\/#breadcrumb"},"inLanguage":"en-US","potentialAction":[{"@type":"ReadAction","target":["https:\/\/www.pravo.unizg.hr\/en\/pkpef\/"]}]},{"@type":"BreadcrumbList","@id":"https:\/\/www.pravo.unizg.hr\/en\/pkpef\/#breadcrumb","itemListElement":[{"@type":"ListItem","position":1,"name":"Homepage","item":"https:\/\/www.pravo.unizg.hr\/en\/"},{"@type":"ListItem","position":2,"name":"Projects","item":"https:\/\/www.pravo.unizg.hr\/en\/projects\/"},{"@type":"ListItem","position":3,"name":"Institucionalni istra\u017eiva\u010dki projekti","item":"https:\/\/www.pravo.unizg.hr\/en\/projects\/institucionalni-istrazivacki-projekti\/"},{"@type":"ListItem","position":4,"name":"Utjecaj pravne kulture na pozitivnopravne i ekonomske fenomene &#8211; PKPEF"}]},{"@type":"WebSite","@id":"https:\/\/www.pravo.unizg.hr\/#website","url":"https:\/\/www.pravo.unizg.hr\/","name":"Faculty of law","description":"","potentialAction":[{"@type":"SearchAction","target":{"@type":"EntryPoint","urlTemplate":"https:\/\/www.pravo.unizg.hr\/?s={search_term_string}"},"query-input":"required name=search_term_string"}],"inLanguage":"en-US"}]}},"_links":{"self":[{"href":"https:\/\/www.pravo.unizg.hr\/en\/wp-json\/wp\/v2\/pages\/33721","targetHints":{"allow":["GET"]}}],"collection":[{"href":"https:\/\/www.pravo.unizg.hr\/en\/wp-json\/wp\/v2\/pages"}],"about":[{"href":"https:\/\/www.pravo.unizg.hr\/en\/wp-json\/wp\/v2\/types\/page"}],"author":[{"embeddable":true,"href":"https:\/\/www.pravo.unizg.hr\/en\/wp-json\/wp\/v2\/users\/511"}],"replies":[{"embeddable":true,"href":"https:\/\/www.pravo.unizg.hr\/en\/wp-json\/wp\/v2\/comments?post=33721"}],"version-history":[{"count":1,"href":"https:\/\/www.pravo.unizg.hr\/en\/wp-json\/wp\/v2\/pages\/33721\/revisions"}],"predecessor-version":[{"id":33724,"href":"https:\/\/www.pravo.unizg.hr\/en\/wp-json\/wp\/v2\/pages\/33721\/revisions\/33724"}],"up":[{"embeddable":true,"href":"https:\/\/www.pravo.unizg.hr\/en\/wp-json\/wp\/v2\/pages\/33665"}],"wp:attachment":[{"href":"https:\/\/www.pravo.unizg.hr\/en\/wp-json\/wp\/v2\/media?parent=33721"}],"curies":[{"name":"wp","href":"https:\/\/api.w.org\/{rel}","templated":true}]}}