{"id":33717,"date":"2025-10-21T07:58:11","date_gmt":"2025-10-21T06:58:11","guid":{"rendered":"https:\/\/www.pravo.unizg.hr\/projects\/institucionalni-istrazivacki-projekti\/otpor\/"},"modified":"2026-03-23T09:55:37","modified_gmt":"2026-03-23T08:55:37","slug":"otpor","status":"publish","type":"page","link":"https:\/\/www.pravo.unizg.hr\/en\/otpor","title":{"rendered":"Inovacije za otpornu javnu upravu: istra\u017eivanje i ja\u010danje kapaciteta za javno upravljanje u vi\u0161estrukim krizama &#8211; OTPOR"},"content":{"rendered":"<p><img loading=\"lazy\" decoding=\"async\" class=\"size-medium wp-image-28800 alignright\" src=\"https:\/\/www.pravo.unizg.hr\/wp-content\/uploads\/2025\/10\/next-generation-eu-300x72.png\" alt=\"\" width=\"300\" height=\"72\" srcset=\"https:\/\/www.pravo.unizg.hr\/wp-content\/uploads\/2025\/10\/next-generation-eu-300x72.png 300w, https:\/\/www.pravo.unizg.hr\/wp-content\/uploads\/2025\/10\/next-generation-eu-768x184.png 768w, https:\/\/www.pravo.unizg.hr\/wp-content\/uploads\/2025\/10\/next-generation-eu.png 1020w\" sizes=\"auto, (max-width: 300px) 100vw, 300px\" \/><\/p>\n<p>&nbsp;<\/p>\n<p><span style=\"color: #8b0b05;\"><span style=\"color: #000000;\">Naziv projekta<\/span><strong><br \/>\nInovacije za otpornu javnu upravu: istra\u017eivanje i ja\u010danje kapaciteta za javno upravljanje u vi\u0161estrukim krizama<br \/>\n<\/strong><\/span><\/p>\n<p style=\"padding-left: 40px;\">Akronim<br \/>\n<strong>OTPOR<\/strong><\/p>\n<p style=\"padding-left: 40px;\">Trajanje projekta<br \/>\n<strong>48 mjeseci<\/strong><\/p>\n<p style=\"padding-left: 40px;\">Voditelj projekta<br \/>\n<strong>prof. dr. sc. Vedran \u0110ulabi\u0107<\/strong><\/p>\n<p style=\"padding-left: 40px;\">\u010clanice\/\u010dlanovi istra\u017eiva\u010dkog tima<br \/>\n<strong>prof. dr. sc. Gordana Mar\u010deti\u0107<\/strong>,<br \/>\nKatedra za upravnu znanost, Pravni fakultet Sveu\u010dili\u0161ta u Zagrebu<br \/>\n<strong>prof. dr. sc. Ivan Kopri\u0107<\/strong>,<strong><br \/>\n<\/strong>Katedra za upravnu znanost, Pravni fakultet Sveu\u010dili\u0161ta u Zagrebu<strong><br \/>\n<\/strong><strong>prof. dr. sc. Anamarija Musa<\/strong>,<br \/>\nKatedra za upravnu znanost, Pravni fakultet Sveu\u010dili\u0161ta u Zagrebu<br \/>\n<strong>prof. dr. sc. Goranka Lali\u0107 Novak<\/strong>,<br \/>\nKatedra za upravnu znanost, Pravni fakultet Sveu\u010dili\u0161ta u Zagrebu<br \/>\n<strong>izv.prof. dr. sc. Mihovil \u0160karica<\/strong>,<br \/>\nKatedra za upravnu znanost, Pravni fakultet Sveu\u010dili\u0161ta u Zagrebu<br \/>\n<strong>izv. prof. dr. sc. Jasmina D\u017eini\u0107<\/strong>,<br \/>\nKatedra za upravnu znanost, Pravni fakultet Sveu\u010dili\u0161ta u Zagrebu<br \/>\n<strong>izv. prof. dr. sc. Romea Manojlovi\u0107 Toman<\/strong>,<strong><br \/>\n<\/strong>Katedra za upravnu znanost, Pravni fakultet Sveu\u010dili\u0161ta u Zagrebu<strong><br \/>\n<\/strong><strong>izv. prof. dr. sc. Teo Giljevi\u0107<\/strong>,<br \/>\nKatedra za upravnu znanost, Pravni fakultet Sveu\u010dili\u0161ta u Zagrebu<br \/>\n<strong>izv. prof. dr. sc. Tijana Vukoji\u010di\u0107 Tomi\u0107<\/strong>,<br \/>\nKatedra za upravnu znanost, Pravni fakultet Sveu\u010dili\u0161ta u Zagrebu<br \/>\n<strong>doc. dr. sc. Iva Lopi\u017ei\u0107<\/strong>,<br \/>\nKatedra za upravnu znanost, Pravni fakultet Sveu\u010dili\u0161ta u Zagrebu<br \/>\n<strong>doc. dr. sc. Petra \u0110urman<\/strong>,<br \/>\nKatedra za upravnu znanost, Pravni fakultet Sveu\u010dili\u0161ta u Zagrebu<br \/>\n<strong>Karlo Ko\u017eina, <\/strong><strong>spec. iur.<\/strong>,<br \/>\nKatedra za upravnu znanost, Pravni fakultet Sveu\u010dili\u0161ta u Zagrebu<\/p>\n<p>&nbsp;<\/p>\n<p style=\"padding-left: 40px;\"><strong>Sa\u017eetak projekta<\/strong><\/p>\n<p style=\"text-align: justify; padding-left: 40px;\">Projekt Inovacije za otpornu javnu upravu: istra\u017eivanje i ja\u010danje kapaciteta za javno upravljanje u vi\u0161estrukim krizama (OTPOR) spaja doktrinarni koncept upravnih inovacija s potrebom ja\u010danja kapaciteta za otpornost razli\u010ditih tijela javne uprave u upravljanju koje je obilje\u017eeno vi\u0161estrukim krizama (zdravstvena, sigurnosna, klimatska, migracije, prirodne nepogode, kriza demokracije i sl.). Tijela javne uprave na dr\u017eavnoj, regionalnoj i lokalnoj razini te u javnim slu\u017ebama imaju zna\u010dajnu ulogu u suo\u010davanju s vi\u0161estrukim krizama. Pri tome je potrebno izna\u0107i nove, \u010desto inovativne alate, koji mogu poslu\u017eiti kao odgovor na krize.<\/p>\n<p style=\"text-align: justify; padding-left: 40px;\">U okviru projekta OTPOR poduzet \u0107e se istra\u017eiva\u010dke, nastavne i javno-prezentacijske aktivnosti koje \u0107e obuhvatiti nekoliko temeljnih dimenzija javnog upravljanja u kontekstu inovacija i odgovora na vi\u0161estruke krize. Istra\u017euju se inovacije u podru\u010dju javnog menad\u017ementa koje imaju za cilj analizirati postoje\u0107e inovacije i predlo\u017eiti nove koje se mogu koristiti u odgovorima na opake javne probleme (wicked problems). Istra\u017eit \u0107e se ljudski potencijali i vodstvo za ja\u010danje otpornosti javne uprave. Evaluirat \u0107e se slu\u017ebeni\u010dko zakonodavstvo i metode upravljanja ljudskim potencijalima koje poma\u017eu ja\u010danju kapaciteta u javnoj upravi. Jedan od istra\u017eiva\u010dkih smjerova je analiza koordinacije, organizacije, procesa i suradnje u vi\u0161erazinskom okru\u017eenju (multi-level governance). Pitanja koordinacije te organizacijskih, procesnih i kolaborativnih aspekata vi\u0161erazinskog upravljanja posebno dolaze do izra\u017eaja u suo\u010davanju s vi\u0161estrukim krizama. Projekt analizira i podru\u010dje umjetne inteligencije u javnoj upravi te potrebnog unapre\u0111enja digitalne infrastrukture.<\/p>\n<p style=\"text-align: justify; padding-left: 40px;\">Projekt se temelji na komparativnoj dimenziji kroz koju \u0107e se navedena pitanja analizirati u komparativnim europskim i svjetskim upravnim sustavima, a rezultati projektnih aktivnosti predstavit \u0107e se na doma\u0107im i me\u0111unarodnim znanstvenim i stru\u010dnim skupovima te popularizirati kroz razli\u010dite aktivnosti.<\/p>\n","protected":false},"excerpt":{"rendered":"<p>&nbsp; Naziv projekta Inovacije za otpornu javnu upravu: istra\u017eivanje i&#8230;<\/p>\n","protected":false},"author":511,"featured_media":0,"parent":33665,"menu_order":0,"comment_status":"closed","ping_status":"closed","template":"","meta":{"footnotes":""},"class_list":["post-33717","page","type-page","status-publish","hentry"],"pp_force_visibility":null,"pp_subpost_visibility":null,"pp_inherited_force_visibility":null,"pp_inherited_subpost_visibility":null,"acf":[],"yoast_head":"<!-- This site is optimized with the Yoast SEO plugin v20.1 - https:\/\/yoast.com\/wordpress\/plugins\/seo\/ -->\n<title>Inovacije za otpornu javnu upravu: istra\u017eivanje i ja\u010danje kapaciteta za javno upravljanje u vi\u0161estrukim krizama - OTPOR - Faculty of law<\/title>\n<meta name=\"robots\" content=\"index, follow, max-snippet:-1, max-image-preview:large, max-video-preview:-1\" \/>\n<link rel=\"canonical\" href=\"https:\/\/www.pravo.unizg.hr\/en\/otpor\/\" \/>\n<meta property=\"og:locale\" content=\"en_US\" \/>\n<meta property=\"og:type\" content=\"article\" \/>\n<meta property=\"og:title\" content=\"Inovacije za otpornu javnu upravu: istra\u017eivanje i ja\u010danje kapaciteta za javno upravljanje u vi\u0161estrukim krizama - OTPOR - Faculty of law\" \/>\n<meta property=\"og:description\" content=\"&nbsp; Naziv projekta Inovacije za otpornu javnu upravu: istra\u017eivanje i...\" \/>\n<meta property=\"og:url\" content=\"https:\/\/www.pravo.unizg.hr\/en\/otpor\/\" \/>\n<meta property=\"og:site_name\" content=\"Faculty of law\" \/>\n<meta property=\"article:modified_time\" content=\"2026-03-23T08:55:37+00:00\" \/>\n<meta property=\"og:image\" content=\"https:\/\/www.pravo.unizg.hr\/wp-content\/uploads\/2025\/10\/next-generation-eu-300x72.png\" \/>\n<meta name=\"twitter:card\" content=\"summary_large_image\" \/>\n<meta name=\"twitter:label1\" content=\"Est. reading time\" \/>\n\t<meta name=\"twitter:data1\" content=\"3 minutes\" \/>\n<script type=\"application\/ld+json\" class=\"yoast-schema-graph\">{\"@context\":\"https:\/\/schema.org\",\"@graph\":[{\"@type\":\"WebPage\",\"@id\":\"https:\/\/www.pravo.unizg.hr\/en\/otpor\/\",\"url\":\"https:\/\/www.pravo.unizg.hr\/en\/otpor\/\",\"name\":\"Inovacije za otpornu javnu upravu: istra\u017eivanje i ja\u010danje kapaciteta za javno upravljanje u vi\u0161estrukim krizama - OTPOR - Faculty of law\",\"isPartOf\":{\"@id\":\"https:\/\/www.pravo.unizg.hr\/#website\"},\"datePublished\":\"2025-10-21T06:58:11+00:00\",\"dateModified\":\"2026-03-23T08:55:37+00:00\",\"breadcrumb\":{\"@id\":\"https:\/\/www.pravo.unizg.hr\/en\/otpor\/#breadcrumb\"},\"inLanguage\":\"en-US\",\"potentialAction\":[{\"@type\":\"ReadAction\",\"target\":[\"https:\/\/www.pravo.unizg.hr\/en\/otpor\/\"]}]},{\"@type\":\"BreadcrumbList\",\"@id\":\"https:\/\/www.pravo.unizg.hr\/en\/otpor\/#breadcrumb\",\"itemListElement\":[{\"@type\":\"ListItem\",\"position\":1,\"name\":\"Homepage\",\"item\":\"https:\/\/www.pravo.unizg.hr\/en\/\"},{\"@type\":\"ListItem\",\"position\":2,\"name\":\"Projects\",\"item\":\"https:\/\/www.pravo.unizg.hr\/en\/projects\/\"},{\"@type\":\"ListItem\",\"position\":3,\"name\":\"Institucionalni istra\u017eiva\u010dki projekti\",\"item\":\"https:\/\/www.pravo.unizg.hr\/en\/projects\/institucionalni-istrazivacki-projekti\/\"},{\"@type\":\"ListItem\",\"position\":4,\"name\":\"Inovacije za otpornu javnu upravu: istra\u017eivanje i ja\u010danje kapaciteta za javno upravljanje u vi\u0161estrukim krizama &#8211; OTPOR\"}]},{\"@type\":\"WebSite\",\"@id\":\"https:\/\/www.pravo.unizg.hr\/#website\",\"url\":\"https:\/\/www.pravo.unizg.hr\/\",\"name\":\"Faculty of law\",\"description\":\"\",\"potentialAction\":[{\"@type\":\"SearchAction\",\"target\":{\"@type\":\"EntryPoint\",\"urlTemplate\":\"https:\/\/www.pravo.unizg.hr\/?s={search_term_string}\"},\"query-input\":\"required name=search_term_string\"}],\"inLanguage\":\"en-US\"}]}<\/script>\n<!-- \/ Yoast SEO plugin. -->","yoast_head_json":{"title":"Inovacije za otpornu javnu upravu: istra\u017eivanje i ja\u010danje kapaciteta za javno upravljanje u vi\u0161estrukim krizama - OTPOR - Faculty of law","robots":{"index":"index","follow":"follow","max-snippet":"max-snippet:-1","max-image-preview":"max-image-preview:large","max-video-preview":"max-video-preview:-1"},"canonical":"https:\/\/www.pravo.unizg.hr\/en\/otpor\/","og_locale":"en_US","og_type":"article","og_title":"Inovacije za otpornu javnu upravu: istra\u017eivanje i ja\u010danje kapaciteta za javno upravljanje u vi\u0161estrukim krizama - OTPOR - Faculty of law","og_description":"&nbsp; Naziv projekta Inovacije za otpornu javnu upravu: istra\u017eivanje i...","og_url":"https:\/\/www.pravo.unizg.hr\/en\/otpor\/","og_site_name":"Faculty of law","article_modified_time":"2026-03-23T08:55:37+00:00","og_image":[{"url":"https:\/\/www.pravo.unizg.hr\/wp-content\/uploads\/2025\/10\/next-generation-eu-300x72.png"}],"twitter_card":"summary_large_image","twitter_misc":{"Est. reading time":"3 minutes"},"schema":{"@context":"https:\/\/schema.org","@graph":[{"@type":"WebPage","@id":"https:\/\/www.pravo.unizg.hr\/en\/otpor\/","url":"https:\/\/www.pravo.unizg.hr\/en\/otpor\/","name":"Inovacije za otpornu javnu upravu: istra\u017eivanje i ja\u010danje kapaciteta za javno upravljanje u vi\u0161estrukim krizama - OTPOR - Faculty of law","isPartOf":{"@id":"https:\/\/www.pravo.unizg.hr\/#website"},"datePublished":"2025-10-21T06:58:11+00:00","dateModified":"2026-03-23T08:55:37+00:00","breadcrumb":{"@id":"https:\/\/www.pravo.unizg.hr\/en\/otpor\/#breadcrumb"},"inLanguage":"en-US","potentialAction":[{"@type":"ReadAction","target":["https:\/\/www.pravo.unizg.hr\/en\/otpor\/"]}]},{"@type":"BreadcrumbList","@id":"https:\/\/www.pravo.unizg.hr\/en\/otpor\/#breadcrumb","itemListElement":[{"@type":"ListItem","position":1,"name":"Homepage","item":"https:\/\/www.pravo.unizg.hr\/en\/"},{"@type":"ListItem","position":2,"name":"Projects","item":"https:\/\/www.pravo.unizg.hr\/en\/projects\/"},{"@type":"ListItem","position":3,"name":"Institucionalni istra\u017eiva\u010dki projekti","item":"https:\/\/www.pravo.unizg.hr\/en\/projects\/institucionalni-istrazivacki-projekti\/"},{"@type":"ListItem","position":4,"name":"Inovacije za otpornu javnu upravu: istra\u017eivanje i ja\u010danje kapaciteta za javno upravljanje u vi\u0161estrukim krizama &#8211; OTPOR"}]},{"@type":"WebSite","@id":"https:\/\/www.pravo.unizg.hr\/#website","url":"https:\/\/www.pravo.unizg.hr\/","name":"Faculty of law","description":"","potentialAction":[{"@type":"SearchAction","target":{"@type":"EntryPoint","urlTemplate":"https:\/\/www.pravo.unizg.hr\/?s={search_term_string}"},"query-input":"required name=search_term_string"}],"inLanguage":"en-US"}]}},"_links":{"self":[{"href":"https:\/\/www.pravo.unizg.hr\/en\/wp-json\/wp\/v2\/pages\/33717","targetHints":{"allow":["GET"]}}],"collection":[{"href":"https:\/\/www.pravo.unizg.hr\/en\/wp-json\/wp\/v2\/pages"}],"about":[{"href":"https:\/\/www.pravo.unizg.hr\/en\/wp-json\/wp\/v2\/types\/page"}],"author":[{"embeddable":true,"href":"https:\/\/www.pravo.unizg.hr\/en\/wp-json\/wp\/v2\/users\/511"}],"replies":[{"embeddable":true,"href":"https:\/\/www.pravo.unizg.hr\/en\/wp-json\/wp\/v2\/comments?post=33717"}],"version-history":[{"count":1,"href":"https:\/\/www.pravo.unizg.hr\/en\/wp-json\/wp\/v2\/pages\/33717\/revisions"}],"predecessor-version":[{"id":33720,"href":"https:\/\/www.pravo.unizg.hr\/en\/wp-json\/wp\/v2\/pages\/33717\/revisions\/33720"}],"up":[{"embeddable":true,"href":"https:\/\/www.pravo.unizg.hr\/en\/wp-json\/wp\/v2\/pages\/33665"}],"wp:attachment":[{"href":"https:\/\/www.pravo.unizg.hr\/en\/wp-json\/wp\/v2\/media?parent=33717"}],"curies":[{"name":"wp","href":"https:\/\/api.w.org\/{rel}","templated":true}]}}