{"id":33716,"date":"2025-10-20T13:48:53","date_gmt":"2025-10-20T12:48:53","guid":{"rendered":"https:\/\/www.pravo.unizg.hr\/projects\/institucionalni-istrazivacki-projekti\/nina\/"},"modified":"2026-03-23T09:55:31","modified_gmt":"2026-03-23T08:55:31","slug":"nina","status":"publish","type":"page","link":"https:\/\/www.pravo.unizg.hr\/en\/nina","title":{"rendered":"Norme, institucije, nacionalni i me\u0111unarodni okviri za\u0161tite prava \u017eena &#8211; NINA"},"content":{"rendered":"<p><img loading=\"lazy\" decoding=\"async\" class=\"size-medium wp-image-28800 alignright\" src=\"https:\/\/www.pravo.unizg.hr\/wp-content\/uploads\/2025\/10\/next-generation-eu-300x72.png\" alt=\"\" width=\"300\" height=\"72\" srcset=\"https:\/\/www.pravo.unizg.hr\/wp-content\/uploads\/2025\/10\/next-generation-eu-300x72.png 300w, https:\/\/www.pravo.unizg.hr\/wp-content\/uploads\/2025\/10\/next-generation-eu-768x184.png 768w, https:\/\/www.pravo.unizg.hr\/wp-content\/uploads\/2025\/10\/next-generation-eu.png 1020w\" sizes=\"auto, (max-width: 300px) 100vw, 300px\" \/><\/p>\n<p>&nbsp;<\/p>\n<p><span style=\"color: #8b0b05;\"><span style=\"color: #000000;\">Naziv projekta<\/span><strong><br \/>\nNorme, institucije, nacionalni i me\u0111unarodni okviri za\u0161tite prava \u017eena<br \/>\n<\/strong><\/span><\/p>\n<p style=\"padding-left: 40px;\">Akronim<br \/>\n<strong>NINA<\/strong><\/p>\n<p style=\"padding-left: 40px;\">Trajanje projekta<br \/>\n<strong>48 mjeseci<\/strong><\/p>\n<p style=\"padding-left: 40px;\">Voditeljica projekta<br \/>\n<strong>izv. prof. dr. sc. Antonija Petri\u010du\u0161i\u0107<\/strong><\/p>\n<p style=\"padding-left: 40px;\">\u010clanice\/\u010dlanovi istra\u017eiva\u010dkog tima<br \/>\n<strong>izv. prof. dr. sc. Ana Horvat Vukovi\u0107<\/strong>,<br \/>\nKatedra za ustavno pravo, Pravni fakultet Sveu\u010dili\u0161ta u Zagrebu<br \/>\n<strong>prof. dr. sc. Ivana Jaramaz Resku\u0161i\u0107<\/strong>,<strong><br \/>\n<\/strong>Katedra za rimsko pravo, Pravni fakultet Sveu\u010dili\u0161ta u Zagrebu<strong><br \/>\n<\/strong><strong>prof. dr. sc. Olja Dru\u017ei\u0107 Ljubotina<\/strong>,<br \/>\nKatedra za teoriju i metode socijalnog rada, Pravni fakultet Sveu\u010dili\u0161ta u Zagrebu<br \/>\n<strong>prof. dr. sc. Lana Ofak<\/strong>,<br \/>\nKatedra za upravno pravo, Pravni fakultet Sveu\u010dili\u0161ta u Zagrebu<br \/>\n<strong>prof. dr. sc. Nina Gumzej<\/strong>,<br \/>\nKatedra za pravo informacijskih tehnologija i informatiku, Pravni fakultet Sveu\u010dili\u0161ta u Zagrebu<br \/>\n<strong>Andreja File\u0161-Ru\u017ei\u0107<\/strong>,<br \/>\ndoktorandica na doktorskom studiju Pravne znanosti (Pravni fakultet Sveu\u010dili\u0161ta u Zagrebu)<br \/>\n<strong>Adriana Pranji\u0107<\/strong>,<br \/>\ndoktorandica na doktorskom studiju Pravne znanosti (Pravni fakultet Sveu\u010dili\u0161ta u Zagrebu)<\/p>\n<p style=\"padding-left: 40px;\">Istra\u017eiva\u010dice suradnice<br \/>\n<strong>dr. sc. Dubravka \u0160imonovi\u0107<\/strong>,<br \/>\nbiv\u0161a UN-ova izvjestiteljica o nasilju nad \u017eenama te predsjednica CEDAW Odbora<br \/>\n<strong>dr. sc. Ivana Rada\u010di\u0107<\/strong>,<br \/>\nznanstvena savjetnica s Instituta dru\u0161tvenih znanosti Ivo Pilar te dopredsjednica Radne skupe UN-a o diskriminaciji \u017eena i djevoj\u010dica<\/p>\n<p>&nbsp;<\/p>\n<p style=\"padding-left: 40px;\"><strong>Sa\u017eetak projekta<\/strong><\/p>\n<p style=\"text-align: justify; padding-left: 40px;\">Cilj institucionalnog istra\u017eiva\u010dkog projekta NINA je utvrditi stupanj implementacije i u\u010dinkovitosti me\u0111unarodnih izvora prava \u017eena u hrvatskom pravnom i institucionalnom okviru. Primjenom kvalitativne metodologije istra\u017eit \u0107emo primjenu odredbi Konvencije Ujedinjenih naroda o uklanjanju svih oblika diskriminacije \u017eena (CEDAW), Pekin\u0161ke platforme za djelovanje i Konvencije Vije\u0107a Europe o spre\u010davanju i borbi protiv nasilja nad \u017eenama i nasilja u obitelji. Provedbom kvalitativnog istra\u017eivanja i diskursnom analizom dokumenata javne politike analizirat \u0107emo provedbu politike ravnopravnosti spolova i unaprje\u0111enja mehanizama za\u0161tite \u017eena od nasilja. Projekt uklju\u010duje i analizu povijesnog razvoja \u017eenskih prava, kao i analizu dru\u0161tvenih i politi\u010dkih otpora njihovoj realizaciji. Rezultati istra\u017eivanja poslu\u017eit \u0107e kao temelj za policy preporuke usmjerene prema institucijama javne vlasti i civilnog dru\u0161tva. Uz istra\u017eiva\u010dku, projekt ima i popularizacijsku komponentu: diseminaciju znanstvenih rezultata kroz objave u me\u0111unarodnim \u010dasopisima i sudjelovanjem na znanstvenim skupovima, organizaciju me\u0111unarodne znanstvene konferencije, izradu policy dokumenata te razvoj i uspostavu akreditiranog poslijediplomskog te\u010daja o pravima \u017eena. Uklju\u010duje i studente kroz radionice, gostuju\u0107a predavanja i mentorstva zavr\u0161nih i diplomskih radova. Projektne aktivnosti promovirat \u0107e se putem mre\u017enih i dru\u0161tvenih kanala fakulteta. Inovativnost projekta proizlazi iz interdisciplinarnog pristupa istra\u017eivanju te kombiniranja pravne analize i feministi\u010dke epistemologije u ocjeni u\u010dinkovitosti me\u0111unarodnih normi u hrvatskom pravnom sustavu. Diseminacijske aktivnosti (radionice, online resursi, suradnja sa studentima, javnim vlastima i civilnim dru\u0161tvom) omogu\u0107uju primjenu rezultata izvan akademske zajednice, poti\u010du\u0107i konkretne javnopoliti\u010dke promjene.<\/p>\n<p><img loading=\"lazy\" decoding=\"async\" class=\"aligncenter size-full wp-image-33397\" src=\"https:\/\/www.pravo.unizg.hr\/wp-content\/uploads\/2026\/03\/IIP-NINA_logo.jpg\" alt=\"\" width=\"1600\" height=\"1131\" srcset=\"https:\/\/www.pravo.unizg.hr\/wp-content\/uploads\/2026\/03\/IIP-NINA_logo.jpg 1600w, https:\/\/www.pravo.unizg.hr\/wp-content\/uploads\/2026\/03\/IIP-NINA_logo-300x212.jpg 300w, https:\/\/www.pravo.unizg.hr\/wp-content\/uploads\/2026\/03\/IIP-NINA_logo-1024x724.jpg 1024w, https:\/\/www.pravo.unizg.hr\/wp-content\/uploads\/2026\/03\/IIP-NINA_logo-768x543.jpg 768w, https:\/\/www.pravo.unizg.hr\/wp-content\/uploads\/2026\/03\/IIP-NINA_logo-1536x1086.jpg 1536w\" sizes=\"auto, (max-width: 1600px) 100vw, 1600px\" \/><\/p>\n","protected":false},"excerpt":{"rendered":"<p>&nbsp; Naziv projekta Norme, institucije, nacionalni i me\u0111unarodni okviri za\u0161tite&#8230;<\/p>\n","protected":false},"author":511,"featured_media":0,"parent":33665,"menu_order":0,"comment_status":"closed","ping_status":"closed","template":"","meta":{"footnotes":""},"class_list":["post-33716","page","type-page","status-publish","hentry"],"pp_force_visibility":null,"pp_subpost_visibility":null,"pp_inherited_force_visibility":null,"pp_inherited_subpost_visibility":null,"acf":[],"yoast_head":"<!-- This site is optimized with the Yoast SEO plugin v20.1 - https:\/\/yoast.com\/wordpress\/plugins\/seo\/ -->\n<title>Norme, institucije, nacionalni i me\u0111unarodni okviri za\u0161tite prava \u017eena - NINA - Faculty of law<\/title>\n<meta name=\"robots\" content=\"index, follow, max-snippet:-1, max-image-preview:large, max-video-preview:-1\" \/>\n<link rel=\"canonical\" href=\"https:\/\/www.pravo.unizg.hr\/en\/nina\/\" \/>\n<meta property=\"og:locale\" content=\"en_US\" \/>\n<meta property=\"og:type\" content=\"article\" \/>\n<meta property=\"og:title\" content=\"Norme, institucije, nacionalni i me\u0111unarodni okviri za\u0161tite prava \u017eena - NINA - Faculty of law\" \/>\n<meta property=\"og:description\" content=\"&nbsp; Naziv projekta Norme, institucije, nacionalni i me\u0111unarodni okviri za\u0161tite...\" \/>\n<meta property=\"og:url\" content=\"https:\/\/www.pravo.unizg.hr\/en\/nina\/\" \/>\n<meta property=\"og:site_name\" content=\"Faculty of law\" \/>\n<meta property=\"article:modified_time\" content=\"2026-03-23T08:55:31+00:00\" \/>\n<meta property=\"og:image\" content=\"https:\/\/www.pravo.unizg.hr\/wp-content\/uploads\/2025\/10\/next-generation-eu-300x72.png\" \/>\n<meta name=\"twitter:card\" content=\"summary_large_image\" \/>\n<meta name=\"twitter:label1\" content=\"Est. reading time\" \/>\n\t<meta name=\"twitter:data1\" content=\"2 minutes\" \/>\n<script type=\"application\/ld+json\" class=\"yoast-schema-graph\">{\"@context\":\"https:\/\/schema.org\",\"@graph\":[{\"@type\":\"WebPage\",\"@id\":\"https:\/\/www.pravo.unizg.hr\/en\/nina\/\",\"url\":\"https:\/\/www.pravo.unizg.hr\/en\/nina\/\",\"name\":\"Norme, institucije, nacionalni i me\u0111unarodni okviri za\u0161tite prava \u017eena - NINA - Faculty of law\",\"isPartOf\":{\"@id\":\"https:\/\/www.pravo.unizg.hr\/#website\"},\"datePublished\":\"2025-10-20T12:48:53+00:00\",\"dateModified\":\"2026-03-23T08:55:31+00:00\",\"breadcrumb\":{\"@id\":\"https:\/\/www.pravo.unizg.hr\/en\/nina\/#breadcrumb\"},\"inLanguage\":\"en-US\",\"potentialAction\":[{\"@type\":\"ReadAction\",\"target\":[\"https:\/\/www.pravo.unizg.hr\/en\/nina\/\"]}]},{\"@type\":\"BreadcrumbList\",\"@id\":\"https:\/\/www.pravo.unizg.hr\/en\/nina\/#breadcrumb\",\"itemListElement\":[{\"@type\":\"ListItem\",\"position\":1,\"name\":\"Homepage\",\"item\":\"https:\/\/www.pravo.unizg.hr\/en\/\"},{\"@type\":\"ListItem\",\"position\":2,\"name\":\"Projects\",\"item\":\"https:\/\/www.pravo.unizg.hr\/en\/projects\/\"},{\"@type\":\"ListItem\",\"position\":3,\"name\":\"Institucionalni istra\u017eiva\u010dki projekti\",\"item\":\"https:\/\/www.pravo.unizg.hr\/en\/projects\/institucionalni-istrazivacki-projekti\/\"},{\"@type\":\"ListItem\",\"position\":4,\"name\":\"Norme, institucije, nacionalni i me\u0111unarodni okviri za\u0161tite prava \u017eena &#8211; NINA\"}]},{\"@type\":\"WebSite\",\"@id\":\"https:\/\/www.pravo.unizg.hr\/#website\",\"url\":\"https:\/\/www.pravo.unizg.hr\/\",\"name\":\"Faculty of law\",\"description\":\"\",\"potentialAction\":[{\"@type\":\"SearchAction\",\"target\":{\"@type\":\"EntryPoint\",\"urlTemplate\":\"https:\/\/www.pravo.unizg.hr\/?s={search_term_string}\"},\"query-input\":\"required name=search_term_string\"}],\"inLanguage\":\"en-US\"}]}<\/script>\n<!-- \/ Yoast SEO plugin. -->","yoast_head_json":{"title":"Norme, institucije, nacionalni i me\u0111unarodni okviri za\u0161tite prava \u017eena - NINA - Faculty of law","robots":{"index":"index","follow":"follow","max-snippet":"max-snippet:-1","max-image-preview":"max-image-preview:large","max-video-preview":"max-video-preview:-1"},"canonical":"https:\/\/www.pravo.unizg.hr\/en\/nina\/","og_locale":"en_US","og_type":"article","og_title":"Norme, institucije, nacionalni i me\u0111unarodni okviri za\u0161tite prava \u017eena - NINA - Faculty of law","og_description":"&nbsp; Naziv projekta Norme, institucije, nacionalni i me\u0111unarodni okviri za\u0161tite...","og_url":"https:\/\/www.pravo.unizg.hr\/en\/nina\/","og_site_name":"Faculty of law","article_modified_time":"2026-03-23T08:55:31+00:00","og_image":[{"url":"https:\/\/www.pravo.unizg.hr\/wp-content\/uploads\/2025\/10\/next-generation-eu-300x72.png"}],"twitter_card":"summary_large_image","twitter_misc":{"Est. reading time":"2 minutes"},"schema":{"@context":"https:\/\/schema.org","@graph":[{"@type":"WebPage","@id":"https:\/\/www.pravo.unizg.hr\/en\/nina\/","url":"https:\/\/www.pravo.unizg.hr\/en\/nina\/","name":"Norme, institucije, nacionalni i me\u0111unarodni okviri za\u0161tite prava \u017eena - NINA - Faculty of law","isPartOf":{"@id":"https:\/\/www.pravo.unizg.hr\/#website"},"datePublished":"2025-10-20T12:48:53+00:00","dateModified":"2026-03-23T08:55:31+00:00","breadcrumb":{"@id":"https:\/\/www.pravo.unizg.hr\/en\/nina\/#breadcrumb"},"inLanguage":"en-US","potentialAction":[{"@type":"ReadAction","target":["https:\/\/www.pravo.unizg.hr\/en\/nina\/"]}]},{"@type":"BreadcrumbList","@id":"https:\/\/www.pravo.unizg.hr\/en\/nina\/#breadcrumb","itemListElement":[{"@type":"ListItem","position":1,"name":"Homepage","item":"https:\/\/www.pravo.unizg.hr\/en\/"},{"@type":"ListItem","position":2,"name":"Projects","item":"https:\/\/www.pravo.unizg.hr\/en\/projects\/"},{"@type":"ListItem","position":3,"name":"Institucionalni istra\u017eiva\u010dki projekti","item":"https:\/\/www.pravo.unizg.hr\/en\/projects\/institucionalni-istrazivacki-projekti\/"},{"@type":"ListItem","position":4,"name":"Norme, institucije, nacionalni i me\u0111unarodni okviri za\u0161tite prava \u017eena &#8211; NINA"}]},{"@type":"WebSite","@id":"https:\/\/www.pravo.unizg.hr\/#website","url":"https:\/\/www.pravo.unizg.hr\/","name":"Faculty of law","description":"","potentialAction":[{"@type":"SearchAction","target":{"@type":"EntryPoint","urlTemplate":"https:\/\/www.pravo.unizg.hr\/?s={search_term_string}"},"query-input":"required name=search_term_string"}],"inLanguage":"en-US"}]}},"_links":{"self":[{"href":"https:\/\/www.pravo.unizg.hr\/en\/wp-json\/wp\/v2\/pages\/33716","targetHints":{"allow":["GET"]}}],"collection":[{"href":"https:\/\/www.pravo.unizg.hr\/en\/wp-json\/wp\/v2\/pages"}],"about":[{"href":"https:\/\/www.pravo.unizg.hr\/en\/wp-json\/wp\/v2\/types\/page"}],"author":[{"embeddable":true,"href":"https:\/\/www.pravo.unizg.hr\/en\/wp-json\/wp\/v2\/users\/511"}],"replies":[{"embeddable":true,"href":"https:\/\/www.pravo.unizg.hr\/en\/wp-json\/wp\/v2\/comments?post=33716"}],"version-history":[{"count":1,"href":"https:\/\/www.pravo.unizg.hr\/en\/wp-json\/wp\/v2\/pages\/33716\/revisions"}],"predecessor-version":[{"id":33719,"href":"https:\/\/www.pravo.unizg.hr\/en\/wp-json\/wp\/v2\/pages\/33716\/revisions\/33719"}],"up":[{"embeddable":true,"href":"https:\/\/www.pravo.unizg.hr\/en\/wp-json\/wp\/v2\/pages\/33665"}],"wp:attachment":[{"href":"https:\/\/www.pravo.unizg.hr\/en\/wp-json\/wp\/v2\/media?parent=33716"}],"curies":[{"name":"wp","href":"https:\/\/api.w.org\/{rel}","templated":true}]}}