{"id":33715,"date":"2025-10-20T13:43:17","date_gmt":"2025-10-20T12:43:17","guid":{"rendered":"https:\/\/www.pravo.unizg.hr\/projects\/institucionalni-istrazivacki-projekti\/mozak\/"},"modified":"2026-03-23T09:55:21","modified_gmt":"2026-03-23T08:55:21","slug":"mozak","status":"publish","type":"page","link":"https:\/\/www.pravo.unizg.hr\/en\/mozak","title":{"rendered":"Modernizacija \u017ealbenog postupka u kaznenim stvarima u Hrvatskoj: prijedlog reforme utemeljen na komparativno-pravnom i empirijskom istra\u017eivanju &#8211; MoZaK"},"content":{"rendered":"<p><img loading=\"lazy\" decoding=\"async\" class=\"size-medium wp-image-28800 alignright\" src=\"https:\/\/www.pravo.unizg.hr\/wp-content\/uploads\/2025\/10\/next-generation-eu-300x72.png\" alt=\"\" width=\"300\" height=\"72\" srcset=\"https:\/\/www.pravo.unizg.hr\/wp-content\/uploads\/2025\/10\/next-generation-eu-300x72.png 300w, https:\/\/www.pravo.unizg.hr\/wp-content\/uploads\/2025\/10\/next-generation-eu-768x184.png 768w, https:\/\/www.pravo.unizg.hr\/wp-content\/uploads\/2025\/10\/next-generation-eu.png 1020w\" sizes=\"auto, (max-width: 300px) 100vw, 300px\" \/><\/p>\n<p>&nbsp;<\/p>\n<p><span style=\"color: #8b0b05;\"><span style=\"color: #000000;\">Naziv projekta<\/span><strong><br \/>\nModernizacija \u017ealbenog postupka u kaznenim stvarima u Hrvatskoj: prijedlog reforme utemeljen na komparativno-pravnom i empirijskom istra\u017eivanju<br \/>\n<\/strong><\/span><\/p>\n<p style=\"padding-left: 40px;\">Akronim<br \/>\n<strong>MoZaK<\/strong><\/p>\n<p style=\"padding-left: 40px;\">Trajanje projekta<br \/>\n<strong>48 mjeseci<\/strong><\/p>\n<p style=\"padding-left: 40px;\">Voditelj projekta<br \/>\n<strong>izv. prof. dr. sc. Zoran Buri\u0107<\/strong><\/p>\n<p style=\"padding-left: 40px;\">\u010clanice\/\u010dlanovi istra\u017eiva\u010dkog tima<br \/>\n<strong>prof. dr. sc. Zlata \u0110ur\u0111evi\u0107<\/strong>,<br \/>\nKatedra za kazneno procesno pravo, Pravni fakultet Sveu\u010dili\u0161ta u Zagrebu<br \/>\n<strong>prof. dr. sc. Elizabeta Ivi\u010devi\u0107 Karas,<br \/>\n<\/strong>Katedra za kazneno procesno pravo, Pravni fakultet Sveu\u010dili\u0161ta u Zagrebu<strong><br \/>\n<\/strong><strong>izv. prof. dr. sc. Marin Bona\u010di\u0107<\/strong>,<br \/>\nKatedra za kazneno procesno pravo, Pravni fakultet Sveu\u010dili\u0161ta u Zagrebu<br \/>\n<strong>Darija \u017deljko Mrljak, mag. iur.<\/strong>,<br \/>\nKatedra za kazneno procesno pravo, Pravni fakultet Sveu\u010dili\u0161ta u Zagrebu<br \/>\n<strong>Nik\u0161a Vojvoda, mag. iur.<\/strong>,<br \/>\nKatedra za kazneno procesno pravo, Pravni fakultet Sveu\u010dili\u0161ta u Zagrebu<\/p>\n<p>&nbsp;<\/p>\n<p style=\"padding-left: 40px;\"><strong>Sa\u017eetak projekta<\/strong><\/p>\n<p style=\"text-align: justify; padding-left: 40px;\">Cilj istra\u017eiva\u010dkog projekta je izraditi prijedlog reforme \u017ealbenog postupka u kaznenim stvarima u Hrvatskoj utemeljen na suvremenim komparativno-pravnim standardima i rezultatima empirijskog istra\u017eivanja. Potreba za provo\u0111enjem ovakvog istra\u017eivanja temelji se na nekoliko polazi\u0161nih postavki: 1. okolnosti da su se dosada\u0161nji reformski zahvati u normativnu strukturu hrvatskog kaznenog postupka samo sporadi\u010dno i nesustavno doticali i \u017ealbenog postupka, odnosno da je normativna struktura kaznenog postupka ostala u osnovi nepromijenjena, usprkos sustavnim promjenama koje su se dogodile u normativnoj strukturi drugih procesnih stadija, 2. doprinosu \u017ealbenog postupka pote\u0161ko\u0107ama u u\u010dinkovitoj organizaciji i provedbi hrvatskog kaznenog postupka, 3. nedostatku znanstvenog uvida o odnosu hrvatskog \u017ealbenog postupka u kaznenim stvarima s komparativno-pravnim sustavima i 4. nedostatku znanstvenog uvida u praksu hrvatskog \u017ealbenog postupka u kaznenim stvarima.<\/p>\n<p style=\"text-align: justify; padding-left: 40px;\">Projekt se sastoji od tri znanstveno-istra\u017eiva\u010dke komponente: 1. komparativne analize \u017ealbenih modela u odabranim europskim pravnim sustavima (Austrija, Njema\u010dka, \u0160vicarska, Francuska te nadnacionalni europski standardi), 2. empirijskog istra\u017eivanja prakse hrvatskih drugostupanjskih kaznenih sudova koja \u0107e se temeljiti na analizi spisa predmeta \u017ealbenih sudova, kao i iskustava i stavova sudaca, dr\u017eavnih odvjetnika i odvjetnika, 3. analize hrvatskog zakonodavstva i izrade konkretnih reformskih prijedloga.<\/p>\n<p style=\"text-align: justify; padding-left: 40px;\">Rezultat projekta bit \u0107e znanstvene spoznaje koje \u0107e biti iskori\u0161tene kao temelj za kreiranje na dokazima utemeljenih preporuka i nacrta konkretnih zakonskih rje\u0161enja za reformu hrvatskog \u017ealbenog postupka u kaznenim stvarima.<\/p>\n","protected":false},"excerpt":{"rendered":"<p>&nbsp; Naziv projekta Modernizacija \u017ealbenog postupka u kaznenim stvarima u&#8230;<\/p>\n","protected":false},"author":511,"featured_media":0,"parent":33665,"menu_order":0,"comment_status":"closed","ping_status":"closed","template":"","meta":{"footnotes":""},"class_list":["post-33715","page","type-page","status-publish","hentry"],"pp_force_visibility":null,"pp_subpost_visibility":null,"pp_inherited_force_visibility":null,"pp_inherited_subpost_visibility":null,"acf":[],"yoast_head":"<!-- This site is optimized with the Yoast SEO plugin v20.1 - https:\/\/yoast.com\/wordpress\/plugins\/seo\/ -->\n<title>Modernizacija \u017ealbenog postupka u kaznenim stvarima u Hrvatskoj: prijedlog reforme utemeljen na komparativno-pravnom i empirijskom istra\u017eivanju - MoZaK - Faculty of law<\/title>\n<meta name=\"robots\" content=\"index, follow, max-snippet:-1, max-image-preview:large, max-video-preview:-1\" \/>\n<link rel=\"canonical\" href=\"https:\/\/www.pravo.unizg.hr\/en\/mozak\/\" \/>\n<meta property=\"og:locale\" content=\"en_US\" \/>\n<meta property=\"og:type\" content=\"article\" \/>\n<meta property=\"og:title\" content=\"Modernizacija \u017ealbenog postupka u kaznenim stvarima u Hrvatskoj: prijedlog reforme utemeljen na komparativno-pravnom i empirijskom istra\u017eivanju - MoZaK - Faculty of law\" \/>\n<meta property=\"og:description\" content=\"&nbsp; Naziv projekta Modernizacija \u017ealbenog postupka u kaznenim stvarima u...\" \/>\n<meta property=\"og:url\" content=\"https:\/\/www.pravo.unizg.hr\/en\/mozak\/\" \/>\n<meta property=\"og:site_name\" content=\"Faculty of law\" \/>\n<meta property=\"article:modified_time\" content=\"2026-03-23T08:55:21+00:00\" \/>\n<meta property=\"og:image\" content=\"https:\/\/www.pravo.unizg.hr\/wp-content\/uploads\/2025\/10\/next-generation-eu-300x72.png\" \/>\n<meta name=\"twitter:card\" content=\"summary_large_image\" \/>\n<meta name=\"twitter:label1\" content=\"Est. reading time\" \/>\n\t<meta name=\"twitter:data1\" content=\"2 minutes\" \/>\n<script type=\"application\/ld+json\" class=\"yoast-schema-graph\">{\"@context\":\"https:\/\/schema.org\",\"@graph\":[{\"@type\":\"WebPage\",\"@id\":\"https:\/\/www.pravo.unizg.hr\/en\/mozak\/\",\"url\":\"https:\/\/www.pravo.unizg.hr\/en\/mozak\/\",\"name\":\"Modernizacija \u017ealbenog postupka u kaznenim stvarima u Hrvatskoj: prijedlog reforme utemeljen na komparativno-pravnom i empirijskom istra\u017eivanju - MoZaK - Faculty of law\",\"isPartOf\":{\"@id\":\"https:\/\/www.pravo.unizg.hr\/#website\"},\"datePublished\":\"2025-10-20T12:43:17+00:00\",\"dateModified\":\"2026-03-23T08:55:21+00:00\",\"breadcrumb\":{\"@id\":\"https:\/\/www.pravo.unizg.hr\/en\/mozak\/#breadcrumb\"},\"inLanguage\":\"en-US\",\"potentialAction\":[{\"@type\":\"ReadAction\",\"target\":[\"https:\/\/www.pravo.unizg.hr\/en\/mozak\/\"]}]},{\"@type\":\"BreadcrumbList\",\"@id\":\"https:\/\/www.pravo.unizg.hr\/en\/mozak\/#breadcrumb\",\"itemListElement\":[{\"@type\":\"ListItem\",\"position\":1,\"name\":\"Homepage\",\"item\":\"https:\/\/www.pravo.unizg.hr\/en\/\"},{\"@type\":\"ListItem\",\"position\":2,\"name\":\"Projects\",\"item\":\"https:\/\/www.pravo.unizg.hr\/en\/projects\/\"},{\"@type\":\"ListItem\",\"position\":3,\"name\":\"Institucionalni istra\u017eiva\u010dki projekti\",\"item\":\"https:\/\/www.pravo.unizg.hr\/en\/projects\/institucionalni-istrazivacki-projekti\/\"},{\"@type\":\"ListItem\",\"position\":4,\"name\":\"Modernizacija \u017ealbenog postupka u kaznenim stvarima u Hrvatskoj: prijedlog reforme utemeljen na komparativno-pravnom i empirijskom istra\u017eivanju &#8211; MoZaK\"}]},{\"@type\":\"WebSite\",\"@id\":\"https:\/\/www.pravo.unizg.hr\/#website\",\"url\":\"https:\/\/www.pravo.unizg.hr\/\",\"name\":\"Faculty of law\",\"description\":\"\",\"potentialAction\":[{\"@type\":\"SearchAction\",\"target\":{\"@type\":\"EntryPoint\",\"urlTemplate\":\"https:\/\/www.pravo.unizg.hr\/?s={search_term_string}\"},\"query-input\":\"required name=search_term_string\"}],\"inLanguage\":\"en-US\"}]}<\/script>\n<!-- \/ Yoast SEO plugin. -->","yoast_head_json":{"title":"Modernizacija \u017ealbenog postupka u kaznenim stvarima u Hrvatskoj: prijedlog reforme utemeljen na komparativno-pravnom i empirijskom istra\u017eivanju - MoZaK - Faculty of law","robots":{"index":"index","follow":"follow","max-snippet":"max-snippet:-1","max-image-preview":"max-image-preview:large","max-video-preview":"max-video-preview:-1"},"canonical":"https:\/\/www.pravo.unizg.hr\/en\/mozak\/","og_locale":"en_US","og_type":"article","og_title":"Modernizacija \u017ealbenog postupka u kaznenim stvarima u Hrvatskoj: prijedlog reforme utemeljen na komparativno-pravnom i empirijskom istra\u017eivanju - MoZaK - Faculty of law","og_description":"&nbsp; Naziv projekta Modernizacija \u017ealbenog postupka u kaznenim stvarima u...","og_url":"https:\/\/www.pravo.unizg.hr\/en\/mozak\/","og_site_name":"Faculty of law","article_modified_time":"2026-03-23T08:55:21+00:00","og_image":[{"url":"https:\/\/www.pravo.unizg.hr\/wp-content\/uploads\/2025\/10\/next-generation-eu-300x72.png"}],"twitter_card":"summary_large_image","twitter_misc":{"Est. reading time":"2 minutes"},"schema":{"@context":"https:\/\/schema.org","@graph":[{"@type":"WebPage","@id":"https:\/\/www.pravo.unizg.hr\/en\/mozak\/","url":"https:\/\/www.pravo.unizg.hr\/en\/mozak\/","name":"Modernizacija \u017ealbenog postupka u kaznenim stvarima u Hrvatskoj: prijedlog reforme utemeljen na komparativno-pravnom i empirijskom istra\u017eivanju - MoZaK - Faculty of law","isPartOf":{"@id":"https:\/\/www.pravo.unizg.hr\/#website"},"datePublished":"2025-10-20T12:43:17+00:00","dateModified":"2026-03-23T08:55:21+00:00","breadcrumb":{"@id":"https:\/\/www.pravo.unizg.hr\/en\/mozak\/#breadcrumb"},"inLanguage":"en-US","potentialAction":[{"@type":"ReadAction","target":["https:\/\/www.pravo.unizg.hr\/en\/mozak\/"]}]},{"@type":"BreadcrumbList","@id":"https:\/\/www.pravo.unizg.hr\/en\/mozak\/#breadcrumb","itemListElement":[{"@type":"ListItem","position":1,"name":"Homepage","item":"https:\/\/www.pravo.unizg.hr\/en\/"},{"@type":"ListItem","position":2,"name":"Projects","item":"https:\/\/www.pravo.unizg.hr\/en\/projects\/"},{"@type":"ListItem","position":3,"name":"Institucionalni istra\u017eiva\u010dki projekti","item":"https:\/\/www.pravo.unizg.hr\/en\/projects\/institucionalni-istrazivacki-projekti\/"},{"@type":"ListItem","position":4,"name":"Modernizacija \u017ealbenog postupka u kaznenim stvarima u Hrvatskoj: prijedlog reforme utemeljen na komparativno-pravnom i empirijskom istra\u017eivanju &#8211; MoZaK"}]},{"@type":"WebSite","@id":"https:\/\/www.pravo.unizg.hr\/#website","url":"https:\/\/www.pravo.unizg.hr\/","name":"Faculty of law","description":"","potentialAction":[{"@type":"SearchAction","target":{"@type":"EntryPoint","urlTemplate":"https:\/\/www.pravo.unizg.hr\/?s={search_term_string}"},"query-input":"required name=search_term_string"}],"inLanguage":"en-US"}]}},"_links":{"self":[{"href":"https:\/\/www.pravo.unizg.hr\/en\/wp-json\/wp\/v2\/pages\/33715","targetHints":{"allow":["GET"]}}],"collection":[{"href":"https:\/\/www.pravo.unizg.hr\/en\/wp-json\/wp\/v2\/pages"}],"about":[{"href":"https:\/\/www.pravo.unizg.hr\/en\/wp-json\/wp\/v2\/types\/page"}],"author":[{"embeddable":true,"href":"https:\/\/www.pravo.unizg.hr\/en\/wp-json\/wp\/v2\/users\/511"}],"replies":[{"embeddable":true,"href":"https:\/\/www.pravo.unizg.hr\/en\/wp-json\/wp\/v2\/comments?post=33715"}],"version-history":[{"count":1,"href":"https:\/\/www.pravo.unizg.hr\/en\/wp-json\/wp\/v2\/pages\/33715\/revisions"}],"predecessor-version":[{"id":33718,"href":"https:\/\/www.pravo.unizg.hr\/en\/wp-json\/wp\/v2\/pages\/33715\/revisions\/33718"}],"up":[{"embeddable":true,"href":"https:\/\/www.pravo.unizg.hr\/en\/wp-json\/wp\/v2\/pages\/33665"}],"wp:attachment":[{"href":"https:\/\/www.pravo.unizg.hr\/en\/wp-json\/wp\/v2\/media?parent=33715"}],"curies":[{"name":"wp","href":"https:\/\/api.w.org\/{rel}","templated":true}]}}