{"id":33710,"date":"2025-10-20T11:37:26","date_gmt":"2025-10-20T10:37:26","guid":{"rendered":"https:\/\/www.pravo.unizg.hr\/projects\/institucionalni-istrazivacki-projekti\/mon-adu\/"},"modified":"2026-03-23T09:54:39","modified_gmt":"2026-03-23T08:54:39","slug":"mon-adu","status":"publish","type":"page","link":"https:\/\/www.pravo.unizg.hr\/en\/mon-adu","title":{"rendered":"Pra\u0107enje provedbe Akta o digitalnim uslugama i njegova utjecaja na medije u Republici Hrvatskoj &#8211; Mon-ADU"},"content":{"rendered":"<p><img loading=\"lazy\" decoding=\"async\" class=\"size-medium wp-image-28800 alignright\" src=\"https:\/\/www.pravo.unizg.hr\/wp-content\/uploads\/2025\/10\/next-generation-eu-300x72.png\" alt=\"\" width=\"300\" height=\"72\" srcset=\"https:\/\/www.pravo.unizg.hr\/wp-content\/uploads\/2025\/10\/next-generation-eu-300x72.png 300w, https:\/\/www.pravo.unizg.hr\/wp-content\/uploads\/2025\/10\/next-generation-eu-768x184.png 768w, https:\/\/www.pravo.unizg.hr\/wp-content\/uploads\/2025\/10\/next-generation-eu.png 1020w\" sizes=\"auto, (max-width: 300px) 100vw, 300px\" \/><\/p>\n<p>&nbsp;<\/p>\n<p><span style=\"color: #8b0b05;\"><span style=\"color: #000000;\">Naziv projekta<\/span><strong><br \/>\nPra\u0107enje provedbe Akta o digitalnim uslugama i njegova utjecaja na medije u Republici Hrvatskoj<br \/>\n<\/strong><\/span><\/p>\n<p style=\"padding-left: 40px;\">Akronim<br \/>\n<strong>Mon-ADU<\/strong><\/p>\n<p style=\"padding-left: 40px;\">Trajanje projekta<br \/>\n<strong>48 mjeseci<\/strong><\/p>\n<p style=\"padding-left: 40px;\">Voditelj projekta<br \/>\n<strong>prof. dr. sc. Hrvoje Lisi\u010dar<\/strong><\/p>\n<p style=\"padding-left: 40px;\">\u010clanice\/\u010dlanovi istra\u017eiva\u010dkog tima<br \/>\n<strong>prof. dr. sc. Sini\u0161a Petrovi\u0107<\/strong>,<br \/>\nKatedra za trgova\u010dko pravo i pravo dru\u0161tava, Pravni fakultet Sveu\u010dili\u0161ta u Zagrebu<br \/>\n<strong>izv. prof. dr. sc. Romana Matanovac Vu\u010dkovi\u0107<\/strong>,<br \/>\nKatedra za gra\u0111ansko pravo, Pravni fakultet Sveu\u010dili\u0161ta u Zagrebu<strong><br \/>\nizv. prof. dr. sc. Marko Juri\u0107<\/strong>,<strong><br \/>\n<\/strong>Katedra za pravo informacijskih tehnologija i informatiku, Pravni fakultet Sveu\u010dili\u0161ta u Zagrebu<strong><br \/>\n<\/strong><\/p>\n<p style=\"padding-left: 40px;\">Istra\u017eiva\u010di suradnici<strong><br \/>\nRobert Tomljenovi\u0107<\/strong>,<br \/>\nVije\u0107e za elektroni\u010dke medije,<br \/>\n<strong>Perica Norac-Kevo<\/strong>,<br \/>\n\u017dupanijski sud u Velikoj Gorici<br \/>\n<strong>dr. sc. Nikola Popovi\u0107<\/strong>,<br \/>\nVije\u0107e Hrvatske regulatorne agencije za mre\u017ene djelatnosti<\/p>\n<p>&nbsp;<\/p>\n<p style=\"padding-left: 40px;\"><strong>Sa\u017eetak projekta<\/strong><\/p>\n<p style=\"text-align: justify; padding-left: 40px;\">Projekt prati i istra\u017euje implementaciju Akta o digitalnim uslugama (Digital Services Act, DSA) u Hrvatskoj, s naglaskom na njegov utjecaj na medijski sektor. DSA, koji je Europska unija usvojila 2022. godine, predstavlja revolucionarni regulatorni okvir za internetske posredni\u010dke usluge i online platforme. Njegov glavni cilj je smanjenje nezakonitih sadr\u017eaja, pove\u0107anje transparentnosti algoritama i za\u0161tita korisni\u010dkih prava u digitalnom okru\u017eenju. Istodobno, primjena DSA \u0107e imati zna\u010dajne u\u010dinke na ostvarivanje i za\u0161titu temeljnih prava, u prvom redu slobodu izra\u017eavanja. Rije\u010d je o pravnom instrumentu \u010dija primjena ima izravne i mjerljive u\u010dinke na slobodu izra\u017eavanja u digitalnom okru\u017eenju i posredno utje\u010de na javni diskurs i integritet izbornih procesa.<\/p>\n<p style=\"text-align: justify; padding-left: 40px;\">Cilj ovog projekta je istra\u017eiti i analizirati primjenu DSA iz perspektive utjecaja na medije u RH. Klju\u010dni aspekti projekta uklju\u010duju evaluaciju uloge HAKOM-a kao nacionalnog koordinatora, pra\u0107enje suradnje platformi s provjeravateljima informacija i medijskim platformama te utjecaj DSA na medijsku praksu, posebno u kontekstu dezinformacija, ogla\u0161avanja i pluralizma medija. Tako\u0111er \u0107e se obuhvatiti istra\u017eivanje nadzora nad &#8220;vrlo velikim platformama&#8221; (npr. Meta, Google), ali i izazove vezane uz regulaciju &#8220;deep fakeova&#8221; i la\u017enih profila na dru\u0161tvenim mre\u017eama.<\/p>\n<p style=\"text-align: justify; padding-left: 40px;\">Metodologija uklju\u010duje analizu pravnih dokumenata, intervjue s regulatorima (HAKOM, Vije\u0107e za elektroni\u010dke medije, ostala nadle\u017ena tijela za izdavanje naloga za djelovanje protiv nezakonitog sadr\u017eaja i naloga za davanje informacija) i medijskim dionicima te pra\u0107enje slu\u010dajeva uklanjanja sadr\u017eaja. O\u010dekivani rezultati uklju\u010duju identificiranje nesklada izme\u0111u DSA zahtjeva i postoje\u0107e prakse te predlaganje mehanizama za ja\u010danje kapaciteta nadzornih tijela. Projekt je od zna\u010daja za razumijevanje kako hrvatski medijski ekosustav mo\u017ee prilagoditi DSA standarde, osiguravaju\u0107i ravnote\u017eu izme\u0111u slobode izra\u017eavanja i o\u010duvanja demokratskih vrijednosti.<\/p>\n","protected":false},"excerpt":{"rendered":"<p>&nbsp; Naziv projekta Pra\u0107enje provedbe Akta o digitalnim uslugama i&#8230;<\/p>\n","protected":false},"author":511,"featured_media":0,"parent":33665,"menu_order":0,"comment_status":"closed","ping_status":"closed","template":"","meta":{"footnotes":""},"class_list":["post-33710","page","type-page","status-publish","hentry"],"pp_force_visibility":null,"pp_subpost_visibility":null,"pp_inherited_force_visibility":null,"pp_inherited_subpost_visibility":null,"acf":[],"yoast_head":"<!-- This site is optimized with the Yoast SEO plugin v20.1 - https:\/\/yoast.com\/wordpress\/plugins\/seo\/ -->\n<title>Pra\u0107enje provedbe Akta o digitalnim uslugama i njegova utjecaja na medije u Republici Hrvatskoj - Mon-ADU - Faculty of law<\/title>\n<meta name=\"robots\" content=\"index, follow, max-snippet:-1, max-image-preview:large, max-video-preview:-1\" \/>\n<link rel=\"canonical\" href=\"https:\/\/www.pravo.unizg.hr\/en\/mon-adu\/\" \/>\n<meta property=\"og:locale\" content=\"en_US\" \/>\n<meta property=\"og:type\" content=\"article\" \/>\n<meta property=\"og:title\" content=\"Pra\u0107enje provedbe Akta o digitalnim uslugama i njegova utjecaja na medije u Republici Hrvatskoj - Mon-ADU - Faculty of law\" \/>\n<meta property=\"og:description\" content=\"&nbsp; Naziv projekta Pra\u0107enje provedbe Akta o digitalnim uslugama i...\" \/>\n<meta property=\"og:url\" content=\"https:\/\/www.pravo.unizg.hr\/en\/mon-adu\/\" \/>\n<meta property=\"og:site_name\" content=\"Faculty of law\" \/>\n<meta property=\"article:modified_time\" content=\"2026-03-23T08:54:39+00:00\" \/>\n<meta property=\"og:image\" content=\"https:\/\/www.pravo.unizg.hr\/wp-content\/uploads\/2025\/10\/next-generation-eu-300x72.png\" \/>\n<meta name=\"twitter:card\" content=\"summary_large_image\" \/>\n<meta name=\"twitter:label1\" content=\"Est. reading time\" \/>\n\t<meta name=\"twitter:data1\" content=\"2 minutes\" \/>\n<script type=\"application\/ld+json\" class=\"yoast-schema-graph\">{\"@context\":\"https:\/\/schema.org\",\"@graph\":[{\"@type\":\"WebPage\",\"@id\":\"https:\/\/www.pravo.unizg.hr\/en\/mon-adu\/\",\"url\":\"https:\/\/www.pravo.unizg.hr\/en\/mon-adu\/\",\"name\":\"Pra\u0107enje provedbe Akta o digitalnim uslugama i njegova utjecaja na medije u Republici Hrvatskoj - Mon-ADU - Faculty of law\",\"isPartOf\":{\"@id\":\"https:\/\/www.pravo.unizg.hr\/#website\"},\"datePublished\":\"2025-10-20T10:37:26+00:00\",\"dateModified\":\"2026-03-23T08:54:39+00:00\",\"breadcrumb\":{\"@id\":\"https:\/\/www.pravo.unizg.hr\/en\/mon-adu\/#breadcrumb\"},\"inLanguage\":\"en-US\",\"potentialAction\":[{\"@type\":\"ReadAction\",\"target\":[\"https:\/\/www.pravo.unizg.hr\/en\/mon-adu\/\"]}]},{\"@type\":\"BreadcrumbList\",\"@id\":\"https:\/\/www.pravo.unizg.hr\/en\/mon-adu\/#breadcrumb\",\"itemListElement\":[{\"@type\":\"ListItem\",\"position\":1,\"name\":\"Homepage\",\"item\":\"https:\/\/www.pravo.unizg.hr\/en\/\"},{\"@type\":\"ListItem\",\"position\":2,\"name\":\"Projects\",\"item\":\"https:\/\/www.pravo.unizg.hr\/en\/projects\/\"},{\"@type\":\"ListItem\",\"position\":3,\"name\":\"Institucionalni istra\u017eiva\u010dki projekti\",\"item\":\"https:\/\/www.pravo.unizg.hr\/en\/projects\/institucionalni-istrazivacki-projekti\/\"},{\"@type\":\"ListItem\",\"position\":4,\"name\":\"Pra\u0107enje provedbe Akta o digitalnim uslugama i njegova utjecaja na medije u Republici Hrvatskoj &#8211; Mon-ADU\"}]},{\"@type\":\"WebSite\",\"@id\":\"https:\/\/www.pravo.unizg.hr\/#website\",\"url\":\"https:\/\/www.pravo.unizg.hr\/\",\"name\":\"Faculty of law\",\"description\":\"\",\"potentialAction\":[{\"@type\":\"SearchAction\",\"target\":{\"@type\":\"EntryPoint\",\"urlTemplate\":\"https:\/\/www.pravo.unizg.hr\/?s={search_term_string}\"},\"query-input\":\"required name=search_term_string\"}],\"inLanguage\":\"en-US\"}]}<\/script>\n<!-- \/ Yoast SEO plugin. -->","yoast_head_json":{"title":"Pra\u0107enje provedbe Akta o digitalnim uslugama i njegova utjecaja na medije u Republici Hrvatskoj - Mon-ADU - Faculty of law","robots":{"index":"index","follow":"follow","max-snippet":"max-snippet:-1","max-image-preview":"max-image-preview:large","max-video-preview":"max-video-preview:-1"},"canonical":"https:\/\/www.pravo.unizg.hr\/en\/mon-adu\/","og_locale":"en_US","og_type":"article","og_title":"Pra\u0107enje provedbe Akta o digitalnim uslugama i njegova utjecaja na medije u Republici Hrvatskoj - Mon-ADU - Faculty of law","og_description":"&nbsp; Naziv projekta Pra\u0107enje provedbe Akta o digitalnim uslugama i...","og_url":"https:\/\/www.pravo.unizg.hr\/en\/mon-adu\/","og_site_name":"Faculty of law","article_modified_time":"2026-03-23T08:54:39+00:00","og_image":[{"url":"https:\/\/www.pravo.unizg.hr\/wp-content\/uploads\/2025\/10\/next-generation-eu-300x72.png"}],"twitter_card":"summary_large_image","twitter_misc":{"Est. reading time":"2 minutes"},"schema":{"@context":"https:\/\/schema.org","@graph":[{"@type":"WebPage","@id":"https:\/\/www.pravo.unizg.hr\/en\/mon-adu\/","url":"https:\/\/www.pravo.unizg.hr\/en\/mon-adu\/","name":"Pra\u0107enje provedbe Akta o digitalnim uslugama i njegova utjecaja na medije u Republici Hrvatskoj - Mon-ADU - Faculty of law","isPartOf":{"@id":"https:\/\/www.pravo.unizg.hr\/#website"},"datePublished":"2025-10-20T10:37:26+00:00","dateModified":"2026-03-23T08:54:39+00:00","breadcrumb":{"@id":"https:\/\/www.pravo.unizg.hr\/en\/mon-adu\/#breadcrumb"},"inLanguage":"en-US","potentialAction":[{"@type":"ReadAction","target":["https:\/\/www.pravo.unizg.hr\/en\/mon-adu\/"]}]},{"@type":"BreadcrumbList","@id":"https:\/\/www.pravo.unizg.hr\/en\/mon-adu\/#breadcrumb","itemListElement":[{"@type":"ListItem","position":1,"name":"Homepage","item":"https:\/\/www.pravo.unizg.hr\/en\/"},{"@type":"ListItem","position":2,"name":"Projects","item":"https:\/\/www.pravo.unizg.hr\/en\/projects\/"},{"@type":"ListItem","position":3,"name":"Institucionalni istra\u017eiva\u010dki projekti","item":"https:\/\/www.pravo.unizg.hr\/en\/projects\/institucionalni-istrazivacki-projekti\/"},{"@type":"ListItem","position":4,"name":"Pra\u0107enje provedbe Akta o digitalnim uslugama i njegova utjecaja na medije u Republici Hrvatskoj &#8211; Mon-ADU"}]},{"@type":"WebSite","@id":"https:\/\/www.pravo.unizg.hr\/#website","url":"https:\/\/www.pravo.unizg.hr\/","name":"Faculty of law","description":"","potentialAction":[{"@type":"SearchAction","target":{"@type":"EntryPoint","urlTemplate":"https:\/\/www.pravo.unizg.hr\/?s={search_term_string}"},"query-input":"required name=search_term_string"}],"inLanguage":"en-US"}]}},"_links":{"self":[{"href":"https:\/\/www.pravo.unizg.hr\/en\/wp-json\/wp\/v2\/pages\/33710","targetHints":{"allow":["GET"]}}],"collection":[{"href":"https:\/\/www.pravo.unizg.hr\/en\/wp-json\/wp\/v2\/pages"}],"about":[{"href":"https:\/\/www.pravo.unizg.hr\/en\/wp-json\/wp\/v2\/types\/page"}],"author":[{"embeddable":true,"href":"https:\/\/www.pravo.unizg.hr\/en\/wp-json\/wp\/v2\/users\/511"}],"replies":[{"embeddable":true,"href":"https:\/\/www.pravo.unizg.hr\/en\/wp-json\/wp\/v2\/comments?post=33710"}],"version-history":[{"count":1,"href":"https:\/\/www.pravo.unizg.hr\/en\/wp-json\/wp\/v2\/pages\/33710\/revisions"}],"predecessor-version":[{"id":33713,"href":"https:\/\/www.pravo.unizg.hr\/en\/wp-json\/wp\/v2\/pages\/33710\/revisions\/33713"}],"up":[{"embeddable":true,"href":"https:\/\/www.pravo.unizg.hr\/en\/wp-json\/wp\/v2\/pages\/33665"}],"wp:attachment":[{"href":"https:\/\/www.pravo.unizg.hr\/en\/wp-json\/wp\/v2\/media?parent=33710"}],"curies":[{"name":"wp","href":"https:\/\/api.w.org\/{rel}","templated":true}]}}