{"id":33709,"date":"2025-10-20T11:31:30","date_gmt":"2025-10-20T10:31:30","guid":{"rendered":"https:\/\/www.pravo.unizg.hr\/projects\/institucionalni-istrazivacki-projekti\/metus\/"},"modified":"2026-03-23T09:54:28","modified_gmt":"2026-03-23T08:54:28","slug":"metus","status":"publish","type":"page","link":"https:\/\/www.pravo.unizg.hr\/en\/metus","title":{"rendered":"Metode tuma\u010denja u praksi Ustavnog suda Republike Hrvatske &#8211; METUS"},"content":{"rendered":"<p><img loading=\"lazy\" decoding=\"async\" class=\"size-medium wp-image-28800 alignright\" src=\"https:\/\/www.pravo.unizg.hr\/wp-content\/uploads\/2025\/10\/next-generation-eu-300x72.png\" alt=\"\" width=\"300\" height=\"72\" srcset=\"https:\/\/www.pravo.unizg.hr\/wp-content\/uploads\/2025\/10\/next-generation-eu-300x72.png 300w, https:\/\/www.pravo.unizg.hr\/wp-content\/uploads\/2025\/10\/next-generation-eu-768x184.png 768w, https:\/\/www.pravo.unizg.hr\/wp-content\/uploads\/2025\/10\/next-generation-eu.png 1020w\" sizes=\"auto, (max-width: 300px) 100vw, 300px\" \/><\/p>\n<p>&nbsp;<\/p>\n<p><span style=\"color: #8b0b05;\"><span style=\"color: #000000;\">Naziv projekta<\/span><strong><br \/>\nMetode tuma\u010denja u praksi Ustavnog suda Republike Hrvatske<br \/>\n<\/strong><\/span><\/p>\n<p style=\"padding-left: 40px;\">Akronim<br \/>\n<strong>METUS<\/strong><\/p>\n<p style=\"padding-left: 40px;\">Trajanje projekta<br \/>\n<strong>48 mjeseci<\/strong><\/p>\n<p style=\"padding-left: 40px;\">Voditelj projekta<br \/>\n<strong>prof. dr. sc. \u0110or\u0111e Garda\u0161evi\u0107<\/strong><\/p>\n<p style=\"padding-left: 40px;\">\u010clanice\/\u010dlanovi istra\u017eiva\u010dkog tima<br \/>\n<strong>prof. dr. sc. Biljana Kostadinov<\/strong>,<br \/>\nKatedra za ustavno pravo, Pravni fakultet Sveu\u010dili\u0161ta u Zagrebu<br \/>\n<strong>izv. prof. dr. sc. Ana Horvat Vukovi\u0107<\/strong>,<br \/>\nKatedra za ustavno pravo, Pravni fakultet Sveu\u010dili\u0161ta u Zagrebu<strong><br \/>\ndoc. dr. sc. Mario Jelu\u0161i\u0107<\/strong>,<strong><br \/>\n<\/strong>Katedra za ustavno pravo, Pravni fakultet Sveu\u010dili\u0161ta u Zagrebu<strong><br \/>\nDora Pavkovi\u0107<\/strong>,<br \/>\nKatedra za ustavno pravo, Pravni fakultet Sveu\u010dili\u0161ta u Zagrebu<br \/>\n<strong>Fran Marko Stojkovi\u0107<\/strong>,<br \/>\nKatedra za ustavno pravo, Pravni fakultet Sveu\u010dili\u0161ta u Zagrebu<br \/>\n<strong>Niko Jarak<\/strong>,<br \/>\nKatedra za ustavno pravo, Pravni fakultet Sveu\u010dili\u0161ta u Zagrebu<\/p>\n<p>&nbsp;<\/p>\n<p style=\"padding-left: 40px;\"><strong>Sa\u017eetak projekta<\/strong><\/p>\n<p style=\"text-align: justify; padding-left: 40px;\">Projekt \u0107e analizirati postoje\u0107e metode tuma\u010denja u praksi Ustavnog suda RH, kriti\u010dki ih procijeniti te normativno predlo\u017eiti kako se te metode mogu pobolj\u0161ati, u smislu stvaranja koherentnijeg i konzistentnijeg pristupa ustavnosudskom tuma\u010denju kako bi se \u0161to potpunije za\u0161titila vladavina prava i temeljne ljudske slobode.<\/p>\n<p style=\"text-align: justify; padding-left: 40px;\">Ovaj se znanstveni zadatak pokazuje kao nu\u017ean iz dva razloga.<\/p>\n<p style=\"text-align: justify; padding-left: 40px;\">Prvo, uspostavom sustava parlamentarne vlade, Ustavni sud je u RH u nizu pitanja dobio iznimno zna\u010dajnu ulogu \u201ekrajnjeg tuma\u010da\u201c Ustava. Naime, prema \u010dlanku 2. Ustavnog zakona o Ustavnom sudu \u201eUstavni sud jam\u010di po\u0161tivanje i primjenu Ustava Republike Hrvatske i svoje djelovanje temelji na odredbama Ustava Republike Hrvatske i Ustavnog zakona o Ustavnom sudu Republike Hrvatske.\u201c<\/p>\n<p style=\"text-align: justify; padding-left: 40px;\">Drugo, u postoje\u0107oj je praksi Ustavnog suda do sada uo\u010den niz pitanja vezanih uz metode ustavnosudskog tuma\u010denja, a koje zahtijevaju daljnju kriti\u010dku znanstvenu analizu, kao i relevantne smjernice budu\u0107eg po\u017eeljnog razvoja. Ta su pitanja istra\u017eiva\u010di na ovom projektu utvrdili prema vlastitim znanstvenim spoznajama i interesima te ih predo\u010davaju u obliku dalje iznesenih mjerljivih pokazatelja.<\/p>\n<p style=\"text-align: justify; padding-left: 40px;\">Analize koje se namjeravaju pritom provoditi oslanjaju se na doma\u0107e i strane teorijske spoznaje u podru\u010dju ustavnosudskog tuma\u010denja, zatim na praksu samog Ustavnog suda RH, kao i na praksu odabranih stranih sudova (relevantna praksa ustavnih sudova stranih demokratskih dr\u017eava te praksa nadnacionalnih sudova kao \u0161to su Sud pravde Europske unije te Europski sud za ljudska prava (kao kvazi-ustavni izvori prava na podru\u010dju RH)).<\/p>\n<p style=\"text-align: justify; padding-left: 40px;\">Projektni tim ovime nastoji znanstvenoj i \u0161iroj javnosti razjasniti i pribli\u017eiti praksu Ustavnog suda RH. Takvo dublje razumijevanje prakse Ustavnog suda RH nije samo nu\u017eno relevantnim dru\u0161tvenim akterima kako bi uspje\u0161no mogli zastupati svoje interese u postupcima pred Ustavnim sudom RH, ve\u0107 je i temelj za ja\u010danje legitimiteta institucije Ustavnog suda RH.<\/p>\n","protected":false},"excerpt":{"rendered":"<p>&nbsp; Naziv projekta Metode tuma\u010denja u praksi Ustavnog suda Republike&#8230;<\/p>\n","protected":false},"author":511,"featured_media":0,"parent":33665,"menu_order":0,"comment_status":"closed","ping_status":"closed","template":"","meta":{"footnotes":""},"class_list":["post-33709","page","type-page","status-publish","hentry"],"pp_force_visibility":null,"pp_subpost_visibility":null,"pp_inherited_force_visibility":null,"pp_inherited_subpost_visibility":null,"acf":[],"yoast_head":"<!-- This site is optimized with the Yoast SEO plugin v20.1 - https:\/\/yoast.com\/wordpress\/plugins\/seo\/ -->\n<title>Metode tuma\u010denja u praksi Ustavnog suda Republike Hrvatske - METUS - Faculty of law<\/title>\n<meta name=\"robots\" content=\"index, follow, max-snippet:-1, max-image-preview:large, max-video-preview:-1\" \/>\n<link rel=\"canonical\" href=\"https:\/\/www.pravo.unizg.hr\/en\/metus\/\" \/>\n<meta property=\"og:locale\" content=\"en_US\" \/>\n<meta property=\"og:type\" content=\"article\" \/>\n<meta property=\"og:title\" content=\"Metode tuma\u010denja u praksi Ustavnog suda Republike Hrvatske - METUS - Faculty of law\" \/>\n<meta property=\"og:description\" content=\"&nbsp; Naziv projekta Metode tuma\u010denja u praksi Ustavnog suda Republike...\" \/>\n<meta property=\"og:url\" content=\"https:\/\/www.pravo.unizg.hr\/en\/metus\/\" \/>\n<meta property=\"og:site_name\" content=\"Faculty of law\" \/>\n<meta property=\"article:modified_time\" content=\"2026-03-23T08:54:28+00:00\" \/>\n<meta property=\"og:image\" content=\"https:\/\/www.pravo.unizg.hr\/wp-content\/uploads\/2025\/10\/next-generation-eu-300x72.png\" \/>\n<meta name=\"twitter:card\" content=\"summary_large_image\" \/>\n<meta name=\"twitter:label1\" content=\"Est. reading time\" \/>\n\t<meta name=\"twitter:data1\" content=\"2 minutes\" \/>\n<script type=\"application\/ld+json\" class=\"yoast-schema-graph\">{\"@context\":\"https:\/\/schema.org\",\"@graph\":[{\"@type\":\"WebPage\",\"@id\":\"https:\/\/www.pravo.unizg.hr\/en\/metus\/\",\"url\":\"https:\/\/www.pravo.unizg.hr\/en\/metus\/\",\"name\":\"Metode tuma\u010denja u praksi Ustavnog suda Republike Hrvatske - METUS - Faculty of law\",\"isPartOf\":{\"@id\":\"https:\/\/www.pravo.unizg.hr\/#website\"},\"datePublished\":\"2025-10-20T10:31:30+00:00\",\"dateModified\":\"2026-03-23T08:54:28+00:00\",\"breadcrumb\":{\"@id\":\"https:\/\/www.pravo.unizg.hr\/en\/metus\/#breadcrumb\"},\"inLanguage\":\"en-US\",\"potentialAction\":[{\"@type\":\"ReadAction\",\"target\":[\"https:\/\/www.pravo.unizg.hr\/en\/metus\/\"]}]},{\"@type\":\"BreadcrumbList\",\"@id\":\"https:\/\/www.pravo.unizg.hr\/en\/metus\/#breadcrumb\",\"itemListElement\":[{\"@type\":\"ListItem\",\"position\":1,\"name\":\"Homepage\",\"item\":\"https:\/\/www.pravo.unizg.hr\/en\/\"},{\"@type\":\"ListItem\",\"position\":2,\"name\":\"Projects\",\"item\":\"https:\/\/www.pravo.unizg.hr\/en\/projects\/\"},{\"@type\":\"ListItem\",\"position\":3,\"name\":\"Institucionalni istra\u017eiva\u010dki projekti\",\"item\":\"https:\/\/www.pravo.unizg.hr\/en\/projects\/institucionalni-istrazivacki-projekti\/\"},{\"@type\":\"ListItem\",\"position\":4,\"name\":\"Metode tuma\u010denja u praksi Ustavnog suda Republike Hrvatske &#8211; METUS\"}]},{\"@type\":\"WebSite\",\"@id\":\"https:\/\/www.pravo.unizg.hr\/#website\",\"url\":\"https:\/\/www.pravo.unizg.hr\/\",\"name\":\"Faculty of law\",\"description\":\"\",\"potentialAction\":[{\"@type\":\"SearchAction\",\"target\":{\"@type\":\"EntryPoint\",\"urlTemplate\":\"https:\/\/www.pravo.unizg.hr\/?s={search_term_string}\"},\"query-input\":\"required name=search_term_string\"}],\"inLanguage\":\"en-US\"}]}<\/script>\n<!-- \/ Yoast SEO plugin. -->","yoast_head_json":{"title":"Metode tuma\u010denja u praksi Ustavnog suda Republike Hrvatske - METUS - Faculty of law","robots":{"index":"index","follow":"follow","max-snippet":"max-snippet:-1","max-image-preview":"max-image-preview:large","max-video-preview":"max-video-preview:-1"},"canonical":"https:\/\/www.pravo.unizg.hr\/en\/metus\/","og_locale":"en_US","og_type":"article","og_title":"Metode tuma\u010denja u praksi Ustavnog suda Republike Hrvatske - METUS - Faculty of law","og_description":"&nbsp; Naziv projekta Metode tuma\u010denja u praksi Ustavnog suda Republike...","og_url":"https:\/\/www.pravo.unizg.hr\/en\/metus\/","og_site_name":"Faculty of law","article_modified_time":"2026-03-23T08:54:28+00:00","og_image":[{"url":"https:\/\/www.pravo.unizg.hr\/wp-content\/uploads\/2025\/10\/next-generation-eu-300x72.png"}],"twitter_card":"summary_large_image","twitter_misc":{"Est. reading time":"2 minutes"},"schema":{"@context":"https:\/\/schema.org","@graph":[{"@type":"WebPage","@id":"https:\/\/www.pravo.unizg.hr\/en\/metus\/","url":"https:\/\/www.pravo.unizg.hr\/en\/metus\/","name":"Metode tuma\u010denja u praksi Ustavnog suda Republike Hrvatske - METUS - Faculty of law","isPartOf":{"@id":"https:\/\/www.pravo.unizg.hr\/#website"},"datePublished":"2025-10-20T10:31:30+00:00","dateModified":"2026-03-23T08:54:28+00:00","breadcrumb":{"@id":"https:\/\/www.pravo.unizg.hr\/en\/metus\/#breadcrumb"},"inLanguage":"en-US","potentialAction":[{"@type":"ReadAction","target":["https:\/\/www.pravo.unizg.hr\/en\/metus\/"]}]},{"@type":"BreadcrumbList","@id":"https:\/\/www.pravo.unizg.hr\/en\/metus\/#breadcrumb","itemListElement":[{"@type":"ListItem","position":1,"name":"Homepage","item":"https:\/\/www.pravo.unizg.hr\/en\/"},{"@type":"ListItem","position":2,"name":"Projects","item":"https:\/\/www.pravo.unizg.hr\/en\/projects\/"},{"@type":"ListItem","position":3,"name":"Institucionalni istra\u017eiva\u010dki projekti","item":"https:\/\/www.pravo.unizg.hr\/en\/projects\/institucionalni-istrazivacki-projekti\/"},{"@type":"ListItem","position":4,"name":"Metode tuma\u010denja u praksi Ustavnog suda Republike Hrvatske &#8211; METUS"}]},{"@type":"WebSite","@id":"https:\/\/www.pravo.unizg.hr\/#website","url":"https:\/\/www.pravo.unizg.hr\/","name":"Faculty of law","description":"","potentialAction":[{"@type":"SearchAction","target":{"@type":"EntryPoint","urlTemplate":"https:\/\/www.pravo.unizg.hr\/?s={search_term_string}"},"query-input":"required name=search_term_string"}],"inLanguage":"en-US"}]}},"_links":{"self":[{"href":"https:\/\/www.pravo.unizg.hr\/en\/wp-json\/wp\/v2\/pages\/33709","targetHints":{"allow":["GET"]}}],"collection":[{"href":"https:\/\/www.pravo.unizg.hr\/en\/wp-json\/wp\/v2\/pages"}],"about":[{"href":"https:\/\/www.pravo.unizg.hr\/en\/wp-json\/wp\/v2\/types\/page"}],"author":[{"embeddable":true,"href":"https:\/\/www.pravo.unizg.hr\/en\/wp-json\/wp\/v2\/users\/511"}],"replies":[{"embeddable":true,"href":"https:\/\/www.pravo.unizg.hr\/en\/wp-json\/wp\/v2\/comments?post=33709"}],"version-history":[{"count":1,"href":"https:\/\/www.pravo.unizg.hr\/en\/wp-json\/wp\/v2\/pages\/33709\/revisions"}],"predecessor-version":[{"id":33712,"href":"https:\/\/www.pravo.unizg.hr\/en\/wp-json\/wp\/v2\/pages\/33709\/revisions\/33712"}],"up":[{"embeddable":true,"href":"https:\/\/www.pravo.unizg.hr\/en\/wp-json\/wp\/v2\/pages\/33665"}],"wp:attachment":[{"href":"https:\/\/www.pravo.unizg.hr\/en\/wp-json\/wp\/v2\/media?parent=33709"}],"curies":[{"name":"wp","href":"https:\/\/api.w.org\/{rel}","templated":true}]}}