{"id":33705,"date":"2025-10-20T11:22:58","date_gmt":"2025-10-20T10:22:58","guid":{"rendered":"https:\/\/www.pravo.unizg.hr\/projects\/institucionalni-istrazivacki-projekti\/law4climate\/"},"modified":"2026-03-23T09:53:46","modified_gmt":"2026-03-23T08:53:46","slug":"law4climate","status":"publish","type":"page","link":"https:\/\/www.pravo.unizg.hr\/en\/law4climate","title":{"rendered":"Pravo na zdrav okoli\u0161 u doba klimatskih promjena: unaprje\u0111enje mehanizama pravne za\u0161tite na nacionalnoj, europskoj i me\u0111unarodnoj razini &#8211; LAW4CLIMATE &#8211; PRAVO ZA KLIMU"},"content":{"rendered":"<p><img loading=\"lazy\" decoding=\"async\" class=\"size-medium wp-image-28800 alignright\" src=\"https:\/\/www.pravo.unizg.hr\/wp-content\/uploads\/2025\/10\/next-generation-eu-300x72.png\" alt=\"\" width=\"300\" height=\"72\" srcset=\"https:\/\/www.pravo.unizg.hr\/wp-content\/uploads\/2025\/10\/next-generation-eu-300x72.png 300w, https:\/\/www.pravo.unizg.hr\/wp-content\/uploads\/2025\/10\/next-generation-eu-768x184.png 768w, https:\/\/www.pravo.unizg.hr\/wp-content\/uploads\/2025\/10\/next-generation-eu.png 1020w\" sizes=\"auto, (max-width: 300px) 100vw, 300px\" \/><\/p>\n<p>&nbsp;<\/p>\n<p><span style=\"color: #8b0b05;\"><span style=\"color: #000000;\">Naziv projekta<\/span><strong><br \/>\nPravo na zdrav okoli\u0161 u doba klimatskih promjena: unaprje\u0111enje mehanizama pravne za\u0161tite na nacionalnoj, europskoj i me\u0111unarodnoj razini<br \/>\n<\/strong><\/span><\/p>\n<p style=\"padding-left: 40px;\">Akronim<br \/>\n<strong>LAW4CLIMATE &#8211; PRAVO ZA KLIMU<\/strong><\/p>\n<p style=\"padding-left: 40px;\">Trajanje projekta<br \/>\n<strong>48 mjeseci<\/strong><\/p>\n<p style=\"padding-left: 40px;\">Voditeljica projekta<br \/>\n<strong>prof. dr. sc. Lana Ofak<\/strong><\/p>\n<p style=\"padding-left: 40px;\">\u010clanice\/\u010dlanovi istra\u017eiva\u010dkog tima<br \/>\n<strong>prof. dr. sc. Frane Stani\u010di\u0107<\/strong>,<br \/>\nKatedra za upravno pravo, Pravni fakultet Sveu\u010dili\u0161ta u Zagrebu<br \/>\n<strong>prof. dr. sc. Ru\u017eica \u0160imi\u0107 Banovi\u0107<\/strong>,<br \/>\nKatedra za ekonomske znanosti, Pravni fakultet Sveu\u010dili\u0161ta u Zagrebu<strong><br \/>\nizv. prof. dr. sc. Mateja Held<\/strong>,<strong><br \/>\n<\/strong>Katedra za upravno pravo, Pravni fakultet Sveu\u010dili\u0161ta u Zagrebu<strong><br \/>\nizv. prof. dr. sc. Melita Carevi\u0107<\/strong>,<br \/>\nKatedra za europsko javno pravo, Pravni fakultet Sveu\u010dili\u0161ta u Zagrebu<br \/>\n<strong>doc. dr. sc. Rutvica Rusan Novokmet<\/strong>,<br \/>\nKatedra za\u00a0me\u0111unarodno pravo, Pravni fakultet Sveu\u010dili\u0161ta u Zagrebu<br \/>\n<strong>Leon \u017dganec-Braj\u0161a, mag. iur.<\/strong>,<br \/>\nKatedra za\u00a0me\u0111unarodno pravo, Pravni fakultet Sveu\u010dili\u0161ta u Zagrebu<br \/>\n<strong>Valentina Grube\u0161i\u0107 \u010crnel\u010d, mag. iur.<\/strong>,<br \/>\nKatedra za upravno pravo, Pravni fakultet Sveu\u010dili\u0161ta u Zagrebu<\/p>\n<p>&nbsp;<\/p>\n<p style=\"padding-left: 40px;\"><strong>Sa\u017eetak projekta<\/strong><\/p>\n<p style=\"text-align: justify; padding-left: 40px;\">Projekt LAW4CLIMATE \u2013 PRAVO ZA KLIMU istra\u017euje kako pravni sustavi na razli\u010ditim razinama (nacionalnoj, europskoj i me\u0111unarodnoj) mogu u\u010dinkovitije \u0161tititi pravo na zdrav okoli\u0161 kroz ja\u010danje normativnih i institucionalnih mehanizama u kontekstu klimatskih promjena. Kroz pravnu analizu, komparativne studije i popularizaciju ovih tema putem provedbe obrazovnih aktivnosti, projekt nastoji doprinijeti razvoju odr\u017eivog i u\u010dinkovitijeg pravnog okvira za budu\u0107nost planeta i ostvarenje prava na zdrav \u017eivot. U okviru projekta objavit \u0107e se znanstveni i stru\u010dni radovi u relevantnim doma\u0107im i me\u0111unarodnim publikacijama, uklju\u010duju\u0107i radove mladih istra\u017eiva\u010da. Poseban naglasak stavlja se na otvoreni pristup znanstvenim rezultatima kroz izradu web stranice projekta, na kojoj \u0107e se redovito objavljivati rezultati i aktivnosti projekta. Time se osigurava digitalna dostupnost i poti\u010de otvorena znanost. Projekt \u0107e uklju\u010divati i javne obrazovne aktivnosti poput predavanja, tribina i webinara, \u010dime \u0107e doprinijeti popularizaciji znanosti i podizanju svijesti o pravnim aspektima klimatskih promjena. Planirane su suradnje s institucijama javnog sektora i civilnog dru\u0161tva, kao i sudjelovanje u zakonodavnim procesima kroz e-savjetovanja i radne skupine. Dodatno, provest \u0107e se program cjelo\u017eivotnog obrazovanja u podru\u010dju prava okoli\u0161a i klimatskih promjena. LAW4CLIMATE \u2013 PRAVO ZA KLIMU kombinira znanstvenu izvrsnost s dru\u0161tvenom odgovorno\u0161\u0107u, s ciljem stvaranja pravnog okvira koji \u0107e odgovoriti na izazove klimatske krize i pridonijeti odr\u017eivoj budu\u0107nosti.<\/p>\n","protected":false},"excerpt":{"rendered":"<p>&nbsp; Naziv projekta Pravo na zdrav okoli\u0161 u doba klimatskih&#8230;<\/p>\n","protected":false},"author":511,"featured_media":0,"parent":33665,"menu_order":0,"comment_status":"closed","ping_status":"closed","template":"","meta":{"footnotes":""},"class_list":["post-33705","page","type-page","status-publish","hentry"],"pp_force_visibility":null,"pp_subpost_visibility":null,"pp_inherited_force_visibility":null,"pp_inherited_subpost_visibility":null,"acf":[],"yoast_head":"<!-- This site is optimized with the Yoast SEO plugin v20.1 - https:\/\/yoast.com\/wordpress\/plugins\/seo\/ -->\n<title>Pravo na zdrav okoli\u0161 u doba klimatskih promjena: unaprje\u0111enje mehanizama pravne za\u0161tite na nacionalnoj, europskoj i me\u0111unarodnoj razini - LAW4CLIMATE - PRAVO ZA KLIMU - Faculty of law<\/title>\n<meta name=\"robots\" content=\"index, follow, max-snippet:-1, max-image-preview:large, max-video-preview:-1\" \/>\n<link rel=\"canonical\" href=\"https:\/\/www.pravo.unizg.hr\/en\/law4climate\/\" \/>\n<meta property=\"og:locale\" content=\"en_US\" \/>\n<meta property=\"og:type\" content=\"article\" \/>\n<meta property=\"og:title\" content=\"Pravo na zdrav okoli\u0161 u doba klimatskih promjena: unaprje\u0111enje mehanizama pravne za\u0161tite na nacionalnoj, europskoj i me\u0111unarodnoj razini - LAW4CLIMATE - PRAVO ZA KLIMU - Faculty of law\" \/>\n<meta property=\"og:description\" content=\"&nbsp; Naziv projekta Pravo na zdrav okoli\u0161 u doba klimatskih...\" \/>\n<meta property=\"og:url\" content=\"https:\/\/www.pravo.unizg.hr\/en\/law4climate\/\" \/>\n<meta property=\"og:site_name\" content=\"Faculty of law\" \/>\n<meta property=\"article:modified_time\" content=\"2026-03-23T08:53:46+00:00\" \/>\n<meta property=\"og:image\" content=\"https:\/\/www.pravo.unizg.hr\/wp-content\/uploads\/2025\/10\/next-generation-eu-300x72.png\" \/>\n<meta name=\"twitter:card\" content=\"summary_large_image\" \/>\n<meta name=\"twitter:label1\" content=\"Est. reading time\" \/>\n\t<meta name=\"twitter:data1\" content=\"2 minutes\" \/>\n<script type=\"application\/ld+json\" class=\"yoast-schema-graph\">{\"@context\":\"https:\/\/schema.org\",\"@graph\":[{\"@type\":\"WebPage\",\"@id\":\"https:\/\/www.pravo.unizg.hr\/en\/law4climate\/\",\"url\":\"https:\/\/www.pravo.unizg.hr\/en\/law4climate\/\",\"name\":\"Pravo na zdrav okoli\u0161 u doba klimatskih promjena: unaprje\u0111enje mehanizama pravne za\u0161tite na nacionalnoj, europskoj i me\u0111unarodnoj razini - LAW4CLIMATE - PRAVO ZA KLIMU - Faculty of law\",\"isPartOf\":{\"@id\":\"https:\/\/www.pravo.unizg.hr\/#website\"},\"datePublished\":\"2025-10-20T10:22:58+00:00\",\"dateModified\":\"2026-03-23T08:53:46+00:00\",\"breadcrumb\":{\"@id\":\"https:\/\/www.pravo.unizg.hr\/en\/law4climate\/#breadcrumb\"},\"inLanguage\":\"en-US\",\"potentialAction\":[{\"@type\":\"ReadAction\",\"target\":[\"https:\/\/www.pravo.unizg.hr\/en\/law4climate\/\"]}]},{\"@type\":\"BreadcrumbList\",\"@id\":\"https:\/\/www.pravo.unizg.hr\/en\/law4climate\/#breadcrumb\",\"itemListElement\":[{\"@type\":\"ListItem\",\"position\":1,\"name\":\"Homepage\",\"item\":\"https:\/\/www.pravo.unizg.hr\/en\/\"},{\"@type\":\"ListItem\",\"position\":2,\"name\":\"Projects\",\"item\":\"https:\/\/www.pravo.unizg.hr\/en\/projects\/\"},{\"@type\":\"ListItem\",\"position\":3,\"name\":\"Institucionalni istra\u017eiva\u010dki projekti\",\"item\":\"https:\/\/www.pravo.unizg.hr\/en\/projects\/institucionalni-istrazivacki-projekti\/\"},{\"@type\":\"ListItem\",\"position\":4,\"name\":\"Pravo na zdrav okoli\u0161 u doba klimatskih promjena: unaprje\u0111enje mehanizama pravne za\u0161tite na nacionalnoj, europskoj i me\u0111unarodnoj razini &#8211; LAW4CLIMATE &#8211; PRAVO ZA KLIMU\"}]},{\"@type\":\"WebSite\",\"@id\":\"https:\/\/www.pravo.unizg.hr\/#website\",\"url\":\"https:\/\/www.pravo.unizg.hr\/\",\"name\":\"Faculty of law\",\"description\":\"\",\"potentialAction\":[{\"@type\":\"SearchAction\",\"target\":{\"@type\":\"EntryPoint\",\"urlTemplate\":\"https:\/\/www.pravo.unizg.hr\/?s={search_term_string}\"},\"query-input\":\"required name=search_term_string\"}],\"inLanguage\":\"en-US\"}]}<\/script>\n<!-- \/ Yoast SEO plugin. -->","yoast_head_json":{"title":"Pravo na zdrav okoli\u0161 u doba klimatskih promjena: unaprje\u0111enje mehanizama pravne za\u0161tite na nacionalnoj, europskoj i me\u0111unarodnoj razini - LAW4CLIMATE - PRAVO ZA KLIMU - Faculty of law","robots":{"index":"index","follow":"follow","max-snippet":"max-snippet:-1","max-image-preview":"max-image-preview:large","max-video-preview":"max-video-preview:-1"},"canonical":"https:\/\/www.pravo.unizg.hr\/en\/law4climate\/","og_locale":"en_US","og_type":"article","og_title":"Pravo na zdrav okoli\u0161 u doba klimatskih promjena: unaprje\u0111enje mehanizama pravne za\u0161tite na nacionalnoj, europskoj i me\u0111unarodnoj razini - LAW4CLIMATE - PRAVO ZA KLIMU - Faculty of law","og_description":"&nbsp; Naziv projekta Pravo na zdrav okoli\u0161 u doba klimatskih...","og_url":"https:\/\/www.pravo.unizg.hr\/en\/law4climate\/","og_site_name":"Faculty of law","article_modified_time":"2026-03-23T08:53:46+00:00","og_image":[{"url":"https:\/\/www.pravo.unizg.hr\/wp-content\/uploads\/2025\/10\/next-generation-eu-300x72.png"}],"twitter_card":"summary_large_image","twitter_misc":{"Est. reading time":"2 minutes"},"schema":{"@context":"https:\/\/schema.org","@graph":[{"@type":"WebPage","@id":"https:\/\/www.pravo.unizg.hr\/en\/law4climate\/","url":"https:\/\/www.pravo.unizg.hr\/en\/law4climate\/","name":"Pravo na zdrav okoli\u0161 u doba klimatskih promjena: unaprje\u0111enje mehanizama pravne za\u0161tite na nacionalnoj, europskoj i me\u0111unarodnoj razini - LAW4CLIMATE - PRAVO ZA KLIMU - Faculty of law","isPartOf":{"@id":"https:\/\/www.pravo.unizg.hr\/#website"},"datePublished":"2025-10-20T10:22:58+00:00","dateModified":"2026-03-23T08:53:46+00:00","breadcrumb":{"@id":"https:\/\/www.pravo.unizg.hr\/en\/law4climate\/#breadcrumb"},"inLanguage":"en-US","potentialAction":[{"@type":"ReadAction","target":["https:\/\/www.pravo.unizg.hr\/en\/law4climate\/"]}]},{"@type":"BreadcrumbList","@id":"https:\/\/www.pravo.unizg.hr\/en\/law4climate\/#breadcrumb","itemListElement":[{"@type":"ListItem","position":1,"name":"Homepage","item":"https:\/\/www.pravo.unizg.hr\/en\/"},{"@type":"ListItem","position":2,"name":"Projects","item":"https:\/\/www.pravo.unizg.hr\/en\/projects\/"},{"@type":"ListItem","position":3,"name":"Institucionalni istra\u017eiva\u010dki projekti","item":"https:\/\/www.pravo.unizg.hr\/en\/projects\/institucionalni-istrazivacki-projekti\/"},{"@type":"ListItem","position":4,"name":"Pravo na zdrav okoli\u0161 u doba klimatskih promjena: unaprje\u0111enje mehanizama pravne za\u0161tite na nacionalnoj, europskoj i me\u0111unarodnoj razini &#8211; LAW4CLIMATE &#8211; PRAVO ZA KLIMU"}]},{"@type":"WebSite","@id":"https:\/\/www.pravo.unizg.hr\/#website","url":"https:\/\/www.pravo.unizg.hr\/","name":"Faculty of law","description":"","potentialAction":[{"@type":"SearchAction","target":{"@type":"EntryPoint","urlTemplate":"https:\/\/www.pravo.unizg.hr\/?s={search_term_string}"},"query-input":"required name=search_term_string"}],"inLanguage":"en-US"}]}},"_links":{"self":[{"href":"https:\/\/www.pravo.unizg.hr\/en\/wp-json\/wp\/v2\/pages\/33705","targetHints":{"allow":["GET"]}}],"collection":[{"href":"https:\/\/www.pravo.unizg.hr\/en\/wp-json\/wp\/v2\/pages"}],"about":[{"href":"https:\/\/www.pravo.unizg.hr\/en\/wp-json\/wp\/v2\/types\/page"}],"author":[{"embeddable":true,"href":"https:\/\/www.pravo.unizg.hr\/en\/wp-json\/wp\/v2\/users\/511"}],"replies":[{"embeddable":true,"href":"https:\/\/www.pravo.unizg.hr\/en\/wp-json\/wp\/v2\/comments?post=33705"}],"version-history":[{"count":1,"href":"https:\/\/www.pravo.unizg.hr\/en\/wp-json\/wp\/v2\/pages\/33705\/revisions"}],"predecessor-version":[{"id":33708,"href":"https:\/\/www.pravo.unizg.hr\/en\/wp-json\/wp\/v2\/pages\/33705\/revisions\/33708"}],"up":[{"embeddable":true,"href":"https:\/\/www.pravo.unizg.hr\/en\/wp-json\/wp\/v2\/pages\/33665"}],"wp:attachment":[{"href":"https:\/\/www.pravo.unizg.hr\/en\/wp-json\/wp\/v2\/media?parent=33705"}],"curies":[{"name":"wp","href":"https:\/\/api.w.org\/{rel}","templated":true}]}}